{"id":19925,"date":"2026-04-13T20:43:39","date_gmt":"2026-04-13T18:43:39","guid":{"rendered":"https:\/\/www.lltrezor.sk\/shop\/?post_type=product&#038;p=19925"},"modified":"2026-04-19T13:21:42","modified_gmt":"2026-04-19T11:21:42","slug":"new-technosafe-moby-key-mcr-el","status":"publish","type":"product","link":"https:\/\/www.lltrezor.sk\/shop\/product\/new-technosafe-moby-key-mcr-el\/","title":{"rendered":"New TECHNOSAFE Moby Key &#8211; MCR\/EL"},"content":{"rendered":"<p data-start=\"152\" data-end=\"430\">Modern\u00fd n\u00e1bytkov\u00fd trezor <strong data-start=\"175\" data-end=\"207\">TECHNOSAFE Moby Key \u2013 MCR\/EL<\/strong> pon\u00faka komfortn\u00e9 a bezpe\u010dn\u00e9 ulo\u017eenie cennost\u00ed v\u010faka <strong data-start=\"260\" data-end=\"299\">motorizovan\u00e9mu elektronick\u00e9mu z\u00e1mku<\/strong>. Je ide\u00e1lny pre dom\u00e1cnosti, kancel\u00e1rie aj pren\u00e1jmy, kde je po\u017eadovan\u00e9 r\u00fdchle a jednoduch\u00e9 ovl\u00e1danie bez kompromisov v bezpe\u010dnosti.<\/p>\n<hr data-start=\"432\" data-end=\"435\" \/>\n<h3 data-section-id=\"26uu8x\" data-start=\"437\" data-end=\"467\">\ud83d\udee1\ufe0f Bezpe\u010dnostn\u00e9 vlastnosti<\/h3>\n<ul data-start=\"469\" data-end=\"800\">\n<li data-section-id=\"ptn6ks\" data-start=\"469\" data-end=\"545\">\ud83d\udd22 <strong data-start=\"474\" data-end=\"509\">Elektronick\u00fd motorizovan\u00fd z\u00e1mok<\/strong> s pam\u00e4\u0165ou nez\u00e1vislou od nap\u00e1jania<\/li>\n<li data-section-id=\"14newo6\" data-start=\"546\" data-end=\"608\">\ud83d\udd11 <strong data-start=\"551\" data-end=\"576\">N\u00fadzov\u00fd k\u013e\u00fa\u010dov\u00fd z\u00e1mok<\/strong> (2 k\u013e\u00fa\u010de s\u00fa s\u00fa\u010das\u0165ou balenia)<\/li>\n<li data-section-id=\"el8ewh\" data-start=\"609\" data-end=\"665\">\u26a1 <strong data-start=\"613\" data-end=\"642\">Extern\u00e9 n\u00fadzov\u00e9 nap\u00e1janie<\/strong> priamo na kl\u00e1vesnici<\/li>\n<li data-section-id=\"1bncrcj\" data-start=\"666\" data-end=\"740\">\ud83e\uddf1 <strong data-start=\"671\" data-end=\"700\">Pevn\u00e1 oce\u013eov\u00e1 kon\u0161trukcia<\/strong> s predn\u00fdm panelom zvaren\u00fdm s korpusom<\/li>\n<li data-section-id=\"zgidvy\" data-start=\"741\" data-end=\"800\">\ud83d\udd29 <strong data-start=\"746\" data-end=\"779\">Oce\u013eov\u00e9 oto\u010dn\u00e9 z\u00e1vory \u00d8 20 mm<\/strong> pre vy\u0161\u0161iu ochranu<\/li>\n<\/ul>\n<hr data-start=\"802\" data-end=\"805\" \/>\n<h3 data-section-id=\"1jbman0\" data-start=\"807\" data-end=\"834\">\u2699\ufe0f Ovl\u00e1danie a vybavenie<\/h3>\n<ul data-start=\"836\" data-end=\"1226\">\n<li data-section-id=\"1007gbk\" data-start=\"836\" data-end=\"895\">\ud83d\udd0b <strong data-start=\"841\" data-end=\"855\">Nap\u00e1janie:<\/strong> 4\u00d7 1,5 V alkalick\u00e9 bat\u00e9rie (vn\u00fatorn\u00e9)<\/li>\n<li data-section-id=\"pmr7v6\" data-start=\"896\" data-end=\"958\">\u2328\ufe0f <strong data-start=\"901\" data-end=\"926\">Membr\u00e1nov\u00e1 kl\u00e1vesnica<\/strong> pre jednoduch\u00e9 zad\u00e1vanie k\u00f3du<\/li>\n<li data-section-id=\"l5l301\" data-start=\"959\" data-end=\"1030\">\ud83d\udce6 <strong data-start=\"964\" data-end=\"995\">Odn\u00edmate\u013en\u00e1 vn\u00fatorn\u00e1 polica<\/strong> pre lep\u0161iu organiz\u00e1ciu priestoru<\/li>\n<li data-section-id=\"1jqhqtt\" data-start=\"1031\" data-end=\"1114\">\ud83e\uddf7 <strong data-start=\"1036\" data-end=\"1049\">Kotvenie:<\/strong> 2 otvory v dne + 2 v zadnej stene (kotviaci materi\u00e1l v balen\u00ed)<\/li>\n<li data-section-id=\"xpe5q7\" data-start=\"1115\" data-end=\"1180\">\ud83c\udfa8 <strong data-start=\"1120\" data-end=\"1159\">Povrchov\u00e1 \u00faprava epoxidov\u00fdm pr\u00e1\u0161kom<\/strong> \u2013 odoln\u00e1 a trv\u00e1cna<\/li>\n<li data-section-id=\"17hvrno\" data-start=\"1181\" data-end=\"1226\">\ud83d\udce6 <strong data-start=\"1186\" data-end=\"1198\">Balenie:<\/strong> farebn\u00e1 kart\u00f3nov\u00e1 krabica<\/li>\n<\/ul>\n<hr data-start=\"1228\" data-end=\"1231\" \/>\n<h3 data-section-id=\"zcvp1l\" data-start=\"1233\" data-end=\"1257\">\ud83d\udcd0 Rozmery a kapacita<\/h3>\n<p data-start=\"1259\" data-end=\"1483\">Model <strong data-start=\"1265\" data-end=\"1276\">MCR\/2EL<\/strong> m\u00e1 kompaktn\u00e9 vonkaj\u0161ie rozmery 210 \u00d7 310 \u00d7 200 mm (V \u00d7 \u0160 \u00d7 H), pri\u010dom vn\u00fatorn\u00fd priestor dosahuje 204 \u00d7 304 \u00d7 140 mm. Hmotnos\u0165 trezora je 12 kg a objem 9 litrov, \u010do posta\u010duje na ulo\u017eenie z\u00e1kladn\u00fdch cennost\u00ed.<\/p>\n<p data-start=\"1485\" data-end=\"1687\">Model <strong data-start=\"1491\" data-end=\"1502\">MCR\/3EL<\/strong> pon\u00faka v\u00e4\u010d\u0161\u00ed \u00falo\u017en\u00fd priestor s vonkaj\u0161\u00edmi rozmermi 230 \u00d7 360 \u00d7 250 mm a vn\u00fatorn\u00fdmi rozmermi 224 \u00d7 354 \u00d7 190 mm. V\u00e1\u017ei 15,5 kg a jeho objem je 15 litrov, ide\u00e1lny napr\u00edklad pre dokumenty.<\/p>\n<p data-start=\"1689\" data-end=\"1906\">Najv\u00e4\u010d\u0161\u00ed variant <strong data-start=\"1706\" data-end=\"1717\">MCR\/4EL<\/strong> disponuje vonkaj\u0161\u00edmi rozmermi 250 \u00d7 400 \u00d7 300 mm a vn\u00fatorn\u00fdm priestorom 244 \u00d7 394 \u00d7 240 mm. S hmotnos\u0165ou 23 kg a objemom 23 litrov poskytuje dostatok priestoru aj pre n\u00e1ro\u010dnej\u0161ie pou\u017eitie.<\/p>\n<hr data-start=\"1908\" data-end=\"1911\" \/>\n<h3 data-section-id=\"8cocqt\" data-start=\"1913\" data-end=\"1931\">\u2705 Hlavn\u00e9 v\u00fdhody<\/h3>\n<ul data-start=\"1933\" data-end=\"2205\">\n<li data-section-id=\"kpxoqg\" data-start=\"1933\" data-end=\"1998\">Pohodln\u00e9 <strong data-start=\"1944\" data-end=\"1996\">elektronick\u00e9 ovl\u00e1danie s motorizovan\u00fdm otv\u00e1ran\u00edm<\/strong><\/li>\n<li data-section-id=\"1qmbgg2\" data-start=\"1999\" data-end=\"2054\">Z\u00e1lo\u017en\u00e9 rie\u0161enie: n\u00fadzov\u00fd k\u013e\u00fa\u010d aj extern\u00e9 nap\u00e1janie<\/li>\n<li data-section-id=\"cyvycv\" data-start=\"2055\" data-end=\"2108\">Vysok\u00e1 odolnos\u0165 v\u010faka pevnej oce\u013eovej kon\u0161trukcii<\/li>\n<li data-section-id=\"6m5hyk\" data-start=\"2109\" data-end=\"2161\">Mo\u017enos\u0165 pevn\u00e9ho ukotvenia do steny alebo podlahy<\/li>\n<li data-section-id=\"ggogvu\" data-start=\"2162\" data-end=\"2205\">R\u00f4zne ve\u013ekosti pre individu\u00e1lne potreby<\/li>\n<\/ul>\n<hr data-start=\"2207\" data-end=\"2210\" \/>\n<h3 data-section-id=\"rmtdyj\" data-start=\"2212\" data-end=\"2237\">\ud83c\udfe0 Odpor\u00fa\u010dan\u00e9 pou\u017eitie<\/h3>\n<ul data-start=\"2239\" data-end=\"2337\">\n<li data-section-id=\"1maywqd\" data-start=\"2239\" data-end=\"2281\">dom\u00e1cnosti (\u0161perky, hotovos\u0165, doklady)<\/li>\n<li data-section-id=\"1e3yegh\" data-start=\"2282\" data-end=\"2304\">kancel\u00e1rie a firmy<\/li>\n<li data-section-id=\"2jxlp9\" data-start=\"2305\" data-end=\"2337\">apartm\u00e1ny, hotely a pren\u00e1jmy<\/li>\n<\/ul>\n","protected":false},"excerpt":{"rendered":"<p>TECHNOSAFE Moby Key \u2013 MCR\/EL (n\u00e1bytkov\u00fd trezor s elektronick\u00fdm z\u00e1mkom)<\/p>\n","protected":false},"featured_media":19929,"comment_status":"open","ping_status":"closed","template":"","meta":{"_monsterinsights_skip_tracking":false,"_monsterinsights_sitenote_active":false,"_monsterinsights_sitenote_note":"","_monsterinsights_sitenote_category":0},"product_brand":[785],"product_cat":[111],"product_tag":[1698],"class_list":{"0":"post-19925","1":"product","2":"type-product","3":"status-publish","4":"has-post-thumbnail","6":"product_brand-technomax","7":"product_cat-nabytkove-trezory","8":"product_tag-new-technosafe","9":"product_shipping_class-do-10kg","10":"pa_bezpecnostna-trieda-1306","11":"pa_material-ocel","12":"pa_miesto-instalacie-volne-stojace","13":"ts_product_brand-technomax","15":"first","16":"onbackorder","17":"taxable","18":"shipping-taxable","19":"purchasable","20":"product-type-variable"},"aioseo_notices":[],"jetpack_sharing_enabled":true,"_links":{"self":[{"href":"https:\/\/www.lltrezor.sk\/shop\/wp-json\/wp\/v2\/product\/19925","targetHints":{"allow":["GET"]}}],"collection":[{"href":"https:\/\/www.lltrezor.sk\/shop\/wp-json\/wp\/v2\/product"}],"about":[{"href":"https:\/\/www.lltrezor.sk\/shop\/wp-json\/wp\/v2\/types\/product"}],"replies":[{"embeddable":true,"href":"https:\/\/www.lltrezor.sk\/shop\/wp-json\/wp\/v2\/comments?post=19925"}],"wp:featuredmedia":[{"embeddable":true,"href":"https:\/\/www.lltrezor.sk\/shop\/wp-json\/wp\/v2\/media\/19929"}],"wp:attachment":[{"href":"https:\/\/www.lltrezor.sk\/shop\/wp-json\/wp\/v2\/media?parent=19925"}],"wp:term":[{"taxonomy":"product_brand","embeddable":true,"href":"https:\/\/www.lltrezor.sk\/shop\/wp-json\/wp\/v2\/product_brand?post=19925"},{"taxonomy":"product_cat","embeddable":true,"href":"https:\/\/www.lltrezor.sk\/shop\/wp-json\/wp\/v2\/product_cat?post=19925"},{"taxonomy":"product_tag","embeddable":true,"href":"https:\/\/www.lltrezor.sk\/shop\/wp-json\/wp\/v2\/product_tag?post=19925"}],"curies":[{"name":"wp","href":"https:\/\/api.w.org\/{rel}","templated":true}]}}