{"id":19790,"date":"2026-03-22T13:49:51","date_gmt":"2026-03-22T12:49:51","guid":{"rendered":"https:\/\/www.lltrezor.sk\/shop\/?post_type=product&#038;p=19790"},"modified":"2026-03-26T12:20:26","modified_gmt":"2026-03-26T11:20:26","slug":"udvari-ii","status":"publish","type":"product","link":"https:\/\/www.lltrezor.sk\/shop\/product\/udvari-ii\/","title":{"rendered":"Udvari II."},"content":{"rendered":"<p data-start=\"150\" data-end=\"410\">Praktick\u00e1 <strong data-start=\"160\" data-end=\"199\">z\u00e1hradn\u00e1 po\u0161tov\u00e1 schr\u00e1nka bez z\u00e1mku<\/strong> je ide\u00e1lnou vo\u013ebou pre nen\u00e1ro\u010dn\u00e9 pou\u017eitie tam, kde nie je potrebn\u00e9 uzamykanie. V\u010faka jednoduchej mont\u00e1\u017ei ju \u013eahko upevn\u00edte na vn\u00fatorn\u00fa stranu plota alebo br\u00e1ny, \u010d\u00edm z\u00edskate pohodln\u00fd pr\u00edstup k doru\u010dovanej po\u0161te.<\/p>\n<hr data-start=\"412\" data-end=\"415\" \/>\n<h3 data-section-id=\"1pm0rsc\" data-start=\"417\" data-end=\"436\">\ud83d\udd11 Hlavn\u00e9 v\u00fdhody<\/h3>\n<ul data-start=\"438\" data-end=\"766\">\n<li data-section-id=\"3vjqo2\" data-start=\"438\" data-end=\"512\">\u2714\ufe0f <strong data-start=\"443\" data-end=\"464\">Jednoduch\u00e1 mont\u00e1\u017e<\/strong> \u2013 vhodn\u00e1 na vn\u00fatorn\u00fa stranu plotu alebo br\u00e1ny<\/li>\n<li data-section-id=\"rqvo8y\" data-start=\"513\" data-end=\"570\">\u2714\ufe0f <strong data-start=\"518\" data-end=\"531\">Bez z\u00e1mku<\/strong> \u2013 r\u00fdchly a pohodln\u00fd pr\u00edstup k obsahu<\/li>\n<li data-section-id=\"qfgod3\" data-start=\"571\" data-end=\"622\">\u2714\ufe0f <strong data-start=\"576\" data-end=\"598\">Odoln\u00e1 kon\u0161trukcia<\/strong> \u2013 vhodn\u00e1 do exteri\u00e9ru<\/li>\n<li data-section-id=\"t52cgb\" data-start=\"623\" data-end=\"680\">\u2714\ufe0f <strong data-start=\"628\" data-end=\"649\">Nerezov\u00fd materi\u00e1l<\/strong> \u2013 dlh\u00e1 \u017eivotnos\u0165 bez kor\u00f3zie<\/li>\n<li data-section-id=\"1ptwywv\" data-start=\"681\" data-end=\"766\">\u2714\ufe0f <strong data-start=\"686\" data-end=\"726\">Odolnos\u0165 vo\u010di poveternostn\u00fdm vplyvom<\/strong> \u2013 spo\u013eahliv\u00e9 pou\u017eitie v ka\u017edom po\u010das\u00ed<\/li>\n<\/ul>\n<hr data-start=\"768\" data-end=\"771\" \/>\n<h3 data-section-id=\"iyku2q\" data-start=\"773\" data-end=\"798\">\ud83d\udccf Technick\u00e9 parametre<\/h3>\n<ul data-start=\"800\" data-end=\"908\">\n<li data-section-id=\"yngf2o\" data-start=\"800\" data-end=\"831\">Materi\u00e1l: <strong data-start=\"812\" data-end=\"829\">nerezov\u00e1 oce\u013e<\/strong><\/li>\n<li data-section-id=\"frd4wf\" data-start=\"832\" data-end=\"872\">Pou\u017eitie: <strong data-start=\"844\" data-end=\"870\">exteri\u00e9r (plot, br\u00e1na)<\/strong><\/li>\n<li data-section-id=\"1w1ev7a\" data-start=\"873\" data-end=\"908\">Uzamykanie: <strong data-start=\"887\" data-end=\"906\">nie (bez z\u00e1mku)<\/strong><\/li>\n<\/ul>\n<hr data-start=\"910\" data-end=\"913\" \/>\n<h3 data-section-id=\"hzqv93\" data-start=\"915\" data-end=\"937\">\ud83c\udfa8 Povrchov\u00e1 \u00faprava<\/h3>\n<ul data-start=\"939\" data-end=\"1064\">\n<li data-section-id=\"8caw20\" data-start=\"939\" data-end=\"990\"><strong data-start=\"941\" data-end=\"988\">Ekologick\u00fd elektrostatick\u00fd pr\u00e1\u0161kov\u00fd hned\u00fd n\u00e1strek<\/strong><\/li>\n<li data-section-id=\"1knypcc\" data-start=\"991\" data-end=\"1064\">Vysok\u00e1 odolnos\u0165 vo\u010di UV \u017eiareniu, vlhkosti a mechanick\u00e9mu opotrebeniu<\/li>\n<\/ul>\n<hr data-start=\"1066\" data-end=\"1069\" \/>\n<h3 data-section-id=\"rj8034\" data-start=\"1071\" data-end=\"1099\">\ud83d\udce6 Pr\u00edslu\u0161enstvo v balen\u00ed<\/h3>\n<ul data-start=\"1101\" data-end=\"1144\">\n<li data-section-id=\"1lhh9cc\" data-start=\"1101\" data-end=\"1127\">\ud83d\udd29 Upev\u0148ovacie skrutky<\/li>\n<li data-section-id=\"1k1ch5j\" data-start=\"1128\" data-end=\"1144\">\ud83d\udd27 Hmo\u017edinky<\/li>\n<\/ul>\n<hr data-start=\"1146\" data-end=\"1149\" \/>\n<h3 data-section-id=\"yk68ir\" data-start=\"1151\" data-end=\"1173\">\ud83c\udfe1 Ide\u00e1lne vyu\u017eitie<\/h3>\n<p data-start=\"1175\" data-end=\"1211\">T\u00e1to po\u0161tov\u00e1 schr\u00e1nka je vhodn\u00e1 pre:<\/p>\n<ul data-start=\"1212\" data-end=\"1324\">\n<li data-section-id=\"c0vcfk\" data-start=\"1212\" data-end=\"1243\">z\u00e1hrady a rekrea\u010dn\u00e9 objekty<\/li>\n<li data-section-id=\"1y08ehu\" data-start=\"1244\" data-end=\"1283\">rodinn\u00e9 domy bez potreby uzamykania<\/li>\n<li data-section-id=\"1defjsv\" data-start=\"1284\" data-end=\"1324\">do\u010dasn\u00e9 alebo vo\u013ene pr\u00edstupn\u00e9 miesta<\/li>\n<\/ul>\n<hr data-start=\"1326\" data-end=\"1329\" \/>\n<h3 data-section-id=\"siliy4\" data-start=\"1331\" data-end=\"1367\">\ud83d\udca1 Pre\u010do si vybra\u0165 t\u00fato schr\u00e1nku?<\/h3>\n<p data-start=\"1369\" data-end=\"1566\">Ak h\u013ead\u00e1te <strong data-start=\"1380\" data-end=\"1447\">jednoduch\u00fa, odoln\u00fa a cenovo dostupn\u00fa po\u0161tov\u00fa schr\u00e1nku bez z\u00e1mku<\/strong>, tento model je ide\u00e1lnym rie\u0161en\u00edm. Pon\u00faka spo\u013eahliv\u00fa ochranu pred po\u010das\u00edm a z\u00e1rove\u0148 maxim\u00e1lnu jednoduchos\u0165 pou\u017e\u00edvania.<\/p>\n","protected":false},"excerpt":{"rendered":"<p>Z\u00e1hradn\u00e1 po\u0161tov\u00e1 schr\u00e1nka bez z\u00e1mku \u2013 jednoduch\u00e9 a odoln\u00e9 rie\u0161enie<\/p>\n","protected":false},"featured_media":19745,"comment_status":"open","ping_status":"closed","template":"","meta":{"_monsterinsights_skip_tracking":false,"_monsterinsights_sitenote_active":false,"_monsterinsights_sitenote_note":"","_monsterinsights_sitenote_category":0},"product_brand":[318],"product_cat":[309],"product_tag":[1690],"class_list":{"0":"post-19790","1":"product","2":"type-product","3":"status-publish","4":"has-post-thumbnail","6":"product_brand-trezor-liktor","7":"product_cat-postove-schranky","8":"product_tag-klasicke","9":"product_shipping_class-do-10kg","10":"pa_material-ocel","11":"pa_vonkajsia-hlbka-805","12":"pa_vonkajsia-sirka-985","13":"pa_vonkajsia-vyska-1688","14":"ts_product_brand-trezor-liktor","16":"first","17":"instock","18":"taxable","19":"shipping-taxable","20":"purchasable","21":"product-type-simple"},"aioseo_notices":[],"jetpack_sharing_enabled":true,"_links":{"self":[{"href":"https:\/\/www.lltrezor.sk\/shop\/wp-json\/wp\/v2\/product\/19790","targetHints":{"allow":["GET"]}}],"collection":[{"href":"https:\/\/www.lltrezor.sk\/shop\/wp-json\/wp\/v2\/product"}],"about":[{"href":"https:\/\/www.lltrezor.sk\/shop\/wp-json\/wp\/v2\/types\/product"}],"replies":[{"embeddable":true,"href":"https:\/\/www.lltrezor.sk\/shop\/wp-json\/wp\/v2\/comments?post=19790"}],"wp:featuredmedia":[{"embeddable":true,"href":"https:\/\/www.lltrezor.sk\/shop\/wp-json\/wp\/v2\/media\/19745"}],"wp:attachment":[{"href":"https:\/\/www.lltrezor.sk\/shop\/wp-json\/wp\/v2\/media?parent=19790"}],"wp:term":[{"taxonomy":"product_brand","embeddable":true,"href":"https:\/\/www.lltrezor.sk\/shop\/wp-json\/wp\/v2\/product_brand?post=19790"},{"taxonomy":"product_cat","embeddable":true,"href":"https:\/\/www.lltrezor.sk\/shop\/wp-json\/wp\/v2\/product_cat?post=19790"},{"taxonomy":"product_tag","embeddable":true,"href":"https:\/\/www.lltrezor.sk\/shop\/wp-json\/wp\/v2\/product_tag?post=19790"}],"curies":[{"name":"wp","href":"https:\/\/api.w.org\/{rel}","templated":true}]}}