{"id":19744,"date":"2026-03-22T13:07:50","date_gmt":"2026-03-22T12:07:50","guid":{"rendered":"https:\/\/www.lltrezor.sk\/shop\/?post_type=product&#038;p=19744"},"modified":"2026-03-26T12:06:48","modified_gmt":"2026-03-26T11:06:48","slug":"udvari","status":"publish","type":"product","link":"https:\/\/www.lltrezor.sk\/shop\/product\/udvari\/","title":{"rendered":"Po\u0161ta II."},"content":{"rendered":"<p data-start=\"181\" data-end=\"480\">Modern\u00e1 <strong data-start=\"189\" data-end=\"221\">obojstrann\u00e1 po\u0161tov\u00e1 schr\u00e1nka<\/strong> je ide\u00e1lnym rie\u0161en\u00edm pre mont\u00e1\u017e na plot alebo br\u00e1nu, pri\u010dom umo\u017e\u0148uje pohodln\u00e9 vkladanie z\u00e1sielok z vonkaj\u0161ej aj vn\u00fatornej strany. V\u010faka premyslenej kon\u0161trukcii pon\u00faka vysok\u00fa bezpe\u010dnos\u0165, odolnos\u0165 vo\u010di po\u010dasiu a maxim\u00e1lnu praktickos\u0165 pri ka\u017edodennom pou\u017e\u00edvan\u00ed.<\/p>\n<hr data-start=\"482\" data-end=\"485\" \/>\n<h3 data-section-id=\"1pm0rsc\" data-start=\"487\" data-end=\"506\">\ud83d\udd11 Hlavn\u00e9 v\u00fdhody<\/h3>\n<ul data-start=\"508\" data-end=\"1072\">\n<li data-section-id=\"2kghhv\" data-start=\"508\" data-end=\"581\">\u2714\ufe0f <strong data-start=\"513\" data-end=\"539\">Obojstrann\u00e9 prevedenie<\/strong> \u2013 jednoduch\u00e1 mont\u00e1\u017e na plot alebo br\u00e1nu<\/li>\n<li data-section-id=\"iwmia0\" data-start=\"582\" data-end=\"653\">\u2714\ufe0f <strong data-start=\"587\" data-end=\"614\">Vkladanie z oboch str\u00e1n<\/strong> \u2013 maxim\u00e1lne pohodlie pre doru\u010dovanie<\/li>\n<li data-section-id=\"biw8vs\" data-start=\"654\" data-end=\"735\">\u2714\ufe0f <strong data-start=\"659\" data-end=\"685\">Ve\u013ek\u00e9 vkladacie otvory<\/strong> \u2013 vhodn\u00e9 aj pre hrub\u0161ie z\u00e1sielky bez po\u0161kodenia<\/li>\n<li data-section-id=\"nziu48\" data-start=\"736\" data-end=\"794\">\u2714\ufe0f <strong data-start=\"741\" data-end=\"766\">Ochrana proti kr\u00e1de\u017ei<\/strong> \u2013 bezpe\u010dn\u00e9 ulo\u017eenie po\u0161ty<\/li>\n<li data-section-id=\"1hng52x\" data-start=\"795\" data-end=\"855\">\u2714\ufe0f <strong data-start=\"800\" data-end=\"824\">Integrovan\u00fd konektor<\/strong> \u2013 zabra\u0148uje vysypaniu obsahu<\/li>\n<li data-section-id=\"lvn42i\" data-start=\"856\" data-end=\"929\">\u2714\ufe0f <strong data-start=\"861\" data-end=\"904\">Odolnos\u0165 vo\u010di poveternostn\u00fdm podmienkam<\/strong> \u2013 ide\u00e1lne do exteri\u00e9ru<\/li>\n<li data-section-id=\"unxlf5\" data-start=\"930\" data-end=\"1004\">\u2714\ufe0f <strong data-start=\"935\" data-end=\"958\">Ochrana proti da\u017e\u010fu<\/strong> \u2013 \u0161peci\u00e1lny dizajn zabra\u0148uje zatekaniu vody<\/li>\n<li data-section-id=\"1d3qvta\" data-start=\"1005\" data-end=\"1072\">\u2714\ufe0f <strong data-start=\"1010\" data-end=\"1043\">Kvalitn\u00fd pozinkovan\u00fd materi\u00e1l<\/strong> \u2013 dlh\u00e1 \u017eivotnos\u0165 a pevnos\u0165<\/li>\n<\/ul>\n<hr data-start=\"1074\" data-end=\"1077\" \/>\n<h3 data-section-id=\"iyku2q\" data-start=\"1079\" data-end=\"1104\">\ud83d\udccf Technick\u00e9 parametre<\/h3>\n<ul data-start=\"1106\" data-end=\"1292\">\n<li data-section-id=\"1ecbieu\" data-start=\"1106\" data-end=\"1161\">Rozmer predn\u00e9ho vkladacieho otvoru: <strong data-start=\"1144\" data-end=\"1159\">45 \u00d7 235 mm<\/strong><\/li>\n<li data-section-id=\"1nsnsq4\" data-start=\"1162\" data-end=\"1216\">Rozmer zadn\u00e9ho vkladacieho otvoru: <strong data-start=\"1199\" data-end=\"1214\">35 \u00d7 225 mm<\/strong><\/li>\n<li data-section-id=\"lxq5tc\" data-start=\"1217\" data-end=\"1251\">Materi\u00e1l: <strong data-start=\"1229\" data-end=\"1249\">pozinkovan\u00e1 oce\u013e<\/strong><\/li>\n<li data-section-id=\"frd4wf\" data-start=\"1252\" data-end=\"1292\">Pou\u017eitie: <strong data-start=\"1264\" data-end=\"1290\">exteri\u00e9r (plot, br\u00e1na)<\/strong><\/li>\n<\/ul>\n<hr data-start=\"1294\" data-end=\"1297\" \/>\n<h3 data-section-id=\"hzqv93\" data-start=\"1299\" data-end=\"1321\">\ud83c\udfa8 Povrchov\u00e1 \u00faprava<\/h3>\n<ul data-start=\"1323\" data-end=\"1487\">\n<li data-section-id=\"1ughyhv\" data-start=\"1323\" data-end=\"1374\"><strong data-start=\"1325\" data-end=\"1372\">Pr\u00e1\u0161kov\u00e9 lakovanie ekologickou technol\u00f3giou<\/strong><\/li>\n<li data-section-id=\"1om2vv8\" data-start=\"1375\" data-end=\"1425\">Dostupn\u00e9 a\u017e v <strong data-start=\"1391\" data-end=\"1423\">6 farebn\u00fdch prevedeniach RAL<\/strong><\/li>\n<li data-section-id=\"tydaxe\" data-start=\"1426\" data-end=\"1487\">Vysok\u00e1 odolnos\u0165 vo\u010di UV \u017eiareniu a poveternostn\u00fdm vplyvom<\/li>\n<\/ul>\n<hr data-start=\"1489\" data-end=\"1492\" \/>\n<h3 data-section-id=\"rj8034\" data-start=\"1494\" data-end=\"1522\">\ud83d\udce6 Pr\u00edslu\u0161enstvo v balen\u00ed<\/h3>\n<ul data-start=\"1524\" data-end=\"1679\">\n<li data-section-id=\"8ln4dx\" data-start=\"1524\" data-end=\"1593\">\ud83d\udd11 2\u00d7 \u010d\u00edslovan\u00fd k\u013e\u00fa\u010d (mo\u017enos\u0165 doobjednania pod\u013ea s\u00e9riov\u00e9ho \u010d\u00edsla)<\/li>\n<li data-section-id=\"b1b2bd\" data-start=\"1594\" data-end=\"1640\">\ud83e\udeaa Plastov\u00fd dr\u017eiak na vizitky (23 \u00d7 75 mm)<\/li>\n<li data-section-id=\"1rg2wq0\" data-start=\"1641\" data-end=\"1679\">\ud83d\udd29 Upev\u0148ovacie skrutky a hmo\u017edinky<\/li>\n<\/ul>\n<hr data-start=\"1681\" data-end=\"1684\" \/>\n<h3 data-section-id=\"yk68ir\" data-start=\"1686\" data-end=\"1708\">\ud83c\udfe1 Ide\u00e1lne vyu\u017eitie<\/h3>\n<p data-start=\"1710\" data-end=\"1746\">T\u00e1to po\u0161tov\u00e1 schr\u00e1nka je vhodn\u00e1 pre:<\/p>\n<ul data-start=\"1747\" data-end=\"1842\">\n<li data-section-id=\"pdb4tq\" data-start=\"1747\" data-end=\"1763\">rodinn\u00e9 domy<\/li>\n<li data-section-id=\"ultt57\" data-start=\"1764\" data-end=\"1795\">bytov\u00e9 jednotky s oploten\u00edm<\/li>\n<li data-section-id=\"1jattmm\" data-start=\"1796\" data-end=\"1815\">firemn\u00e9 objekty<\/li>\n<li data-section-id=\"1tji86l\" data-start=\"1816\" data-end=\"1842\">administrat\u00edvne budovy<\/li>\n<\/ul>\n<hr data-start=\"1844\" data-end=\"1847\" \/>\n<h3 data-section-id=\"siliy4\" data-start=\"1849\" data-end=\"1885\">\ud83d\udca1 Pre\u010do si vybra\u0165 t\u00fato schr\u00e1nku?<\/h3>\n<p data-start=\"1887\" data-end=\"2066\">Spojenie <strong data-start=\"1896\" data-end=\"1959\">bezpe\u010dnosti, odolnosti a praktick\u00e9ho obojstrann\u00e9ho pr\u00edstupu<\/strong> rob\u00ed z tejto schr\u00e1nky ide\u00e1lne rie\u0161enie pre ka\u017ed\u00e9ho, kto chce spo\u013eahliv\u00e9 doru\u010dovanie po\u0161ty bez kompromisov.<\/p>\n","protected":false},"excerpt":{"rendered":"<p data-section-id=\"1a7gmt7\" data-start=\"114\" data-end=\"179\">Po\u0161tov\u00e1 schr\u00e1nka obojstrann\u00e1 \u2013 bezpe\u010dn\u00e1, odoln\u00e1 a praktick\u00e1<\/p>\n","protected":false},"featured_media":19751,"comment_status":"open","ping_status":"closed","template":"","meta":{"_monsterinsights_skip_tracking":false,"_monsterinsights_sitenote_active":false,"_monsterinsights_sitenote_note":"","_monsterinsights_sitenote_category":0},"product_brand":[318],"product_cat":[309],"product_tag":[1690],"class_list":{"0":"post-19744","1":"product","2":"type-product","3":"status-publish","4":"has-post-thumbnail","6":"product_brand-trezor-liktor","7":"product_cat-postove-schranky","8":"product_tag-klasicke","9":"product_shipping_class-do-10kg","10":"pa_farba-antracit","11":"pa_farba-biela","12":"pa_farba-cierna","13":"pa_farba-hneda","14":"pa_farba-seda","15":"pa_farba-zelena","16":"pa_material-ocel","17":"pa_vonkajsia-hlbka-805","18":"pa_vonkajsia-sirka-985","19":"pa_vonkajsia-vyska-1688","20":"ts_product_brand-trezor-liktor","22":"first","23":"instock","24":"taxable","25":"shipping-taxable","26":"purchasable","27":"product-type-variable"},"aioseo_notices":[],"jetpack_sharing_enabled":true,"_links":{"self":[{"href":"https:\/\/www.lltrezor.sk\/shop\/wp-json\/wp\/v2\/product\/19744","targetHints":{"allow":["GET"]}}],"collection":[{"href":"https:\/\/www.lltrezor.sk\/shop\/wp-json\/wp\/v2\/product"}],"about":[{"href":"https:\/\/www.lltrezor.sk\/shop\/wp-json\/wp\/v2\/types\/product"}],"replies":[{"embeddable":true,"href":"https:\/\/www.lltrezor.sk\/shop\/wp-json\/wp\/v2\/comments?post=19744"}],"wp:featuredmedia":[{"embeddable":true,"href":"https:\/\/www.lltrezor.sk\/shop\/wp-json\/wp\/v2\/media\/19751"}],"wp:attachment":[{"href":"https:\/\/www.lltrezor.sk\/shop\/wp-json\/wp\/v2\/media?parent=19744"}],"wp:term":[{"taxonomy":"product_brand","embeddable":true,"href":"https:\/\/www.lltrezor.sk\/shop\/wp-json\/wp\/v2\/product_brand?post=19744"},{"taxonomy":"product_cat","embeddable":true,"href":"https:\/\/www.lltrezor.sk\/shop\/wp-json\/wp\/v2\/product_cat?post=19744"},{"taxonomy":"product_tag","embeddable":true,"href":"https:\/\/www.lltrezor.sk\/shop\/wp-json\/wp\/v2\/product_tag?post=19744"}],"curies":[{"name":"wp","href":"https:\/\/api.w.org\/{rel}","templated":true}]}}