{"id":19739,"date":"2026-03-22T11:26:40","date_gmt":"2026-03-22T10:26:40","guid":{"rendered":"https:\/\/www.lltrezor.sk\/shop\/?post_type=product&#038;p=19739"},"modified":"2026-03-26T11:56:11","modified_gmt":"2026-03-26T10:56:11","slug":"posta-ii-zlaty-dub","status":"publish","type":"product","link":"https:\/\/www.lltrezor.sk\/shop\/product\/posta-ii-zlaty-dub\/","title":{"rendered":"Po\u0161ta II. Zlat\u00fd dub"},"content":{"rendered":"<div class=\"product-sdesc\">\n<p data-start=\"154\" data-end=\"377\">Ob\u013e\u00faben\u00e1 kompaktn\u00e1 po\u0161tov\u00e1 schr\u00e1nka Posta II. z pozinkovanej ocele, odoln\u00e1 vo\u010di poveternostn\u00fdm vplyvom, s elegantn\u00fdm dizajnom. Predn\u00fd otvor je chr\u00e1nen\u00fd a vhodn\u00fd pre po\u0161tu, predn\u00e1 \u010das\u0165 disponuje s dr\u017eiakom na viziky (menovky).<\/p>\n<hr data-start=\"379\" data-end=\"382\" \/>\n<h3 data-start=\"384\" data-end=\"414\">\ud83c\udfd7\ufe0f Materi\u00e1l a kon\u0161trukcia<\/h3>\n<ul>\n<li data-start=\"417\" data-end=\"505\">Vyroben\u00e1 z <strong data-start=\"428\" data-end=\"450\">pozinkovanej ocele<\/strong> odolnej vo\u010di nepriazniv\u00fdm poveternostn\u00fdm podmienkam.<\/li>\n<li data-start=\"508\" data-end=\"601\">Elegantn\u00fd dizajn na <strong data-start=\"527\" data-end=\"572\">prednej strane<\/strong> v imit\u00e1cii dreva.<\/li>\n<li data-start=\"604\" data-end=\"660\">Horn\u00fd otvor <strong data-start=\"616\" data-end=\"628\">chr\u00e1nen\u00fd<\/strong>..<\/li>\n<li data-start=\"693\" data-end=\"777\">Zadn\u00e1 strana so <strong data-start=\"709\" data-end=\"746\">pripraven\u00fdmi otvormi na upevnenie<\/strong> (materi\u00e1l s\u00fa\u010das\u0165ou balenia).<\/li>\n<\/ul>\n<hr data-start=\"779\" data-end=\"782\" \/>\n<h3 data-start=\"784\" data-end=\"809\">\ud83d\udd12 Z\u00e1mok a bezpe\u010dnos\u0165<\/h3>\n<ul>\n<li data-start=\"812\" data-end=\"851\"><strong data-start=\"812\" data-end=\"833\">Cylindrick\u00fd z\u00e1mok<\/strong> s dvoma k\u013e\u00fa\u010dmi.<\/li>\n<li data-start=\"854\" data-end=\"909\">Mo\u017enos\u0165 doobjedna\u0165 \u010fal\u0161ie k\u013e\u00fa\u010de pod\u013ea \u010d\u00edsla produktu.<\/li>\n<\/ul>\n<hr data-start=\"911\" data-end=\"914\" \/>\n<h3 data-start=\"916\" data-end=\"937\">\ud83c\udfa8 Farba a povrch<\/h3>\n<ul data-start=\"938\" data-end=\"985\">\n<li data-start=\"938\" data-end=\"985\">\n<p data-start=\"940\" data-end=\"985\">Z\u00e1kladn\u00e1 farba krytu: antracit matn\u00fd<\/p>\n<\/li>\n<\/ul>\n<hr data-start=\"987\" data-end=\"990\" \/>\n<h3 data-start=\"992\" data-end=\"1006\">\ud83d\udcd0 Rozmery<\/h3>\n<ul>\n<li><strong data-start=\"1009\" data-end=\"1035\">V\u00fd\u0161ka \u00d7 \u0161\u00edrka \u00d7 h\u013abka:<\/strong> 335 \u00d7 270 \u00d7 100 mm<\/li>\n<\/ul>\n<\/div>\n","protected":false},"excerpt":{"rendered":"<p>Dizajnov\u00e1 po\u0161tov\u00e1 schr\u00e1nka s dubov\u00fdm dekorom<\/p>\n","protected":false},"featured_media":19743,"comment_status":"open","ping_status":"closed","template":"","meta":{"_monsterinsights_skip_tracking":false,"_monsterinsights_sitenote_active":false,"_monsterinsights_sitenote_note":"","_monsterinsights_sitenote_category":0},"product_brand":[318],"product_cat":[309],"product_tag":[1686],"class_list":{"0":"post-19739","1":"product","2":"type-product","3":"status-publish","4":"has-post-thumbnail","6":"product_brand-trezor-liktor","7":"product_cat-postove-schranky","8":"product_tag-dreveny-dekor","9":"product_shipping_class-do-10kg","10":"pa_material-ocel","11":"pa_vonkajsia-hlbka-805","12":"pa_vonkajsia-sirka-985","13":"pa_vonkajsia-vyska-1688","14":"ts_product_brand-trezor-liktor","16":"first","17":"instock","18":"taxable","19":"shipping-taxable","20":"purchasable","21":"product-type-simple"},"aioseo_notices":[],"jetpack_sharing_enabled":true,"_links":{"self":[{"href":"https:\/\/www.lltrezor.sk\/shop\/wp-json\/wp\/v2\/product\/19739","targetHints":{"allow":["GET"]}}],"collection":[{"href":"https:\/\/www.lltrezor.sk\/shop\/wp-json\/wp\/v2\/product"}],"about":[{"href":"https:\/\/www.lltrezor.sk\/shop\/wp-json\/wp\/v2\/types\/product"}],"replies":[{"embeddable":true,"href":"https:\/\/www.lltrezor.sk\/shop\/wp-json\/wp\/v2\/comments?post=19739"}],"wp:featuredmedia":[{"embeddable":true,"href":"https:\/\/www.lltrezor.sk\/shop\/wp-json\/wp\/v2\/media\/19743"}],"wp:attachment":[{"href":"https:\/\/www.lltrezor.sk\/shop\/wp-json\/wp\/v2\/media?parent=19739"}],"wp:term":[{"taxonomy":"product_brand","embeddable":true,"href":"https:\/\/www.lltrezor.sk\/shop\/wp-json\/wp\/v2\/product_brand?post=19739"},{"taxonomy":"product_cat","embeddable":true,"href":"https:\/\/www.lltrezor.sk\/shop\/wp-json\/wp\/v2\/product_cat?post=19739"},{"taxonomy":"product_tag","embeddable":true,"href":"https:\/\/www.lltrezor.sk\/shop\/wp-json\/wp\/v2\/product_tag?post=19739"}],"curies":[{"name":"wp","href":"https:\/\/api.w.org\/{rel}","templated":true}]}}