{"id":19613,"date":"2026-03-20T20:26:24","date_gmt":"2026-03-20T19:26:24","guid":{"rendered":"https:\/\/www.lltrezor.sk\/shop\/?post_type=product&#038;p=19613"},"modified":"2026-03-26T11:31:13","modified_gmt":"2026-03-26T10:31:13","slug":"minimal-2-0","status":"publish","type":"product","link":"https:\/\/www.lltrezor.sk\/shop\/product\/minimal-2-0\/","title":{"rendered":"Minimal 2.0"},"content":{"rendered":"<div class=\"product-sdesc\">\n<div class=\"product-sdesc\">\n<p data-start=\"170\" data-end=\"368\">Elegantn\u00e1 exteri\u00e9rov\u00e1 po\u0161tov\u00e1 schr\u00e1nka z pozinkovanej ocele s horn\u00fdm vhozom pre form\u00e1t A4.<\/p>\n<hr data-start=\"370\" data-end=\"373\" \/>\n<h3 data-start=\"375\" data-end=\"412\"><img decoding=\"async\" class=\"emoji\" role=\"img\" draggable=\"false\" src=\"https:\/\/s.w.org\/images\/core\/emoji\/17.0.2\/svg\/1f3d7.svg\" alt=\"\ud83c\udfd7\ufe0f\" \/>\u00a0Kvalitn\u00e9 spracovanie a dizajn<\/h3>\n<ul>\n<li data-start=\"415\" data-end=\"492\">Vyroben\u00e1 z\u00a0<strong data-start=\"426\" data-end=\"448\">pozinkovanej ocele<\/strong>, odolnej vo\u010di da\u017e\u010fu, mrazu aj UV \u017eiareniu<\/li>\n<li data-start=\"495\" data-end=\"542\">Navrhnut\u00e1 pre\u00a0<strong data-start=\"509\" data-end=\"540\">dlhodob\u00e9 vonkaj\u0161ie pou\u017eitie<\/strong><\/li>\n<li data-start=\"545\" data-end=\"617\"><strong data-start=\"545\" data-end=\"577\">Elegantn\u00fd a nad\u010dasov\u00fd dizajn<\/strong>\u00a0vhodn\u00fd pre modern\u00e9 aj klasick\u00e9 stavby<\/li>\n<li data-start=\"620\" data-end=\"677\"><strong data-start=\"620\" data-end=\"643\">Horn\u00fd chr\u00e1nen\u00fd vhoz<\/strong>\u00a0ur\u010den\u00fd pre po\u0161tu form\u00e1tu\u00a0<strong data-start=\"669\" data-end=\"675\">A4<\/strong><\/li>\n<\/ul>\n<hr data-start=\"760\" data-end=\"763\" \/>\n<h3 data-start=\"765\" data-end=\"791\"><img decoding=\"async\" class=\"emoji\" role=\"img\" draggable=\"false\" src=\"https:\/\/s.w.org\/images\/core\/emoji\/17.0.2\/svg\/1f512.svg\" alt=\"\ud83d\udd12\" \/>\u00a0Bezpe\u010dn\u00e9 uzamykanie<\/h3>\n<ul>\n<li data-start=\"794\" data-end=\"817\"><strong data-start=\"794\" data-end=\"815\">Cylindrick\u00fd z\u00e1mok<\/strong><\/li>\n<li data-start=\"820\" data-end=\"853\">S\u00fa\u010das\u0165ou balenia s\u00fa\u00a0<strong data-start=\"840\" data-end=\"851\">2 k\u013e\u00fa\u010de<\/strong><\/li>\n<li data-start=\"856\" data-end=\"915\">Mo\u017enos\u0165\u00a0<strong data-start=\"864\" data-end=\"891\">doobjedna\u0165 \u010fal\u0161ie k\u013e\u00fa\u010de<\/strong> pod\u013ea v\u00fdrobn\u00e9ho \u010d\u00edsla<\/li>\n<\/ul>\n<hr data-start=\"1189\" data-end=\"1192\" \/>\n<h3 data-start=\"1194\" data-end=\"1217\"><img decoding=\"async\" class=\"emoji\" role=\"img\" draggable=\"false\" src=\"https:\/\/s.w.org\/images\/core\/emoji\/17.0.2\/svg\/1f3a8.svg\" alt=\"\ud83c\udfa8\" \/>\u00a0Farebn\u00e9 varianty<\/h3>\n<ul>\n<li data-start=\"1220\" data-end=\"1249\"><strong data-start=\"1220\" data-end=\"1249\">RAL 7016 \u2013 matn\u00fd antracit<\/strong><\/li>\n<li data-start=\"1252\" data-end=\"1261\"><strong data-start=\"1252\" data-end=\"1261\">Hned\u00e1<\/strong><\/li>\n<\/ul>\n<hr data-start=\"1263\" data-end=\"1266\" \/>\n<h3 data-start=\"1268\" data-end=\"1281\"><img decoding=\"async\" class=\"emoji\" role=\"img\" draggable=\"false\" src=\"https:\/\/s.w.org\/images\/core\/emoji\/17.0.2\/svg\/1f9e9.svg\" alt=\"\ud83e\udde9\" \/>\u00a0Mont\u00e1\u017e<\/h3>\n<ul>\n<li data-start=\"1284\" data-end=\"1345\">Zadn\u00e1 strana schr\u00e1nky m\u00e1\u00a0<strong data-start=\"1309\" data-end=\"1343\">pripraven\u00e9 otvory na upevnenie<\/strong><\/li>\n<li data-start=\"1348\" data-end=\"1389\"><strong data-start=\"1348\" data-end=\"1389\">Mont\u00e1\u017eny materi\u00e1l je s\u00fa\u010das\u0165ou balenia<\/strong><\/li>\n<\/ul>\n<hr data-start=\"1391\" data-end=\"1394\" \/>\n<h3 data-start=\"1396\" data-end=\"1410\"><img decoding=\"async\" class=\"emoji\" role=\"img\" draggable=\"false\" src=\"https:\/\/s.w.org\/images\/core\/emoji\/17.0.2\/svg\/1f4d0.svg\" alt=\"\ud83d\udcd0\" \/>\u00a0Rozmery<\/h3>\n<ul>\n<li data-start=\"1413\" data-end=\"1462\"><strong data-start=\"1413\" data-end=\"1439\">V\u00fd\u0161ka \u00d7 \u0161\u00edrka \u00d7 h\u013abka:<\/strong>\u00a0<strong data-start=\"1440\" data-end=\"1462\">340 \u00d7 350 \u00d7 115 mm<\/strong><\/li>\n<\/ul>\n<\/div>\n<\/div>\n","protected":false},"excerpt":{"rendered":"<p>Elegantn\u00e1 exteri\u00e9rov\u00e1 po\u0161tov\u00e1 schr\u00e1nka z pozinkovanej ocele s horn\u00fdm vhozom pre form\u00e1t A4. \u00a0Kvalitn\u00e9 spracovanie a dizajn Vyroben\u00e1 z\u00a0pozinkovanej ocele, odolnej vo\u010di da\u017e\u010fu, mrazu aj UV \u017eiareniu Navrhnut\u00e1 pre\u00a0dlhodob\u00e9 vonkaj\u0161ie pou\u017eitie Elegantn\u00fd a nad\u010dasov\u00fd dizajn\u00a0vhodn\u00fd pre modern\u00e9 aj klasick\u00e9 stavby Horn\u00fd chr\u00e1nen\u00fd vhoz\u00a0ur\u010den\u00fd pre po\u0161tu form\u00e1tu\u00a0A4 \u00a0Bezpe\u010dn\u00e9 uzamykanie Cylindrick\u00fd z\u00e1mok S\u00fa\u010das\u0165ou balenia s\u00fa\u00a02 k\u013e\u00fa\u010de Mo\u017enos\u0165\u00a0doobjedna\u0165 [&hellip;]<\/p>\n","protected":false},"featured_media":19619,"comment_status":"open","ping_status":"closed","template":"","meta":{"_monsterinsights_skip_tracking":false,"_monsterinsights_sitenote_active":false,"_monsterinsights_sitenote_note":"","_monsterinsights_sitenote_category":0},"product_brand":[318],"product_cat":[309],"product_tag":[1687],"class_list":{"0":"post-19613","1":"product","2":"type-product","3":"status-publish","4":"has-post-thumbnail","6":"product_brand-trezor-liktor","7":"product_cat-postove-schranky","8":"product_tag-designove","9":"product_shipping_class-do-10kg","10":"pa_farba-antracit","11":"pa_farba-hneda","12":"pa_material-ocel","13":"pa_vonkajsia-hlbka-1279","14":"pa_vonkajsia-sirka-632","15":"pa_vonkajsia-vyska-1177","17":"first","18":"instock","19":"featured","20":"taxable","21":"shipping-taxable","22":"purchasable","23":"product-type-variable"},"aioseo_notices":[],"jetpack_sharing_enabled":true,"_links":{"self":[{"href":"https:\/\/www.lltrezor.sk\/shop\/wp-json\/wp\/v2\/product\/19613","targetHints":{"allow":["GET"]}}],"collection":[{"href":"https:\/\/www.lltrezor.sk\/shop\/wp-json\/wp\/v2\/product"}],"about":[{"href":"https:\/\/www.lltrezor.sk\/shop\/wp-json\/wp\/v2\/types\/product"}],"replies":[{"embeddable":true,"href":"https:\/\/www.lltrezor.sk\/shop\/wp-json\/wp\/v2\/comments?post=19613"}],"wp:featuredmedia":[{"embeddable":true,"href":"https:\/\/www.lltrezor.sk\/shop\/wp-json\/wp\/v2\/media\/19619"}],"wp:attachment":[{"href":"https:\/\/www.lltrezor.sk\/shop\/wp-json\/wp\/v2\/media?parent=19613"}],"wp:term":[{"taxonomy":"product_brand","embeddable":true,"href":"https:\/\/www.lltrezor.sk\/shop\/wp-json\/wp\/v2\/product_brand?post=19613"},{"taxonomy":"product_cat","embeddable":true,"href":"https:\/\/www.lltrezor.sk\/shop\/wp-json\/wp\/v2\/product_cat?post=19613"},{"taxonomy":"product_tag","embeddable":true,"href":"https:\/\/www.lltrezor.sk\/shop\/wp-json\/wp\/v2\/product_tag?post=19613"}],"curies":[{"name":"wp","href":"https:\/\/api.w.org\/{rel}","templated":true}]}}