{"id":18798,"date":"2026-02-12T13:46:55","date_gmt":"2026-02-12T12:46:55","guid":{"rendered":"https:\/\/www.lltrezor.sk\/shop\/?post_type=product&#038;p=18798"},"modified":"2026-02-19T14:25:42","modified_gmt":"2026-02-19T13:25:42","slug":"professional-blindo-1950","status":"publish","type":"product","link":"https:\/\/www.lltrezor.sk\/shop\/product\/professional-blindo-1950\/","title":{"rendered":"PROFESSIONAL Blindo 1950"},"content":{"rendered":"<p data-start=\"184\" data-end=\"517\"><strong data-start=\"184\" data-end=\"232\">Dvojstenn\u00e1 profesion\u00e1lna bezpe\u010dnostn\u00e1 skri\u0148a<\/strong> od talianskeho v\u00fdrobcu <strong data-start=\"256\" data-end=\"269\">Technomax<\/strong> je navrhnut\u00e1 pre ochranu <strong data-start=\"295\" data-end=\"336\">dokumentov, pe\u0148az\u00ed, cennost\u00ed a tovaru<\/strong> v profesion\u00e1lnych aj s\u00fakromn\u00fdch prostrediach. Skrine sp\u013a\u0148aj\u00fa <strong data-start=\"398\" data-end=\"428\">eur\u00f3psku normu EN 14450-S2<\/strong> a s\u00fa vhodn\u00e9 do kancel\u00e1ri\u00ed, \u0161t\u00fadi\u00ed, obchodov, \u0161k\u00f4l, verejn\u00fdch in\u0161tit\u00faci\u00ed aj dom\u00e1cnost\u00ed.<\/p>\n<p data-start=\"519\" data-end=\"561\">\ud83d\udee1\ufe0f <strong data-start=\"523\" data-end=\"559\">K\u013e\u00fa\u010dov\u00e9 vlastnosti a kon\u0161trukcia<\/strong><\/p>\n<ul>\n<li data-start=\"564\" data-end=\"651\"><strong data-start=\"564\" data-end=\"602\">Dvojstenn\u00e1 monoblokov\u00e1 kon\u0161trukcia<\/strong>: vn\u00fatorn\u00fd a vonkaj\u0161\u00ed oce\u013eov\u00fd plech hr\u00fabky 1 mm<\/li>\n<li data-start=\"654\" data-end=\"781\">Dutina medzi stenami vyplnen\u00e1 <strong data-start=\"684\" data-end=\"711\">oh\u0148ovzdorn\u00fdm materi\u00e1lom<\/strong>, chr\u00e1ni obsah pred mal\u00fdmi po\u017eiarmi (intern\u00fd test 30 min pri 500 \u00b0C)<\/li>\n<li data-start=\"784\" data-end=\"842\"><strong data-start=\"784\" data-end=\"805\">Odn\u00edmate\u013en\u00e9 dvere<\/strong> a vonkaj\u0161ie p\u00e1nty s otvoren\u00edm 180\u00b0<\/li>\n<li data-start=\"845\" data-end=\"891\"><strong data-start=\"845\" data-end=\"867\">Hr\u00fabka dver\u00ed 63 mm<\/strong>, hr\u00fabka korpusu 58 mm<\/li>\n<li data-start=\"894\" data-end=\"957\"><strong data-start=\"894\" data-end=\"920\">Trojit\u00fd rozpern\u00fd z\u00e1mok<\/strong> s 5 chr\u00f3movan\u00fdmi skrutkami \u00d8 20 mm<\/li>\n<li data-start=\"960\" data-end=\"1055\"><strong data-start=\"960\" data-end=\"985\">4 nastavite\u013en\u00e9 police<\/strong> s podporou pre zavesn\u00e9 zaklada\u010de A4, max. za\u0165a\u017eenie 40 kg na policu<\/li>\n<li data-start=\"1058\" data-end=\"1110\"><strong data-start=\"1058\" data-end=\"1077\">Kotviace otvory<\/strong> na dne a zadnej strane (2 + 1)<\/li>\n<li data-start=\"1113\" data-end=\"1151\"><strong data-start=\"1113\" data-end=\"1123\">Farba:<\/strong> RAL 7024 \u2013 grafitovo siv\u00e1<\/li>\n<\/ul>\n<p data-start=\"1153\" data-end=\"1179\">\ud83d\udd12 <strong data-start=\"1156\" data-end=\"1177\">Syst\u00e9m uzamykania<\/strong><\/p>\n<ul>\n<li data-start=\"1182\" data-end=\"1248\"><strong data-start=\"1182\" data-end=\"1195\">Verzia K:<\/strong> dvojit\u00fd k\u013e\u00fa\u010dov\u00fd z\u00e1mok, certifikovan\u00fd pod\u013ea EN 1300<\/li>\n<li data-start=\"1251\" data-end=\"1335\"><strong data-start=\"1251\" data-end=\"1264\">Verzia E:<\/strong> digit\u00e1lny elektronick\u00fd kombina\u010dn\u00fd z\u00e1mok, certifikovan\u00fd pod\u013ea EN 1300<\/li>\n<\/ul>\n<p data-start=\"1337\" data-end=\"1363\">\u2699\ufe0f <strong data-start=\"1340\" data-end=\"1361\">V\u00fdhody a pou\u017eitie<\/strong><\/p>\n<ul>\n<li data-start=\"1366\" data-end=\"1429\">kompaktn\u00e9 rozmery a n\u00edzka hmotnos\u0165 pre jednoduch\u00e9 umiestnenie<\/li>\n<li data-start=\"1432\" data-end=\"1516\"><strong data-start=\"1432\" data-end=\"1463\">ochrana pred tepeln\u00fdm \u0161okom<\/strong> v\u010faka 30 mm \u017eiaruvzdorn\u00e9mu materi\u00e1lu medzi stenami<\/li>\n<li data-start=\"1519\" data-end=\"1624\">vhodn\u00e9 do <strong data-start=\"1529\" data-end=\"1558\">profesion\u00e1lnych prostred\u00ed<\/strong>: kancel\u00e1rie, \u0161t\u00fadi\u00e1, sklady, \u0161koly, obchody, verejn\u00e9 in\u0161tit\u00facie<\/li>\n<li data-start=\"1627\" data-end=\"1713\">vhodn\u00e9 aj pre <strong data-start=\"1641\" data-end=\"1655\">dom\u00e1cnosti<\/strong>, kde je potrebn\u00e1 osobitn\u00e1 ochrana cennost\u00ed a dokumentov<\/li>\n<\/ul>\n<p data-start=\"1715\" data-end=\"1771\">\u2714\ufe0f <strong data-start=\"1718\" data-end=\"1769\">Pre\u010do si vybra\u0165 profesion\u00e1lnu skri\u0148u Technomax?<\/strong><\/p>\n<ul>\n<li data-start=\"1774\" data-end=\"1820\">vysok\u00e1 bezpe\u010dnos\u0165 a certifik\u00e1cia EN 14450-S2<\/li>\n<li data-start=\"1823\" data-end=\"1878\">dvojstenn\u00e1 oce\u013eov\u00e1 kon\u0161trukcia s oh\u0148ovzdornou v\u00fdpl\u0148ou<\/li>\n<li data-start=\"1881\" data-end=\"1937\">flexibiln\u00e9 uzamykanie: k\u013e\u00fa\u010d alebo digit\u00e1lna kombin\u00e1cia<\/li>\n<li data-start=\"1940\" data-end=\"1985\">nastavite\u013en\u00e9 police vhodn\u00e9 pre dokumenty A4<\/li>\n<li data-start=\"1988\" data-end=\"2052\">kvalitn\u00e9 talianske spracovanie a modern\u00fd grafitovo siv\u00fd dizajn<\/li>\n<\/ul>\n<p data-start=\"2054\" data-end=\"2203\"><strong data-start=\"2054\" data-end=\"2089\">Technomax PROFESSIONAL \u2013 Blindo<\/strong> je ide\u00e1lnou vo\u013ebou pre v\u0161etky prostredia, kde je potrebn\u00e1 <strong data-start=\"2148\" data-end=\"2200\">spo\u013eahliv\u00e1 ochrana pe\u0148az\u00ed, dokumentov a cennost\u00ed<\/strong>.<\/p>\n","protected":false},"excerpt":{"rendered":"<p>Profesion\u00e1lna bezpe\u010dnostn\u00e1 skri\u0148a Technomax \u2013 dvojstenn\u00e1 kon\u0161trukcia s oh\u0148ovzdornou v\u00fdpl\u0148ou<\/p>\n","protected":false},"featured_media":16781,"comment_status":"open","ping_status":"closed","template":"","meta":{"_monsterinsights_skip_tracking":false,"_monsterinsights_sitenote_active":false,"_monsterinsights_sitenote_note":"","_monsterinsights_sitenote_category":0},"product_brand":[785],"product_cat":[300,560,1653,559],"product_tag":[1324],"class_list":{"0":"post-18798","1":"product","2":"type-product","3":"status-publish","4":"has-post-thumbnail","6":"product_brand-technomax","7":"product_cat-archivacne-skrine","8":"product_cat-archivacne-skrine-a-kartoteky","9":"product_cat-ohnovzdorne-trezory","10":"product_cat-ohnuvzodrne-trezory-na-dokumenty","11":"product_tag-professional","12":"product_shipping_class-od-701-kg-do-100kg","13":"pa_bezpecnostna-trieda-en-15659-lfs-30p","14":"pa_bezpecnostna-trieda-bezpecnostnej-triedy-a-v-zmysle-normy-en-1300","15":"pa_bezpecnostna-trieda-s2-podla-normy-en-14-450","16":"pa_material-ocel","17":"pa_miesto-instalacie-volne-stojace","18":"pa_typ-zamku-e-digitalny-elektronicky-kombinacny-zamok","19":"pa_typ-zamku-k-dvojity-klucovy-zamok","20":"pa_vnutorna-hlbka-646","21":"pa_vnutorna-sirka-1214","22":"pa_vnutorna-vyska-1228","23":"pa_vnutorny-objem-1663","24":"pa_vonkajsia-hlbka-1613","25":"pa_vonkajsia-sirka-1661","26":"pa_vonkajsia-vyska-1662","28":"first","29":"onbackorder","30":"taxable","31":"shipping-taxable","32":"purchasable","33":"product-type-variable"},"aioseo_notices":[],"jetpack_sharing_enabled":true,"_links":{"self":[{"href":"https:\/\/www.lltrezor.sk\/shop\/wp-json\/wp\/v2\/product\/18798","targetHints":{"allow":["GET"]}}],"collection":[{"href":"https:\/\/www.lltrezor.sk\/shop\/wp-json\/wp\/v2\/product"}],"about":[{"href":"https:\/\/www.lltrezor.sk\/shop\/wp-json\/wp\/v2\/types\/product"}],"replies":[{"embeddable":true,"href":"https:\/\/www.lltrezor.sk\/shop\/wp-json\/wp\/v2\/comments?post=18798"}],"wp:featuredmedia":[{"embeddable":true,"href":"https:\/\/www.lltrezor.sk\/shop\/wp-json\/wp\/v2\/media\/16781"}],"wp:attachment":[{"href":"https:\/\/www.lltrezor.sk\/shop\/wp-json\/wp\/v2\/media?parent=18798"}],"wp:term":[{"taxonomy":"product_brand","embeddable":true,"href":"https:\/\/www.lltrezor.sk\/shop\/wp-json\/wp\/v2\/product_brand?post=18798"},{"taxonomy":"product_cat","embeddable":true,"href":"https:\/\/www.lltrezor.sk\/shop\/wp-json\/wp\/v2\/product_cat?post=18798"},{"taxonomy":"product_tag","embeddable":true,"href":"https:\/\/www.lltrezor.sk\/shop\/wp-json\/wp\/v2\/product_tag?post=18798"}],"curies":[{"name":"wp","href":"https:\/\/api.w.org\/{rel}","templated":true}]}}