{"id":18675,"date":"2026-02-10T22:45:14","date_gmt":"2026-02-10T21:45:14","guid":{"rendered":"https:\/\/www.lltrezor.sk\/shop\/?post_type=product&#038;p=18675"},"modified":"2026-02-18T21:31:20","modified_gmt":"2026-02-18T20:31:20","slug":"magneticky-drziak-na-8-zbrani","status":"publish","type":"product","link":"https:\/\/www.lltrezor.sk\/shop\/product\/magneticky-drziak-na-8-zbrani\/","title":{"rendered":"Magnetick\u00fd dr\u017eiak na 8 zbran\u00ed"},"content":{"rendered":"<div class=\"par par-sirka\">\n<div class=\"par par-sirka\">\n<div class=\"par par-sirka\"><span class=\"title\">\u0160\u00edrka<\/span>\u00a0<span class=\"value\">478<\/span>\u00a0<span class=\"unit\">mm<\/span><\/div>\n<div class=\"par par-hlbka\"><span class=\"title\">H\u013abka<\/span>\u00a0<span class=\"value\">140<\/span>\u00a0<span class=\"unit\">mm<\/span><\/div>\n<\/div>\n<\/div>\n","protected":false},"excerpt":{"rendered":"<p>Praktick\u00e1 opierka pre zbrane<\/p>\n","protected":false},"featured_media":18676,"comment_status":"open","ping_status":"closed","template":"","meta":{"_monsterinsights_skip_tracking":false,"_monsterinsights_sitenote_active":false,"_monsterinsights_sitenote_note":"","_monsterinsights_sitenote_category":0},"product_brand":[676],"product_cat":[1517,302],"product_tag":[],"class_list":{"0":"post-18675","1":"product","2":"type-product","3":"status-publish","4":"has-post-thumbnail","6":"product_brand-safetronics","7":"product_cat-opierky-na-zbrane","8":"product_cat-doplnky","9":"product_shipping_class-do-10kg","10":"pa_material-penova-latka","11":"pa_vonkajsia-hlbka-971","12":"pa_vonkajsia-sirka-1232","13":"pa_vonkajsia-vyska-977","14":"ts_product_brand-safetronics","16":"first","17":"onbackorder","18":"taxable","19":"shipping-taxable","20":"purchasable","21":"product-type-simple"},"aioseo_notices":[],"jetpack_sharing_enabled":true,"_links":{"self":[{"href":"https:\/\/www.lltrezor.sk\/shop\/wp-json\/wp\/v2\/product\/18675","targetHints":{"allow":["GET"]}}],"collection":[{"href":"https:\/\/www.lltrezor.sk\/shop\/wp-json\/wp\/v2\/product"}],"about":[{"href":"https:\/\/www.lltrezor.sk\/shop\/wp-json\/wp\/v2\/types\/product"}],"replies":[{"embeddable":true,"href":"https:\/\/www.lltrezor.sk\/shop\/wp-json\/wp\/v2\/comments?post=18675"}],"wp:featuredmedia":[{"embeddable":true,"href":"https:\/\/www.lltrezor.sk\/shop\/wp-json\/wp\/v2\/media\/18676"}],"wp:attachment":[{"href":"https:\/\/www.lltrezor.sk\/shop\/wp-json\/wp\/v2\/media?parent=18675"}],"wp:term":[{"taxonomy":"product_brand","embeddable":true,"href":"https:\/\/www.lltrezor.sk\/shop\/wp-json\/wp\/v2\/product_brand?post=18675"},{"taxonomy":"product_cat","embeddable":true,"href":"https:\/\/www.lltrezor.sk\/shop\/wp-json\/wp\/v2\/product_cat?post=18675"},{"taxonomy":"product_tag","embeddable":true,"href":"https:\/\/www.lltrezor.sk\/shop\/wp-json\/wp\/v2\/product_tag?post=18675"}],"curies":[{"name":"wp","href":"https:\/\/api.w.org\/{rel}","templated":true}]}}