{"id":18400,"date":"2026-02-01T09:06:26","date_gmt":"2026-02-01T08:06:26","guid":{"rendered":"https:\/\/www.lltrezor.sk\/shop\/?post_type=product&#038;p=18400"},"modified":"2026-02-19T14:39:33","modified_gmt":"2026-02-19T13:39:33","slug":"verotti","status":"publish","type":"product","link":"https:\/\/www.lltrezor.sk\/shop\/product\/verotti\/","title":{"rendered":"Verotti"},"content":{"rendered":"<div id=\"artdet__short-descrition\" class=\"artdet__short-descripton mb-4\">\n<div class=\"read-more has-button is-processed is-opened\"><\/div>\n<\/div>\n<div>\n<p data-start=\"231\" data-end=\"521\"><strong data-start=\"231\" data-end=\"257\">PREMIUM trezor Verotti<\/strong> je navrhnut\u00fd pre <strong data-start=\"275\" data-end=\"341\">maxim\u00e1lnu ochranu utajovan\u00fdch dokumentov, hotovosti a cennost\u00ed<\/strong>. V\u010faka <strong data-start=\"349\" data-end=\"392\">viacvrstvovej kon\u0161trukcii dver\u00ed a stien<\/strong> je mimoriadne pevn\u00fd a odoln\u00fd vo\u010di mechanick\u00fdm aj tepeln\u00fdm vplyvom, \u010do ho rob\u00ed ide\u00e1lnym pre <strong data-start=\"484\" data-end=\"518\">obchodn\u00e9 a finan\u010dn\u00e9 in\u0161tit\u00facie<\/strong>.<\/p>\n<p data-start=\"523\" data-end=\"711\">Trezor je dostupn\u00fd s <strong data-start=\"544\" data-end=\"565\">1 alebo 2 z\u00e1mkami<\/strong>, pri\u010dom \u0161tandardn\u00fd mechanick\u00fd k\u013e\u00fa\u010dov\u00fd z\u00e1mok sp\u013a\u0148a normu <strong data-start=\"622\" data-end=\"633\">EN 1300<\/strong>. Z\u00e1mok a uzamykac\u00ed mechanizmus s\u00fa chr\u00e1nen\u00e9 materi\u00e1lom s tvrdos\u0165ou <strong data-start=\"700\" data-end=\"710\">60 HRC<\/strong>.<\/p>\n<hr data-start=\"713\" data-end=\"716\" \/>\n<h3 data-start=\"718\" data-end=\"748\">\ud83d\udd10 Bezpe\u010dnostn\u00e9 vlastnosti<\/h3>\n<ul>\n<li data-start=\"751\" data-end=\"823\"><strong data-start=\"751\" data-end=\"778\">Trojstenn\u00e9 oce\u013eov\u00e9 telo<\/strong> s bet\u00f3novou v\u00fdstu\u017eou pre extr\u00e9mnu odolnos\u0165<\/li>\n<li data-start=\"826\" data-end=\"894\"><strong data-start=\"826\" data-end=\"846\">Trojstenn\u00e9 dvere<\/strong> s 12 mm oce\u013eov\u00fdm kr\u00eddlom a bet\u00f3novou v\u00fdstu\u017eou<\/li>\n<li data-start=\"897\" data-end=\"931\">celkov\u00e1 hr\u00fabka dver\u00ed: <strong data-start=\"919\" data-end=\"929\">130 mm<\/strong><\/li>\n<li data-start=\"934\" data-end=\"992\"><strong data-start=\"934\" data-end=\"962\">Labyrintov\u00fd syst\u00e9m dver\u00ed<\/strong> zvy\u0161uj\u00faci po\u017eiarnu odolnos\u0165<\/li>\n<li data-start=\"995\" data-end=\"1067\">uzamykanie v 4 smeroch v 12 bodoch pomocou <strong data-start=\"1038\" data-end=\"1065\">oce\u013eov\u00fdch \u010dapov \u00d8 30 mm<\/strong><\/li>\n<li data-start=\"1070\" data-end=\"1147\"><strong data-start=\"1070\" data-end=\"1106\">mechanick\u00fd k\u013e\u00fa\u010dov\u00fd z\u00e1mok EN 1300<\/strong>, mo\u017enos\u0165 2 z\u00e1mkov ako volite\u013en\u00e1 v\u00fdbava<\/li>\n<li data-start=\"1150\" data-end=\"1220\">pr\u00edprava na <strong data-start=\"1162\" data-end=\"1198\">upevnenie na podlahu alebo stenu<\/strong> (pripraven\u00e9 otvory)<\/li>\n<li data-start=\"1223\" data-end=\"1275\">odpor\u00fa\u010da sa pre <strong data-start=\"1239\" data-end=\"1273\">obchodn\u00e9 a finan\u010dn\u00e9 in\u0161tit\u00facie<\/strong><\/li>\n<\/ul>\n<hr data-start=\"1359\" data-end=\"1362\" \/>\n<h3 data-start=\"979\" data-end=\"1017\">\ud83d\udccf Rozmery a vn\u00fatorn\u00e9 usporiadanie<\/h3>\n<ul>\n<li>prie\u010dinky A4 sa zmestia do <strong data-start=\"1422\" data-end=\"1437\">dvoch radov<\/strong>, aj v stoji<\/li>\n<li>vyberate\u013en\u00e9 police umo\u017e\u0148uj\u00fa flexibiln\u00e9 usporiadanie priestoru<\/li>\n<\/ul>\n<hr data-start=\"1519\" data-end=\"1522\" \/>\n<h3 data-start=\"1524\" data-end=\"1553\">\u2699\ufe0f Pr\u00edslu\u0161enstvo v balen\u00ed<\/h3>\n<ul>\n<li data-start=\"1556\" data-end=\"1580\">2 \u00d7 odn\u00edmate\u013en\u00e9 police<\/li>\n<li data-start=\"1583\" data-end=\"1610\">2 \u00d7 k\u013e\u00fa\u010de s d\u013a\u017ekou 120 mm<\/li>\n<li data-start=\"1613\" data-end=\"1657\">2 \u00d7 hmo\u017edinky s d\u013a\u017ekou 120 mm na upevnenie<\/li>\n<\/ul>\n<hr data-start=\"1659\" data-end=\"1662\" \/>\n<h3 data-start=\"1664\" data-end=\"1690\">\ud83c\udfa8 Dizajn a prevedenie<\/h3>\n<ul>\n<li data-start=\"1693\" data-end=\"1731\">farba: <strong data-start=\"1700\" data-end=\"1729\">RAL 7024 antracitovo siv\u00e1<\/strong><\/li>\n<li data-start=\"1734\" data-end=\"1782\">volite\u013en\u00e9 farebn\u00e9 prevedenia dvierok a korpusu<\/li>\n<\/ul>\n<hr data-start=\"1784\" data-end=\"1787\" \/>\n<h3 data-start=\"1789\" data-end=\"1827\">\u2714\ufe0f Pre\u010do si vybra\u0165 trezor Verotti?<\/h3>\n<ul>\n<li data-start=\"1830\" data-end=\"1886\"><strong data-start=\"1830\" data-end=\"1884\">Maxim\u00e1lna ochrana dokumentov, hotovosti a cennost\u00ed<\/strong><\/li>\n<li data-start=\"1889\" data-end=\"1950\">extr\u00e9mne pevn\u00e9 trojstenn\u00e9 oce\u013eov\u00e9 telo s bet\u00f3novou v\u00fdstu\u017eou<\/li>\n<li data-start=\"1953\" data-end=\"2033\">labyrintov\u00fd syst\u00e9m a pevn\u00e9 dvere pre zv\u00fd\u0161en\u00fa odolnos\u0165 proti vl\u00e1maniu a po\u017eiaru<\/li>\n<li data-start=\"2036\" data-end=\"2126\">certifikovan\u00fd mechanick\u00fd z\u00e1mok <strong data-start=\"2067\" data-end=\"2078\">EN 1300<\/strong>, mo\u017enos\u0165 volite\u013en\u00e9ho dvojz\u00e1mkov\u00e9ho prevedenia<\/li>\n<li data-start=\"2129\" data-end=\"2232\">vhodn\u00fd pre <strong data-start=\"2140\" data-end=\"2184\">finan\u010dn\u00e9 in\u0161tit\u00facie, firmy aj kancel\u00e1rie<\/strong>, kde sa vy\u017eaduje najvy\u0161\u0161ia \u00farove\u0148 bezpe\u010dnosti<\/li>\n<\/ul>\n<p data-start=\"2234\" data-end=\"2342\"><strong data-start=\"2234\" data-end=\"2340\">Vyroben\u00e9 v Ma\u010farsku, v tov\u00e1rni B\u00e9k\u00e9scsaba \u2013 kombin\u00e1cia kvality, bezpe\u010dnosti a profesion\u00e1lneho dizajnu.<\/strong><\/p>\n<\/div>\n","protected":false},"excerpt":{"rendered":"<p>PREMIUM trezor Verotti \u2013 vysok\u00e1 bezpe\u010dnos\u0165 pre dokumenty, hotovos\u0165 a cennosti<\/p>\n","protected":false},"featured_media":18403,"comment_status":"open","ping_status":"closed","template":"","meta":{"_monsterinsights_skip_tracking":false,"_monsterinsights_sitenote_active":false,"_monsterinsights_sitenote_note":"","_monsterinsights_sitenote_category":0},"product_brand":[318],"product_cat":[1443,559],"product_tag":[1475],"class_list":{"0":"post-18400","1":"product","2":"type-product","3":"status-publish","4":"has-post-thumbnail","6":"product_brand-trezor-liktor","7":"product_cat-trezory_lltrezor","8":"product_cat-ohnuvzodrne-trezory-na-dokumenty","9":"product_tag-verotti","10":"product_shipping_class-od-4001-kg-do-600kg","11":"pa_bezpecnostna-trieda-0-podla-en-1143-1-a12009","12":"pa_bezpecnostna-trieda-bezpecnostnej-triedy-a-v-zmysle-normy-en-1300","13":"pa_material-ocel","14":"pa_miesto-instalacie-pripevnitelne-k-stene-aj-k-podlahe","15":"pa_vnutorna-hlbka-625","16":"pa_vnutorna-sirka-1460","17":"pa_vnutorna-vyska-1474","18":"pa_vonkajsia-hlbka-1419","19":"pa_vonkajsia-sirka-1420","20":"pa_vonkajsia-vyska-1418","21":"ts_product_brand-trezor-liktor","23":"first","24":"onbackorder","25":"taxable","26":"shipping-taxable","27":"purchasable","28":"product-type-simple"},"aioseo_notices":[],"jetpack_sharing_enabled":true,"_links":{"self":[{"href":"https:\/\/www.lltrezor.sk\/shop\/wp-json\/wp\/v2\/product\/18400","targetHints":{"allow":["GET"]}}],"collection":[{"href":"https:\/\/www.lltrezor.sk\/shop\/wp-json\/wp\/v2\/product"}],"about":[{"href":"https:\/\/www.lltrezor.sk\/shop\/wp-json\/wp\/v2\/types\/product"}],"replies":[{"embeddable":true,"href":"https:\/\/www.lltrezor.sk\/shop\/wp-json\/wp\/v2\/comments?post=18400"}],"wp:featuredmedia":[{"embeddable":true,"href":"https:\/\/www.lltrezor.sk\/shop\/wp-json\/wp\/v2\/media\/18403"}],"wp:attachment":[{"href":"https:\/\/www.lltrezor.sk\/shop\/wp-json\/wp\/v2\/media?parent=18400"}],"wp:term":[{"taxonomy":"product_brand","embeddable":true,"href":"https:\/\/www.lltrezor.sk\/shop\/wp-json\/wp\/v2\/product_brand?post=18400"},{"taxonomy":"product_cat","embeddable":true,"href":"https:\/\/www.lltrezor.sk\/shop\/wp-json\/wp\/v2\/product_cat?post=18400"},{"taxonomy":"product_tag","embeddable":true,"href":"https:\/\/www.lltrezor.sk\/shop\/wp-json\/wp\/v2\/product_tag?post=18400"}],"curies":[{"name":"wp","href":"https:\/\/api.w.org\/{rel}","templated":true}]}}