{"id":18389,"date":"2026-02-01T08:39:54","date_gmt":"2026-02-01T07:39:54","guid":{"rendered":"https:\/\/www.lltrezor.sk\/shop\/?post_type=product&#038;p=18389"},"modified":"2026-02-19T14:39:57","modified_gmt":"2026-02-19T13:39:57","slug":"diplomata","status":"publish","type":"product","link":"https:\/\/www.lltrezor.sk\/shop\/product\/diplomata\/","title":{"rendered":"Diplomata"},"content":{"rendered":"<div id=\"artdet__short-descrition\" class=\"artdet__short-descripton mb-4\">\n<div class=\"read-more has-button is-processed is-opened\">\n<div id=\"artdet__short-descrition\" class=\"artdet__short-descripton mb-4\">\n<p data-start=\"239\" data-end=\"584\"><strong data-start=\"239\" data-end=\"264\">PREMIUM Diplomata trezor<\/strong> je navrhnut\u00fd pre <strong data-start=\"282\" data-end=\"336\">maxim\u00e1lnu ochranu cennost\u00ed, hotovosti a dokumentov<\/strong> v dom\u00e1cnostiach aj firm\u00e1ch. V\u010faka <strong data-start=\"371\" data-end=\"414\">viacvrstvovej kon\u0161trukcii dver\u00ed a stien<\/strong> je mimoriadne pevn\u00fd a odoln\u00fd vo\u010di mechanick\u00e9mu po\u0161kodeniu aj tepeln\u00fdm vplyvom. Jeho <strong data-start=\"499\" data-end=\"520\">kompaktn\u00e9 rozmery<\/strong> umo\u017e\u0148uj\u00fa bezpe\u010dn\u00e9 ulo\u017eenie cennost\u00ed aj v men\u0161\u00edch priestoroch.<\/p>\n<p data-start=\"586\" data-end=\"776\">Trezor je dostupn\u00fd s <strong data-start=\"607\" data-end=\"628\">1 alebo 2 z\u00e1mkami<\/strong>, pri\u010dom \u0161tandardn\u00fd mechanick\u00fd k\u013e\u00fa\u010dov\u00fd z\u00e1mok sp\u013a\u0148a normu <strong data-start=\"685\" data-end=\"696\">EN 1300<\/strong>. Z\u00e1mok a uzamykac\u00ed mechanizmus s\u00fa chr\u00e1nen\u00e9 materi\u00e1lom s tvrdos\u0165ou <strong data-start=\"763\" data-end=\"773\">60 HRC<\/strong>.<\/p>\n<hr data-start=\"778\" data-end=\"781\" \/>\n<h3 data-start=\"783\" data-end=\"813\">\ud83d\udd10 Bezpe\u010dnostn\u00e9 vlastnosti<\/h3>\n<ul>\n<li data-start=\"816\" data-end=\"886\"><strong data-start=\"816\" data-end=\"843\">Trojstenn\u00e9 oce\u013eov\u00e9 telo<\/strong> s bet\u00f3novou v\u00fdstu\u017eou pre vysok\u00fa odolnos\u0165<\/li>\n<li data-start=\"889\" data-end=\"964\"><strong data-start=\"889\" data-end=\"909\">Trojstenn\u00e9 dvere<\/strong> s 12 mm hrub\u00fdm oce\u013eov\u00fdm kr\u00eddlom a bet\u00f3novou v\u00fdstu\u017eou<\/li>\n<li data-start=\"967\" data-end=\"1001\">celkov\u00e1 hr\u00fabka dver\u00ed: <strong data-start=\"989\" data-end=\"999\">110 mm<\/strong><\/li>\n<li data-start=\"1004\" data-end=\"1062\"><strong data-start=\"1004\" data-end=\"1032\">Labyrintov\u00fd syst\u00e9m dver\u00ed<\/strong> zvy\u0161uj\u00faci po\u017eiarnu odolnos\u0165<\/li>\n<li data-start=\"1065\" data-end=\"1137\">uzamykanie v 4 smeroch v 12 bodoch pomocou <strong data-start=\"1108\" data-end=\"1135\">oce\u013eov\u00fdch \u010dapov \u00d8 30 mm<\/strong><\/li>\n<li data-start=\"1140\" data-end=\"1209\">mechanick\u00fd k\u013e\u00fa\u010dov\u00fd z\u00e1mok pod\u013ea normy <strong data-start=\"1177\" data-end=\"1188\">EN 1300<\/strong>, volite\u013ene 2 z\u00e1mky<\/li>\n<li data-start=\"1212\" data-end=\"1282\">pr\u00edprava na <strong data-start=\"1224\" data-end=\"1260\">upevnenie na podlahu alebo stenu<\/strong> (pripraven\u00e9 otvory)<\/li>\n<li data-start=\"1285\" data-end=\"1364\">odpor\u00fa\u010dan\u00e9 pre <strong data-start=\"1382\" data-end=\"1412\">dom\u00e1ce aj firemn\u00e9 pou\u017eitie<\/strong><\/li>\n<\/ul>\n<hr data-start=\"1416\" data-end=\"1419\" \/>\n<h3 data-start=\"979\" data-end=\"1017\">\ud83d\udccf Rozmery a vn\u00fatorn\u00e9 usporiadanie<\/h3>\n<ul>\n<li data-start=\"1073\" data-end=\"1123\">vyberate\u013en\u00e9 police pre flexibiln\u00e9 rozlo\u017eenie priestoru<\/li>\n<li data-start=\"1511\" data-end=\"1558\">vhodn\u00e9 pre <strong data-start=\"1522\" data-end=\"1556\">cennosti, hotovos\u0165 a dokumenty<\/strong><\/li>\n<\/ul>\n<hr data-start=\"1560\" data-end=\"1563\" \/>\n<h3 data-start=\"1565\" data-end=\"1594\">\u2699\ufe0f Pr\u00edslu\u0161enstvo v balen\u00ed<\/h3>\n<ul>\n<li data-start=\"1597\" data-end=\"1621\">2 \u00d7 odn\u00edmate\u013en\u00e9 police<\/li>\n<li data-start=\"1624\" data-end=\"1644\">2 \u00d7 k\u013e\u00fa\u010de (120 mm)<\/li>\n<li data-start=\"1647\" data-end=\"1684\">2 \u00d7 hmo\u017edinky (120 mm) na upevnenie<\/li>\n<\/ul>\n<hr data-start=\"1686\" data-end=\"1689\" \/>\n<h3 data-start=\"1691\" data-end=\"1717\">\ud83c\udfa8 Dizajn a prevedenie<\/h3>\n<ul>\n<li data-start=\"1720\" data-end=\"1758\">farba: <strong data-start=\"1727\" data-end=\"1756\">RAL 7024 antracitovo siv\u00e1<\/strong><\/li>\n<li data-start=\"1761\" data-end=\"1821\">volite\u013en\u00e9 farebn\u00e9 prevedenia dver\u00ed a tela pod\u013ea po\u017eiadavky<\/li>\n<\/ul>\n<hr data-start=\"1823\" data-end=\"1826\" \/>\n<h3 data-start=\"1828\" data-end=\"1865\">\u2714\ufe0f Pre\u010do si vybra\u0165 Diplomata trezor?<\/h3>\n<ul>\n<li data-start=\"1868\" data-end=\"1957\"><strong data-start=\"1868\" data-end=\"1900\">Vysok\u00e1 bezpe\u010dnos\u0165 a odolnos\u0165<\/strong> v\u010faka trojstenn\u00e9mu oce\u013eov\u00e9mu telu s bet\u00f3novou v\u00fdstu\u017eou<\/li>\n<li data-start=\"1960\" data-end=\"2040\">labyrintov\u00fd syst\u00e9m a pevn\u00e9 dvere pre zv\u00fd\u0161en\u00fa odolnos\u0165 proti vl\u00e1maniu a po\u017eiaru<\/li>\n<li data-start=\"2043\" data-end=\"2117\">certifikovan\u00fd mechanick\u00fd z\u00e1mok <strong data-start=\"2074\" data-end=\"2085\">EN 1300<\/strong>, volite\u013en\u00e1 dvojz\u00e1mkov\u00e1 verzia<\/li>\n<li data-start=\"2120\" data-end=\"2173\">kompaktn\u00e9 rozmery vhodn\u00e9 do dom\u00e1cnost\u00ed a kancel\u00e1ri\u00ed<\/li>\n<li data-start=\"2176\" data-end=\"2232\">pripraven\u00fd na pevn\u00e9 ukotvenie pre maxim\u00e1lnu bezpe\u010dnos\u0165<\/li>\n<\/ul>\n<p data-start=\"2234\" data-end=\"2340\"><strong data-start=\"2234\" data-end=\"2338\">Vyroben\u00e9 v Ma\u010farsku, v tov\u00e1rni B\u00e9k\u00e9scsaba \u2013 kombin\u00e1cia kvality, odolnosti a profesion\u00e1lneho dizajnu.<\/strong><\/p>\n<\/div>\n<\/div>\n<\/div>\n","protected":false},"excerpt":{"rendered":"<p>PREMIUM Diplomat Safe \u2013 kompaktn\u00fd a vysoko bezpe\u010dn\u00fd trezor<\/p>\n","protected":false},"featured_media":18391,"comment_status":"open","ping_status":"closed","template":"","meta":{"_monsterinsights_skip_tracking":false,"_monsterinsights_sitenote_active":false,"_monsterinsights_sitenote_note":"","_monsterinsights_sitenote_category":0},"product_brand":[318],"product_cat":[1443,559],"product_tag":[1471],"class_list":{"0":"post-18389","1":"product","2":"type-product","3":"status-publish","4":"has-post-thumbnail","6":"product_brand-trezor-liktor","7":"product_cat-trezory_lltrezor","8":"product_cat-ohnuvzodrne-trezory-na-dokumenty","9":"product_tag-diplomata","10":"product_shipping_class-od-2001-kg-do-300kg","11":"pa_bezpecnostna-trieda-0-podla-en-1143-1-a12009","12":"pa_bezpecnostna-trieda-bezpecnostnej-triedy-a-v-zmysle-normy-en-1300","13":"pa_material-ocel","14":"pa_miesto-instalacie-pripevnitelne-k-stene-aj-k-podlahe","15":"pa_vnutorna-hlbka-1053","16":"pa_vnutorna-sirka-978","17":"pa_vnutorna-vyska-1415","18":"pa_vonkajsia-hlbka-687","19":"pa_vonkajsia-sirka-991","20":"pa_vonkajsia-vyska-597","21":"ts_product_brand-trezor-liktor","23":"first","24":"onbackorder","25":"taxable","26":"shipping-taxable","27":"purchasable","28":"product-type-simple"},"aioseo_notices":[],"jetpack_sharing_enabled":true,"_links":{"self":[{"href":"https:\/\/www.lltrezor.sk\/shop\/wp-json\/wp\/v2\/product\/18389","targetHints":{"allow":["GET"]}}],"collection":[{"href":"https:\/\/www.lltrezor.sk\/shop\/wp-json\/wp\/v2\/product"}],"about":[{"href":"https:\/\/www.lltrezor.sk\/shop\/wp-json\/wp\/v2\/types\/product"}],"replies":[{"embeddable":true,"href":"https:\/\/www.lltrezor.sk\/shop\/wp-json\/wp\/v2\/comments?post=18389"}],"wp:featuredmedia":[{"embeddable":true,"href":"https:\/\/www.lltrezor.sk\/shop\/wp-json\/wp\/v2\/media\/18391"}],"wp:attachment":[{"href":"https:\/\/www.lltrezor.sk\/shop\/wp-json\/wp\/v2\/media?parent=18389"}],"wp:term":[{"taxonomy":"product_brand","embeddable":true,"href":"https:\/\/www.lltrezor.sk\/shop\/wp-json\/wp\/v2\/product_brand?post=18389"},{"taxonomy":"product_cat","embeddable":true,"href":"https:\/\/www.lltrezor.sk\/shop\/wp-json\/wp\/v2\/product_cat?post=18389"},{"taxonomy":"product_tag","embeddable":true,"href":"https:\/\/www.lltrezor.sk\/shop\/wp-json\/wp\/v2\/product_tag?post=18389"}],"curies":[{"name":"wp","href":"https:\/\/api.w.org\/{rel}","templated":true}]}}