{"id":18333,"date":"2026-01-31T20:07:14","date_gmt":"2026-01-31T19:07:14","guid":{"rendered":"https:\/\/www.lltrezor.sk\/shop\/?post_type=product&#038;p=18333"},"modified":"2026-02-18T21:31:22","modified_gmt":"2026-02-18T20:31:22","slug":"azurit-v","status":"publish","type":"product","link":"https:\/\/www.lltrezor.sk\/shop\/product\/azurit-v\/","title":{"rendered":"AZURIT V."},"content":{"rendered":"<div id=\"artdet__short-descrition\" class=\"artdet__short-descripton mb-4\">\n<div id=\"artdet__short-descrition\" class=\"artdet__short-descripton mb-4\">Kompaktn\u00fd, vysoko bezpe\u010dn\u00fd <strong data-start=\"236\" data-end=\"256\">trezor<\/strong> navrhnut\u00fd \u0161peci\u00e1lne pre bezpe\u010dn\u00e9 ulo\u017eenie <strong data-start=\"299\" data-end=\"350\">kr\u00fa\u017ekov\u00fdch zaklada\u010dov A4, dokumentov a cennost\u00ed<\/strong>. V\u010faka elegantn\u00e9mu minimalistick\u00e9mu dizajnu z ed\u00edcie <strong data-start=\"404\" data-end=\"421\">Black Edition<\/strong> je ide\u00e1lnou vo\u013ebou do dom\u00e1cnosti aj kancel\u00e1rie.<\/div>\n<div>\n<div>\n<p data-start=\"471\" data-end=\"657\">Trezor sp\u013a\u0148a pr\u00edsne bezpe\u010dnostn\u00e9 po\u017eiadavky pod\u013ea <strong data-start=\"521\" data-end=\"554\">normy EN 1143-1 (EU trieda 0)<\/strong> a kombinuje modern\u00fd vzh\u013ead s robustnou oce\u013eovou kon\u0161trukciou a vysokou \u00farov\u0148ou ochrany proti vl\u00e1maniu.<\/p>\n<hr data-start=\"659\" data-end=\"662\" \/>\n<h3 data-start=\"664\" data-end=\"692\">\ud83d\udd12 Hlavn\u00e9 v\u00fdhody trezora<\/h3>\n<ul>\n<li data-start=\"695\" data-end=\"745\">certifik\u00e1cia <strong data-start=\"708\" data-end=\"745\">EN 1143-1 \u2013 bezpe\u010dnostn\u00e1 trieda 0<\/strong><\/li>\n<li data-start=\"748\" data-end=\"799\">vn\u00fatorn\u00fd priestor prisp\u00f4soben\u00fd pre <strong data-start=\"783\" data-end=\"799\">A4 zaklada\u010de<\/strong><\/li>\n<li data-start=\"802\" data-end=\"844\">mas\u00edvna <strong data-start=\"810\" data-end=\"844\">dvojstenn\u00e1 oce\u013eov\u00e1 kon\u0161trukcia<\/strong><\/li>\n<li data-start=\"847\" data-end=\"912\">elegantn\u00fd dizajn <strong data-start=\"864\" data-end=\"881\">Black Edition<\/strong> vhodn\u00fd do modern\u00fdch interi\u00e9rov<\/li>\n<li data-start=\"915\" data-end=\"955\">vhodn\u00fd na <strong data-start=\"925\" data-end=\"955\">dom\u00e1ce aj firemn\u00e9 pou\u017eitie<\/strong><\/li>\n<\/ul>\n<hr data-start=\"957\" data-end=\"960\" \/>\n<h3 data-start=\"962\" data-end=\"1001\">\u2699\ufe0f Technick\u00e9 parametre a bezpe\u010dnos\u0165<\/h3>\n<ul>\n<li>mas\u00edvne dvojstenn\u00e9 oce\u013eov\u00e9 telo<\/li>\n<li data-start=\"1040\" data-end=\"1072\">hr\u00fabka dvern\u00e9ho kr\u00eddla: <strong data-start=\"1064\" data-end=\"1072\">6 mm<\/strong><\/li>\n<li data-start=\"1075\" data-end=\"1106\">celkov\u00e1 hr\u00fabka dver\u00ed: <strong data-start=\"1097\" data-end=\"1106\">50 mm<\/strong><\/li>\n<li data-start=\"1109\" data-end=\"1154\">dvojstenn\u00fd \u00falo\u017en\u00fd priestor z oce\u013eov\u00e9ho plechu<\/li>\n<li data-start=\"1157\" data-end=\"1194\">uzamykanie v <strong data-start=\"1170\" data-end=\"1194\">3 smeroch v 5 bodoch<\/strong><\/li>\n<li data-start=\"1197\" data-end=\"1242\">oce\u013eov\u00e9 uzamykacie \u010dapy s priemerom <strong data-start=\"1233\" data-end=\"1242\">22 mm<\/strong><\/li>\n<li data-start=\"1245\" data-end=\"1317\">z\u00e1mok a uzamykac\u00ed mechanizmus chr\u00e1nen\u00e9 materi\u00e1lom s tvrdos\u0165ou <strong data-start=\"1307\" data-end=\"1317\">60 HRC<\/strong><\/li>\n<li data-start=\"1320\" data-end=\"1409\"><strong data-start=\"1320\" data-end=\"1339\">vonkaj\u0161ie p\u00e1nty<\/strong> umo\u017e\u0148uj\u00fa otvorenie dver\u00ed a\u017e o <strong data-start=\"1370\" data-end=\"1378\">180\u00b0<\/strong> bez zmen\u0161enia vstupn\u00e9ho otvoru<\/li>\n<li data-start=\"1412\" data-end=\"1469\">pripraven\u00e9 otvory na <strong data-start=\"1433\" data-end=\"1469\">ukotvenie do podlahy alebo steny<\/strong><\/li>\n<\/ul>\n<p data-start=\"1471\" data-end=\"1568\">\ud83d\udc49 Pri zabudovan\u00ed do n\u00e1bytku sa <strong data-start=\"1503\" data-end=\"1544\">odpor\u00fa\u010da dodato\u010dn\u00e9 upevnenie do steny<\/strong> cez zadn\u00fa \u010das\u0165 n\u00e1bytku.<\/p>\n<hr data-start=\"1570\" data-end=\"1573\" \/>\n<h3 data-start=\"1575\" data-end=\"1598\">\ud83d\udd11 Z\u00e1mok (\u0161tandard)<\/h3>\n<ul>\n<li data-start=\"1601\" data-end=\"1653\"><strong data-start=\"1601\" data-end=\"1629\">mechanick\u00fd k\u013e\u00fa\u010dov\u00fd z\u00e1mok<\/strong> pod\u013ea normy <strong data-start=\"1642\" data-end=\"1653\">EN 1300 triedy A<\/strong><\/li>\n<li data-start=\"1656\" data-end=\"1682\">2 k\u013e\u00fa\u010de s d\u013a\u017ekou <strong data-start=\"1673\" data-end=\"1682\">65 mm<\/strong><\/li>\n<\/ul>\n<hr data-start=\"1684\" data-end=\"1687\" \/>\n<h3>\ud83c\udfa8 Dizajn<\/h3>\n<ul>\n<li data-start=\"1705\" data-end=\"1740\">minimalistick\u00fd a elegantn\u00fd vzh\u013ead<\/li>\n<li data-start=\"1743\" data-end=\"1786\">matn\u00e1 \u010dierna farba <strong data-start=\"1762\" data-end=\"1786\">RAL 9005 \u2013 Jet Black<\/strong><\/li>\n<li data-start=\"1789\" data-end=\"1814\">br\u00fasen\u00e1 dekor\u00e1cia dver\u00ed<\/li>\n<li data-start=\"1817\" data-end=\"1861\">vhodn\u00fd do modern\u00fdch kancel\u00e1ri\u00ed aj dom\u00e1cnost\u00ed<\/li>\n<\/ul>\n<hr data-start=\"1863\" data-end=\"1866\" \/>\n<h3>\ud83d\udce6 Pr\u00edslu\u0161enstvo v balen\u00ed<\/h3>\n<ul>\n<li data-start=\"1900\" data-end=\"1925\"><strong data-start=\"1900\" data-end=\"1925\">3 nastavite\u013en\u00e9 police<\/strong><\/li>\n<li data-start=\"1928\" data-end=\"1939\"><strong data-start=\"1928\" data-end=\"1939\">2 k\u013e\u00fa\u010de<\/strong><\/li>\n<li data-start=\"1942\" data-end=\"1972\">upev\u0148ovacie skrutky do reg\u00e1lov<\/li>\n<\/ul>\n<hr data-start=\"1974\" data-end=\"1977\" \/>\n<h3>\u2795 Volite\u013en\u00e9 mo\u017enosti (na objedn\u00e1vku)<\/h3>\n<ul>\n<li data-start=\"2022\" data-end=\"2063\">elektronick\u00fd z\u00e1mok s certifik\u00e1tom <strong data-start=\"2056\" data-end=\"2063\">VdS<\/strong><\/li>\n<li data-start=\"2066\" data-end=\"2106\">\u010d\u00edseln\u00edkov\u00fd z\u00e1mok s certifik\u00e1tom <strong data-start=\"2099\" data-end=\"2106\">VdS<\/strong><\/li>\n<li data-start=\"2109\" data-end=\"2128\">v\u00fdroba <strong data-start=\"2116\" data-end=\"2128\">na mieru<\/strong><\/li>\n<li data-start=\"2131\" data-end=\"2155\">profesion\u00e1lna in\u0161tal\u00e1cia<\/li>\n<li data-start=\"2158\" data-end=\"2184\">senzor otv\u00e1rania a v\u0155tania<\/li>\n<li data-start=\"2187\" data-end=\"2198\">extra k\u013e\u00fa\u010de<\/li>\n<li data-start=\"2201\" data-end=\"2249\">in\u00e9 farebn\u00e9 prevedenia pod\u013ea <strong data-start=\"2230\" data-end=\"2249\">RAL vzorkovn\u00edka<\/strong><\/li>\n<\/ul>\n<\/div>\n<\/div>\n<\/div>\n","protected":false},"excerpt":{"rendered":"<p>Kompaktn\u00fd, vysoko bezpe\u010dn\u00fd trezor<\/p>\n","protected":false},"featured_media":18336,"comment_status":"open","ping_status":"closed","template":"","meta":{"_monsterinsights_skip_tracking":false,"_monsterinsights_sitenote_active":false,"_monsterinsights_sitenote_note":"","_monsterinsights_sitenote_category":0},"product_brand":[318],"product_cat":[1443,559],"product_tag":[1423],"class_list":{"0":"post-18333","1":"product","2":"type-product","3":"status-publish","4":"has-post-thumbnail","6":"product_brand-trezor-liktor","7":"product_cat-trezory_lltrezor","8":"product_cat-ohnuvzodrne-trezory-na-dokumenty","9":"product_tag-azurit","10":"product_shipping_class-od-1001-kg-do-150kg","11":"pa_bezpecnostna-trieda-0-podla-en-1143-1-a12009","12":"pa_bezpecnostna-trieda-bezpecnostnej-triedy-a-v-zmysle-normy-en-1300","13":"pa_material-ocel","14":"pa_miesto-instalacie-pripevnitelne-k-stene-aj-k-podlahe","15":"pa_vnutorna-hlbka-544","16":"pa_vnutorna-sirka-593","17":"pa_vnutorna-vyska-600","18":"pa_vonkajsia-hlbka-1424","19":"pa_vonkajsia-sirka-634","20":"pa_vonkajsia-vyska-1429","21":"ts_product_brand-trezor-liktor","23":"first","24":"onbackorder","25":"taxable","26":"shipping-taxable","27":"purchasable","28":"product-type-simple"},"aioseo_notices":[],"jetpack_sharing_enabled":true,"_links":{"self":[{"href":"https:\/\/www.lltrezor.sk\/shop\/wp-json\/wp\/v2\/product\/18333","targetHints":{"allow":["GET"]}}],"collection":[{"href":"https:\/\/www.lltrezor.sk\/shop\/wp-json\/wp\/v2\/product"}],"about":[{"href":"https:\/\/www.lltrezor.sk\/shop\/wp-json\/wp\/v2\/types\/product"}],"replies":[{"embeddable":true,"href":"https:\/\/www.lltrezor.sk\/shop\/wp-json\/wp\/v2\/comments?post=18333"}],"wp:featuredmedia":[{"embeddable":true,"href":"https:\/\/www.lltrezor.sk\/shop\/wp-json\/wp\/v2\/media\/18336"}],"wp:attachment":[{"href":"https:\/\/www.lltrezor.sk\/shop\/wp-json\/wp\/v2\/media?parent=18333"}],"wp:term":[{"taxonomy":"product_brand","embeddable":true,"href":"https:\/\/www.lltrezor.sk\/shop\/wp-json\/wp\/v2\/product_brand?post=18333"},{"taxonomy":"product_cat","embeddable":true,"href":"https:\/\/www.lltrezor.sk\/shop\/wp-json\/wp\/v2\/product_cat?post=18333"},{"taxonomy":"product_tag","embeddable":true,"href":"https:\/\/www.lltrezor.sk\/shop\/wp-json\/wp\/v2\/product_tag?post=18333"}],"curies":[{"name":"wp","href":"https:\/\/api.w.org\/{rel}","templated":true}]}}