{"id":18299,"date":"2026-01-31T18:58:43","date_gmt":"2026-01-31T17:58:43","guid":{"rendered":"https:\/\/www.lltrezor.sk\/shop\/?post_type=product&#038;p=18299"},"modified":"2026-02-19T14:45:39","modified_gmt":"2026-02-19T13:45:39","slug":"jade-di","status":"publish","type":"product","link":"https:\/\/www.lltrezor.sk\/shop\/product\/jade-di\/","title":{"rendered":"JADE D-I"},"content":{"rendered":"<p data-start=\"255\" data-end=\"548\">Robustn\u00fd <strong data-start=\"264\" data-end=\"315\">bezpe\u010dnostn\u00fd trezor s ve\u013ek\u00fdm \u00falo\u017en\u00fdm priestorom<\/strong>, ur\u010den\u00fd na uskladnenie <strong data-start=\"339\" data-end=\"404\">cennost\u00ed, cenn\u00fdch papierov, hotovosti a d\u00f4le\u017eit\u00fdch dokumentov<\/strong>, ktor\u00e9 vy\u017eaduj\u00fa viac miesta. Vhodn\u00fd pre <strong data-start=\"445\" data-end=\"475\">osobn\u00e9 aj firemn\u00e9 pou\u017eitie<\/strong>, do kancel\u00e1ri\u00ed, prev\u00e1dzok aj dom\u00e1cnost\u00ed s vy\u0161\u0161\u00edmi n\u00e1rokmi na bezpe\u010dnos\u0165.<\/p>\n<p data-start=\"550\" data-end=\"705\">Trezor poskytuje <strong data-start=\"567\" data-end=\"595\">vysoko bezpe\u010dn\u00e9 ulo\u017eenie<\/strong> a z\u00e1rove\u0148 pon\u00faka <strong data-start=\"613\" data-end=\"643\">stredn\u00fa odolnos\u0165 vo\u010di oh\u0148u<\/strong>, \u010d\u00edm chr\u00e1ni obsah nielen pred vl\u00e1man\u00edm, ale aj pred po\u017eiarom.<\/p>\n<hr data-start=\"707\" data-end=\"710\" \/>\n<h3 data-start=\"712\" data-end=\"754\">\ud83d\udee1\ufe0f Certifik\u00e1cia a bezpe\u010dnostn\u00e1 trieda<\/h3>\n<ul>\n<li data-start=\"757\" data-end=\"782\">z\u00e1mok triedy A pod\u013ea normy <strong>EN 1300<\/strong><\/li>\n<li data-start=\"785\" data-end=\"834\">pod\u013ea normy <strong data-start=\"797\" data-end=\"834\">EN 1143-1 \u2013 bezpe\u010dnostn\u00e1 trieda 0<\/strong><\/li>\n<li data-start=\"837\" data-end=\"903\">vhodn\u00fd na ulo\u017eenie hotovosti, dokumentov a cennost\u00ed vy\u0161\u0161ej hodnoty<\/li>\n<\/ul>\n<hr data-start=\"905\" data-end=\"908\" \/>\n<h3 data-start=\"910\" data-end=\"949\">\u2699\ufe0f Kon\u0161trukcia a bezpe\u010dnostn\u00e9 prvky<\/h3>\n<ul>\n<li data-start=\"952\" data-end=\"992\"><strong data-start=\"952\" data-end=\"992\">pevn\u00e1 dvojstenn\u00e1 oce\u013eov\u00e1 kon\u0161trukcia<\/strong><\/li>\n<li data-start=\"995\" data-end=\"1020\">stredn\u00e1 <strong data-start=\"1003\" data-end=\"1020\">oh\u0148ovzdornos\u0165<\/strong><\/li>\n<li data-start=\"1023\" data-end=\"1071\">laserom rezan\u00e9 dvern\u00e9 kr\u00eddlo s hr\u00fabkou <strong data-start=\"1062\" data-end=\"1071\">10 mm<\/strong><\/li>\n<li data-start=\"1074\" data-end=\"1104\">celkov\u00e1 hr\u00fabka dver\u00ed <strong data-start=\"1095\" data-end=\"1104\">60 mm<\/strong><\/li>\n<li data-start=\"1107\" data-end=\"1144\">uzamykanie v <strong data-start=\"1120\" data-end=\"1144\">3 smeroch v 9 bodoch<\/strong><\/li>\n<li data-start=\"1147\" data-end=\"1192\">oce\u013eov\u00e9 uzamykacie \u010dapy s priemerom <strong data-start=\"1183\" data-end=\"1192\">22 mm<\/strong><\/li>\n<li data-start=\"1195\" data-end=\"1267\">z\u00e1mok a uzamykac\u00ed mechanizmus chr\u00e1nen\u00e9 materi\u00e1lom s tvrdos\u0165ou <strong data-start=\"1257\" data-end=\"1267\">60 HRC<\/strong><\/li>\n<li data-start=\"1270\" data-end=\"1327\">pripraven\u00e9 otvory na <strong data-start=\"1291\" data-end=\"1327\">ukotvenie do podlahy alebo steny<\/strong><\/li>\n<\/ul>\n<p data-start=\"1329\" data-end=\"1435\">\ud83d\udc49 Pri umiestnen\u00ed trezora do n\u00e1bytku sa <strong data-start=\"1369\" data-end=\"1411\">d\u00f4razne odpor\u00fa\u010da upevnenie aj do steny<\/strong> cez zadn\u00fa \u010das\u0165 n\u00e1bytku.<\/p>\n<hr data-start=\"1437\" data-end=\"1440\" \/>\n<h3 data-start=\"1442\" data-end=\"1478\">\ud83d\udd11 Z\u00e1mok (\u0161tandardn\u00e9 prevedenie)<\/h3>\n<ul>\n<li data-start=\"1481\" data-end=\"1536\"><strong data-start=\"1481\" data-end=\"1512\">1\u00d7 mechanick\u00fd k\u013e\u00fa\u010dov\u00fd z\u00e1mok<\/strong> pod\u013ea normy <strong data-start=\"1525\" data-end=\"1536\">EN 1300<\/strong><\/li>\n<li data-start=\"1539\" data-end=\"1605\">mo\u017enos\u0165 vyhotovenia <strong data-start=\"1559\" data-end=\"1574\">s 2 z\u00e1mkami<\/strong> pre vy\u0161\u0161iu \u00farove\u0148 zabezpe\u010denia<\/li>\n<li data-start=\"1608\" data-end=\"1638\"><strong data-start=\"1608\" data-end=\"1619\">2 k\u013e\u00fa\u010de<\/strong> s d\u013a\u017ekou <strong data-start=\"1629\" data-end=\"1638\">65 mm<\/strong><\/li>\n<\/ul>\n<hr data-start=\"1640\" data-end=\"1643\" \/>\n<h3 data-start=\"1645\" data-end=\"1677\">\ud83c\udfa8 Dizajn a povrchov\u00e1 \u00faprava<\/h3>\n<ul>\n<li data-start=\"1680\" data-end=\"1717\">farba <strong data-start=\"1686\" data-end=\"1717\">RAL 7024 \u2013 antracitovo siv\u00e1<\/strong><\/li>\n<li data-start=\"1720\" data-end=\"1794\">mo\u017enos\u0165 lakovania dver\u00ed a kon\u0161trukcie v <strong data-start=\"1758\" data-end=\"1794\">inej farbe pod\u013ea RAL vzorkovn\u00edka<\/strong><\/li>\n<li data-start=\"1797\" data-end=\"1851\">profesion\u00e1lny vzh\u013ead vhodn\u00fd do kancel\u00e1ri\u00ed aj prev\u00e1dzok<\/li>\n<\/ul>\n<hr data-start=\"1853\" data-end=\"1856\" \/>\n<h3 data-start=\"1858\" data-end=\"1887\">\ud83d\udce6 Pr\u00edslu\u0161enstvo v balen\u00ed<\/h3>\n<ul>\n<li data-start=\"1890\" data-end=\"1902\"><strong data-start=\"1890\" data-end=\"1902\">2 police<\/strong><\/li>\n<li data-start=\"1905\" data-end=\"1916\"><strong data-start=\"1905\" data-end=\"1916\">2 k\u013e\u00fa\u010de<\/strong><\/li>\n<li data-start=\"1919\" data-end=\"1948\">kotviaci materi\u00e1l<\/li>\n<\/ul>\n<hr data-start=\"1950\" data-end=\"1953\" \/>\n<h3 data-start=\"1955\" data-end=\"1988\">\u2795 Volite\u013en\u00e9 mo\u017enosti a slu\u017eby<\/h3>\n<ul>\n<li data-start=\"1991\" data-end=\"2016\">dod\u00e1vka na miesto ur\u010denia<\/li>\n<li data-start=\"2019\" data-end=\"2033\">odborn\u00e1 mont\u00e1\u017e<\/li>\n<li data-start=\"2036\" data-end=\"2077\">elektronick\u00fd z\u00e1mok s certifik\u00e1tom <strong data-start=\"2070\" data-end=\"2077\">VdS<\/strong><\/li>\n<li data-start=\"2080\" data-end=\"2120\">\u010d\u00edseln\u00edkov\u00fd z\u00e1mok s certifik\u00e1tom <strong data-start=\"2113\" data-end=\"2120\">VdS<\/strong><\/li>\n<li data-start=\"2123\" data-end=\"2149\">senzor otvorenia a v\u0155tania<\/li>\n<li data-start=\"2152\" data-end=\"2167\">doplnkov\u00e9 k\u013e\u00fa\u010de<\/li>\n<li data-start=\"2170\" data-end=\"2202\">farebn\u00e9 prevedenie pod\u013ea <strong data-start=\"2195\" data-end=\"2202\">RAL<\/strong><\/li>\n<\/ul>\n","protected":false},"excerpt":{"rendered":"<p>Robustn\u00fd bezpe\u010dnostn\u00fd trezor s ve\u013ek\u00fdm \u00falo\u017en\u00fdm priestorom<\/p>\n","protected":false},"featured_media":18301,"comment_status":"open","ping_status":"closed","template":"","meta":{"_monsterinsights_skip_tracking":false,"_monsterinsights_sitenote_active":false,"_monsterinsights_sitenote_note":"","_monsterinsights_sitenote_category":0},"product_brand":[318],"product_cat":[1443,559],"product_tag":[1414],"class_list":{"0":"post-18299","1":"product","2":"type-product","3":"status-publish","4":"has-post-thumbnail","6":"product_brand-trezor-liktor","7":"product_cat-trezory_lltrezor","8":"product_cat-ohnuvzodrne-trezory-na-dokumenty","9":"product_tag-jade","10":"product_shipping_class-od-1001-kg-do-150kg","11":"pa_bezpecnostna-trieda-0-podla-en-1143-1-a12009","12":"pa_bezpecnostna-trieda-bezpecnostnej-triedy-a-v-zmysle-normy-en-1300","13":"pa_material-ocel","14":"pa_miesto-instalacie-pripevnitelne-k-stene-aj-k-podlahe","15":"pa_vnutorna-hlbka-591","16":"pa_vnutorna-sirka-978","17":"pa_vnutorna-vyska-1415","18":"pa_vonkajsia-hlbka-687","19":"pa_vonkajsia-sirka-991","20":"pa_vonkajsia-vyska-597","21":"ts_product_brand-trezor-liktor","23":"first","24":"onbackorder","25":"taxable","26":"shipping-taxable","27":"purchasable","28":"product-type-simple"},"aioseo_notices":[],"jetpack_sharing_enabled":true,"_links":{"self":[{"href":"https:\/\/www.lltrezor.sk\/shop\/wp-json\/wp\/v2\/product\/18299","targetHints":{"allow":["GET"]}}],"collection":[{"href":"https:\/\/www.lltrezor.sk\/shop\/wp-json\/wp\/v2\/product"}],"about":[{"href":"https:\/\/www.lltrezor.sk\/shop\/wp-json\/wp\/v2\/types\/product"}],"replies":[{"embeddable":true,"href":"https:\/\/www.lltrezor.sk\/shop\/wp-json\/wp\/v2\/comments?post=18299"}],"wp:featuredmedia":[{"embeddable":true,"href":"https:\/\/www.lltrezor.sk\/shop\/wp-json\/wp\/v2\/media\/18301"}],"wp:attachment":[{"href":"https:\/\/www.lltrezor.sk\/shop\/wp-json\/wp\/v2\/media?parent=18299"}],"wp:term":[{"taxonomy":"product_brand","embeddable":true,"href":"https:\/\/www.lltrezor.sk\/shop\/wp-json\/wp\/v2\/product_brand?post=18299"},{"taxonomy":"product_cat","embeddable":true,"href":"https:\/\/www.lltrezor.sk\/shop\/wp-json\/wp\/v2\/product_cat?post=18299"},{"taxonomy":"product_tag","embeddable":true,"href":"https:\/\/www.lltrezor.sk\/shop\/wp-json\/wp\/v2\/product_tag?post=18299"}],"curies":[{"name":"wp","href":"https:\/\/api.w.org\/{rel}","templated":true}]}}