{"id":18292,"date":"2026-01-31T18:24:24","date_gmt":"2026-01-31T17:24:24","guid":{"rendered":"https:\/\/www.lltrezor.sk\/shop\/?post_type=product&#038;p=18292"},"modified":"2026-03-01T13:37:57","modified_gmt":"2026-03-01T12:37:57","slug":"ursu-nabytkovy-trezor","status":"publish","type":"product","link":"https:\/\/www.lltrezor.sk\/shop\/product\/ursu-nabytkovy-trezor\/","title":{"rendered":"URSU"},"content":{"rendered":"<div class=\"product-sdesc\">\n<p data-start=\"191\" data-end=\"509\">Kompaktn\u00fd, no mimoriadne <strong data-start=\"216\" data-end=\"246\">odoln\u00fd bezpe\u010dnostn\u00fd trezor<\/strong> s vysokou \u00farov\u0148ou ochrany, ur\u010den\u00fd na ulo\u017eenie <strong data-start=\"293\" data-end=\"358\">v\u00e4\u010d\u0161ieho mno\u017estva hotovosti, cennost\u00ed a dokumentov form\u00e1tu A4<\/strong>. Ide o <strong data-start=\"366\" data-end=\"417\">najsilnej\u0161\u00ed dvojstenn\u00fd trezor v tejto kateg\u00f3rii<\/strong>, vhodn\u00fd pre <strong data-start=\"430\" data-end=\"460\">dom\u00e1ce aj firemn\u00e9 pou\u017eitie<\/strong>, kancel\u00e1rie, prev\u00e1dzky a n\u00e1ro\u010dn\u00fdch pou\u017e\u00edvate\u013eov.<\/p>\n<p data-start=\"511\" data-end=\"664\">V\u010faka certifik\u00e1cii <strong data-start=\"530\" data-end=\"567\">EN 1143-1 \u2013 bezpe\u010dnostn\u00e1 trieda I<\/strong> poskytuje v\u00fdrazne vy\u0161\u0161iu ochranu proti vl\u00e1maniu a z\u00e1rove\u0148 pon\u00faka <strong data-start=\"633\" data-end=\"663\">stredn\u00fa odolnos\u0165 vo\u010di oh\u0148u<\/strong>.<\/p>\n<hr data-start=\"666\" data-end=\"669\" \/>\n<h3 data-start=\"671\" data-end=\"704\">\ud83d\udee1\ufe0f Certifik\u00e1cia a bezpe\u010dnos\u0165<\/h3>\n<ul>\n<li data-start=\"707\" data-end=\"726\">norma <strong data-start=\"713\" data-end=\"726\">EN 1143-1<\/strong><\/li>\n<li data-start=\"729\" data-end=\"754\"><strong data-start=\"729\" data-end=\"754\">bezpe\u010dnostn\u00e1 trieda I<\/strong><\/li>\n<li data-start=\"757\" data-end=\"818\">ur\u010den\u00fd na ochranu hotovosti, cennost\u00ed a d\u00f4le\u017eit\u00fdch dokumentov<\/li>\n<li data-start=\"821\" data-end=\"846\">stredn\u00e1 <strong data-start=\"829\" data-end=\"846\">oh\u0148ovzdornos\u0165<\/strong><\/li>\n<\/ul>\n<hr data-start=\"848\" data-end=\"851\" \/>\n<h3 data-start=\"853\" data-end=\"894\">\u2699\ufe0f Kon\u0161trukcia a technick\u00e9 prevedenie<\/h3>\n<ul>\n<li><strong data-start=\"897\" data-end=\"939\">mas\u00edvna dvojstenn\u00e1 oce\u013eov\u00e1 kon\u0161trukcia<\/strong><\/li>\n<li>laserom rezan\u00e9 dvern\u00e9 kr\u00eddlo s hr\u00fabkou <strong data-start=\"981\" data-end=\"990\">10 mm<\/strong><\/li>\n<li>celkov\u00e1 hr\u00fabka dver\u00ed <strong data-start=\"1014\" data-end=\"1023\">60 mm<\/strong><\/li>\n<li>z\u00e1mok a uzamykac\u00ed mechanizmus chr\u00e1nen\u00e9 materi\u00e1lom s tvrdos\u0165ou <strong data-start=\"1088\" data-end=\"1098\">60 HRC<\/strong><\/li>\n<li>uzamykanie v <strong data-start=\"1114\" data-end=\"1138\">3 smeroch v 9 bodoch<\/strong><\/li>\n<li>oce\u013eov\u00e9 uzamykacie \u010dapy s priemerom <strong data-start=\"1177\" data-end=\"1186\">22 mm<\/strong><\/li>\n<li><strong data-start=\"1189\" data-end=\"1207\">vn\u00fatorn\u00e9 p\u00e1nty<\/strong> \u2013 otv\u00e1ranie dver\u00ed do <strong data-start=\"1229\" data-end=\"1236\">90\u00b0<\/strong><\/li>\n<li>pripraven\u00e9 otvory na <strong data-start=\"1260\" data-end=\"1296\">upevnenie do podlahy alebo steny<\/strong><\/li>\n<\/ul>\n<hr data-start=\"1298\" data-end=\"1301\" \/>\n<h3 data-start=\"1303\" data-end=\"1338\">\ud83d\udd11 Z\u00e1mok (\u0161tandard \/ volite\u013en\u00e9)<\/h3>\n<ul>\n<li data-start=\"1341\" data-end=\"1414\"><strong data-start=\"1341\" data-end=\"1369\">mechanick\u00fd k\u013e\u00fa\u010dov\u00fd z\u00e1mok<\/strong> pod\u013ea normy <strong data-start=\"1382\" data-end=\"1393\">EN 1300<\/strong> v \u0161tandardnej v\u00fdbave<\/li>\n<li data-start=\"1417\" data-end=\"1488\">mo\u017enos\u0165 vyhotovenia <strong data-start=\"1437\" data-end=\"1452\">s 2 z\u00e1mkami<\/strong> pre e\u0161te vy\u0161\u0161iu \u00farove\u0148 zabezpe\u010denia<\/li>\n<\/ul>\n<hr data-start=\"1490\" data-end=\"1493\" \/>\n<h3 data-start=\"1495\" data-end=\"1519\">\ud83d\udcc1 Vn\u00fatorn\u00fd priestor<\/h3>\n<ul>\n<li data-start=\"1522\" data-end=\"1559\">vhodn\u00fd aj na <strong data-start=\"1535\" data-end=\"1559\">dokumenty form\u00e1tu A4<\/strong><\/li>\n<li data-start=\"1562\" data-end=\"1605\">preh\u013eadn\u00e9 usporiadanie cennost\u00ed a hotovosti<\/li>\n<li data-start=\"1608\" data-end=\"1671\">ide\u00e1lny pomer kompaktn\u00fdch rozmerov a ve\u013ek\u00e9ho \u00falo\u017en\u00e9ho priestoru<\/li>\n<\/ul>\n<hr data-start=\"1673\" data-end=\"1676\" \/>\n<h3 data-start=\"1678\" data-end=\"1710\">\ud83c\udfa8 Dizajn a povrchov\u00e1 \u00faprava<\/h3>\n<ul>\n<li data-start=\"1713\" data-end=\"1759\">z\u00e1kladn\u00e1 farba <strong data-start=\"1728\" data-end=\"1759\">RAL 7024 \u2013 antracitovo siv\u00e1<\/strong><\/li>\n<li data-start=\"1762\" data-end=\"1823\">za pr\u00edplatok dostupn\u00e9 aj <strong data-start=\"1787\" data-end=\"1823\">in\u00e9 farebn\u00e9 prevedenia pod\u013ea RAL<\/strong><\/li>\n<\/ul>\n<hr data-start=\"1825\" data-end=\"1828\" \/>\n<h3 data-start=\"1830\" data-end=\"1859\">\ud83d\udce6 Pr\u00edslu\u0161enstvo v balen\u00ed<\/h3>\n<ul>\n<li data-start=\"1862\" data-end=\"1887\"><strong data-start=\"1862\" data-end=\"1887\">1 nastavite\u013en\u00e1 polica<\/strong><\/li>\n<\/ul>\n<hr data-start=\"1889\" data-end=\"1892\" \/>\n<h3 data-start=\"1894\" data-end=\"1930\">\u2714\ufe0f Pre\u010do si vybra\u0165 tento trezor?<\/h3>\n<ul>\n<li data-start=\"1933\" data-end=\"1987\">najvy\u0161\u0161ia \u00farove\u0148 zabezpe\u010denia v kompaktnom preveden\u00ed<\/li>\n<li data-start=\"1990\" data-end=\"2033\">certifik\u00e1cia <strong data-start=\"2003\" data-end=\"2015\">triedy I<\/strong> pod\u013ea EN 1143-1<\/li>\n<li data-start=\"2036\" data-end=\"2068\">vhodn\u00fd pre dom\u00e1cnosti aj firmy<\/li>\n<li data-start=\"2071\" data-end=\"2118\">ulo\u017eenie hotovosti, cennost\u00ed aj A4 dokumentov<\/li>\n<li data-start=\"2121\" data-end=\"2159\">mo\u017enos\u0165 roz\u0161\u00edrenia o <strong data-start=\"2142\" data-end=\"2159\">dvojit\u00fd z\u00e1mok<\/strong><\/li>\n<\/ul>\n<\/div>\n","protected":false},"excerpt":{"rendered":"<p><span dir=\"auto\">Trezor s kompaktn\u00fdmi rozmermi a vysokou \u00farov\u0148ou zabezpe\u010denia<\/span><\/p>\n","protected":false},"featured_media":18298,"comment_status":"open","ping_status":"closed","template":"","meta":{"_monsterinsights_skip_tracking":false,"_monsterinsights_sitenote_active":false,"_monsterinsights_sitenote_note":"","_monsterinsights_sitenote_category":0},"product_brand":[318],"product_cat":[1443,559],"product_tag":[1498],"class_list":{"0":"post-18292","1":"product","2":"type-product","3":"status-publish","4":"has-post-thumbnail","6":"product_brand-trezor-liktor","7":"product_cat-trezory_lltrezor","8":"product_cat-ohnuvzodrne-trezory-na-dokumenty","9":"product_tag-ursu","10":"product_shipping_class-od-1001-kg-do-150kg","11":"pa_bezpecnostna-trieda-bezpecnostnej-triedy-a-v-zmysle-normy-en-1300","12":"pa_bezpecnostna-trieda-norma-en1143-1-v-bezpecnostnej-triede-i","13":"pa_material-ocel","14":"pa_miesto-instalacie-pripevnitelne-k-stene-aj-k-podlahe","15":"pa_vnutorna-hlbka-630","16":"pa_vnutorna-sirka-1413","17":"pa_vnutorna-vyska-1125","18":"pa_vonkajsia-hlbka-548","19":"pa_vonkajsia-sirka-576","20":"pa_vonkajsia-vyska-1412","21":"ts_product_brand-trezor-liktor","23":"first","24":"instock","25":"taxable","26":"shipping-taxable","27":"purchasable","28":"product-type-simple"},"aioseo_notices":[],"jetpack_sharing_enabled":true,"_links":{"self":[{"href":"https:\/\/www.lltrezor.sk\/shop\/wp-json\/wp\/v2\/product\/18292","targetHints":{"allow":["GET"]}}],"collection":[{"href":"https:\/\/www.lltrezor.sk\/shop\/wp-json\/wp\/v2\/product"}],"about":[{"href":"https:\/\/www.lltrezor.sk\/shop\/wp-json\/wp\/v2\/types\/product"}],"replies":[{"embeddable":true,"href":"https:\/\/www.lltrezor.sk\/shop\/wp-json\/wp\/v2\/comments?post=18292"}],"wp:featuredmedia":[{"embeddable":true,"href":"https:\/\/www.lltrezor.sk\/shop\/wp-json\/wp\/v2\/media\/18298"}],"wp:attachment":[{"href":"https:\/\/www.lltrezor.sk\/shop\/wp-json\/wp\/v2\/media?parent=18292"}],"wp:term":[{"taxonomy":"product_brand","embeddable":true,"href":"https:\/\/www.lltrezor.sk\/shop\/wp-json\/wp\/v2\/product_brand?post=18292"},{"taxonomy":"product_cat","embeddable":true,"href":"https:\/\/www.lltrezor.sk\/shop\/wp-json\/wp\/v2\/product_cat?post=18292"},{"taxonomy":"product_tag","embeddable":true,"href":"https:\/\/www.lltrezor.sk\/shop\/wp-json\/wp\/v2\/product_tag?post=18292"}],"curies":[{"name":"wp","href":"https:\/\/api.w.org\/{rel}","templated":true}]}}