{"id":17629,"date":"2026-01-24T19:04:02","date_gmt":"2026-01-24T18:04:02","guid":{"rendered":"https:\/\/www.lltrezor.sk\/shop\/?post_type=product&#038;p=17629"},"modified":"2026-03-14T08:02:42","modified_gmt":"2026-03-14T07:02:42","slug":"regina-13-basic-kopia","status":"publish","type":"product","link":"https:\/\/www.lltrezor.sk\/shop\/product\/regina-13-basic-kopia\/","title":{"rendered":"Regina 13"},"content":{"rendered":"<p data-start=\"210\" data-end=\"503\">Tento <strong data-start=\"216\" data-end=\"234\">luxusn\u00fd trezor<\/strong> je ide\u00e1lny pre v\u0161etk\u00fdch, ktor\u00ed chc\u00fa bezpe\u010dne ulo\u017ei\u0165 <strong data-start=\"287\" data-end=\"323\">dlh\u00e9 zbrane, strelivo a cennosti<\/strong>, pri\u010dom trezor z\u00e1rove\u0148 p\u00f4sob\u00ed ako <strong data-start=\"358\" data-end=\"373\">kus n\u00e1bytku<\/strong>. V\u010faka elegantn\u00e9mu dizajnu a <strong data-start=\"403\" data-end=\"421\">imit\u00e1cii dreva<\/strong> sa hod\u00ed do modern\u00e9ho interi\u00e9ru, po\u013eovn\u00edckej izby alebo na <strong data-start=\"480\" data-end=\"500\">po\u013eovn\u00edcku chatu<\/strong>.<\/p>\n<p data-start=\"505\" data-end=\"672\">Trezor je certifikovan\u00fd pod\u013ea <strong data-start=\"535\" data-end=\"580\">normy EN 14 450 v bezpe\u010dnostnej triede S1<\/strong>, poskytuje <strong data-start=\"592\" data-end=\"629\">spo\u013eahliv\u00fa ochranu proti vl\u00e1maniu<\/strong> a sp\u00e1ja praktickos\u0165 s luxusn\u00fdm dizajnom.<\/p>\n<hr data-start=\"674\" data-end=\"677\" \/>\n<h3 data-start=\"679\" data-end=\"711\">\ud83d\udd10 Certifik\u00e1cia a bezpe\u010dnos\u0165<\/h3>\n<ul>\n<li data-start=\"714\" data-end=\"758\"><strong data-start=\"714\" data-end=\"756\">Bezpe\u010dnostn\u00e1 trieda S1 pod\u013ea EN 14 450<\/strong><\/li>\n<li data-start=\"761\" data-end=\"817\">Trojsmern\u00e9 uzamykanie s oce\u013eov\u00fdmi \u010dapmi hr\u00fabky \u00d8 22 mm<\/li>\n<li data-start=\"820\" data-end=\"861\">Dvojpl\u00e1\u0161\u0165ov\u00e1 kon\u0161trukcia z ocele 3+2 mm<\/li>\n<li data-start=\"864\" data-end=\"937\">Mo\u017enos\u0165 vo\u013eby <strong data-start=\"878\" data-end=\"935\">mechanick\u00e9ho z\u00e1mku na k\u013e\u00fa\u010d alebo elektronick\u00e9ho z\u00e1mku<\/strong><\/li>\n<li data-start=\"940\" data-end=\"1010\">Vrstva vysoko odoln\u00e9ho <strong data-start=\"963\" data-end=\"986\">bezpe\u010dnostn\u00e9ho skla<\/strong> (sklo + polykarbon\u00e1t)<\/li>\n<\/ul>\n<hr data-start=\"1012\" data-end=\"1015\" \/>\n<h3 data-start=\"1017\" data-end=\"1047\">\u2699\ufe0f Kon\u0161trukcia a vybavenie<\/h3>\n<ul>\n<li data-start=\"1050\" data-end=\"1083\"><strong data-start=\"1050\" data-end=\"1081\">Opierka na 13 dlh\u00fdch zbran\u00ed<\/strong><\/li>\n<li data-start=\"1086\" data-end=\"1124\"><strong data-start=\"1086\" data-end=\"1122\">Dvojpl\u00e1\u0161\u0165ov\u00e1 oce\u013eov\u00e1 kon\u0161trukcia<\/strong><\/li>\n<li data-start=\"1127\" data-end=\"1172\">Mo\u017enos\u0165 <strong data-start=\"1135\" data-end=\"1170\">kotvenia do steny alebo podlahy<\/strong><\/li>\n<li data-start=\"1175\" data-end=\"1235\">Tepelne a mechanicky odoln\u00e9 <strong data-start=\"1203\" data-end=\"1233\">vrstven\u00e9 bezpe\u010dnostn\u00e9 sklo<\/strong><\/li>\n<li data-start=\"1238\" data-end=\"1303\">Volite\u013en\u00e1 vn\u00fatorn\u00e1 farba \u010dal\u00fanenia: <strong data-start=\"1274\" data-end=\"1301\">\u010derven\u00e1, zelen\u00e1, b\u00e9\u017eov\u00e1<\/strong><\/li>\n<li data-start=\"1306\" data-end=\"1351\"><strong data-start=\"1306\" data-end=\"1349\">Pr\u00e1\u0161kov\u00e9 lakovanie s vysokou odolnos\u0165ou<\/strong><\/li>\n<\/ul>\n<hr data-start=\"1353\" data-end=\"1356\" \/>\n<h3 data-start=\"1358\" data-end=\"1382\">\ud83d\udca1 Volite\u013en\u00e9 doplnky<\/h3>\n<ul>\n<li data-start=\"1385\" data-end=\"1419\"><strong data-start=\"1385\" data-end=\"1417\">LED vn\u00fatorn\u00e9 osvetlenie 220V<\/strong><\/li>\n<li data-start=\"1422\" data-end=\"1470\"><strong data-start=\"1422\" data-end=\"1468\">Uzamykate\u013en\u00e1 vn\u00fatorn\u00e1 schr\u00e1nka na strelivo<\/strong><\/li>\n<li data-start=\"1473\" data-end=\"1514\">Farebn\u00e9 varianty RAL: <strong data-start=\"1495\" data-end=\"1512\">biela, \u010dierna<\/strong><\/li>\n<li data-start=\"1517\" data-end=\"1594\">Imit\u00e1cie dreva: 5 r\u00f4znych dekorov + <strong data-start=\"1553\" data-end=\"1592\">Salt Lake \u010dierna a Salt Lake v\u00ednov\u00e1<\/strong><\/li>\n<\/ul>\n<hr data-start=\"1596\" data-end=\"1599\" \/>\n<h3 data-start=\"1601\" data-end=\"1624\">\ud83e\uddf1 Mont\u00e1\u017e a dodanie<\/h3>\n<ul>\n<li data-start=\"1627\" data-end=\"1674\">Z\u00e1kazkov\u00e1 v\u00fdroba <strong data-start=\"1644\" data-end=\"1672\">METALK S.r.l., Taliansko<\/strong><\/li>\n<li data-start=\"1677\" data-end=\"1712\">Dodacia doba: <strong data-start=\"1691\" data-end=\"1710\">12 \u2013 16 t\u00fd\u017ed\u0148ov<\/strong><\/li>\n<li data-start=\"1715\" data-end=\"1807\">Po objednan\u00ed je potrebn\u00e1 <strong data-start=\"1740\" data-end=\"1805\">z\u00e1loha 50 % pod\u013ea obchodn\u00fdch podmienok DELTA COMMERCE, s.r.o.<\/strong><\/li>\n<li data-start=\"1810\" data-end=\"1887\">Po vytvoren\u00ed objedn\u00e1vky v\u00e1s kontaktujeme telefonicky na potvrdenie detailov<\/li>\n<\/ul>\n<hr data-start=\"1889\" data-end=\"1892\" \/>\n<h3 data-start=\"1894\" data-end=\"1937\">\u2714\ufe0f Pre\u010do si vybra\u0165 tento luxusn\u00fd trezor<\/h3>\n<ul>\n<li data-start=\"1940\" data-end=\"1994\">Spojenie <strong data-start=\"1949\" data-end=\"1992\">luxusn\u00e9ho dizajnu a vysokej bezpe\u010dnosti<\/strong><\/li>\n<li data-start=\"1997\" data-end=\"2054\">Certifikovan\u00e1 ochrana <strong data-start=\"2019\" data-end=\"2052\">S1 pre dlh\u00e9 zbrane a cennosti<\/strong><\/li>\n<li data-start=\"2057\" data-end=\"2130\">Elegantn\u00fd doplnok interi\u00e9ru, vhodn\u00fd do <strong data-start=\"2096\" data-end=\"2128\">po\u013eovn\u00edckej izby alebo chaty<\/strong><\/li>\n<li data-start=\"2133\" data-end=\"2205\">Mo\u017enos\u0165 <strong data-start=\"2141\" data-end=\"2203\">individualiz\u00e1cie pod\u013ea farby, z\u00e1mku a vn\u00fatorn\u00e9ho vybavenia<\/strong><\/li>\n<\/ul>\n","protected":false},"excerpt":{"rendered":"<p>Spojenie luxusn\u00e9ho dizajnu a vysokej bezpe\u010dnosti<\/p>\n","protected":false},"featured_media":17642,"comment_status":"open","ping_status":"closed","template":"","meta":{"_monsterinsights_skip_tracking":false,"_monsterinsights_sitenote_active":false,"_monsterinsights_sitenote_note":"","_monsterinsights_sitenote_category":0},"product_brand":[908],"product_cat":[304,305],"product_tag":[1114],"class_list":{"0":"post-17629","1":"product","2":"type-product","3":"status-publish","4":"has-post-thumbnail","6":"product_brand-metalk-s-r-l","7":"product_cat-exkluzivne-trezory-na-zbrane","8":"product_cat-luxusne-skrine-na-zbrane","9":"product_tag-regina","10":"product_shipping_class-od-2001-kg-do-300kg","11":"pa_bezpecnostna-trieda-cen-en-1063-nepriestrelne-sklo","12":"pa_bezpecnostna-trieda-bezpecnostnej-triedy-a-v-zmysle-normy-en-1300","13":"pa_bezpecnostna-trieda-s1-podla-normy-en-14450","14":"pa_material-ocel","15":"pa_miesto-instalacie-volne-stojace","16":"pa_typ-zamku-elektronicky-zamok","17":"pa_typ-zamku-mechanicky-zamok","18":"pa_vnutorna-hlbka-1026","19":"pa_vnutorna-sirka-1043","20":"pa_vnutorna-vyska-1028","21":"pa_vnutorny-objem-1067","22":"pa_vonkajsia-hlbka-626","23":"pa_vonkajsia-sirka-1045","24":"pa_vonkajsia-vyska-1066","26":"first","27":"onbackorder","28":"taxable","29":"shipping-taxable","30":"purchasable","31":"product-type-variable","32":"has-default-attributes"},"aioseo_notices":[],"jetpack_sharing_enabled":true,"_links":{"self":[{"href":"https:\/\/www.lltrezor.sk\/shop\/wp-json\/wp\/v2\/product\/17629","targetHints":{"allow":["GET"]}}],"collection":[{"href":"https:\/\/www.lltrezor.sk\/shop\/wp-json\/wp\/v2\/product"}],"about":[{"href":"https:\/\/www.lltrezor.sk\/shop\/wp-json\/wp\/v2\/types\/product"}],"replies":[{"embeddable":true,"href":"https:\/\/www.lltrezor.sk\/shop\/wp-json\/wp\/v2\/comments?post=17629"}],"wp:featuredmedia":[{"embeddable":true,"href":"https:\/\/www.lltrezor.sk\/shop\/wp-json\/wp\/v2\/media\/17642"}],"wp:attachment":[{"href":"https:\/\/www.lltrezor.sk\/shop\/wp-json\/wp\/v2\/media?parent=17629"}],"wp:term":[{"taxonomy":"product_brand","embeddable":true,"href":"https:\/\/www.lltrezor.sk\/shop\/wp-json\/wp\/v2\/product_brand?post=17629"},{"taxonomy":"product_cat","embeddable":true,"href":"https:\/\/www.lltrezor.sk\/shop\/wp-json\/wp\/v2\/product_cat?post=17629"},{"taxonomy":"product_tag","embeddable":true,"href":"https:\/\/www.lltrezor.sk\/shop\/wp-json\/wp\/v2\/product_tag?post=17629"}],"curies":[{"name":"wp","href":"https:\/\/api.w.org\/{rel}","templated":true}]}}