{"id":17340,"date":"2026-01-10T13:38:09","date_gmt":"2026-01-10T12:38:09","guid":{"rendered":"https:\/\/www.lltrezor.sk\/shop\/?post_type=product&#038;p=17340"},"modified":"2026-02-19T15:18:50","modified_gmt":"2026-02-19T14:18:50","slug":"sbz-4","status":"publish","type":"product","link":"https:\/\/www.lltrezor.sk\/shop\/product\/sbz-4\/","title":{"rendered":"SBZ 4"},"content":{"rendered":"<div class=\"product-sdesc\">\n<div class=\"product-sdesc\">\n<div class=\"product-sdesc\">\n<div class=\"product-sdesc\">\n<div class=\"product-sdesc\">\n<div class=\"product-sdesc\">\n<div class=\"product-sdesc\">\n<div class=\"product-sdesc\">\n<div class=\"product-ldesc\">\n<p data-start=\"248\" data-end=\"534\"><strong data-start=\"248\" data-end=\"283\">Skrine na zbrane Spell SB \/ SBZ<\/strong> s\u00fa kvalitn\u00fdm <strong data-start=\"297\" data-end=\"320\">slovensk\u00fdm v\u00fdrobkom<\/strong>, ur\u010den\u00fdm na bezpe\u010dn\u00e9 a preh\u013eadn\u00e9 ulo\u017eenie <strong data-start=\"363\" data-end=\"385\">a\u017e 4 dlh\u00fdch zbran\u00ed<\/strong>. Vyzna\u010duj\u00fa sa robustnou kon\u0161trukciou, praktick\u00fdm vn\u00fatorn\u00fdm usporiadan\u00edm a vysokou \u00farov\u0148ou spracovania, ktor\u00e1 uspokoj\u00ed aj n\u00e1ro\u010dn\u00fdch dr\u017eite\u013eov zbran\u00ed.<\/p>\n<hr data-start=\"536\" data-end=\"539\" \/>\n<h3 data-start=\"541\" data-end=\"573\">\ud83d\udee1\ufe0f Kon\u0161trukcia a bezpe\u010dnos\u0165<\/h3>\n<ul>\n<li data-start=\"576\" data-end=\"610\"><strong data-start=\"576\" data-end=\"608\">jednopl\u00e1\u0161\u0165ov\u00fd oce\u013eov\u00fd korpus<\/strong><\/li>\n<li data-start=\"613\" data-end=\"665\"><strong data-start=\"613\" data-end=\"643\">dvojpl\u00e1\u0161\u0165ov\u00e9 dvere trezora<\/strong> pre zv\u00fd\u0161en\u00fa ochranu<\/li>\n<li data-start=\"668\" data-end=\"706\"><strong data-start=\"668\" data-end=\"704\">trojsmern\u00e9 \u0161tvorbodov\u00e9 zamykanie<\/strong><\/li>\n<li data-start=\"709\" data-end=\"797\">z\u00e1kladn\u00e1 verzia vybaven\u00e1 <strong data-start=\"734\" data-end=\"795\">trezorov\u00fdm z\u00e1mkom MAUER \u2013 bezpe\u010dnostn\u00e1 trieda A (EN 1300)<\/strong><\/li>\n<li data-start=\"800\" data-end=\"850\">bezpe\u010dnostn\u00e1 trieda skrine: <strong data-start=\"828\" data-end=\"848\">bez certifik\u00e1cie<\/strong><\/li>\n<\/ul>\n<hr data-start=\"852\" data-end=\"855\" \/>\n<h3 data-start=\"857\" data-end=\"874\">\ud83d\udd10 Opcie uzamykania<\/h3>\n<ul>\n<li data-start=\"1628\" data-end=\"1675\">K \u2013 trezor s mechanick\u00fdm z\u00e1mkom na k\u013e\u00fa\u010d MAUER<\/li>\n<li data-start=\"1628\" data-end=\"1675\">MK \u2013\u00a0 trezor s mechanick\u00fdm kombina\u010dn\u00fdm z\u00e1mkom\u00a0 LA GARD alebo M-LOCKS<\/li>\n<li data-start=\"1628\" data-end=\"1675\">MKN \u2013\u00a0\u00a0trezor s trojcestn\u00fdm mechanick\u00fdm kombina\u010dn\u00fdm z\u00e1mkom\u00a0 LA GARD alebo M-LOCKS<\/li>\n<li data-start=\"1628\" data-end=\"1675\">EL \u2013\u00a0\u00a0trezor s elektronick\u00fdm z\u00e1mkom\u00a0 LA GARD Basic<\/li>\n<li data-start=\"1628\" data-end=\"1675\">EN \u2013\u00a0\u00a0trezor s elektronick\u00fdm z\u00e1mkom\u00a0 M-LOCKS<\/li>\n<li data-start=\"1628\" data-end=\"1675\">EP \u2013\u00a0 schr\u00e1nka s elektronick\u00fdm z\u00e1mkom E-Pass M-LOCKS<\/li>\n<li data-start=\"1628\" data-end=\"1675\">EPH \u2013\u00a0 schr\u00e1nka s elektronick\u00fdm z\u00e1mkom E-Pass M-LOCKS v hotelovej verzii<\/li>\n<li data-start=\"1628\" data-end=\"1675\">KK \u2013\u00a0 trezor s dvomi mechanick\u00fdmi z\u00e1mkami na k\u013e\u00fa\u010d MAUER<\/li>\n<li data-start=\"1628\" data-end=\"1675\">KMK \u2013\u00a0 trezor s mechanick\u00fdm z\u00e1mkom na k\u013e\u00fa\u010d MAUER a mechanick\u00fdm kombina\u010dn\u00fdm z\u00e1mkom\u00a0 LA GARD alebo M-LOCKS<\/li>\n<li data-start=\"1628\" data-end=\"1675\">KEL \u2013\u00a0 trezor s mechanick\u00fdm z\u00e1mkom na k\u013e\u00fa\u010d MAUER a elektronick\u00fdm z\u00e1mkom\u00a0 LA GARD Basic<\/li>\n<li data-start=\"1628\" data-end=\"1675\">KEN \u2013\u00a0 trezor s mechanick\u00fdm z\u00e1mkom na k\u013e\u00fa\u010d MAUER a elektronick\u00fdm z\u00e1mkom\u00a0 M-LOCKS<\/li>\n<li data-start=\"1628\" data-end=\"1675\">KEP \u2013\u00a0 schr\u00e1nka s mechanick\u00fdm z\u00e1mkom na k\u013e\u00fa\u010d a elektronick\u00fdm z\u00e1mkom\u00a0 E-Pass M-LOCKS<\/li>\n<\/ul>\n<hr data-start=\"1012\" data-end=\"1015\" \/>\n<h3 data-start=\"1017\" data-end=\"1042\">\ud83e\uddf1 Vn\u00fatorn\u00e9 vybavenie<\/h3>\n<ul>\n<li data-start=\"1045\" data-end=\"1076\"><strong data-start=\"1045\" data-end=\"1074\">kapacita a\u017e 4 dlh\u00e9 zbrane<\/strong><\/li>\n<li data-start=\"1079\" data-end=\"1127\"><strong data-start=\"1079\" data-end=\"1125\">v\u00fd\u0161kovo nastavite\u013en\u00e9 delen\u00e9 opierky zbran\u00ed<\/strong><\/li>\n<li data-start=\"1130\" data-end=\"1185\">spodn\u00e1 doska s dr\u00e1\u017ekami na pa\u017eby, <strong data-start=\"1164\" data-end=\"1183\">vystlan\u00e1 filcom<\/strong><\/li>\n<li data-start=\"1188\" data-end=\"1235\"><strong data-start=\"1188\" data-end=\"1233\">samostatne uzamykate\u013en\u00e1 vn\u00fatorn\u00e1 schr\u00e1nka<\/strong><\/li>\n<li data-start=\"1273\" data-end=\"1296\">odkladacia priehradka<\/li>\n<li data-start=\"1299\" data-end=\"1368\"><strong data-start=\"1299\" data-end=\"1340\">dr\u017eiaky a ve\u0161iaky na \u010distiace potreby<\/strong> na vn\u00fatornej strane dver\u00ed<\/li>\n<\/ul>\n<hr data-start=\"1370\" data-end=\"1373\" \/>\n<h3 data-start=\"1375\" data-end=\"1430\">\u2714\ufe0f Pre\u010do si vybra\u0165 skri\u0148u na zbrane Spell SB \/ SBZ?<\/h3>\n<ul>\n<li data-start=\"1433\" data-end=\"1464\">kvalitn\u00e1 <strong data-start=\"1442\" data-end=\"1462\">slovensk\u00e1 v\u00fdroba<\/strong><\/li>\n<li data-start=\"1467\" data-end=\"1513\">preh\u013eadn\u00e9 a variabiln\u00e9 vn\u00fatorn\u00e9 usporiadanie<\/li>\n<li data-start=\"1516\" data-end=\"1550\">spo\u013eahliv\u00fd trezorov\u00fd z\u00e1mok MAUER<\/li>\n<li data-start=\"1553\" data-end=\"1625\">ide\u00e1lne rie\u0161enie pre <strong data-start=\"1574\" data-end=\"1623\">po\u013eovn\u00edkov, \u0161portov\u00fdch strelcov aj zberate\u013eov<\/strong><\/li>\n<li data-start=\"1628\" data-end=\"1675\">robustn\u00e1 oce\u013eov\u00e1 kon\u0161trukcia a dlh\u00e1 \u017eivotnos\u0165<\/li>\n<\/ul>\n<\/div>\n<\/div>\n<\/div>\n<\/div>\n<\/div>\n<\/div>\n<\/div>\n<\/div>\n<\/div>\n","protected":false},"excerpt":{"rendered":"<p>Kvalitn\u00fd slovensk\u00fd v\u00fdrobok na 4 dlh\u00e9 zbrane<\/p>\n","protected":false},"featured_media":17347,"comment_status":"open","ping_status":"closed","template":"","meta":{"_monsterinsights_skip_tracking":false,"_monsterinsights_sitenote_active":false,"_monsterinsights_sitenote_note":"","_monsterinsights_sitenote_category":0},"product_brand":[917],"product_cat":[82],"product_tag":[1389],"class_list":{"0":"post-17340","1":"product","2":"type-product","3":"status-publish","4":"has-post-thumbnail","6":"product_brand-spell-sb-slovakia","7":"product_cat-skrine-na-dlhe-zbrane","8":"product_tag-sbz","9":"product_shipping_class-od-701-kg-do-100kg","10":"pa_bezpecnostna-trieda-bezpecnostnej-triedy-a-v-zmysle-normy-en-1300","11":"pa_farba-antracitova-ral7016","12":"pa_farba-biela-ral9003","13":"pa_farba-cierna-ral9011","14":"pa_farba-hneda-ral6022","15":"pa_farba-mysacia-seda-ral7005","16":"pa_farba-sedobiela-ral7035","17":"pa_material-ocel","18":"pa_miesto-instalacie-volne-stojace","19":"pa_typ-zamku-en-trezor-s-elektronickym-zamkom-m-locks","20":"pa_typ-zamku-ep-schranka-s-elektronickym-zamkom-e-pass-m-locks","21":"pa_typ-zamku-k-trezor-s-mechanickym-zamkom-na-kluc-mauer","22":"pa_typ-zamku-kel-trezor-s-mechanickym-zamkom-na-kluc-mauer-a-elektronickym-zamkom-la-gard-basic","23":"pa_typ-zamku-kep-schranka-s-mechanickym-zamkom-na-kluc-a-elektronickym-zamkom-e-pass-m-locks","24":"pa_typ-zamku-kmk-trezor-s-mechanickym-zamkom-na-kluc-mauer-a-mechanickym-kombinacnym-zamkom-la-gard-alebo-m-locks","25":"pa_vnutorna-hlbka-1240","26":"pa_vnutorna-sirka-829","27":"pa_vnutorna-vyska-1242","28":"pa_vnutorny-objem-1356","29":"pa_vonkajsia-hlbka-670","30":"pa_vonkajsia-sirka-1430","31":"pa_vonkajsia-vyska-1243","32":"ts_product_brand-spell-sb-slovakia","34":"first","35":"onbackorder","36":"taxable","37":"shipping-taxable","38":"purchasable","39":"product-type-variable"},"aioseo_notices":[],"jetpack_sharing_enabled":true,"_links":{"self":[{"href":"https:\/\/www.lltrezor.sk\/shop\/wp-json\/wp\/v2\/product\/17340","targetHints":{"allow":["GET"]}}],"collection":[{"href":"https:\/\/www.lltrezor.sk\/shop\/wp-json\/wp\/v2\/product"}],"about":[{"href":"https:\/\/www.lltrezor.sk\/shop\/wp-json\/wp\/v2\/types\/product"}],"replies":[{"embeddable":true,"href":"https:\/\/www.lltrezor.sk\/shop\/wp-json\/wp\/v2\/comments?post=17340"}],"wp:featuredmedia":[{"embeddable":true,"href":"https:\/\/www.lltrezor.sk\/shop\/wp-json\/wp\/v2\/media\/17347"}],"wp:attachment":[{"href":"https:\/\/www.lltrezor.sk\/shop\/wp-json\/wp\/v2\/media?parent=17340"}],"wp:term":[{"taxonomy":"product_brand","embeddable":true,"href":"https:\/\/www.lltrezor.sk\/shop\/wp-json\/wp\/v2\/product_brand?post=17340"},{"taxonomy":"product_cat","embeddable":true,"href":"https:\/\/www.lltrezor.sk\/shop\/wp-json\/wp\/v2\/product_cat?post=17340"},{"taxonomy":"product_tag","embeddable":true,"href":"https:\/\/www.lltrezor.sk\/shop\/wp-json\/wp\/v2\/product_tag?post=17340"}],"curies":[{"name":"wp","href":"https:\/\/api.w.org\/{rel}","templated":true}]}}