{"id":17323,"date":"2026-01-10T13:13:52","date_gmt":"2026-01-10T12:13:52","guid":{"rendered":"https:\/\/www.lltrezor.sk\/shop\/?post_type=product&#038;p=17323"},"modified":"2026-02-18T21:31:25","modified_gmt":"2026-02-18T20:31:25","slug":"sba-4","status":"publish","type":"product","link":"https:\/\/www.lltrezor.sk\/shop\/product\/sba-4\/","title":{"rendered":"SBA 4"},"content":{"rendered":"<div class=\"product-sdesc\">\n<div class=\"product-sdesc\">\n<div class=\"product-sdesc\">\n<div class=\"product-sdesc\">\n<div class=\"product-sdesc\">\n<div class=\"product-sdesc\">\n<div class=\"product-sdesc\">\n<div class=\"product-sdesc\">\n<div class=\"product-ldesc\">\n<p data-start=\"239\" data-end=\"572\"><strong data-start=\"239\" data-end=\"288\">Bezpe\u010dnostn\u00e9 archiva\u010dn\u00e9 skrine Spell SB \/ SBA<\/strong> s\u00fa praktick\u00fdm rie\u0161en\u00edm pre <strong data-start=\"316\" data-end=\"380\">bezpe\u010dn\u00e9 ulo\u017eenie dokumentov, spisov a arch\u00edvnych materi\u00e1lov<\/strong> v kancel\u00e1ri\u00e1ch, firm\u00e1ch aj dom\u00e1cnostiach. Kvalitn\u00e1 slovensk\u00e1 v\u00fdroba, robustn\u00e1 oce\u013eov\u00e1 kon\u0161trukcia a variabiln\u00e9 uzamykanie robia z t\u00fdchto skr\u00ed\u0148 spo\u013eahliv\u00e9ho pomocn\u00edka na ka\u017edodenn\u00e9 pou\u017e\u00edvanie.<\/p>\n<hr data-start=\"574\" data-end=\"577\" \/>\n<h3 data-start=\"579\" data-end=\"611\">\ud83d\udee1\ufe0f Kon\u0161trukcia a bezpe\u010dnos\u0165<\/h3>\n<ul>\n<li data-start=\"614\" data-end=\"661\"><strong data-start=\"614\" data-end=\"659\">jednopl\u00e1\u0161\u0165ov\u00e1 oce\u013eov\u00e1 kon\u0161trukcia korpusu<\/strong><\/li>\n<li data-start=\"664\" data-end=\"708\"><strong data-start=\"664\" data-end=\"686\">dvojpl\u00e1\u0161\u0165ov\u00e9 dvere<\/strong> pre vy\u0161\u0161iu odolnos\u0165<\/li>\n<li data-start=\"711\" data-end=\"746\"><strong data-start=\"711\" data-end=\"744\">trojsmern\u00e9 4-bodov\u00e9 zamykanie<\/strong><\/li>\n<li data-start=\"749\" data-end=\"789\">archiva\u010dn\u00e9 skrine <strong data-start=\"767\" data-end=\"787\">bez certifik\u00e1cie<\/strong><\/li>\n<\/ul>\n<hr data-start=\"791\" data-end=\"794\" \/>\n<h3 data-start=\"857\" data-end=\"874\">\ud83d\udd10 Opcie uzamykania<\/h3>\n<ul>\n<li data-start=\"1628\" data-end=\"1675\">K \u2013 trezor s mechanick\u00fdm z\u00e1mkom na k\u013e\u00fa\u010d MAUER<\/li>\n<li data-start=\"1628\" data-end=\"1675\">MK \u2013\u00a0 trezor s mechanick\u00fdm kombina\u010dn\u00fdm z\u00e1mkom\u00a0 LA GARD alebo M-LOCKS<\/li>\n<li data-start=\"1628\" data-end=\"1675\">MKN \u2013\u00a0\u00a0trezor s trojcestn\u00fdm mechanick\u00fdm kombina\u010dn\u00fdm z\u00e1mkom\u00a0 LA GARD alebo M-LOCKS<\/li>\n<li data-start=\"1628\" data-end=\"1675\">EL \u2013\u00a0\u00a0trezor s elektronick\u00fdm z\u00e1mkom\u00a0 LA GARD Basic<\/li>\n<li data-start=\"1628\" data-end=\"1675\">EN \u2013\u00a0\u00a0trezor s elektronick\u00fdm z\u00e1mkom\u00a0 M-LOCKS<\/li>\n<li data-start=\"1628\" data-end=\"1675\">EP \u2013\u00a0 schr\u00e1nka s elektronick\u00fdm z\u00e1mkom E-Pass M-LOCKS<\/li>\n<li data-start=\"1628\" data-end=\"1675\">EPH \u2013\u00a0 schr\u00e1nka s elektronick\u00fdm z\u00e1mkom E-Pass M-LOCKS v hotelovej verzii<\/li>\n<li data-start=\"1628\" data-end=\"1675\">KK \u2013\u00a0 trezor s dvomi mechanick\u00fdmi z\u00e1mkami na k\u013e\u00fa\u010d MAUER<\/li>\n<li data-start=\"1628\" data-end=\"1675\">KMK \u2013\u00a0 trezor s mechanick\u00fdm z\u00e1mkom na k\u013e\u00fa\u010d MAUER a mechanick\u00fdm kombina\u010dn\u00fdm z\u00e1mkom\u00a0 LA GARD alebo M-LOCKS<\/li>\n<li data-start=\"1628\" data-end=\"1675\">KEL \u2013\u00a0 trezor s mechanick\u00fdm z\u00e1mkom na k\u013e\u00fa\u010d MAUER a elektronick\u00fdm z\u00e1mkom\u00a0 LA GARD Basic<\/li>\n<li data-start=\"1628\" data-end=\"1675\">KEN \u2013\u00a0 trezor s mechanick\u00fdm z\u00e1mkom na k\u013e\u00fa\u010d MAUER a elektronick\u00fdm z\u00e1mkom\u00a0 M-LOCKS<\/li>\n<li data-start=\"1628\" data-end=\"1675\">KEP \u2013\u00a0 schr\u00e1nka s mechanick\u00fdm z\u00e1mkom na k\u013e\u00fa\u010d a elektronick\u00fdm z\u00e1mkom\u00a0 E-Pass M-LOCKS<\/li>\n<\/ul>\n<hr data-start=\"927\" data-end=\"930\" \/>\n<h3 data-start=\"932\" data-end=\"957\">\ud83d\udcc2 Vn\u00fatorn\u00e9 vybavenie<\/h3>\n<ul data-start=\"958\" data-end=\"1079\">\n<li data-start=\"958\" data-end=\"1009\">\n<p data-start=\"960\" data-end=\"1009\">3 vyberate\u013en\u00e9 a v\u00fd\u0161kovo nastavite\u013en\u00e9 police<\/p>\n<\/li>\n<li data-start=\"1010\" data-end=\"1079\">\n<p data-start=\"1012\" data-end=\"1079\">variabiln\u00e9 usporiadanie priestoru pod\u013ea typu dokumentov a \u0161an\u00f3nov<\/p>\n<\/li>\n<\/ul>\n<hr data-start=\"1081\" data-end=\"1084\" \/>\n<h3 data-start=\"1086\" data-end=\"1112\">\ud83e\uddf1 Mont\u00e1\u017e a prevedenie<\/h3>\n<ul>\n<li data-start=\"1115\" data-end=\"1165\">skrine s\u00fa <strong data-start=\"1125\" data-end=\"1163\">pripraven\u00e9 na ukotvenie do podlahy<\/strong><\/li>\n<li data-start=\"1168\" data-end=\"1211\"><strong data-start=\"1168\" data-end=\"1209\">kotviaci materi\u00e1l je s\u00fa\u010das\u0165ou balenia<\/strong><\/li>\n<li data-start=\"1214\" data-end=\"1257\">odoln\u00e1 <strong data-start=\"1221\" data-end=\"1255\">\u0161trukt\u00farovan\u00e1 povrchov\u00e1 \u00faprava<\/strong><\/li>\n<li data-start=\"1260\" data-end=\"1331\">dod\u00e1van\u00e9 s <strong data-start=\"1271\" data-end=\"1329\">kompletnou dokument\u00e1ciou a n\u00e1vodom v slovenskom jazyku<\/strong><\/li>\n<\/ul>\n<hr data-start=\"1333\" data-end=\"1336\" \/>\n<h3 data-start=\"1338\" data-end=\"1394\">\u2714\ufe0f Pre\u010do si vybra\u0165 archiva\u010dn\u00e9 skrine Spell SB \/ SBA?<\/h3>\n<ul>\n<li data-start=\"1397\" data-end=\"1428\">kvalitn\u00e1 <strong data-start=\"1406\" data-end=\"1426\">slovensk\u00e1 v\u00fdroba<\/strong><\/li>\n<li data-start=\"1431\" data-end=\"1479\">pevn\u00e1 oce\u013eov\u00e1 kon\u0161trukcia a dvojpl\u00e1\u0161\u0165ov\u00e9 dvere<\/li>\n<li data-start=\"1482\" data-end=\"1519\">variabiln\u00e9 uzamykanie pod\u013ea potrieb<\/li>\n<li data-start=\"1522\" data-end=\"1580\">ide\u00e1lne pre <strong data-start=\"1534\" data-end=\"1578\">kancel\u00e1rie, firmy, arch\u00edvy aj dom\u00e1cnosti<\/strong><\/li>\n<li data-start=\"1583\" data-end=\"1622\">jednoduch\u00e1 mont\u00e1\u017e a bezpe\u010dn\u00e9 kotvenie<\/li>\n<\/ul>\n<\/div>\n<\/div>\n<\/div>\n<div><\/div>\n<\/div>\n<\/div>\n<\/div>\n<\/div>\n<\/div>\n<\/div>\n","protected":false},"excerpt":{"rendered":"<p>Praktick\u00fdm rie\u0161en\u00edm pre bezpe\u010dn\u00e9 ulo\u017eenie dokumentov<\/p>\n","protected":false},"featured_media":17328,"comment_status":"open","ping_status":"closed","template":"","meta":{"_monsterinsights_skip_tracking":false,"_monsterinsights_sitenote_active":false,"_monsterinsights_sitenote_note":"","_monsterinsights_sitenote_category":0},"product_brand":[917],"product_cat":[300],"product_tag":[1386],"class_list":{"0":"post-17323","1":"product","2":"type-product","3":"status-publish","4":"has-post-thumbnail","6":"product_brand-spell-sb-slovakia","7":"product_cat-archivacne-skrine","8":"product_tag-sba","9":"product_shipping_class-od-701-kg-do-100kg","10":"pa_bezpecnostna-trieda-bezpecnostnej-triedy-a-v-zmysle-normy-en-1300","11":"pa_farba-antracitova-ral7016","12":"pa_farba-biela-ral9003","13":"pa_farba-cierna-ral9011","14":"pa_farba-mysacia-seda-ral7005","15":"pa_material-ocel","16":"pa_miesto-instalacie-volne-stojace","17":"pa_typ-zamku-en-trezor-s-elektronickym-zamkom-m-locks","18":"pa_typ-zamku-ep-schranka-s-elektronickym-zamkom-e-pass-m-locks","19":"pa_typ-zamku-k-trezor-s-mechanickym-zamkom-na-kluc-mauer","20":"pa_typ-zamku-kel-trezor-s-mechanickym-zamkom-na-kluc-mauer-a-elektronickym-zamkom-la-gard-basic","21":"pa_typ-zamku-kep-schranka-s-mechanickym-zamkom-na-kluc-a-elektronickym-zamkom-e-pass-m-locks","22":"pa_typ-zamku-kmk-trezor-s-mechanickym-zamkom-na-kluc-mauer-a-mechanickym-kombinacnym-zamkom-la-gard-alebo-m-locks","23":"pa_vnutorna-hlbka-1240","24":"pa_vnutorna-sirka-829","25":"pa_vnutorna-vyska-1242","26":"pa_vnutorny-objem-1356","27":"pa_vonkajsia-hlbka-670","28":"pa_vonkajsia-sirka-1430","29":"pa_vonkajsia-vyska-1243","30":"ts_product_brand-spell-sb-slovakia","32":"first","33":"onbackorder","34":"taxable","35":"shipping-taxable","36":"purchasable","37":"product-type-variable"},"aioseo_notices":[],"jetpack_sharing_enabled":true,"_links":{"self":[{"href":"https:\/\/www.lltrezor.sk\/shop\/wp-json\/wp\/v2\/product\/17323","targetHints":{"allow":["GET"]}}],"collection":[{"href":"https:\/\/www.lltrezor.sk\/shop\/wp-json\/wp\/v2\/product"}],"about":[{"href":"https:\/\/www.lltrezor.sk\/shop\/wp-json\/wp\/v2\/types\/product"}],"replies":[{"embeddable":true,"href":"https:\/\/www.lltrezor.sk\/shop\/wp-json\/wp\/v2\/comments?post=17323"}],"wp:featuredmedia":[{"embeddable":true,"href":"https:\/\/www.lltrezor.sk\/shop\/wp-json\/wp\/v2\/media\/17328"}],"wp:attachment":[{"href":"https:\/\/www.lltrezor.sk\/shop\/wp-json\/wp\/v2\/media?parent=17323"}],"wp:term":[{"taxonomy":"product_brand","embeddable":true,"href":"https:\/\/www.lltrezor.sk\/shop\/wp-json\/wp\/v2\/product_brand?post=17323"},{"taxonomy":"product_cat","embeddable":true,"href":"https:\/\/www.lltrezor.sk\/shop\/wp-json\/wp\/v2\/product_cat?post=17323"},{"taxonomy":"product_tag","embeddable":true,"href":"https:\/\/www.lltrezor.sk\/shop\/wp-json\/wp\/v2\/product_tag?post=17323"}],"curies":[{"name":"wp","href":"https:\/\/api.w.org\/{rel}","templated":true}]}}