{"id":17304,"date":"2026-01-10T12:59:22","date_gmt":"2026-01-10T11:59:22","guid":{"rendered":"https:\/\/www.lltrezor.sk\/shop\/?post_type=product&#038;p=17304"},"modified":"2026-02-19T15:20:10","modified_gmt":"2026-02-19T14:20:10","slug":"sbs-01","status":"publish","type":"product","link":"https:\/\/www.lltrezor.sk\/shop\/product\/sbs-01\/","title":{"rendered":"SBS 01"},"content":{"rendered":"<div class=\"product-sdesc\">\n<div class=\"product-sdesc\">\n<div class=\"product-sdesc\">\n<div class=\"product-sdesc\">\n<div class=\"product-sdesc\">\n<div class=\"product-sdesc\">\n<div class=\"product-sdesc\">\n<div class=\"product-sdesc\">\n<div class=\"product-ldesc\">\n<p data-start=\"199\" data-end=\"470\"><strong data-start=\"199\" data-end=\"234\">N\u00e1bytkov\u00fd trezor Spell SB \/ SBS<\/strong> je praktick\u00e9 rie\u0161enie na <strong data-start=\"260\" data-end=\"323\">ulo\u017eenie cennost\u00ed, dokladov, hotovosti \u010di men\u0161\u00edch predmetov<\/strong> v dom\u00e1cnosti alebo kancel\u00e1rii. V\u010faka kompaktn\u00fdm rozmerom je ide\u00e1lny na <strong data-start=\"395\" data-end=\"421\">zabudovanie do n\u00e1bytku<\/strong>, kde zost\u00e1va nen\u00e1padn\u00fd a z\u00e1rove\u0148 \u013eahko dostupn\u00fd.<\/p>\n<hr data-start=\"472\" data-end=\"475\" \/>\n<h3 data-start=\"477\" data-end=\"506\">\ud83d\udee1\ufe0f Kon\u0161trukcia a ochrana<\/h3>\n<ul>\n<li data-start=\"509\" data-end=\"570\"><strong data-start=\"509\" data-end=\"568\">jednopl\u00e1\u0161\u0165ov\u00e1 kon\u0161trukcia z kvalitn\u00e9ho oce\u013eov\u00e9ho plechu<\/strong><\/li>\n<li data-start=\"573\" data-end=\"617\"><strong data-start=\"573\" data-end=\"595\">dvojpl\u00e1\u0161\u0165ov\u00e9 dvere<\/strong> pre vy\u0161\u0161iu odolnos\u0165<\/li>\n<li data-start=\"620\" data-end=\"660\"><strong data-start=\"620\" data-end=\"658\">jednobodov\u00fd uzatv\u00e1rac\u00ed mechanizmus<\/strong><\/li>\n<li data-start=\"663\" data-end=\"728\">mechanizmus z\u00e1mku chr\u00e1nen\u00fd <strong data-start=\"690\" data-end=\"726\">oce\u013eov\u00fdm plechom proti odv\u0155taniu<\/strong><\/li>\n<li data-start=\"731\" data-end=\"764\">trezory s\u00fa <strong data-start=\"742\" data-end=\"762\">bez certifik\u00e1cie<\/strong><\/li>\n<\/ul>\n<hr data-start=\"766\" data-end=\"769\" \/>\n<h3 data-start=\"857\" data-end=\"874\">\ud83d\udd10 Opcie uzamykania<\/h3>\n<ul>\n<li data-start=\"1628\" data-end=\"1675\">K \u2013 trezor s mechanick\u00fdm z\u00e1mkom na k\u013e\u00fa\u010d MAUER<\/li>\n<li data-start=\"1628\" data-end=\"1675\">MK \u2013\u00a0 trezor s mechanick\u00fdm kombina\u010dn\u00fdm z\u00e1mkom\u00a0 LA GARD alebo M-LOCKS<\/li>\n<li data-start=\"1628\" data-end=\"1675\">MKN \u2013\u00a0\u00a0trezor s trojcestn\u00fdm mechanick\u00fdm kombina\u010dn\u00fdm z\u00e1mkom\u00a0 LA GARD alebo M-LOCKS<\/li>\n<li data-start=\"1628\" data-end=\"1675\">EL \u2013\u00a0\u00a0trezor s elektronick\u00fdm z\u00e1mkom\u00a0 LA GARD Basic<\/li>\n<li data-start=\"1628\" data-end=\"1675\">EN \u2013\u00a0\u00a0trezor s elektronick\u00fdm z\u00e1mkom\u00a0 M-LOCKS<\/li>\n<li data-start=\"1628\" data-end=\"1675\">EP \u2013\u00a0 schr\u00e1nka s elektronick\u00fdm z\u00e1mkom E-Pass M-LOCKS<\/li>\n<li data-start=\"1628\" data-end=\"1675\">EPH \u2013\u00a0 schr\u00e1nka s elektronick\u00fdm z\u00e1mkom E-Pass M-LOCKS v hotelovej verzii<\/li>\n<li data-start=\"1628\" data-end=\"1675\">KK \u2013\u00a0 trezor s dvomi mechanick\u00fdmi z\u00e1mkami na k\u013e\u00fa\u010d MAUER<\/li>\n<li data-start=\"1628\" data-end=\"1675\">KMK \u2013\u00a0 trezor s mechanick\u00fdm z\u00e1mkom na k\u013e\u00fa\u010d MAUER a mechanick\u00fdm kombina\u010dn\u00fdm z\u00e1mkom\u00a0 LA GARD alebo M-LOCKS<\/li>\n<li data-start=\"1628\" data-end=\"1675\">KEL \u2013\u00a0 trezor s mechanick\u00fdm z\u00e1mkom na k\u013e\u00fa\u010d MAUER a elektronick\u00fdm z\u00e1mkom\u00a0 LA GARD Basic<\/li>\n<li data-start=\"1628\" data-end=\"1675\">KEN \u2013\u00a0 trezor s mechanick\u00fdm z\u00e1mkom na k\u013e\u00fa\u010d MAUER a elektronick\u00fdm z\u00e1mkom\u00a0 M-LOCKS<\/li>\n<li data-start=\"1628\" data-end=\"1675\">KEP \u2013\u00a0 schr\u00e1nka s mechanick\u00fdm z\u00e1mkom na k\u013e\u00fa\u010d a elektronick\u00fdm z\u00e1mkom\u00a0 E-Pass M-LOCKS<\/li>\n<\/ul>\n<hr data-start=\"898\" data-end=\"901\" \/>\n<h3 data-start=\"999\" data-end=\"1012\">\ud83e\uddf1 Mont\u00e1\u017e<\/h3>\n<ul>\n<li data-start=\"1015\" data-end=\"1062\"><strong data-start=\"1015\" data-end=\"1060\">kotviace otvory na zadnej strane schr\u00e1nky<\/strong><\/li>\n<li data-start=\"1065\" data-end=\"1115\">ur\u010den\u00e9 na <strong data-start=\"1075\" data-end=\"1113\">upevnenie do n\u00e1bytku alebo k stene<\/strong><\/li>\n<\/ul>\n<hr data-start=\"1117\" data-end=\"1120\" \/>\n<h3 data-start=\"1122\" data-end=\"1172\">\u2714\ufe0f Pre\u010do si vybra\u0165 n\u00e1bytkov\u00fd trezor Spell SBS?<\/h3>\n<ul>\n<li data-start=\"1175\" data-end=\"1205\">kompaktn\u00fd a nen\u00e1padn\u00fd dizajn<\/li>\n<li data-start=\"1208\" data-end=\"1238\">kvalitn\u00e1 oce\u013eov\u00e1 kon\u0161trukcia<\/li>\n<li data-start=\"1241\" data-end=\"1271\">jednoduch\u00e1 mont\u00e1\u017e do n\u00e1bytku<\/li>\n<li data-start=\"1274\" data-end=\"1311\">variabiln\u00e9 uzamykanie pod\u013ea potrieb<\/li>\n<li data-start=\"1314\" data-end=\"1353\">ide\u00e1lny do <strong data-start=\"1325\" data-end=\"1353\">dom\u00e1cnost\u00ed aj kancel\u00e1ri\u00ed<\/strong><\/li>\n<\/ul>\n<\/div>\n<\/div>\n<\/div>\n<div><\/div>\n<\/div>\n<\/div>\n<\/div>\n<\/div>\n<\/div>\n<\/div>\n","protected":false},"excerpt":{"rendered":"<p>Na ulo\u017eenie cennost\u00ed, dokladov, hotovosti \u010di men\u0161\u00edch predmetov<\/p>\n","protected":false},"featured_media":17310,"comment_status":"open","ping_status":"closed","template":"","meta":{"_monsterinsights_skip_tracking":false,"_monsterinsights_sitenote_active":false,"_monsterinsights_sitenote_note":"","_monsterinsights_sitenote_category":0},"product_brand":[917],"product_cat":[111],"product_tag":[1382],"class_list":{"0":"post-17304","1":"product","2":"type-product","3":"status-publish","4":"has-post-thumbnail","6":"product_brand-spell-sb-slovakia","7":"product_cat-nabytkove-trezory","8":"product_tag-sbs","9":"product_shipping_class-od-101-kg-do-25kg","10":"pa_bezpecnostna-trieda-1306","11":"pa_farba-antracitova-ral7016","12":"pa_farba-biela-ral9003","13":"pa_farba-cierna-ral9011","14":"pa_farba-mysacia-seda-ral7005","15":"pa_material-ocel","16":"pa_miesto-instalacie-volne-stojace","17":"pa_typ-zamku-ep-schranka-s-elektronickym-zamkom-e-pass-m-locks","18":"pa_typ-zamku-eph-schranka-s-elektronickym-zamkom-e-pass-m-locks-v-hotelovej-verzii","19":"pa_typ-zamku-k-trezor-s-mechanickym-zamkom-na-kluc-mauer","20":"pa_typ-zamku-mk-trezor-s-mechanickym-kombinacnym-zamkom-la-gard-alebo-m-locks","21":"pa_vnutorna-hlbka-1124","22":"pa_vnutorna-sirka-631","23":"pa_vnutorna-vyska-1557","24":"pa_vnutorny-objem-1276","25":"pa_vonkajsia-hlbka-847","26":"pa_vonkajsia-sirka-632","27":"pa_vonkajsia-vyska-875","28":"ts_product_brand-spell-sb-slovakia","30":"first","31":"onbackorder","32":"taxable","33":"shipping-taxable","34":"purchasable","35":"product-type-variable"},"aioseo_notices":[],"jetpack_sharing_enabled":true,"_links":{"self":[{"href":"https:\/\/www.lltrezor.sk\/shop\/wp-json\/wp\/v2\/product\/17304","targetHints":{"allow":["GET"]}}],"collection":[{"href":"https:\/\/www.lltrezor.sk\/shop\/wp-json\/wp\/v2\/product"}],"about":[{"href":"https:\/\/www.lltrezor.sk\/shop\/wp-json\/wp\/v2\/types\/product"}],"replies":[{"embeddable":true,"href":"https:\/\/www.lltrezor.sk\/shop\/wp-json\/wp\/v2\/comments?post=17304"}],"wp:featuredmedia":[{"embeddable":true,"href":"https:\/\/www.lltrezor.sk\/shop\/wp-json\/wp\/v2\/media\/17310"}],"wp:attachment":[{"href":"https:\/\/www.lltrezor.sk\/shop\/wp-json\/wp\/v2\/media?parent=17304"}],"wp:term":[{"taxonomy":"product_brand","embeddable":true,"href":"https:\/\/www.lltrezor.sk\/shop\/wp-json\/wp\/v2\/product_brand?post=17304"},{"taxonomy":"product_cat","embeddable":true,"href":"https:\/\/www.lltrezor.sk\/shop\/wp-json\/wp\/v2\/product_cat?post=17304"},{"taxonomy":"product_tag","embeddable":true,"href":"https:\/\/www.lltrezor.sk\/shop\/wp-json\/wp\/v2\/product_tag?post=17304"}],"curies":[{"name":"wp","href":"https:\/\/api.w.org\/{rel}","templated":true}]}}