{"id":17298,"date":"2026-01-10T12:04:08","date_gmt":"2026-01-10T11:04:08","guid":{"rendered":"https:\/\/www.lltrezor.sk\/shop\/?post_type=product&#038;p=17298"},"modified":"2026-02-18T21:31:25","modified_gmt":"2026-02-18T20:31:25","slug":"mamut-165","status":"publish","type":"product","link":"https:\/\/www.lltrezor.sk\/shop\/product\/mamut-165\/","title":{"rendered":"MAMUT 165"},"content":{"rendered":"<div class=\"product-sdesc\">\n<div class=\"product-sdesc\">\n<div class=\"product-sdesc\">\n<div class=\"product-sdesc\">\n<div class=\"product-sdesc\">\n<div class=\"product-sdesc\">\n<div class=\"product-sdesc\">\n<div class=\"product-sdesc\">\n<div class=\"product-ldesc\">\n<p>\u00a0<strong data-start=\"229\" data-end=\"257\">Trezory Spell SB \u2013 MAMUT<\/strong> predstavuj\u00fa \u0161pi\u010dku v oblasti mechanick\u00e9ho zabezpe\u010denia. Ide o <strong data-start=\"320\" data-end=\"357\">vysoko kvalitn\u00e9 slovensk\u00e9 trezory<\/strong> s <strong data-start=\"360\" data-end=\"390\">trojpl\u00e1\u0161\u0165ovou kon\u0161trukciou<\/strong>, ur\u010den\u00e9 na \u00faschovu hotovosti, cennost\u00ed, \u0161perkov a citliv\u00fdch dokumentov v\u0161ade tam, kde sa vy\u017eaduje <strong data-start=\"489\" data-end=\"517\">maxim\u00e1lna \u00farove\u0148 ochrany<\/strong>.<\/p>\n<hr data-start=\"520\" data-end=\"523\" \/>\n<h3 data-start=\"525\" data-end=\"557\">\ud83d\udd10 Certifik\u00e1cia a bezpe\u010dnos\u0165<\/h3>\n<ul>\n<li data-start=\"560\" data-end=\"608\"><strong data-start=\"560\" data-end=\"606\">bezpe\u010dnostn\u00e1 trieda IV pod\u013ea STN EN 1143-1<\/strong><\/li>\n<li data-start=\"611\" data-end=\"685\">vhodn\u00e9 pre <strong data-start=\"622\" data-end=\"683\">banky, firmy, in\u0161tit\u00facie aj n\u00e1ro\u010dn\u00fdch s\u00fakromn\u00fdch klientov<\/strong><\/li>\n<\/ul>\n<hr data-start=\"687\" data-end=\"690\" \/>\n<h3 data-start=\"692\" data-end=\"727\">\u2699\ufe0f Kon\u0161trukcia a ochrann\u00e9 prvky<\/h3>\n<ul>\n<li data-start=\"730\" data-end=\"805\"><strong data-start=\"730\" data-end=\"766\">trojpl\u00e1\u0161\u0165ov\u00e1 oce\u013eov\u00e1 kon\u0161trukcia<\/strong> s kvalitn\u00fdmi bezpe\u010dnostn\u00fdmi v\u00fdpl\u0148ami<\/li>\n<li data-start=\"808\" data-end=\"851\"><strong data-start=\"808\" data-end=\"849\">\u010deln\u00e1 doska dver\u00ed z ocele hr\u00fabky 8 mm<\/strong><\/li>\n<li data-start=\"854\" data-end=\"939\">mechanizmy z\u00e1mkov a rozvorov <strong data-start=\"883\" data-end=\"937\">chr\u00e1nen\u00e9 proti odv\u0155taniu kalenou mang\u00e1novou doskou<\/strong><\/li>\n<li data-start=\"942\" data-end=\"993\"><strong data-start=\"942\" data-end=\"991\">uzamykacie z\u00e1vory zo \u017eiaruvzdorn\u00e9ho materi\u00e1lu<\/strong><\/li>\n<li data-start=\"996\" data-end=\"1040\"><strong data-start=\"996\" data-end=\"1038\">trojstrann\u00e9 rozvorov\u00e9 uzamykanie dver\u00ed<\/strong><\/li>\n<\/ul>\n<hr data-start=\"1042\" data-end=\"1045\" \/>\n<h3 data-start=\"1047\" data-end=\"1071\">\ud83e\uddf0 \u0160tandardn\u00e1 v\u00fdbava<\/h3>\n<ul>\n<li data-start=\"1074\" data-end=\"1120\"><strong data-start=\"1074\" data-end=\"1119\">vyberate\u013en\u00e9 a v\u00fd\u0161kovo nastavite\u013en\u00e9 police<\/strong>:<\/li>\n<li data-start=\"1125\" data-end=\"1148\">MAMUT 95 \u2013 <strong data-start=\"1136\" data-end=\"1148\">2 police<\/strong><\/li>\n<li data-start=\"1153\" data-end=\"1189\">MAMUT 130 a MAMUT 165 \u2013 <strong data-start=\"1177\" data-end=\"1189\">3 police<\/strong><\/li>\n<li data-start=\"1192\" data-end=\"1248\"><strong data-start=\"1192\" data-end=\"1209\">\u0161t\u00edt s k\u013eukou<\/strong> pre ovl\u00e1danie rozvorov\u00e9ho mechanizmu<\/li>\n<li data-start=\"1251\" data-end=\"1279\"><strong data-start=\"1251\" data-end=\"1277\">krytka otvoru pre k\u013e\u00fa\u010d<\/strong><\/li>\n<li data-start=\"1282\" data-end=\"1320\"><strong data-start=\"1282\" data-end=\"1318\">2 kotviace otvory v dolnej stene<\/strong><\/li>\n<li data-start=\"1323\" data-end=\"1371\"><strong data-start=\"1323\" data-end=\"1352\">oce\u013eov\u00fd kotviaci materi\u00e1l<\/strong> s\u00fa\u010das\u0165ou balenia<\/li>\n<\/ul>\n<hr data-start=\"1373\" data-end=\"1376\" \/>\n<h3 data-start=\"1378\" data-end=\"1426\">\u2714\ufe0f Pre\u010do si vybra\u0165 trezory Spell SB \u2013 MAMUT?<\/h3>\n<ul>\n<li data-start=\"1429\" data-end=\"1468\"><strong data-start=\"1429\" data-end=\"1466\">IV. bezpe\u010dnostn\u00e1 trieda EN 1143-1<\/strong><\/li>\n<li data-start=\"1471\" data-end=\"1506\">robustn\u00e1 trojpl\u00e1\u0161\u0165ov\u00e1 kon\u0161trukcia<\/li>\n<li data-start=\"1509\" data-end=\"1555\">vysok\u00e1 odolnos\u0165 proti odv\u0155taniu a napadnutiu<\/li>\n<li data-start=\"1558\" data-end=\"1599\">slovensk\u00e1 v\u00fdroba a prec\u00edzne spracovanie<\/li>\n<li data-start=\"1602\" data-end=\"1659\">ide\u00e1lne rie\u0161enie pre <strong data-start=\"1623\" data-end=\"1659\">ve\u013ek\u00fd objem hotovosti a cennost\u00ed<\/strong><\/li>\n<\/ul>\n<hr data-start=\"1373\" data-end=\"1376\" \/>\n<h3 data-start=\"857\" data-end=\"874\">\ud83d\udd10 Opcie uzamykania<\/h3>\n<ul>\n<li data-start=\"1628\" data-end=\"1675\">K \u2013 trezor s mechanick\u00fdm z\u00e1mkom na k\u013e\u00fa\u010d MAUER<\/li>\n<li data-start=\"1628\" data-end=\"1675\">MK \u2013\u00a0 trezor s mechanick\u00fdm kombina\u010dn\u00fdm z\u00e1mkom\u00a0 LA GARD alebo M-LOCKS<\/li>\n<li data-start=\"1628\" data-end=\"1675\">MKN \u2013\u00a0\u00a0trezor s trojcestn\u00fdm mechanick\u00fdm kombina\u010dn\u00fdm z\u00e1mkom\u00a0 LA GARD alebo M-LOCKS<\/li>\n<li data-start=\"1628\" data-end=\"1675\">EL \u2013\u00a0\u00a0trezor s elektronick\u00fdm z\u00e1mkom\u00a0 LA GARD Basic<\/li>\n<li data-start=\"1628\" data-end=\"1675\">EN \u2013\u00a0\u00a0trezor s elektronick\u00fdm z\u00e1mkom\u00a0 M-LOCKS<\/li>\n<li data-start=\"1628\" data-end=\"1675\">EP \u2013\u00a0 schr\u00e1nka s elektronick\u00fdm z\u00e1mkom E-Pass M-LOCKS<\/li>\n<li data-start=\"1628\" data-end=\"1675\">EPH \u2013\u00a0 schr\u00e1nka s elektronick\u00fdm z\u00e1mkom E-Pass M-LOCKS v hotelovej verzii<\/li>\n<li data-start=\"1628\" data-end=\"1675\">KK \u2013\u00a0 trezor s dvomi mechanick\u00fdmi z\u00e1mkami na k\u013e\u00fa\u010d MAUER<\/li>\n<li data-start=\"1628\" data-end=\"1675\">KMK \u2013\u00a0 trezor s mechanick\u00fdm z\u00e1mkom na k\u013e\u00fa\u010d MAUER a mechanick\u00fdm kombina\u010dn\u00fdm z\u00e1mkom\u00a0 LA GARD alebo M-LOCKS<\/li>\n<li data-start=\"1628\" data-end=\"1675\">KEL \u2013\u00a0 trezor s mechanick\u00fdm z\u00e1mkom na k\u013e\u00fa\u010d MAUER a elektronick\u00fdm z\u00e1mkom\u00a0 LA GARD Basic<\/li>\n<li data-start=\"1628\" data-end=\"1675\">KEN \u2013\u00a0 trezor s mechanick\u00fdm z\u00e1mkom na k\u013e\u00fa\u010d MAUER a elektronick\u00fdm z\u00e1mkom\u00a0 M-LOCKS<\/li>\n<li data-start=\"1628\" data-end=\"1675\">KEP \u2013\u00a0 schr\u00e1nka s mechanick\u00fdm z\u00e1mkom na k\u013e\u00fa\u010d a elektronick\u00fdm z\u00e1mkom\u00a0 E-Pass M-LOCKS<\/li>\n<\/ul>\n<\/div>\n<\/div>\n<\/div>\n<div><\/div>\n<\/div>\n<\/div>\n<\/div>\n<\/div>\n<\/div>\n<\/div>\n","protected":false},"excerpt":{"rendered":"<p>Ide\u00e1lne rie\u0161enie pre ve\u013ek\u00fd objem hotovosti a cennost\u00ed<\/p>\n","protected":false},"featured_media":17289,"comment_status":"open","ping_status":"closed","template":"","meta":{"_monsterinsights_skip_tracking":false,"_monsterinsights_sitenote_active":false,"_monsterinsights_sitenote_note":"","_monsterinsights_sitenote_category":0},"product_brand":[917],"product_cat":[1443,559],"product_tag":[1377],"class_list":{"0":"post-17298","1":"product","2":"type-product","3":"status-publish","4":"has-post-thumbnail","6":"product_brand-spell-sb-slovakia","7":"product_cat-trezory_lltrezor","8":"product_cat-ohnuvzodrne-trezory-na-dokumenty","9":"product_tag-mamut","10":"product_shipping_class-od-6001-kg-do-1000kg","11":"pa_bezpecnostna-trieda-stn-en-1300-zamkovy-mechanizmus-v-bezpecnostnej-triede-b","12":"pa_bezpecnostna-trieda-en-1143-1-v-bezpecnostnej-triede-iv","13":"pa_farba-antracitova-ral7016","14":"pa_farba-biela-ral9003","15":"pa_farba-cierna-ral9011","16":"pa_farba-mysacia-seda-ral7005","17":"pa_farba-sedobiela-ral7035","18":"pa_material-ocel","19":"pa_miesto-instalacie-volne-stojace","20":"pa_typ-zamku-elel","21":"pa_typ-zamku-kel-trezor-s-mechanickym-zamkom-na-kluc-mauer-a-elektronickym-zamkom-la-gard-basic","22":"pa_typ-zamku-kk-trezor-s-dvomi-mechanickymi-zamkami-na-kluc-mauer","23":"pa_typ-zamku-kmk-trezor-s-mechanickym-zamkom-na-kluc-mauer-a-mechanickym-kombinacnym-zamkom-la-gard-alebo-m-locks","24":"pa_typ-zamku-mkmk","25":"pa_vnutorna-hlbka-1564","26":"pa_vnutorna-sirka-685","27":"pa_vnutorna-vyska-1565","28":"pa_vnutorny-objem-1379","29":"pa_vonkajsia-hlbka-661","30":"pa_vonkajsia-sirka-1562","31":"pa_vonkajsia-vyska-1563","32":"ts_product_brand-spell-sb-slovakia","34":"first","35":"onbackorder","36":"taxable","37":"shipping-taxable","38":"purchasable","39":"product-type-variable"},"aioseo_notices":[],"jetpack_sharing_enabled":true,"_links":{"self":[{"href":"https:\/\/www.lltrezor.sk\/shop\/wp-json\/wp\/v2\/product\/17298","targetHints":{"allow":["GET"]}}],"collection":[{"href":"https:\/\/www.lltrezor.sk\/shop\/wp-json\/wp\/v2\/product"}],"about":[{"href":"https:\/\/www.lltrezor.sk\/shop\/wp-json\/wp\/v2\/types\/product"}],"replies":[{"embeddable":true,"href":"https:\/\/www.lltrezor.sk\/shop\/wp-json\/wp\/v2\/comments?post=17298"}],"wp:featuredmedia":[{"embeddable":true,"href":"https:\/\/www.lltrezor.sk\/shop\/wp-json\/wp\/v2\/media\/17289"}],"wp:attachment":[{"href":"https:\/\/www.lltrezor.sk\/shop\/wp-json\/wp\/v2\/media?parent=17298"}],"wp:term":[{"taxonomy":"product_brand","embeddable":true,"href":"https:\/\/www.lltrezor.sk\/shop\/wp-json\/wp\/v2\/product_brand?post=17298"},{"taxonomy":"product_cat","embeddable":true,"href":"https:\/\/www.lltrezor.sk\/shop\/wp-json\/wp\/v2\/product_cat?post=17298"},{"taxonomy":"product_tag","embeddable":true,"href":"https:\/\/www.lltrezor.sk\/shop\/wp-json\/wp\/v2\/product_tag?post=17298"}],"curies":[{"name":"wp","href":"https:\/\/api.w.org\/{rel}","templated":true}]}}