{"id":17267,"date":"2026-01-10T11:39:38","date_gmt":"2026-01-10T10:39:38","guid":{"rendered":"https:\/\/www.lltrezor.sk\/shop\/?post_type=product&#038;p=17267"},"modified":"2026-02-18T21:31:25","modified_gmt":"2026-02-18T20:31:25","slug":"archa-23","status":"publish","type":"product","link":"https:\/\/www.lltrezor.sk\/shop\/product\/archa-23\/","title":{"rendered":"ARCHA 23"},"content":{"rendered":"<div class=\"product-sdesc\">\n<div class=\"product-sdesc\">\n<div class=\"product-sdesc\">\n<div class=\"product-sdesc\">\n<div class=\"product-sdesc\">\n<div class=\"product-sdesc\">\n<div class=\"product-sdesc\">\n<div class=\"product-sdesc\">\n<div class=\"product-ldesc\">\n<p data-start=\"238\" data-end=\"539\"><strong data-start=\"238\" data-end=\"277\">Archiva\u010dn\u00e9 trezory Spell SB \u2013 ARCHA<\/strong> s\u00fa kvalitn\u00e9 <strong data-start=\"290\" data-end=\"311\">slovensk\u00e9 trezory<\/strong>, ur\u010den\u00e9 na bezpe\u010dn\u00e9 ulo\u017eenie <strong data-start=\"341\" data-end=\"392\">d\u00f4le\u017eit\u00fdch dokumentov, spisov, zml\u00fav a cennost\u00ed<\/strong> v kancel\u00e1ri\u00e1ch, firm\u00e1ch, in\u0161tit\u00faci\u00e1ch aj arch\u00edvoch. V\u010faka <strong data-start=\"451\" data-end=\"497\">bezpe\u010dnostnej triede I pod\u013ea STN EN 1143-1<\/strong> poskytuj\u00fa overen\u00fa ochranu proti vl\u00e1maniu.<\/p>\n<hr data-start=\"541\" data-end=\"544\" \/>\n<h3 data-start=\"546\" data-end=\"579\">\ud83d\udee1\ufe0f Certifik\u00e1cia a bezpe\u010dnos\u0165<\/h3>\n<ul>\n<li data-start=\"582\" data-end=\"629\"><strong data-start=\"582\" data-end=\"627\">bezpe\u010dnostn\u00e1 trieda I pod\u013ea STN EN 1143-1<\/strong><\/li>\n<li data-start=\"632\" data-end=\"684\">vhodn\u00e9 pre <strong data-start=\"643\" data-end=\"682\">firemn\u00e9 aj in\u0161titucion\u00e1lne pou\u017eitie<\/strong><\/li>\n<li data-start=\"687\" data-end=\"744\">sp\u013a\u0148aj\u00fa po\u017eiadavky pois\u0165ovn\u00ed na zabezpe\u010denie dokumentov<\/li>\n<\/ul>\n<hr data-start=\"746\" data-end=\"749\" \/>\n<h3 data-start=\"751\" data-end=\"786\">\u2699\ufe0f Kon\u0161trukcia a ochrann\u00e9 prvky<\/h3>\n<ul>\n<li data-start=\"789\" data-end=\"827\"><strong data-start=\"789\" data-end=\"825\">dvojpl\u00e1\u0161\u0165ov\u00e1 oce\u013eov\u00e1 kon\u0161trukcia<\/strong><\/li>\n<li data-start=\"830\" data-end=\"888\"><strong data-start=\"830\" data-end=\"856\">dvojdverov\u00e9 prevedenie<\/strong> pre pohodln\u00fd pr\u00edstup k obsahu<\/li>\n<li data-start=\"891\" data-end=\"934\"><strong data-start=\"891\" data-end=\"932\">\u010deln\u00e1 doska dver\u00ed z ocele hr\u00fabky 8 mm<\/strong><\/li>\n<li data-start=\"937\" data-end=\"1022\">mechanizmy z\u00e1mkov a rozvorov <strong data-start=\"966\" data-end=\"1020\">chr\u00e1nen\u00e9 proti odv\u0155taniu kalenou mang\u00e1novou doskou<\/strong><\/li>\n<li data-start=\"1025\" data-end=\"1076\"><strong data-start=\"1025\" data-end=\"1074\">uzamykacie z\u00e1vory zo \u017eiaruvzdorn\u00e9ho materi\u00e1lu<\/strong><\/li>\n<li data-start=\"1079\" data-end=\"1125\"><strong data-start=\"1079\" data-end=\"1123\">trojstrann\u00fd zais\u0165ovac\u00ed mechanizmus dver\u00ed<\/strong><\/li>\n<\/ul>\n<hr data-start=\"1127\" data-end=\"1130\" \/>\n<h3 data-start=\"1132\" data-end=\"1145\">\ud83e\uddf1 Mont\u00e1\u017e<\/h3>\n<ul>\n<li data-start=\"1148\" data-end=\"1207\">trezory maj\u00fa <strong data-start=\"1161\" data-end=\"1205\">predpripraven\u00e9 kotviace otvory v podlahe<\/strong><\/li>\n<li data-start=\"1210\" data-end=\"1262\">ur\u010den\u00e9 na pevn\u00e9 ukotvenie pre maxim\u00e1lnu bezpe\u010dnos\u0165<\/li>\n<\/ul>\n<hr data-start=\"1264\" data-end=\"1267\" \/>\n<h3 data-start=\"857\" data-end=\"874\">\ud83d\udd10 Opcie uzamykania<\/h3>\n<ul>\n<li data-start=\"1628\" data-end=\"1675\">K \u2013 trezor s mechanick\u00fdm z\u00e1mkom na k\u013e\u00fa\u010d MAUER<\/li>\n<li data-start=\"1628\" data-end=\"1675\">MK \u2013\u00a0 trezor s mechanick\u00fdm kombina\u010dn\u00fdm z\u00e1mkom\u00a0 LA GARD alebo M-LOCKS<\/li>\n<li data-start=\"1628\" data-end=\"1675\">MKN \u2013\u00a0\u00a0trezor s trojcestn\u00fdm mechanick\u00fdm kombina\u010dn\u00fdm z\u00e1mkom\u00a0 LA GARD alebo M-LOCKS<\/li>\n<li data-start=\"1628\" data-end=\"1675\">EL \u2013\u00a0\u00a0trezor s elektronick\u00fdm z\u00e1mkom\u00a0 LA GARD Basic<\/li>\n<li data-start=\"1628\" data-end=\"1675\">EN \u2013\u00a0\u00a0trezor s elektronick\u00fdm z\u00e1mkom\u00a0 M-LOCKS<\/li>\n<li data-start=\"1628\" data-end=\"1675\">EP \u2013\u00a0 schr\u00e1nka s elektronick\u00fdm z\u00e1mkom E-Pass M-LOCKS<\/li>\n<li data-start=\"1628\" data-end=\"1675\">EPH \u2013\u00a0 schr\u00e1nka s elektronick\u00fdm z\u00e1mkom E-Pass M-LOCKS v hotelovej verzii<\/li>\n<li data-start=\"1628\" data-end=\"1675\">KK \u2013\u00a0 trezor s dvomi mechanick\u00fdmi z\u00e1mkami na k\u013e\u00fa\u010d MAUER<\/li>\n<li data-start=\"1628\" data-end=\"1675\">KMK \u2013\u00a0 trezor s mechanick\u00fdm z\u00e1mkom na k\u013e\u00fa\u010d MAUER a mechanick\u00fdm kombina\u010dn\u00fdm z\u00e1mkom\u00a0 LA GARD alebo M-LOCKS<\/li>\n<li data-start=\"1628\" data-end=\"1675\">KEL \u2013\u00a0 trezor s mechanick\u00fdm z\u00e1mkom na k\u013e\u00fa\u010d MAUER a elektronick\u00fdm z\u00e1mkom\u00a0 LA GARD Basic<\/li>\n<li data-start=\"1628\" data-end=\"1675\">KEN \u2013\u00a0 trezor s mechanick\u00fdm z\u00e1mkom na k\u013e\u00fa\u010d MAUER a elektronick\u00fdm z\u00e1mkom\u00a0 M-LOCKS<\/li>\n<li data-start=\"1628\" data-end=\"1675\">KEP \u2013\u00a0 schr\u00e1nka s mechanick\u00fdm z\u00e1mkom na k\u013e\u00fa\u010d a elektronick\u00fdm z\u00e1mkom\u00a0 E-Pass M-LOCKS<\/li>\n<\/ul>\n<hr data-start=\"1264\" data-end=\"1267\" \/>\n<h3 data-start=\"1269\" data-end=\"1328\">\u2714\ufe0f Pre\u010do si vybra\u0165 archiva\u010dn\u00e9 trezory Spell SB \u2013 ARCHA?<\/h3>\n<ul>\n<li data-start=\"1331\" data-end=\"1376\"><strong data-start=\"1331\" data-end=\"1374\">slovensk\u00e1 v\u00fdroba a prec\u00edzne spracovanie<\/strong><\/li>\n<li data-start=\"1379\" data-end=\"1416\">certifikovan\u00e1 bezpe\u010dnostn\u00e1 trieda I<\/li>\n<li data-start=\"1419\" data-end=\"1476\">robustn\u00e1 kon\u0161trukcia a vysok\u00e1 odolnos\u0165 proti napadnutiu<\/li>\n<li data-start=\"1479\" data-end=\"1540\">ide\u00e1lne rie\u0161enie pre <strong data-start=\"1500\" data-end=\"1538\">arch\u00edvy, \u00farady, firmy a kancel\u00e1rie<\/strong><\/li>\n<li data-start=\"1543\" data-end=\"1576\">pohodln\u00e9 dvojdverov\u00e9 prevedenie<\/li>\n<\/ul>\n<\/div>\n<\/div>\n<\/div>\n<div><\/div>\n<\/div>\n<\/div>\n<\/div>\n<\/div>\n<\/div>\n<\/div>\n","protected":false},"excerpt":{"rendered":"<p>Ur\u010den\u00e9 na bezpe\u010dn\u00e9 ulo\u017eenie d\u00f4le\u017eit\u00fdch dokumentov, spisov, zml\u00fav a cennost\u00ed<\/p>\n","protected":false},"featured_media":17276,"comment_status":"open","ping_status":"closed","template":"","meta":{"_monsterinsights_skip_tracking":false,"_monsterinsights_sitenote_active":false,"_monsterinsights_sitenote_note":"","_monsterinsights_sitenote_category":0},"product_brand":[917],"product_cat":[300,560,559],"product_tag":[1372],"class_list":{"0":"post-17267","1":"product","2":"type-product","3":"status-publish","4":"has-post-thumbnail","6":"product_brand-spell-sb-slovakia","7":"product_cat-archivacne-skrine","8":"product_cat-archivacne-skrine-a-kartoteky","9":"product_cat-ohnuvzodrne-trezory-na-dokumenty","10":"product_tag-archa","11":"product_shipping_class-od-4001-kg-do-600kg","12":"pa_bezpecnostna-trieda-bezpecnostnej-triedy-a-v-zmysle-normy-en-1300","13":"pa_bezpecnostna-trieda-norma-en1143-1-v-bezpecnostnej-triede-i","14":"pa_farba-antracitova-ral7016","15":"pa_farba-biela-ral9003","16":"pa_farba-cierna-ral9011","17":"pa_farba-mysacia-seda-ral7005","18":"pa_farba-sedobiela-ral7035","19":"pa_material-ocel","20":"pa_miesto-instalacie-volne-stojace","21":"pa_typ-zamku-el-trezor-s-elektronickym-zamkom-la-gard-basic","22":"pa_typ-zamku-en-trezor-s-elektronickym-zamkom-m-locks","23":"pa_typ-zamku-k-trezor-s-mechanickym-zamkom-na-kluc-mauer","24":"pa_typ-zamku-kel-trezor-s-mechanickym-zamkom-na-kluc-mauer-a-elektronickym-zamkom-la-gard-basic","25":"pa_typ-zamku-ken-trezor-s-mechanickym-zamkom-na-kluc-mauer-a-elektronickym-zamkom-m-locks","26":"pa_typ-zamku-kk-trezor-s-dvomi-mechanickymi-zamkami-na-kluc-mauer","27":"pa_typ-zamku-kmk-trezor-s-mechanickym-zamkom-na-kluc-mauer-a-mechanickym-kombinacnym-zamkom-la-gard-alebo-m-locks","28":"pa_typ-zamku-mk-trezor-s-mechanickym-kombinacnym-zamkom-la-gard-alebo-m-locks","29":"pa_vnutorna-hlbka-1568","30":"pa_vnutorna-sirka-700","31":"pa_vnutorna-vyska-749","32":"pa_vnutorny-objem-1373","33":"pa_vonkajsia-hlbka-1566","34":"pa_vonkajsia-sirka-1567","35":"pa_vonkajsia-vyska-651","36":"ts_product_brand-spell-sb-slovakia","38":"first","39":"onbackorder","40":"taxable","41":"shipping-taxable","42":"purchasable","43":"product-type-variable"},"aioseo_notices":[],"jetpack_sharing_enabled":true,"_links":{"self":[{"href":"https:\/\/www.lltrezor.sk\/shop\/wp-json\/wp\/v2\/product\/17267","targetHints":{"allow":["GET"]}}],"collection":[{"href":"https:\/\/www.lltrezor.sk\/shop\/wp-json\/wp\/v2\/product"}],"about":[{"href":"https:\/\/www.lltrezor.sk\/shop\/wp-json\/wp\/v2\/types\/product"}],"replies":[{"embeddable":true,"href":"https:\/\/www.lltrezor.sk\/shop\/wp-json\/wp\/v2\/comments?post=17267"}],"wp:featuredmedia":[{"embeddable":true,"href":"https:\/\/www.lltrezor.sk\/shop\/wp-json\/wp\/v2\/media\/17276"}],"wp:attachment":[{"href":"https:\/\/www.lltrezor.sk\/shop\/wp-json\/wp\/v2\/media?parent=17267"}],"wp:term":[{"taxonomy":"product_brand","embeddable":true,"href":"https:\/\/www.lltrezor.sk\/shop\/wp-json\/wp\/v2\/product_brand?post=17267"},{"taxonomy":"product_cat","embeddable":true,"href":"https:\/\/www.lltrezor.sk\/shop\/wp-json\/wp\/v2\/product_cat?post=17267"},{"taxonomy":"product_tag","embeddable":true,"href":"https:\/\/www.lltrezor.sk\/shop\/wp-json\/wp\/v2\/product_tag?post=17267"}],"curies":[{"name":"wp","href":"https:\/\/api.w.org\/{rel}","templated":true}]}}