{"id":17174,"date":"2026-01-10T11:03:10","date_gmt":"2026-01-10T10:03:10","guid":{"rendered":"https:\/\/www.lltrezor.sk\/shop\/?post_type=product&#038;p=17174"},"modified":"2026-02-19T15:27:10","modified_gmt":"2026-02-19T14:27:10","slug":"yety-gt13","status":"publish","type":"product","link":"https:\/\/www.lltrezor.sk\/shop\/product\/yety-gt13\/","title":{"rendered":"YETY GT13"},"content":{"rendered":"<div class=\"product-sdesc\">\n<div class=\"product-sdesc\">\n<div class=\"product-sdesc\">\n<div class=\"product-sdesc\">\n<div class=\"product-sdesc\">\n<div class=\"product-sdesc\">\n<div class=\"product-sdesc\">\n<div class=\"product-sdesc\">\n<div class=\"product-ldesc\">\n<p data-start=\"227\" data-end=\"575\"><strong data-start=\"227\" data-end=\"257\">Trezory Spell SB \u2013 YETY GT<\/strong> predstavuj\u00fa <strong data-start=\"270\" data-end=\"320\">nov\u00fa, inovovan\u00fa gener\u00e1ciu slovensk\u00fdch trezorov<\/strong>, navrhnut\u00fa pre n\u00e1ro\u010dn\u00fdch z\u00e1kazn\u00edkov, ktor\u00ed vy\u017eaduj\u00fa <strong data-start=\"373\" data-end=\"403\">vysok\u00fa \u00farove\u0148 zabezpe\u010denia<\/strong>, modern\u00fd dizajn a praktick\u00fa kon\u0161trukciu. V\u010faka <strong data-start=\"451\" data-end=\"499\">bezpe\u010dnostnej triede III pod\u013ea STN EN 1143-1<\/strong> s\u00fa ide\u00e1lne na \u00faschovu hotovosti, cennost\u00ed, \u0161perkov a d\u00f4le\u017eit\u00fdch dokumentov.<\/p>\n<hr data-start=\"577\" data-end=\"580\" \/>\n<h3 data-start=\"582\" data-end=\"614\">\ud83d\udd10 Certifik\u00e1cia a bezpe\u010dnos\u0165<\/h3>\n<ul>\n<li data-start=\"617\" data-end=\"666\"><strong data-start=\"617\" data-end=\"664\">bezpe\u010dnostn\u00e1 trieda III pod\u013ea STN EN 1143-1<\/strong><\/li>\n<li data-start=\"669\" data-end=\"717\">vhodn\u00e9 pre <strong data-start=\"680\" data-end=\"715\">dom\u00e1cnosti, firmy aj in\u0161tit\u00facie<\/strong><\/li>\n<li data-start=\"720\" data-end=\"757\">sp\u013a\u0148aj\u00fa pr\u00edsne po\u017eiadavky pois\u0165ovn\u00ed<\/li>\n<\/ul>\n<hr data-start=\"759\" data-end=\"762\" \/>\n<h3 data-start=\"764\" data-end=\"799\">\u2699\ufe0f Kon\u0161trukcia a ochrann\u00e9 prvky<\/h3>\n<ul>\n<li data-start=\"802\" data-end=\"850\"><strong data-start=\"802\" data-end=\"848\">od\u013eah\u010den\u00e1 dvojpl\u00e1\u0161\u0165ov\u00e1 oce\u013eov\u00e1 kon\u0161trukcia<\/strong><\/li>\n<li data-start=\"853\" data-end=\"889\"><strong data-start=\"853\" data-end=\"887\">modern\u00fd dizajn novej gener\u00e1cie<\/strong><\/li>\n<li data-start=\"892\" data-end=\"935\"><strong data-start=\"892\" data-end=\"933\">\u010deln\u00e1 doska dver\u00ed z ocele hr\u00fabky 8 mm<\/strong><\/li>\n<li data-start=\"938\" data-end=\"1023\">mechanizmy z\u00e1mkov a rozvorov <strong data-start=\"967\" data-end=\"1021\">chr\u00e1nen\u00e9 proti odv\u0155taniu kalenou mang\u00e1novou doskou<\/strong><\/li>\n<li data-start=\"1026\" data-end=\"1077\"><strong data-start=\"1026\" data-end=\"1075\">uzamykacie z\u00e1vory zo \u017eiaruvzdorn\u00e9ho materi\u00e1lu<\/strong><\/li>\n<li data-start=\"1080\" data-end=\"1126\"><strong data-start=\"1080\" data-end=\"1124\">trojstrann\u00fd zais\u0165ovac\u00ed mechanizmus dver\u00ed<\/strong><\/li>\n<li data-start=\"1129\" data-end=\"1179\"><strong data-start=\"1129\" data-end=\"1177\">tepelnoizola\u010dn\u00e1 v\u00fdpl\u0148 medzi pl\u00e1\u0161\u0165ami trezoru<\/strong><\/li>\n<\/ul>\n<hr data-start=\"1181\" data-end=\"1184\" \/>\n<h3 data-start=\"1186\" data-end=\"1235\">\u2714\ufe0f Pre\u010do si vybra\u0165 trezor Spell SB \u2013 YETY GT?<\/h3>\n<ul>\n<li data-start=\"1238\" data-end=\"1274\">vysok\u00e1 <strong data-start=\"1245\" data-end=\"1272\">bezpe\u010dnostn\u00e1 trieda III<\/strong><\/li>\n<li data-start=\"1277\" data-end=\"1312\">modern\u00fd vzh\u013ead a slovensk\u00e1 v\u00fdroba<\/li>\n<li data-start=\"1315\" data-end=\"1363\">odolnos\u0165 proti odv\u0155taniu a n\u00e1siln\u00e9mu otvoreniu<\/li>\n<li data-start=\"1366\" data-end=\"1410\">tepeln\u00e1 izol\u00e1cia pre lep\u0161iu ochranu obsahu<\/li>\n<li data-start=\"1413\" data-end=\"1470\">ide\u00e1lne rie\u0161enie pre <strong data-start=\"1434\" data-end=\"1470\">v\u00e4\u010d\u0161\u00ed objem hotovosti a cennost\u00ed<\/strong><\/li>\n<\/ul>\n<hr data-start=\"1264\" data-end=\"1267\" \/>\n<h3 data-start=\"857\" data-end=\"874\">\ud83d\udd10 Opcie uzamykania<\/h3>\n<ul>\n<li data-start=\"1628\" data-end=\"1675\">K \u2013 trezor s mechanick\u00fdm z\u00e1mkom na k\u013e\u00fa\u010d MAUER<\/li>\n<li data-start=\"1628\" data-end=\"1675\">MK \u2013\u00a0 trezor s mechanick\u00fdm kombina\u010dn\u00fdm z\u00e1mkom\u00a0 LA GARD alebo M-LOCKS<\/li>\n<li data-start=\"1628\" data-end=\"1675\">MKN \u2013\u00a0\u00a0trezor s trojcestn\u00fdm mechanick\u00fdm kombina\u010dn\u00fdm z\u00e1mkom\u00a0 LA GARD alebo M-LOCKS<\/li>\n<li data-start=\"1628\" data-end=\"1675\">EL \u2013\u00a0\u00a0trezor s elektronick\u00fdm z\u00e1mkom\u00a0 LA GARD Basic<\/li>\n<li data-start=\"1628\" data-end=\"1675\">EN \u2013\u00a0\u00a0trezor s elektronick\u00fdm z\u00e1mkom\u00a0 M-LOCKS<\/li>\n<li data-start=\"1628\" data-end=\"1675\">EP \u2013\u00a0 schr\u00e1nka s elektronick\u00fdm z\u00e1mkom E-Pass M-LOCKS<\/li>\n<li data-start=\"1628\" data-end=\"1675\">EPH \u2013\u00a0 schr\u00e1nka s elektronick\u00fdm z\u00e1mkom E-Pass M-LOCKS v hotelovej verzii<\/li>\n<li data-start=\"1628\" data-end=\"1675\">KK \u2013\u00a0 trezor s dvomi mechanick\u00fdmi z\u00e1mkami na k\u013e\u00fa\u010d MAUER<\/li>\n<li data-start=\"1628\" data-end=\"1675\">KMK \u2013\u00a0 trezor s mechanick\u00fdm z\u00e1mkom na k\u013e\u00fa\u010d MAUER a mechanick\u00fdm kombina\u010dn\u00fdm z\u00e1mkom\u00a0 LA GARD alebo M-LOCKS<\/li>\n<li data-start=\"1628\" data-end=\"1675\">KEL \u2013\u00a0 trezor s mechanick\u00fdm z\u00e1mkom na k\u013e\u00fa\u010d MAUER a elektronick\u00fdm z\u00e1mkom\u00a0 LA GARD Basic<\/li>\n<li data-start=\"1628\" data-end=\"1675\">KEN \u2013\u00a0 trezor s mechanick\u00fdm z\u00e1mkom na k\u013e\u00fa\u010d MAUER a elektronick\u00fdm z\u00e1mkom\u00a0 M-LOCKS<\/li>\n<li data-start=\"1628\" data-end=\"1675\">KEP \u2013\u00a0 schr\u00e1nka s mechanick\u00fdm z\u00e1mkom na k\u013e\u00fa\u010d a elektronick\u00fdm z\u00e1mkom\u00a0 E-Pass M-LOCKS<\/li>\n<\/ul>\n<\/div>\n<\/div>\n<\/div>\n<\/div>\n<\/div>\n<\/div>\n<\/div>\n<\/div>\n<\/div>\n","protected":false},"excerpt":{"rendered":"<p>Vysok\u00e1 \u00farove\u0148 zabezpe\u010denia, modern\u00fd dizajn a praktick\u00e1 kon\u0161trukcia<\/p>\n","protected":false},"featured_media":17099,"comment_status":"open","ping_status":"closed","template":"","meta":{"_monsterinsights_skip_tracking":false,"_monsterinsights_sitenote_active":false,"_monsterinsights_sitenote_note":"","_monsterinsights_sitenote_category":0},"product_brand":[917],"product_cat":[1443,559],"product_tag":[1359,1365],"class_list":{"0":"post-17174","1":"product","2":"type-product","3":"status-publish","4":"has-post-thumbnail","6":"product_brand-spell-sb-slovakia","7":"product_cat-trezory_lltrezor","8":"product_cat-ohnuvzodrne-trezory-na-dokumenty","9":"product_tag-yety","10":"product_tag-yety-gt","11":"product_shipping_class-od-4001-kg-do-600kg","12":"pa_bezpecnostna-trieda-stn-en-1300-zamkovy-mechanizmus-v-bezpecnostnej-triede-b","13":"pa_bezpecnostna-trieda-norma-en-1143-1-v-bezpecnostnej-triede-iii","14":"pa_farba-antracitova-ral7016","15":"pa_farba-biela-ral9003","16":"pa_farba-cierna-ral9011","17":"pa_farba-mysacia-seda-ral7005","18":"pa_farba-sedobiela-ral7035","19":"pa_material-ocel","20":"pa_miesto-instalacie-volne-stojace","21":"pa_typ-zamku-el-trezor-s-elektronickym-zamkom-la-gard-basic","22":"pa_typ-zamku-en-trezor-s-elektronickym-zamkom-m-locks","23":"pa_typ-zamku-k-trezor-s-mechanickym-zamkom-na-kluc-mauer","24":"pa_typ-zamku-kel-trezor-s-mechanickym-zamkom-na-kluc-mauer-a-elektronickym-zamkom-la-gard-basic","25":"pa_typ-zamku-ken-trezor-s-mechanickym-zamkom-na-kluc-mauer-a-elektronickym-zamkom-m-locks","26":"pa_typ-zamku-kk-trezor-s-dvomi-mechanickymi-zamkami-na-kluc-mauer","27":"pa_typ-zamku-kmk-trezor-s-mechanickym-zamkom-na-kluc-mauer-a-mechanickym-kombinacnym-zamkom-la-gard-alebo-m-locks","28":"pa_typ-zamku-mk-trezor-s-mechanickym-kombinacnym-zamkom-la-gard-alebo-m-locks","29":"pa_vnutorna-hlbka-1580","30":"pa_vnutorna-sirka-685","31":"pa_vnutorna-vyska-1581","32":"pa_vnutorny-objem-1366","33":"pa_vonkajsia-hlbka-1566","34":"pa_vonkajsia-sirka-1579","35":"pa_vonkajsia-vyska-581","36":"ts_product_brand-spell-sb-slovakia","38":"first","39":"onbackorder","40":"taxable","41":"shipping-taxable","42":"purchasable","43":"product-type-variable"},"aioseo_notices":[],"jetpack_sharing_enabled":true,"_links":{"self":[{"href":"https:\/\/www.lltrezor.sk\/shop\/wp-json\/wp\/v2\/product\/17174","targetHints":{"allow":["GET"]}}],"collection":[{"href":"https:\/\/www.lltrezor.sk\/shop\/wp-json\/wp\/v2\/product"}],"about":[{"href":"https:\/\/www.lltrezor.sk\/shop\/wp-json\/wp\/v2\/types\/product"}],"replies":[{"embeddable":true,"href":"https:\/\/www.lltrezor.sk\/shop\/wp-json\/wp\/v2\/comments?post=17174"}],"wp:featuredmedia":[{"embeddable":true,"href":"https:\/\/www.lltrezor.sk\/shop\/wp-json\/wp\/v2\/media\/17099"}],"wp:attachment":[{"href":"https:\/\/www.lltrezor.sk\/shop\/wp-json\/wp\/v2\/media?parent=17174"}],"wp:term":[{"taxonomy":"product_brand","embeddable":true,"href":"https:\/\/www.lltrezor.sk\/shop\/wp-json\/wp\/v2\/product_brand?post=17174"},{"taxonomy":"product_cat","embeddable":true,"href":"https:\/\/www.lltrezor.sk\/shop\/wp-json\/wp\/v2\/product_cat?post=17174"},{"taxonomy":"product_tag","embeddable":true,"href":"https:\/\/www.lltrezor.sk\/shop\/wp-json\/wp\/v2\/product_tag?post=17174"}],"curies":[{"name":"wp","href":"https:\/\/api.w.org\/{rel}","templated":true}]}}