{"id":17076,"date":"2026-01-10T10:20:19","date_gmt":"2026-01-10T09:20:19","guid":{"rendered":"https:\/\/www.lltrezor.sk\/shop\/?post_type=product&#038;p=17076"},"modified":"2026-02-19T15:30:10","modified_gmt":"2026-02-19T14:30:10","slug":"sbm-04","status":"publish","type":"product","link":"https:\/\/www.lltrezor.sk\/shop\/product\/sbm-04\/","title":{"rendered":"SBM 04"},"content":{"rendered":"<div class=\"product-sdesc\">\n<div class=\"product-sdesc\">\n<div class=\"product-sdesc\">\n<div class=\"product-sdesc\">\n<div class=\"product-sdesc\">\n<div class=\"product-sdesc\">\n<div class=\"product-sdesc\">\n<div class=\"product-sdesc\">\n<div class=\"product-ldesc\">\n<p data-start=\"249\" data-end=\"607\"><strong data-start=\"249\" data-end=\"285\">N\u00e1bytkov\u00e9 trezory Spell SB \u2013 SBM<\/strong> s\u00fa kvalitn\u00e9 <strong data-start=\"298\" data-end=\"319\">slovensk\u00e9 trezory<\/strong> ur\u010den\u00e9 na bezpe\u010dn\u00e9 ulo\u017eenie <strong data-start=\"348\" data-end=\"403\">cennost\u00ed, hotovosti, dokumentov a men\u0161\u00edch predmetov<\/strong> v dom\u00e1cnostiach aj kancel\u00e1ri\u00e1ch. V\u010faka <strong data-start=\"443\" data-end=\"489\">bezpe\u010dnostnej triede 0 pod\u013ea STN EN 1143-1<\/strong> poskytuj\u00fa certifikovan\u00fa ochranu proti vl\u00e1maniu pri zachovan\u00ed kompaktn\u00fdch rozmerov vhodn\u00fdch na zabudovanie do n\u00e1bytku.<\/p>\n<hr data-start=\"609\" data-end=\"612\" \/>\n<h3 data-start=\"614\" data-end=\"647\">\ud83d\udee1\ufe0f Certifik\u00e1cia a bezpe\u010dnos\u0165<\/h3>\n<ul>\n<li data-start=\"650\" data-end=\"697\"><strong data-start=\"650\" data-end=\"695\">bezpe\u010dnostn\u00e1 trieda 0 pod\u013ea STN EN 1143-1<\/strong><\/li>\n<li data-start=\"700\" data-end=\"743\">vhodn\u00e9 pre <strong data-start=\"711\" data-end=\"741\">dom\u00e1ce aj firemn\u00e9 pou\u017eitie<\/strong><\/li>\n<li data-start=\"746\" data-end=\"801\">sp\u013a\u0148aj\u00fa po\u017eiadavky pois\u0165ovn\u00ed na z\u00e1kladn\u00e9 zabezpe\u010denie<\/li>\n<\/ul>\n<hr data-start=\"803\" data-end=\"806\" \/>\n<h3 data-start=\"808\" data-end=\"843\">\u2699\ufe0f Kon\u0161trukcia a ochrann\u00e9 prvky<\/h3>\n<ul>\n<li data-start=\"846\" data-end=\"884\"><strong data-start=\"846\" data-end=\"882\">dvojpl\u00e1\u0161\u0165ov\u00e1 oce\u013eov\u00e1 kon\u0161trukcia<\/strong><\/li>\n<li data-start=\"887\" data-end=\"936\"><strong data-start=\"887\" data-end=\"934\">tepelnoizola\u010dn\u00e1 v\u00fdpl\u0148 medzi stenami trezoru<\/strong><\/li>\n<li data-start=\"939\" data-end=\"982\"><strong data-start=\"939\" data-end=\"980\">\u010deln\u00e1 doska dver\u00ed z ocele hr\u00fabky 8 mm<\/strong><\/li>\n<li data-start=\"985\" data-end=\"1072\">rozvorov\u00e9 a z\u00e1mkov\u00e9 mechanizmy <strong data-start=\"1016\" data-end=\"1070\">chr\u00e1nen\u00e9 proti odv\u0155taniu kalenou mang\u00e1novou doskou<\/strong><\/li>\n<li data-start=\"1075\" data-end=\"1126\"><strong data-start=\"1075\" data-end=\"1124\">uzamykacie z\u00e1vory zo \u017eiaruvzdorn\u00e9ho materi\u00e1lu<\/strong><\/li>\n<\/ul>\n<hr data-start=\"1128\" data-end=\"1131\" \/>\n<h3 data-start=\"1133\" data-end=\"1146\">\ud83e\uddf1 Mont\u00e1\u017e<\/h3>\n<ul>\n<li data-start=\"1149\" data-end=\"1211\">trezory s\u00fa ur\u010den\u00e9 na <strong data-start=\"1170\" data-end=\"1209\">ukotvenie do steny alebo do podlahy<\/strong><\/li>\n<li data-start=\"1214\" data-end=\"1287\">ide\u00e1lne rie\u0161enie pre <strong data-start=\"1235\" data-end=\"1285\">zabudovanie do n\u00e1bytku alebo stavebn\u00e9ho otvoru<\/strong><\/li>\n<\/ul>\n<hr data-start=\"1128\" data-end=\"1131\" \/>\n<h3 data-start=\"857\" data-end=\"874\">\ud83d\udd10 Opcie uzamykania<\/h3>\n<ul>\n<li data-start=\"1628\" data-end=\"1675\">K \u2013 trezor s mechanick\u00fdm z\u00e1mkom na k\u013e\u00fa\u010d MAUER<\/li>\n<li data-start=\"1628\" data-end=\"1675\">MK \u2013\u00a0 trezor s mechanick\u00fdm kombina\u010dn\u00fdm z\u00e1mkom\u00a0 LA GARD alebo M-LOCKS<\/li>\n<li data-start=\"1628\" data-end=\"1675\">MKN \u2013\u00a0\u00a0trezor s trojcestn\u00fdm mechanick\u00fdm kombina\u010dn\u00fdm z\u00e1mkom\u00a0 LA GARD alebo M-LOCKS<\/li>\n<li data-start=\"1628\" data-end=\"1675\">EL \u2013\u00a0\u00a0trezor s elektronick\u00fdm z\u00e1mkom\u00a0 LA GARD Basic<\/li>\n<li data-start=\"1628\" data-end=\"1675\">EN \u2013\u00a0\u00a0trezor s elektronick\u00fdm z\u00e1mkom\u00a0 M-LOCKS<\/li>\n<li data-start=\"1628\" data-end=\"1675\">EP \u2013\u00a0 schr\u00e1nka s elektronick\u00fdm z\u00e1mkom E-Pass M-LOCKS<\/li>\n<li data-start=\"1628\" data-end=\"1675\">EPH \u2013\u00a0 schr\u00e1nka s elektronick\u00fdm z\u00e1mkom E-Pass M-LOCKS v hotelovej verzii<\/li>\n<li data-start=\"1628\" data-end=\"1675\">KK \u2013\u00a0 trezor s dvomi mechanick\u00fdmi z\u00e1mkami na k\u013e\u00fa\u010d MAUER<\/li>\n<li data-start=\"1628\" data-end=\"1675\">KMK \u2013\u00a0 trezor s mechanick\u00fdm z\u00e1mkom na k\u013e\u00fa\u010d MAUER a mechanick\u00fdm kombina\u010dn\u00fdm z\u00e1mkom\u00a0 LA GARD alebo M-LOCKS<\/li>\n<li data-start=\"1628\" data-end=\"1675\">KEL \u2013\u00a0 trezor s mechanick\u00fdm z\u00e1mkom na k\u013e\u00fa\u010d MAUER a elektronick\u00fdm z\u00e1mkom\u00a0 LA GARD Basic<\/li>\n<li data-start=\"1628\" data-end=\"1675\">KEN \u2013\u00a0 trezor s mechanick\u00fdm z\u00e1mkom na k\u013e\u00fa\u010d MAUER a elektronick\u00fdm z\u00e1mkom\u00a0 M-LOCKS<\/li>\n<li data-start=\"1628\" data-end=\"1675\">KEP \u2013\u00a0 schr\u00e1nka s mechanick\u00fdm z\u00e1mkom na k\u013e\u00fa\u010d a elektronick\u00fdm z\u00e1mkom\u00a0 E-Pass M-LOCKS<\/li>\n<\/ul>\n<hr data-start=\"1289\" data-end=\"1292\" \/>\n<h3 data-start=\"1294\" data-end=\"1350\">\u2714\ufe0f Pre\u010do si vybra\u0165 n\u00e1bytkov\u00e9 trezory Spell SB \u2013 SBM?<\/h3>\n<ul>\n<li data-start=\"1353\" data-end=\"1394\">certifikovan\u00e1 <strong data-start=\"1367\" data-end=\"1392\">bezpe\u010dnostn\u00e1 trieda 0<\/strong><\/li>\n<li data-start=\"1397\" data-end=\"1438\">slovensk\u00e1 v\u00fdroba a prec\u00edzne spracovanie<\/li>\n<li data-start=\"1441\" data-end=\"1484\">kompaktn\u00e9 rozmery a nen\u00e1padn\u00e9 umiestnenie<\/li>\n<li data-start=\"1487\" data-end=\"1528\">zv\u00fd\u0161en\u00e1 ochrana v\u010faka tepelnej izol\u00e1cii<\/li>\n<li data-start=\"1531\" data-end=\"1569\">ide\u00e1lne pre <strong data-start=\"1543\" data-end=\"1569\">byty, domy, kancel\u00e1rie<\/strong><\/li>\n<\/ul>\n<\/div>\n<\/div>\n<\/div>\n<\/div>\n<\/div>\n<\/div>\n<\/div>\n<\/div>\n<\/div>\n","protected":false},"excerpt":{"rendered":"<p>Ide\u00e1lne pre byty, domy, kancel\u00e1rie<\/p>\n","protected":false},"featured_media":17055,"comment_status":"open","ping_status":"closed","template":"","meta":{"_monsterinsights_skip_tracking":false,"_monsterinsights_sitenote_active":false,"_monsterinsights_sitenote_note":"","_monsterinsights_sitenote_category":0},"product_brand":[917],"product_cat":[1443,559],"product_tag":[909],"class_list":{"0":"post-17076","1":"product","2":"type-product","3":"status-publish","4":"has-post-thumbnail","6":"product_brand-spell-sb-slovakia","7":"product_cat-trezory_lltrezor","8":"product_cat-ohnuvzodrne-trezory-na-dokumenty","9":"product_tag-sbm","10":"product_shipping_class-od-401-kg-do-70kg","11":"pa_bezpecnostna-trieda-0-podla-en-1143-1-a12009","12":"pa_bezpecnostna-trieda-bezpecnostnej-triedy-a-v-zmysle-normy-en-1300","13":"pa_farba-antracitova-ral7016","14":"pa_farba-biela-ral9003","15":"pa_farba-cierna-ral9011","16":"pa_farba-mysacia-seda-ral7005","17":"pa_farba-sedobiela-ral7035","18":"pa_material-ocel","19":"pa_miesto-instalacie-volne-stojace","20":"pa_typ-zamku-el-trezor-s-elektronickym-zamkom-la-gard-basic","21":"pa_typ-zamku-en-trezor-s-elektronickym-zamkom-m-locks","22":"pa_typ-zamku-k-trezor-s-mechanickym-zamkom-na-kluc-mauer","23":"pa_typ-zamku-kel-trezor-s-mechanickym-zamkom-na-kluc-mauer-a-elektronickym-zamkom-la-gard-basic","24":"pa_typ-zamku-ken-trezor-s-mechanickym-zamkom-na-kluc-mauer-a-elektronickym-zamkom-m-locks","25":"pa_typ-zamku-kk-trezor-s-dvomi-mechanickymi-zamkami-na-kluc-mauer","26":"pa_typ-zamku-kmk-trezor-s-mechanickym-zamkom-na-kluc-mauer-a-mechanickym-kombinacnym-zamkom-la-gard-alebo-m-locks","27":"pa_typ-zamku-mk-trezor-s-mechanickym-kombinacnym-zamkom-la-gard-alebo-m-locks","28":"pa_typ-zamku-mkn-trezor-s-trojcestnym-mechanickym-kombinacnym-zamkom-la-gard-alebo-m-locks","29":"pa_vnutorna-hlbka-934","30":"pa_vnutorna-sirka-636","31":"pa_vnutorna-vyska-880","32":"pa_vnutorny-objem-938","33":"pa_vonkajsia-hlbka-548","34":"pa_vonkajsia-sirka-930","35":"pa_vonkajsia-vyska-939","36":"ts_product_brand-spell-sb-slovakia","38":"first","39":"onbackorder","40":"taxable","41":"shipping-taxable","42":"purchasable","43":"product-type-variable"},"aioseo_notices":[],"jetpack_sharing_enabled":true,"_links":{"self":[{"href":"https:\/\/www.lltrezor.sk\/shop\/wp-json\/wp\/v2\/product\/17076","targetHints":{"allow":["GET"]}}],"collection":[{"href":"https:\/\/www.lltrezor.sk\/shop\/wp-json\/wp\/v2\/product"}],"about":[{"href":"https:\/\/www.lltrezor.sk\/shop\/wp-json\/wp\/v2\/types\/product"}],"replies":[{"embeddable":true,"href":"https:\/\/www.lltrezor.sk\/shop\/wp-json\/wp\/v2\/comments?post=17076"}],"wp:featuredmedia":[{"embeddable":true,"href":"https:\/\/www.lltrezor.sk\/shop\/wp-json\/wp\/v2\/media\/17055"}],"wp:attachment":[{"href":"https:\/\/www.lltrezor.sk\/shop\/wp-json\/wp\/v2\/media?parent=17076"}],"wp:term":[{"taxonomy":"product_brand","embeddable":true,"href":"https:\/\/www.lltrezor.sk\/shop\/wp-json\/wp\/v2\/product_brand?post=17076"},{"taxonomy":"product_cat","embeddable":true,"href":"https:\/\/www.lltrezor.sk\/shop\/wp-json\/wp\/v2\/product_cat?post=17076"},{"taxonomy":"product_tag","embeddable":true,"href":"https:\/\/www.lltrezor.sk\/shop\/wp-json\/wp\/v2\/product_tag?post=17076"}],"curies":[{"name":"wp","href":"https:\/\/api.w.org\/{rel}","templated":true}]}}