{"id":16744,"date":"2025-12-27T20:42:27","date_gmt":"2025-12-27T19:42:27","guid":{"rendered":"https:\/\/www.lltrezor.sk\/shop\/?post_type=product&#038;p=16744"},"modified":"2026-03-25T08:54:41","modified_gmt":"2026-03-25T07:54:41","slug":"professional-bank-pro-5","status":"publish","type":"product","link":"https:\/\/www.lltrezor.sk\/shop\/product\/professional-bank-pro-5\/","title":{"rendered":"PROFESSIONAL Bank PRO 5"},"content":{"rendered":"<p data-start=\"279\" data-end=\"657\"><strong data-start=\"279\" data-end=\"316\">Technomax PROFESSIONAL Bank PRO 5<\/strong> je <strong data-start=\"320\" data-end=\"358\">vysoko bezpe\u010dnostn\u00fd bankov\u00fd trezor<\/strong> ur\u010den\u00fd na ulo\u017eenie <strong data-start=\"378\" data-end=\"433\">cennost\u00ed, hotovosti, dokumentov a d\u00f4le\u017eit\u00e9ho tovaru<\/strong> v prostrediach s najvy\u0161\u0161\u00edmi n\u00e1rokmi na ochranu. Trezor je vhodn\u00fd pre <strong data-start=\"503\" data-end=\"581\">banky, finan\u010dn\u00e9 in\u0161tit\u00facie, klenotn\u00edctva, komer\u010dn\u00e9 a priemyseln\u00e9 prev\u00e1dzky<\/strong>, ale aj pre s\u00fakromn\u00fdch klientov vy\u017eaduj\u00facich maxim\u00e1lnu \u00farove\u0148 zabezpe\u010denia.<\/p>\n<p data-start=\"659\" data-end=\"825\">Model patr\u00ed do certifikovan\u00e9ho radu <strong data-start=\"695\" data-end=\"716\">Professional Bank<\/strong>, ktor\u00fd kombinuje <strong data-start=\"734\" data-end=\"795\">odolnos\u0165 proti vl\u00e1maniu, mechanick\u00fdm a tepeln\u00fdm n\u00e1strojom<\/strong> s <strong data-start=\"798\" data-end=\"824\">ochranou proti po\u017eiaru<\/strong>.<\/p>\n<hr data-start=\"827\" data-end=\"830\" \/>\n<h2 data-start=\"832\" data-end=\"885\">\ud83d\udee1\ufe0f Certifikovan\u00e1 ochrana proti vl\u00e1maniu a po\u017eiaru<\/h2>\n<ul>\n<li data-start=\"888\" data-end=\"955\"><strong data-start=\"888\" data-end=\"905\">UNI EN 1143-1 trieda V<\/strong>.\u2013 certifik\u00e1cia odolnosti proti vl\u00e1maniu (ECB\u2219S)<\/li>\n<li data-start=\"958\" data-end=\"1042\"><strong data-start=\"958\" data-end=\"982\">UNI EN 15659 LFS 30P<\/strong> \u2013 ochrana papierov\u00fdch dokumentov <strong data-start=\"1016\" data-end=\"1040\">30 min\u00fat pri po\u017eiari<\/strong><\/li>\n<li data-start=\"1045\" data-end=\"1130\">sk\u00fa\u0161obn\u00e1 teplota po\u017eiaru <strong data-start=\"1070\" data-end=\"1080\">842 \u00b0C<\/strong>, vn\u00fatorn\u00e1 teplota pod <strong data-start=\"1103\" data-end=\"1128\">170 \u00b0C po\u010das 30 min\u00fat<\/strong><\/li>\n<li data-start=\"1133\" data-end=\"1214\">certifika\u010dn\u00e9 \u0161t\u00edtky vo vn\u00fatri trezoru s \u00fadajmi o norme, triede a s\u00e9riovom \u010d\u00edsle<\/li>\n<\/ul>\n<hr data-start=\"1216\" data-end=\"1219\" \/>\n<h2 data-start=\"1221\" data-end=\"1259\">\u2699\ufe0f Kon\u0161trukcia a technick\u00e9 rie\u0161enie<\/h2>\n<ul>\n<li data-start=\"1262\" data-end=\"1370\"><strong data-start=\"1262\" data-end=\"1289\">dvojstenn\u00e9 telo a dvere<\/strong>, vyplnen\u00e9 \u0161peci\u00e1lnym <strong data-start=\"1311\" data-end=\"1342\">vl\u00e1knami vystu\u017een\u00fdm bet\u00f3nom<\/strong> a oh\u0148ovzdorn\u00fdm materi\u00e1lom<\/li>\n<li data-start=\"1373\" data-end=\"1407\"><strong data-start=\"1373\" data-end=\"1405\">celkov\u00e1 hr\u00fabka dver\u00ed: 166 mm<\/strong><\/li>\n<li data-start=\"1410\" data-end=\"1434\"><strong data-start=\"1410\" data-end=\"1432\">hr\u00fabka tela: 70 mm<\/strong><\/li>\n<li data-start=\"1437\" data-end=\"1480\">pancierovan\u00e9 v\u0161etky bo\u010dn\u00e9 strany aj dvere<\/li>\n<li data-start=\"1483\" data-end=\"1551\">vysok\u00e1 odolnos\u0165 vo\u010di mechanick\u00fdm a tepeln\u00fdm \u00fatokom aj p\u00e1du z v\u00fd\u0161ky<\/li>\n<\/ul>\n<hr data-start=\"1553\" data-end=\"1556\" \/>\n<h2 data-start=\"1558\" data-end=\"1582\">\ud83d\udd12 Bezpe\u010dnostn\u00e9 prvky<\/h2>\n<ul>\n<li data-start=\"1585\" data-end=\"1701\"><strong data-start=\"1585\" data-end=\"1645\">integrovan\u00fd syst\u00e9m op\u00e4tovn\u00e9ho uzamykania s kalen\u00fdm sklom<\/strong> \u2013 pri napadnut\u00ed z\u00e1mku sa automaticky zablokuj\u00fa z\u00e1vory<\/li>\n<li data-start=\"1704\" data-end=\"1773\"><strong data-start=\"1704\" data-end=\"1753\">trojcestn\u00e9 chr\u00f3movan\u00e9 uzamykacie \u010dapy \u00d8 24 mm<\/strong>, ovl\u00e1dan\u00e9 k\u013eu\u010dkou<\/li>\n<li data-start=\"1776\" data-end=\"1818\">ochrana proti vyp\u00e1\u010deniu na strane p\u00e1ntov<\/li>\n<li data-start=\"1821\" data-end=\"1870\">vonkaj\u0161ie p\u00e1nty s otvoren\u00edm dver\u00ed <strong data-start=\"1855\" data-end=\"1868\">a\u017e o 180\u00b0<\/strong><\/li>\n<\/ul>\n<hr data-start=\"1872\" data-end=\"1875\" \/>\n<h2 data-start=\"1877\" data-end=\"1911\">\ud83d\uddc4\ufe0f Vn\u00fatorn\u00e9 vybavenie a mont\u00e1\u017e<\/h2>\n<ul>\n<li data-start=\"1914\" data-end=\"1948\"><strong data-start=\"1914\" data-end=\"1946\">nastavite\u013en\u00e9 vn\u00fatorn\u00e9 police<\/strong><\/li>\n<li data-start=\"1951\" data-end=\"2005\">upev\u0148ovac\u00ed otvor na dne + pr\u00edprava na zadn\u00e9 kotvenie<\/li>\n<li data-start=\"2008\" data-end=\"2065\"><strong data-start=\"2008\" data-end=\"2043\">upev\u0148ovacie hmo\u017edinky M16 \u00d7 180<\/strong> s\u00fa s\u00fa\u010das\u0165ou balenia<\/li>\n<li data-start=\"2068\" data-end=\"2104\">farba: <strong data-start=\"2075\" data-end=\"2104\">RAL 7024 \u2013 grafitovo siv\u00e1<\/strong><\/li>\n<\/ul>\n<hr data-start=\"2106\" data-end=\"2109\" \/>\n<h2 data-start=\"2111\" data-end=\"2145\">\ud83d\udd11 Syst\u00e9my uzamykania (EN 1300)<\/h2>\n<ul>\n<li data-start=\"2148\" data-end=\"2187\"><strong data-start=\"2148\" data-end=\"2161\">Verzia KK<\/strong> \u2013 dvojit\u00fd k\u013e\u00fa\u010dov\u00fd z\u00e1mok<\/li>\n<li data-start=\"2190\" data-end=\"2256\"><strong data-start=\"2190\" data-end=\"2203\">Verzia KC<\/strong> \u2013 k\u013e\u00fa\u010d + mechanick\u00e1 kombin\u00e1cia (3 koaxi\u00e1lne disky)<\/li>\n<li data-start=\"2259\" data-end=\"2313\"><strong data-start=\"2259\" data-end=\"2272\">Verzia KE<\/strong> \u2013 k\u013e\u00fa\u010d + elektronick\u00fd kombina\u010dn\u00fd z\u00e1mok<\/li>\n<\/ul>\n<p data-start=\"2315\" data-end=\"2369\">V\u0161etky z\u00e1mky s\u00fa <strong data-start=\"2331\" data-end=\"2368\">certifikovan\u00e9 pod\u013ea normy EN 1300<\/strong>.<\/p>\n<hr data-start=\"2371\" data-end=\"2374\" \/>\n<h2 data-start=\"2376\" data-end=\"2398\">\ud83c\udfe6 Ide\u00e1lne pou\u017eitie<\/h2>\n<ul>\n<li data-start=\"2401\" data-end=\"2430\">banky a finan\u010dn\u00e9 in\u0161tit\u00facie<\/li>\n<li data-start=\"2433\" data-end=\"2483\">klenotn\u00edctva a obchody s vysokou hodnotou tovaru<\/li>\n<li data-start=\"2486\" data-end=\"2518\">komer\u010dn\u00e9 a priemyseln\u00e9 objekty<\/li>\n<li data-start=\"2521\" data-end=\"2551\">arch\u00edvy a verejn\u00e9 in\u0161tit\u00facie<\/li>\n<li data-start=\"2554\" data-end=\"2581\">n\u00e1ro\u010dn\u00e9 s\u00fakromn\u00e9 pou\u017eitie<\/li>\n<\/ul>\n<hr data-start=\"2583\" data-end=\"2586\" \/>\n<h3 data-start=\"2588\" data-end=\"2645\">\u2714\ufe0f Pre\u010do si vybra\u0165 Technomax PROFESSIONAL Bank PRO 5?<\/h3>\n<ul>\n<li data-start=\"2648\" data-end=\"2695\">certifik\u00e1cia <strong data-start=\"2661\" data-end=\"2693\">EN 1143-1 v triede V. a EN 15659 LFS 30P<\/strong><\/li>\n<li data-start=\"2698\" data-end=\"2741\">vysok\u00e1 odolnos\u0165 proti vl\u00e1maniu aj po\u017eiaru<\/li>\n<li data-start=\"2744\" data-end=\"2776\">mas\u00edvna pancierov\u00e1 kon\u0161trukcia<\/li>\n<li data-start=\"2779\" data-end=\"2822\">automatick\u00e9 op\u00e4tovn\u00e9 uzamykanie pri \u00fatoku<\/li>\n<li data-start=\"2825\" data-end=\"2853\">viacero variant uzamykania<\/li>\n<li data-start=\"2856\" data-end=\"2896\">\u0161pi\u010dkov\u00e1 talianska kvalita <strong data-start=\"2883\" data-end=\"2896\">Technomax<\/strong><\/li>\n<\/ul>\n<hr data-start=\"2371\" data-end=\"2374\" \/>\n<h3 data-start=\"142\" data-end=\"207\">\u2139\ufe0f Rozmery a technick\u00e9 \u00fadaje \u2013 Technomax PROFESSIONAL Bank PRO 5<\/h3>\n<p data-start=\"209\" data-end=\"363\">Modely s\u00e9rie <strong data-start=\"222\" data-end=\"249\">PROFESSIONAL Bank PRO 5<\/strong> s\u00fa dostupn\u00e9 v dvoch ve\u013ekostiach, ktor\u00e9 pon\u00fakaj\u00fa vysok\u00fd \u00falo\u017en\u00fd objem pri zachovan\u00ed robustnej bankovej kon\u0161trukcie.<\/p>\n<p data-start=\"365\" data-end=\"376\"><strong data-start=\"365\" data-end=\"376\">PRO5101<\/strong><\/p>\n<ul>\n<li data-start=\"379\" data-end=\"436\">vonkaj\u0161ie rozmery (V \u00d7 \u0160 \u00d7 H): <strong data-start=\"410\" data-end=\"433\">1010 \u00d7 680 \u00d7 680 mm<\/strong>*<\/li>\n<li data-start=\"439\" data-end=\"493\">vn\u00fatorn\u00e9 rozmery (V \u00d7 \u0160 \u00d7 H): <strong data-start=\"469\" data-end=\"491\">870 \u00d7 540 \u00d7 432 mm<\/strong><\/li>\n<li data-start=\"496\" data-end=\"519\">po\u010det pol\u00edc: <strong data-start=\"509\" data-end=\"517\">2 ks<\/strong><\/li>\n<li data-start=\"522\" data-end=\"544\">hmotnos\u0165: <strong data-start=\"532\" data-end=\"542\">808 kg<\/strong><\/li>\n<li data-start=\"547\" data-end=\"577\">vn\u00fatorn\u00fd objem: <strong data-start=\"563\" data-end=\"577\">203 litrov<\/strong><\/li>\n<\/ul>\n<p data-start=\"579\" data-end=\"590\"><strong data-start=\"579\" data-end=\"590\">PRO5151<\/strong><\/p>\n<ul>\n<li data-start=\"593\" data-end=\"650\">vonkaj\u0161ie rozmery (V \u00d7 \u0160 \u00d7 H): <strong data-start=\"624\" data-end=\"647\">1510 \u00d7 680 \u00d7 680 mm<\/strong>*<\/li>\n<li data-start=\"653\" data-end=\"708\">vn\u00fatorn\u00e9 rozmery (V \u00d7 \u0160 \u00d7 H): <strong data-start=\"683\" data-end=\"706\">1370 \u00d7 540 \u00d7 432 mm<\/strong><\/li>\n<li data-start=\"711\" data-end=\"734\">po\u010det pol\u00edc: <strong data-start=\"724\" data-end=\"732\">3 ks<\/strong><\/li>\n<li data-start=\"737\" data-end=\"760\">hmotnos\u0165: <strong data-start=\"747\" data-end=\"758\">1152 kg<\/strong><\/li>\n<li data-start=\"763\" data-end=\"793\">vn\u00fatorn\u00fd objem: <strong data-start=\"779\" data-end=\"793\">320 litrov<\/strong><\/li>\n<\/ul>\n<p data-start=\"795\" data-end=\"879\">* h\u013abka je uveden\u00e1 bez zapo\u010d\u00edtania presahuj\u00facich prvkov (napr. k\u013eu\u010dka alebo z\u00e1mok).<\/p>\n<p data-start=\"2898\" data-end=\"3016\"><strong data-start=\"2898\" data-end=\"2935\">Technomax PROFESSIONAL Bank PRO 5<\/strong> predstavuje <strong data-start=\"2948\" data-end=\"2980\">bankov\u00fd \u0161tandard bezpe\u010dnosti<\/strong> pre ochranu najcennej\u0161ieho majetku.<\/p>\n","protected":false},"excerpt":{"rendered":"<p>Profesion\u00e1lny trezor Technomax PROFESSIONAL Bank PRO 5 \u2013 certifikovan\u00fd bankov\u00fd trezor s po\u017eiarnou ochranou<\/p>\n","protected":false},"featured_media":16729,"comment_status":"open","ping_status":"closed","template":"","meta":{"_monsterinsights_skip_tracking":false,"_monsterinsights_sitenote_active":false,"_monsterinsights_sitenote_note":"","_monsterinsights_sitenote_category":0},"product_brand":[785],"product_cat":[1443,559],"product_tag":[1324],"class_list":{"0":"post-16744","1":"product","2":"type-product","3":"status-publish","4":"has-post-thumbnail","6":"product_brand-technomax","7":"product_cat-trezory_lltrezor","8":"product_cat-ohnuvzodrne-trezory-na-dokumenty","9":"product_tag-professional","10":"product_shipping_class-od-1001-kg-do-150kg","11":"pa_bezpecnostna-trieda-en-15659-lfs-30p","12":"pa_bezpecnostna-trieda-stn-en-1300-zamkovy-mechanizmus-v-bezpecnostnej-triede-b","13":"pa_bezpecnostna-trieda-bezpecnostna-trieda-v-podla-en-1143-1a12009","14":"pa_material-ocel","15":"pa_miesto-instalacie-volne-stojace","16":"pa_typ-zamku-k-s-dvojitym-klucom","17":"pa_typ-zamku-kc-s-kombinaciou-dvojhranneho-kluca-3-koaxialnych-diskov","18":"pa_typ-zamku-ke-s-dvojhrotovym-klucom-elektronicka-kombinacia","19":"ts_product_brand-technomax","21":"first","22":"onbackorder","23":"taxable","24":"shipping-taxable","25":"purchasable","26":"product-type-variable"},"aioseo_notices":[],"jetpack_sharing_enabled":true,"_links":{"self":[{"href":"https:\/\/www.lltrezor.sk\/shop\/wp-json\/wp\/v2\/product\/16744","targetHints":{"allow":["GET"]}}],"collection":[{"href":"https:\/\/www.lltrezor.sk\/shop\/wp-json\/wp\/v2\/product"}],"about":[{"href":"https:\/\/www.lltrezor.sk\/shop\/wp-json\/wp\/v2\/types\/product"}],"replies":[{"embeddable":true,"href":"https:\/\/www.lltrezor.sk\/shop\/wp-json\/wp\/v2\/comments?post=16744"}],"wp:featuredmedia":[{"embeddable":true,"href":"https:\/\/www.lltrezor.sk\/shop\/wp-json\/wp\/v2\/media\/16729"}],"wp:attachment":[{"href":"https:\/\/www.lltrezor.sk\/shop\/wp-json\/wp\/v2\/media?parent=16744"}],"wp:term":[{"taxonomy":"product_brand","embeddable":true,"href":"https:\/\/www.lltrezor.sk\/shop\/wp-json\/wp\/v2\/product_brand?post=16744"},{"taxonomy":"product_cat","embeddable":true,"href":"https:\/\/www.lltrezor.sk\/shop\/wp-json\/wp\/v2\/product_cat?post=16744"},{"taxonomy":"product_tag","embeddable":true,"href":"https:\/\/www.lltrezor.sk\/shop\/wp-json\/wp\/v2\/product_tag?post=16744"}],"curies":[{"name":"wp","href":"https:\/\/api.w.org\/{rel}","templated":true}]}}