{"id":16717,"date":"2025-12-27T20:26:56","date_gmt":"2025-12-27T19:26:56","guid":{"rendered":"https:\/\/www.lltrezor.sk\/shop\/?post_type=product&#038;p=16717"},"modified":"2026-02-19T15:55:43","modified_gmt":"2026-02-19T14:55:43","slug":"professional-bank-pro-3","status":"publish","type":"product","link":"https:\/\/www.lltrezor.sk\/shop\/product\/professional-bank-pro-3\/","title":{"rendered":"PROFESSIONAL Bank PRO 3"},"content":{"rendered":"<p data-start=\"270\" data-end=\"553\">Certifikovan\u00e9 trezory radu <strong data-start=\"297\" data-end=\"324\">PROFESSIONAL Bank PRO 3<\/strong> kombinuj\u00fa vysok\u00fa \u00farove\u0148 zabezpe\u010denia s ve\u013ekou spo\u013eahlivos\u0165ou a s\u00fa ur\u010den\u00e9 na profesion\u00e1lne ulo\u017eenie hotovosti, dokumentov a cennost\u00ed v bank\u00e1ch, komer\u010dn\u00fdch prev\u00e1dzkach, verejn\u00fdch in\u0161tit\u00faci\u00e1ch aj n\u00e1ro\u010dn\u00fdch podnikov\u00fdch prostrediach.<\/p>\n<p data-start=\"555\" data-end=\"1026\">V\u0161etky modely tejto s\u00e9rie boli testovan\u00e9 a certifikovan\u00e9 na <strong data-start=\"615\" data-end=\"713\">odolnos\u0165 proti vl\u00e1maniu mechanick\u00fdmi a tepeln\u00fdmi n\u00e1strojmi pod\u013ea eur\u00f3pskej normy UNI EN 1143-1<\/strong> a na <strong data-start=\"719\" data-end=\"773\">po\u017eiarnu odolnos\u0165 pod\u013ea normy UNI EN 15659 LFS 30P<\/strong>, ktor\u00e1 zaru\u010duje ochranu papierov\u00fdch dokumentov po dobu <strong data-start=\"829\" data-end=\"841\">30 min\u00fat<\/strong>. Certifik\u00e1ciu vykonal renomovan\u00fd nemeck\u00fd certifika\u010dn\u00fd org\u00e1n <strong data-start=\"902\" data-end=\"911\">ECB\u2219S<\/strong>, pri\u010dom ka\u017ed\u00fd trezor je vybaven\u00fd identifika\u010dn\u00fdm \u0161t\u00edtkom s \u00fadajmi o modeli, norme, \u00farovni ochrany a s\u00e9riovom \u010d\u00edsle.<\/p>\n<p data-start=\"1028\" data-end=\"1309\">Telo aj dvere trezora s\u00fa vyroben\u00e9 z <strong data-start=\"1064\" data-end=\"1089\">dvoch zvaren\u00fdch stien<\/strong>, ktor\u00e9 s\u00fa vyplnen\u00e9 <strong data-start=\"1109\" data-end=\"1196\">\u0161peci\u00e1lnym bet\u00f3nom vystu\u017een\u00fdm vl\u00e1knami s vysokou hustotou a oh\u0148ovzdorn\u00fdm materi\u00e1lom<\/strong>. T\u00e1to kon\u0161trukcia zabezpe\u010duje vynikaj\u00facu odolnos\u0165 vo\u010di mechanick\u00fdm \u00fatokom, tepeln\u00e9mu nam\u00e1haniu aj p\u00e1dom z v\u00fd\u0161ky.<\/p>\n<p data-start=\"1311\" data-end=\"1579\">V\u0161etky trezory s\u00fa vybaven\u00e9 <strong data-start=\"1338\" data-end=\"1401\">integrovan\u00fdm syst\u00e9mom op\u00e4tovn\u00e9ho uzamykania s kalen\u00fdm sklom<\/strong>. V pr\u00edpade napadnutia z\u00e1mku sa sklo rozbije a automaticky zablokuje uzamykacie mechanizmy. Z\u00e1padky s\u00fa chr\u00e1nen\u00e9 proti vonkaj\u0161iemu \u00fatoku a ich po\u010det sa l\u00ed\u0161i pod\u013ea ve\u013ekosti modelu.<\/p>\n<h3 data-start=\"197\" data-end=\"250\">\ud83d\udee1\ufe0f Certifikovan\u00e1 ochrana proti vl\u00e1maniu a po\u017eiaru<\/h3>\n<p><strong data-start=\"252\" data-end=\"269\">UNI EN 1143-1<\/strong> \u2013 certifik\u00e1cia odolnosti proti vl\u00e1maniu (ECB\u2219S)<br data-start=\"317\" data-end=\"320\" \/><strong data-start=\"320\" data-end=\"344\">UNI EN 15659 LFS 30P<\/strong> \u2013 ochrana papierov\u00fdch dokumentov <strong data-start=\"378\" data-end=\"402\">30 min\u00fat pri po\u017eiari<\/strong><br data-start=\"402\" data-end=\"405\" \/>sk\u00fa\u0161obn\u00e1 teplota po\u017eiaru <strong data-start=\"430\" data-end=\"440\">842 \u00b0C<\/strong>, vn\u00fatorn\u00e1 teplota pod <strong data-start=\"463\" data-end=\"488\">170 \u00b0C po\u010das 30 min\u00fat<\/strong><br data-start=\"488\" data-end=\"491\" \/>certifika\u010dn\u00e9 \u0161t\u00edtky vo vn\u00fatri trezoru s \u00fadajmi o norme, triede odolnosti a s\u00e9riovom \u010d\u00edsle<\/p>\n<hr data-start=\"582\" data-end=\"585\" \/>\n<h3 data-start=\"587\" data-end=\"625\">\u2699\ufe0f Kon\u0161trukcia a technick\u00e9 rie\u0161enie<\/h3>\n<p data-start=\"627\" data-end=\"902\">dvojstenn\u00e9 telo a dvere, vyplnen\u00e9 <strong data-start=\"661\" data-end=\"729\">\u0161peci\u00e1lnym vl\u00e1knami vystu\u017een\u00fdm bet\u00f3nom a oh\u0148ovzdorn\u00fdm materi\u00e1lom<\/strong><br data-start=\"729\" data-end=\"732\" \/>celkov\u00e1 hr\u00fabka dver\u00ed: <strong data-start=\"754\" data-end=\"764\">125 mm<\/strong><br data-start=\"764\" data-end=\"767\" \/>hr\u00fabka tela: <strong data-start=\"780\" data-end=\"789\">58 mm<\/strong><br data-start=\"789\" data-end=\"792\" \/>pancierovan\u00e9 v\u0161etky bo\u010dn\u00e9 strany aj dvere<br data-start=\"833\" data-end=\"836\" \/>vysok\u00e1 odolnos\u0165 vo\u010di mechanick\u00fdm a tepeln\u00fdm \u00fatokom aj p\u00e1du z v\u00fd\u0161ky<\/p>\n<hr data-start=\"904\" data-end=\"907\" \/>\n<h3 data-start=\"909\" data-end=\"933\">\ud83d\udd12 Bezpe\u010dnostn\u00e9 prvky<\/h3>\n<p data-start=\"935\" data-end=\"1212\">integrovan\u00fd <strong data-start=\"947\" data-end=\"995\">syst\u00e9m op\u00e4tovn\u00e9ho uzamykania s kalen\u00fdm sklom<\/strong> \u2013 pri napadnut\u00ed z\u00e1mku sa automaticky zablokuj\u00fa z\u00e1vory<br data-start=\"1049\" data-end=\"1052\" \/>trojcestn\u00e9 <strong data-start=\"1063\" data-end=\"1101\">chr\u00f3movan\u00e9 uzamykacie \u010dapy \u00d8 24 mm<\/strong>, ovl\u00e1dan\u00e9 k\u013eu\u010dkou<br data-start=\"1119\" data-end=\"1122\" \/>ochrana proti vyp\u00e1\u010deniu na strane p\u00e1ntov<br data-start=\"1162\" data-end=\"1165\" \/>vonkaj\u0161ie p\u00e1nty s otvoren\u00edm dver\u00ed a\u017e o <strong data-start=\"1204\" data-end=\"1212\">180\u00b0<\/strong><\/p>\n<hr data-start=\"1214\" data-end=\"1217\" \/>\n<h3 data-start=\"1219\" data-end=\"1253\">\ud83d\uddc4\ufe0f Vn\u00fatorn\u00e9 vybavenie a mont\u00e1\u017e<\/h3>\n<p data-start=\"1255\" data-end=\"1435\">nastavite\u013en\u00e9 vn\u00fatorn\u00e9 police<br data-start=\"1283\" data-end=\"1286\" \/>upev\u0148ovac\u00ed otvor na dne + pr\u00edprava na zadn\u00e9 kotvenie<br data-start=\"1338\" data-end=\"1341\" \/>upev\u0148ovacie hmo\u017edinky <strong data-start=\"1363\" data-end=\"1376\">M12 \u00d7 180<\/strong> s\u00fa s\u00fa\u010das\u0165ou balenia<br data-start=\"1396\" data-end=\"1399\" \/>farba: <strong data-start=\"1406\" data-end=\"1435\">RAL 7024 \u2013 grafitovo siv\u00e1<\/strong><\/p>\n<hr data-start=\"1437\" data-end=\"1440\" \/>\n<h2 data-start=\"1442\" data-end=\"1476\">\ud83d\udd11 Syst\u00e9my uzamykania (EN 1300)<\/h2>\n<p data-start=\"1478\" data-end=\"1693\"><strong data-start=\"1478\" data-end=\"1490\">Verzia K<\/strong> \u2013 dvojit\u00fd k\u013e\u00fa\u010dov\u00fd z\u00e1mok<br data-start=\"1514\" data-end=\"1517\" \/><strong data-start=\"1517\" data-end=\"1530\">Verzia KC<\/strong> \u2013 k\u013e\u00fa\u010d + mechanick\u00e1 kombin\u00e1cia (3 koaxi\u00e1lne disky)<br data-start=\"1581\" data-end=\"1584\" \/><strong data-start=\"1584\" data-end=\"1597\">Verzia KE<\/strong> \u2013 k\u013e\u00fa\u010d + elektronick\u00fd kombina\u010dn\u00fd z\u00e1mok<br data-start=\"1636\" data-end=\"1639\" \/>V\u0161etky z\u00e1mky s\u00fa <strong data-start=\"1655\" data-end=\"1692\">certifikovan\u00e9 pod\u013ea normy EN 1300<\/strong>.<\/p>\n<hr data-start=\"1695\" data-end=\"1698\" \/>\n<h3 data-start=\"1700\" data-end=\"1757\">\ud83d\udccf Rozmery a technick\u00e9 \u00fadaje<\/h3>\n<p data-start=\"1759\" data-end=\"1954\"><strong data-start=\"1759\" data-end=\"1770\">PRO3067<\/strong><br data-start=\"1770\" data-end=\"1773\" \/>\u2022 Vonkaj\u0161ie rozmery (V \u00d7 \u0160 \u00d7 H): <strong data-start=\"1806\" data-end=\"1828\">670 \u00d7 510 \u00d7 510 mm<\/strong>*<br data-start=\"1829\" data-end=\"1832\" \/>\u2022 Vn\u00fatorn\u00e9 rozmery (V \u00d7 \u0160 \u00d7 H): <strong data-start=\"1864\" data-end=\"1886\">544 \u00d7 395 \u00d7 327 mm<\/strong><br data-start=\"1886\" data-end=\"1889\" \/>\u2022 Po\u010det pol\u00edc: <strong data-start=\"1904\" data-end=\"1909\">1<\/strong><br data-start=\"1909\" data-end=\"1912\" \/>\u2022 Hmotnos\u0165: <strong data-start=\"1924\" data-end=\"1934\">281 kg<\/strong><br data-start=\"1934\" data-end=\"1937\" \/>\u2022 Objem: <strong data-start=\"1946\" data-end=\"1954\">70 l<\/strong><\/p>\n<p data-start=\"1956\" data-end=\"2153\"><strong data-start=\"1956\" data-end=\"1967\">PRO3101<\/strong><br data-start=\"1967\" data-end=\"1970\" \/>\u2022 Vonkaj\u0161ie rozmery (V \u00d7 \u0160 \u00d7 H): <strong data-start=\"2003\" data-end=\"2026\">1010 \u00d7 680 \u00d7 510 mm<\/strong>*<br data-start=\"2027\" data-end=\"2030\" \/>\u2022 Vn\u00fatorn\u00e9 rozmery (V \u00d7 \u0160 \u00d7 H): <strong data-start=\"2062\" data-end=\"2084\">883 \u00d7 565 \u00d7 327 mm<\/strong><br data-start=\"2084\" data-end=\"2087\" \/>\u2022 Po\u010det pol\u00edc: <strong data-start=\"2102\" data-end=\"2107\">2<\/strong><br data-start=\"2107\" data-end=\"2110\" \/>\u2022 Hmotnos\u0165: <strong data-start=\"2122\" data-end=\"2132\">478 kg<\/strong><br data-start=\"2132\" data-end=\"2135\" \/>\u2022 Objem: <strong data-start=\"2144\" data-end=\"2153\">163 l<\/strong><\/p>\n<p data-start=\"2155\" data-end=\"2353\"><strong data-start=\"2155\" data-end=\"2166\">PRO3132<\/strong><br data-start=\"2166\" data-end=\"2169\" \/>\u2022 Vonkaj\u0161ie rozmery (V \u00d7 \u0160 \u00d7 H): <strong data-start=\"2202\" data-end=\"2225\">1320 \u00d7 680 \u00d7 510 mm<\/strong>*<br data-start=\"2226\" data-end=\"2229\" \/>\u2022 Vn\u00fatorn\u00e9 rozmery (V \u00d7 \u0160 \u00d7 H): <strong data-start=\"2261\" data-end=\"2284\">1193 \u00d7 565 \u00d7 327 mm<\/strong><br data-start=\"2284\" data-end=\"2287\" \/>\u2022 Po\u010det pol\u00edc: <strong data-start=\"2302\" data-end=\"2307\">3<\/strong><br data-start=\"2307\" data-end=\"2310\" \/>\u2022 Hmotnos\u0165: <strong data-start=\"2322\" data-end=\"2332\">591 kg<\/strong><br data-start=\"2332\" data-end=\"2335\" \/>\u2022 Objem: <strong data-start=\"2344\" data-end=\"2353\">220 l<\/strong><\/p>\n<p data-start=\"2355\" data-end=\"2553\"><strong data-start=\"2355\" data-end=\"2366\">PRO3166<\/strong><br data-start=\"2366\" data-end=\"2369\" \/>\u2022 Vonkaj\u0161ie rozmery (V \u00d7 \u0160 \u00d7 H): <strong data-start=\"2402\" data-end=\"2425\">1660 \u00d7 850 \u00d7 510 mm<\/strong>*<br data-start=\"2426\" data-end=\"2429\" \/>\u2022 Vn\u00fatorn\u00e9 rozmery (V \u00d7 \u0160 \u00d7 H): <strong data-start=\"2461\" data-end=\"2484\">1513 \u00d7 715 \u00d7 316 mm<\/strong><br data-start=\"2484\" data-end=\"2487\" \/>\u2022 Po\u010det pol\u00edc: <strong data-start=\"2502\" data-end=\"2507\">4<\/strong><br data-start=\"2507\" data-end=\"2510\" \/>\u2022 Hmotnos\u0165: <strong data-start=\"2522\" data-end=\"2532\">941 kg<\/strong><br data-start=\"2532\" data-end=\"2535\" \/>\u2022 Objem: <strong data-start=\"2544\" data-end=\"2553\">342 l<\/strong><\/p>\n<p data-start=\"2555\" data-end=\"2633\">* H\u013abka je uveden\u00e1 bez zapo\u010d\u00edtania presahuj\u00facich prvkov (napr. k\u013eu\u010dky\/z\u00e1mku).<\/p>\n<hr data-start=\"2635\" data-end=\"2638\" \/>\n<h3 data-start=\"2640\" data-end=\"2662\">\ud83c\udfe6 Ide\u00e1lne pou\u017eitie<\/h3>\n<p data-start=\"2664\" data-end=\"2853\">banky a finan\u010dn\u00e9 in\u0161tit\u00facie<br data-start=\"2691\" data-end=\"2694\" \/>klenotn\u00edctva a obchody s vysokou hodnotou tovaru<br data-start=\"2742\" data-end=\"2745\" \/>komer\u010dn\u00e9 a priemyseln\u00e9 objekty<br data-start=\"2775\" data-end=\"2778\" \/>arch\u00edvy a verejn\u00e9 in\u0161tit\u00facie<br data-start=\"2806\" data-end=\"2809\" \/>n\u00e1ro\u010dn\u00e9 profesion\u00e1lne aj s\u00fakromn\u00e9 pou\u017e\u00edvanie<\/p>\n<hr data-start=\"2855\" data-end=\"2858\" \/>\n<h3 data-start=\"2860\" data-end=\"2916\">\u2714\ufe0f Pre\u010do si vybra\u0165 Technomax PROFESSIONAL Bank PRO 3?<\/h3>\n<p data-start=\"2918\" data-end=\"3163\">certifik\u00e1cia <strong data-start=\"2931\" data-end=\"2944\">EN 1143-1<\/strong> a <strong data-start=\"2947\" data-end=\"2967\">EN 15659 LFS 30P<\/strong><br data-start=\"2967\" data-end=\"2970\" \/>spo\u013eahliv\u00e1 ochrana proti vl\u00e1maniu aj po\u017eiaru<br data-start=\"3014\" data-end=\"3017\" \/>mas\u00edvna pancierov\u00e1 kon\u0161trukcia<br data-start=\"3047\" data-end=\"3050\" \/>automatick\u00e9 op\u00e4tovn\u00e9 uzamykanie pri \u00fatoku<br data-start=\"3091\" data-end=\"3094\" \/>viacero variant uzamykania<br data-start=\"3120\" data-end=\"3123\" \/>\u0161pi\u010dkov\u00e1 <strong data-start=\"3132\" data-end=\"3163\">talianska kvalita Technomax<\/strong><\/p>\n<p data-start=\"3165\" data-end=\"3285\"><strong data-start=\"3165\" data-end=\"3202\">Technomax PROFESSIONAL Bank PRO 3<\/strong> predstavuje profesion\u00e1lny \u0161tandard bezpe\u010dnosti pre ochranu<\/p>\n","protected":false},"excerpt":{"rendered":"<p>Profesion\u00e1lny trezor Technomax PROFESSIONAL Bank PRO 3 \u2013 certifikovan\u00fd bankov\u00fd trezor s po\u017eiarnou ochranou<\/p>\n","protected":false},"featured_media":16729,"comment_status":"open","ping_status":"closed","template":"","meta":{"_monsterinsights_skip_tracking":false,"_monsterinsights_sitenote_active":false,"_monsterinsights_sitenote_note":"","_monsterinsights_sitenote_category":0},"product_brand":[785],"product_cat":[1443,559],"product_tag":[1324],"class_list":{"0":"post-16717","1":"product","2":"type-product","3":"status-publish","4":"has-post-thumbnail","6":"product_brand-technomax","7":"product_cat-trezory_lltrezor","8":"product_cat-ohnuvzodrne-trezory-na-dokumenty","9":"product_tag-professional","10":"product_shipping_class-od-1001-kg-do-150kg","11":"pa_bezpecnostna-trieda-en-15659-lfs-30p","12":"pa_bezpecnostna-trieda-bezpecnostnej-triedy-a-v-zmysle-normy-en-1300","13":"pa_bezpecnostna-trieda-norma-en-1143-1-v-bezpecnostnej-triede-iii","14":"pa_material-ocel","15":"pa_miesto-instalacie-volne-stojace","16":"pa_typ-zamku-k-s-dvojitym-klucom","17":"pa_typ-zamku-kc-s-dvojhrannym-klucom-3-kotucovym-mechanickym-zlucovacom","18":"pa_typ-zamku-ke-s-dvojhrannym-klucom-elektronickym-kombinatorom","19":"ts_product_brand-technomax","21":"first","22":"onbackorder","23":"taxable","24":"shipping-taxable","25":"purchasable","26":"product-type-variable"},"aioseo_notices":[],"jetpack_sharing_enabled":true,"_links":{"self":[{"href":"https:\/\/www.lltrezor.sk\/shop\/wp-json\/wp\/v2\/product\/16717","targetHints":{"allow":["GET"]}}],"collection":[{"href":"https:\/\/www.lltrezor.sk\/shop\/wp-json\/wp\/v2\/product"}],"about":[{"href":"https:\/\/www.lltrezor.sk\/shop\/wp-json\/wp\/v2\/types\/product"}],"replies":[{"embeddable":true,"href":"https:\/\/www.lltrezor.sk\/shop\/wp-json\/wp\/v2\/comments?post=16717"}],"wp:featuredmedia":[{"embeddable":true,"href":"https:\/\/www.lltrezor.sk\/shop\/wp-json\/wp\/v2\/media\/16729"}],"wp:attachment":[{"href":"https:\/\/www.lltrezor.sk\/shop\/wp-json\/wp\/v2\/media?parent=16717"}],"wp:term":[{"taxonomy":"product_brand","embeddable":true,"href":"https:\/\/www.lltrezor.sk\/shop\/wp-json\/wp\/v2\/product_brand?post=16717"},{"taxonomy":"product_cat","embeddable":true,"href":"https:\/\/www.lltrezor.sk\/shop\/wp-json\/wp\/v2\/product_cat?post=16717"},{"taxonomy":"product_tag","embeddable":true,"href":"https:\/\/www.lltrezor.sk\/shop\/wp-json\/wp\/v2\/product_tag?post=16717"}],"curies":[{"name":"wp","href":"https:\/\/api.w.org\/{rel}","templated":true}]}}