{"id":16690,"date":"2025-12-27T17:46:05","date_gmt":"2025-12-27T16:46:05","guid":{"rendered":"https:\/\/www.lltrezor.sk\/shop\/?post_type=product&#038;p=16690"},"modified":"2026-02-19T15:58:35","modified_gmt":"2026-02-19T14:58:35","slug":"professional-gtr","status":"publish","type":"product","link":"https:\/\/www.lltrezor.sk\/shop\/product\/professional-gtr\/","title":{"rendered":"PROFESSIONAL TR"},"content":{"rendered":"<p data-start=\"254\" data-end=\"586\"><strong data-start=\"254\" data-end=\"284\">Technomax PROFESSIONAL TR<\/strong> je profesion\u00e1lny trezor s vkladac\u00edm otvorom, navrhnut\u00fd ako \u00fa\u010dinn\u00e1 ochrana proti kr\u00e1de\u017ei a l\u00fape\u017ei v prostrediach s vysok\u00fdm obehom hotovosti. Umo\u017e\u0148uje <strong data-start=\"434\" data-end=\"526\">bezpe\u010dn\u00e9 vkladanie hotovosti, ob\u00e1lok alebo mal\u00fdch bal\u00edkov bez nutnosti otv\u00e1rania trezoru<\/strong>, \u010d\u00edm v\u00fdrazne zni\u017euje riziko intern\u00fdch aj extern\u00fdch kr\u00e1de\u017e\u00ed.<\/p>\n<hr data-start=\"588\" data-end=\"591\" \/>\n<h3>\u2699\ufe0f Elektronick\u00fd z\u00e1mok a ovl\u00e1danie<\/h3>\n<ul>\n<li data-start=\"551\" data-end=\"624\">Vysoko spo\u013eahliv\u00fd <strong data-start=\"569\" data-end=\"624\">elektronick\u00fd z\u00e1mok s energeticky nez\u00e1vislou pam\u00e4\u0165ou<\/strong><\/li>\n<li data-start=\"627\" data-end=\"707\">Otv\u00e1ranie\/zatv\u00e1ranie pomocou <strong data-start=\"656\" data-end=\"679\">ovl\u00e1dacieho gomb\u00edka<\/strong> a elektromagnetick\u00e9ho z\u00e1mku<\/li>\n<li data-start=\"710\" data-end=\"752\"><strong data-start=\"710\" data-end=\"735\">Membr\u00e1nov\u00e1 kl\u00e1vesnica<\/strong> so 4 LED di\u00f3dami<\/li>\n<li data-start=\"755\" data-end=\"839\"><strong data-start=\"755\" data-end=\"785\">Zvukov\u00e9 a vizu\u00e1lne sign\u00e1ly<\/strong> \u2013 potvrdenie zadania, chybov\u00e9 hl\u00e1senia, slab\u00e9 bat\u00e9rie<\/li>\n<li data-start=\"842\" data-end=\"905\"><strong data-start=\"842\" data-end=\"884\">Kontakty pre extern\u00e9 n\u00fadzov\u00e9 nap\u00e1janie<\/strong> priamo na kl\u00e1vesnici<\/li>\n<li data-start=\"908\" data-end=\"920\">Nap\u00e1janie:<\/li>\n<li data-start=\"925\" data-end=\"978\">zo siete <strong data-start=\"934\" data-end=\"943\">230 V<\/strong> (dod\u00e1van\u00fd zdroj \/ transform\u00e1tor)<\/li>\n<li data-start=\"983\" data-end=\"1045\">alebo <strong data-start=\"989\" data-end=\"1019\">4\u00d7 alkalick\u00e1 bat\u00e9ria 1,5 V<\/strong> (nie s\u00fa s\u00fa\u010das\u0165ou balenia)<\/li>\n<\/ul>\n<hr data-start=\"1047\" data-end=\"1050\" \/>\n<h3 data-start=\"1052\" data-end=\"1082\">\ud83d\udd12 Bezpe\u010dnostn\u00e1 kon\u0161trukcia<\/h3>\n<ul>\n<li data-start=\"1086\" data-end=\"1134\"><strong data-start=\"1086\" data-end=\"1132\">Poniklovan\u00e9 oto\u010dn\u00e9 oce\u013eov\u00e9 z\u00e1padky \u00d8 22 mm<\/strong><\/li>\n<li data-start=\"1137\" data-end=\"1199\">Z\u00e1mkov\u00fd mechanizmus chr\u00e1nen\u00fd <strong data-start=\"1166\" data-end=\"1197\">mang\u00e1nov\u00fdm oce\u013eov\u00fdm plechom<\/strong><\/li>\n<li data-start=\"1202\" data-end=\"1298\">Horn\u00e9 horizont\u00e1lne a vertik\u00e1lne skrutky chr\u00e1n\u011bn\u00e9 <strong data-start=\"1251\" data-end=\"1277\">3 mm mang\u00e1novou oce\u013eou<\/strong> ulo\u017eenou pod uhlom<\/li>\n<li data-start=\"1301\" data-end=\"1358\"><strong data-start=\"1301\" data-end=\"1328\">\u0160peci\u00e1lne zar\u00e1\u017eky dver\u00ed<\/strong> odoln\u00e9 vo\u010di \u00faderom kladivom<\/li>\n<li data-start=\"1361\" data-end=\"1424\">Robustn\u00e9 vn\u00fatorn\u00e9 zvary realizovan\u00e9 <strong data-start=\"1397\" data-end=\"1422\">robotick\u00fdmi syst\u00e9mami<\/strong><\/li>\n<li data-start=\"1427\" data-end=\"1496\"><strong data-start=\"1427\" data-end=\"1452\">Monoblokov\u00e1 kon\u0161trukcia<\/strong>\u00a0zv\u00e1ran\u00e1 a br\u00fasen\u00e1 automatizovanou v\u00fdrobou<\/li>\n<\/ul>\n<hr data-start=\"1498\" data-end=\"1501\" \/>\n<h3>\ud83d\udcbc Vkladac\u00ed otvor proti kr\u00e1de\u017ei<\/h3>\n<ul>\n<li data-start=\"1541\" data-end=\"1570\">Predn\u00fd otvor <strong data-start=\"1554\" data-end=\"1568\">170 \u00d7 8 mm<\/strong><\/li>\n<li data-start=\"1573\" data-end=\"1617\">Posuvn\u00e1 poistka a ochrana proti vykr\u00e1daniu<\/li>\n<li data-start=\"1620\" data-end=\"1681\">Umo\u017e\u0148uje bezpe\u010dn\u00e9 vkladanie hotovosti bez otvorenia trezoru<\/li>\n<li data-start=\"1684\" data-end=\"1768\"><strong data-start=\"1684\" data-end=\"1719\">Odstra\u0161uj\u00faci prvok proti l\u00fape\u017ei<\/strong> vhodn\u00fd do prev\u00e1dzok s vysok\u00fdm obehom hotovosti<\/li>\n<\/ul>\n<hr data-start=\"1770\" data-end=\"1773\" \/>\n<h3 data-start=\"1775\" data-end=\"1807\">\ud83d\udee0\ufe0f Mont\u00e1\u017e a povrchov\u00e1 \u00faprava<\/h3>\n<ul>\n<li data-start=\"1811\" data-end=\"1855\">Kotviace otvory na <strong data-start=\"1830\" data-end=\"1853\">spodku a zadnej stene<\/strong><\/li>\n<li data-start=\"1858\" data-end=\"1901\">Upev\u0148ovacie hmo\u017edinky s\u00fa s\u00fa\u010das\u0165ou balenia<\/li>\n<li data-start=\"1904\" data-end=\"1952\"><strong data-start=\"1904\" data-end=\"1932\">Termosetov\u00fd pr\u00e1\u0161kov\u00fd lak<\/strong><\/li>\n<\/ul>\n<hr data-start=\"1954\" data-end=\"1957\" \/>\n<h3 data-start=\"1959\" data-end=\"1984\">\ud83d\udd11 Volite\u013en\u00e9 vybavenie<\/h3>\n<ul>\n<li data-start=\"1988\" data-end=\"2056\"><strong data-start=\"1988\" data-end=\"2020\">N\u00fadzov\u00e9 mechanick\u00e9 otvorenie<\/strong> s trezorov\u00fdm k\u013e\u00fa\u010dom <strong data-start=\"2042\" data-end=\"2054\">EVO-LOCK<\/strong><\/li>\n<\/ul>\n<hr data-start=\"2164\" data-end=\"2167\" \/>\n<h3 data-start=\"2169\" data-end=\"2200\">\ud83d\udccf Rozmery a technick\u00e9 \u00fadaje<\/h3>\n<p><strong data-start=\"2202\" data-end=\"2211\">GTR\/4<\/strong><\/p>\n<ul>\n<li data-start=\"2216\" data-end=\"2271\">Vonkaj\u0161ie rozmery (V \u00d7 \u0160 \u00d7 H): <strong data-start=\"2247\" data-end=\"2269\">280 \u00d7 400 \u00d7 350 mm<\/strong><\/li>\n<li data-start=\"2274\" data-end=\"2328\">Vn\u00fatorn\u00e9 rozmery (V \u00d7 \u0160 \u00d7 H): <strong data-start=\"2304\" data-end=\"2326\">260 \u00d7 390 \u00d7 295 mm<\/strong><\/li>\n<li data-start=\"2331\" data-end=\"2354\">Hmotnos\u0165: <strong data-start=\"2341\" data-end=\"2352\">35,5 kg<\/strong><\/li>\n<li data-start=\"2357\" data-end=\"2374\">Objem: <strong data-start=\"2364\" data-end=\"2372\">31 l<\/strong><\/li>\n<\/ul>\n<p><strong data-start=\"2376\" data-end=\"2385\">GTR\/6<\/strong><\/p>\n<ul>\n<li data-start=\"2390\" data-end=\"2445\">Vonkaj\u0161ie rozmery (V \u00d7 \u0160 \u00d7 H): <strong data-start=\"2421\" data-end=\"2443\">430 \u00d7 490 \u00d7 350 mm<\/strong><\/li>\n<li data-start=\"2448\" data-end=\"2502\">Vn\u00fatorn\u00e9 rozmery (V \u00d7 \u0160 \u00d7 H): <strong data-start=\"2478\" data-end=\"2500\">410 \u00d7 480 \u00d7 295 mm<\/strong><\/li>\n<li data-start=\"2505\" data-end=\"2526\">Hmotnos\u0165: <strong data-start=\"2515\" data-end=\"2524\">56 kg<\/strong><\/li>\n<li data-start=\"2529\" data-end=\"2546\">Objem: <strong data-start=\"2536\" data-end=\"2544\">60 l<\/strong><\/li>\n<\/ul>\n<hr data-start=\"2548\" data-end=\"2551\" \/>\n<h3>\ud83c\udfea Ide\u00e1lne pou\u017eitie<\/h3>\n<ul>\n<li data-start=\"2579\" data-end=\"2603\">Maloobchodn\u00e9 prev\u00e1dzky<\/li>\n<li data-start=\"2606\" data-end=\"2626\">Re\u0161taur\u00e1cie a bary<\/li>\n<li data-start=\"2629\" data-end=\"2647\">\u010cerpacie stanice<\/li>\n<li data-start=\"2650\" data-end=\"2669\">Hotely a recepcie<\/li>\n<li data-start=\"2672\" data-end=\"2699\">Hern\u00e9 a z\u00e1bavn\u00e9 prev\u00e1dzky<\/li>\n<li data-start=\"2702\" data-end=\"2730\">Sklady a logistick\u00e9 centr\u00e1<\/li>\n<\/ul>\n<hr data-start=\"2732\" data-end=\"2735\" \/>\n<h3>\u2714\ufe0f Pre\u010do si vybra\u0165 Technomax PROFESSIONAL GTR?<\/h3>\n<ul>\n<li data-start=\"2790\" data-end=\"2842\">Bezpe\u010dn\u00e9 vkladanie hotovosti bez otvorenia trezoru<\/li>\n<li data-start=\"2845\" data-end=\"2884\">Vysok\u00e1 ochrana proti kr\u00e1de\u017ei a l\u00fape\u017ei<\/li>\n<li data-start=\"2887\" data-end=\"2919\">Odoln\u00e1 monoblokov\u00e1 kon\u0161trukcia<\/li>\n<li data-start=\"2922\" data-end=\"2963\">Spo\u013eahliv\u00fd elektronick\u00fd z\u00e1mok s pam\u00e4\u0165ou<\/li>\n<li data-start=\"2966\" data-end=\"3008\">Mo\u017enos\u0165 n\u00fadzov\u00e9ho mechanick\u00e9ho otvorenia<\/li>\n<li data-start=\"3011\" data-end=\"3058\">Profesion\u00e1lna <strong data-start=\"3025\" data-end=\"3056\">talianska kvalita Technomax<\/strong><\/li>\n<\/ul>\n<p><strong data-start=\"3060\" data-end=\"3090\">Technomax PROFESSIONAL GTR<\/strong> je ide\u00e1lnym rie\u0161en\u00edm pre ka\u017ed\u00fa prev\u00e1dzku, kde je potrebn\u00e9 <strong data-start=\"3149\" data-end=\"3214\">bezpe\u010dne uklada\u0165 hotovos\u0165 po\u010das d\u0148a bez rizika jej odcudzenia<\/strong>.<\/p>\n","protected":false},"excerpt":{"rendered":"<p>PROFESSIONAL GTR \u2013 trezor na bezpe\u010dn\u00fd vklad hotovosti<\/p>\n","protected":false},"featured_media":16697,"comment_status":"open","ping_status":"closed","template":"","meta":{"_monsterinsights_skip_tracking":false,"_monsterinsights_sitenote_active":false,"_monsterinsights_sitenote_note":"","_monsterinsights_sitenote_category":0},"product_brand":[785],"product_cat":[111,561],"product_tag":[1324],"class_list":{"0":"post-16690","1":"product","2":"type-product","3":"status-publish","4":"has-post-thumbnail","6":"product_brand-technomax","7":"product_cat-nabytkove-trezory","8":"product_cat-sejfy-s-vhadzovacim-mechanizmom","9":"product_tag-professional","10":"product_shipping_class-od-1001-kg-do-150kg","11":"pa_bezpecnostna-trieda-1306","12":"pa_material-ocel","13":"pa_miesto-instalacie-volne-stojace","14":"ts_product_brand-technomax","16":"first","17":"onbackorder","18":"taxable","19":"shipping-taxable","20":"purchasable","21":"product-type-variable"},"aioseo_notices":[],"jetpack_sharing_enabled":true,"_links":{"self":[{"href":"https:\/\/www.lltrezor.sk\/shop\/wp-json\/wp\/v2\/product\/16690","targetHints":{"allow":["GET"]}}],"collection":[{"href":"https:\/\/www.lltrezor.sk\/shop\/wp-json\/wp\/v2\/product"}],"about":[{"href":"https:\/\/www.lltrezor.sk\/shop\/wp-json\/wp\/v2\/types\/product"}],"replies":[{"embeddable":true,"href":"https:\/\/www.lltrezor.sk\/shop\/wp-json\/wp\/v2\/comments?post=16690"}],"wp:featuredmedia":[{"embeddable":true,"href":"https:\/\/www.lltrezor.sk\/shop\/wp-json\/wp\/v2\/media\/16697"}],"wp:attachment":[{"href":"https:\/\/www.lltrezor.sk\/shop\/wp-json\/wp\/v2\/media?parent=16690"}],"wp:term":[{"taxonomy":"product_brand","embeddable":true,"href":"https:\/\/www.lltrezor.sk\/shop\/wp-json\/wp\/v2\/product_brand?post=16690"},{"taxonomy":"product_cat","embeddable":true,"href":"https:\/\/www.lltrezor.sk\/shop\/wp-json\/wp\/v2\/product_cat?post=16690"},{"taxonomy":"product_tag","embeddable":true,"href":"https:\/\/www.lltrezor.sk\/shop\/wp-json\/wp\/v2\/product_tag?post=16690"}],"curies":[{"name":"wp","href":"https:\/\/api.w.org\/{rel}","templated":true}]}}