{"id":16624,"date":"2025-12-27T12:24:48","date_gmt":"2025-12-27T11:24:48","guid":{"rendered":"https:\/\/www.lltrezor.sk\/shop\/?post_type=product&#038;p=16624"},"modified":"2026-02-19T16:01:08","modified_gmt":"2026-02-19T15:01:08","slug":"technofire-dpk","status":"publish","type":"product","link":"https:\/\/www.lltrezor.sk\/shop\/product\/technofire-dpk\/","title":{"rendered":"TECHNOFIRE DPK"},"content":{"rendered":"<p data-start=\"285\" data-end=\"595\"><strong data-start=\"285\" data-end=\"303\">TECHNOFIRE DPK<\/strong> je profesion\u00e1lny oh\u0148ovzdorn\u00fd a proti vl\u00e1maniu odoln\u00fd trezor od renomovan\u00e9ho talianskeho v\u00fdrobcu <strong data-start=\"400\" data-end=\"413\">Technomax<\/strong>. Je ur\u010den\u00fd na bezpe\u010dn\u00e9 ulo\u017eenie dokumentov, hotovosti a cennost\u00ed v dom\u00e1cnostiach, kancel\u00e1ri\u00e1ch aj firm\u00e1ch, kde sa vy\u017eaduje <strong data-start=\"537\" data-end=\"594\">maxim\u00e1lna mechanick\u00e1 odolnos\u0165 a certifikovan\u00e1 ochrana<\/strong>.<\/p>\n<h3 data-start=\"597\" data-end=\"636\">\ud83d\udd25 Robustn\u00e1 oh\u0148ovzdorn\u00e1 kon\u0161trukcia<\/h3>\n<ul>\n<li data-start=\"639\" data-end=\"721\">predn\u00e1 \u010das\u0165 a dvere zo <strong data-start=\"662\" data-end=\"701\">\u0161peci\u00e1lnej 10 mm monoblokovej ocele<\/strong>, laserovo rezanej<\/li>\n<li data-start=\"724\" data-end=\"794\"><strong data-start=\"724\" data-end=\"751\">dvojstenn\u00e9 oce\u013eov\u00e9 telo<\/strong> (vonkaj\u0161ia hr\u00fabka 3 mm, vn\u00fatorn\u00e1 1,5 mm)<\/li>\n<li data-start=\"797\" data-end=\"869\">\u0161peci\u00e1lny <strong data-start=\"807\" data-end=\"831\">oh\u0148ovzdorn\u00fd materi\u00e1l<\/strong> medzi stenami tela a v paneli z\u00e1mku<\/li>\n<li data-start=\"872\" data-end=\"951\">monoblokov\u00e1 karos\u00e9ria zv\u00e1ran\u00e1 a br\u00fasen\u00e1 <strong data-start=\"912\" data-end=\"951\">automatick\u00fdmi robotick\u00fdmi syst\u00e9mami<\/strong><\/li>\n<li data-start=\"954\" data-end=\"996\">robustn\u00e9 vn\u00fatorn\u00e9 zvary pre dlh\u00fa \u017eivotnos\u0165<\/li>\n<\/ul>\n<h3 data-start=\"998\" data-end=\"1045\">\ud83d\udd11 Vysokobezpe\u010dnostn\u00fd k\u013e\u00fa\u010dov\u00fd z\u00e1mok EN 1300<\/h3>\n<ul>\n<li data-start=\"1048\" data-end=\"1120\">z\u00e1mok <strong data-start=\"1054\" data-end=\"1077\">najnov\u0161ej gener\u00e1cie<\/strong> s <strong data-start=\"1080\" data-end=\"1120\">8 asymetrick\u00fdmi a nez\u00e1visl\u00fdmi p\u00e1kami<\/strong><\/li>\n<li data-start=\"1123\" data-end=\"1151\">certifik\u00e1cia <strong data-start=\"1136\" data-end=\"1151\">UNI EN 1300<\/strong><\/li>\n<li>vysok\u00e1 odolnos\u0165 vo\u010di modern\u00fdm manipula\u010dn\u00fdm a odblokovac\u00edm technik\u00e1m<\/li>\n<li data-start=\"1292\" data-end=\"1377\"><strong data-start=\"1292\" data-end=\"1331\">dvojit\u00fd k\u013e\u00fa\u010d so \u0161peci\u00e1lnym profilom<\/strong>, duplikovate\u013en\u00fd len pomocou <strong data-start=\"1360\" data-end=\"1377\">karty majetku<\/strong><\/li>\n<li data-start=\"1380\" data-end=\"1431\">k\u013e\u00fa\u010d nie je mo\u017en\u00e9 vytiahnu\u0165 pri zasunut\u00fdch z\u00e1vor\u00e1ch<\/li>\n<li data-start=\"1434\" data-end=\"1490\">ochrana mechanizmu z\u00e1mku <strong data-start=\"1459\" data-end=\"1490\">mang\u00e1nov\u00fdm oce\u013eov\u00fdm plechom<\/strong><\/li>\n<\/ul>\n<h3 data-start=\"1492\" data-end=\"1527\">\ud83d\udee0\ufe0f Bezpe\u010dnostn\u00e9 prvky a mont\u00e1\u017e<\/h3>\n<ul>\n<li data-start=\"1530\" data-end=\"1572\">poniklovan\u00e9 oto\u010dn\u00e9 oce\u013eov\u00e9 z\u00e1padky \u00d8 22 mm<\/li>\n<li data-start=\"1575\" data-end=\"1622\">kotviace otvory na <strong data-start=\"1594\" data-end=\"1622\">z\u00e1kladni aj zadnej stene<\/strong><\/li>\n<li data-start=\"1625\" data-end=\"1664\">upev\u0148ovacie skrutky s\u00fa s\u00fa\u010das\u0165ou balenia<\/li>\n<li data-start=\"1667\" data-end=\"1723\">odoln\u00e9 <strong data-start=\"1674\" data-end=\"1708\">termosetov\u00e9 pr\u00e1\u0161kov\u00e9 lakovanie<\/strong>, su\u0161en\u00e9 v peci<\/li>\n<\/ul>\n<h3 data-start=\"1725\" data-end=\"1745\">\ud83d\udee1\ufe0f Certifik\u00e1cia<\/h3>\n<ul>\n<li data-start=\"1748\" data-end=\"1816\"><strong data-start=\"1748\" data-end=\"1765\">oh\u0148ovzdornos\u0165<\/strong> pod\u013ea normy <strong data-start=\"1778\" data-end=\"1816\">UNI EN 15659 \u2013 LFS 30 P (30 min\u00fat)<\/strong><\/li>\n<li data-start=\"1819\" data-end=\"1888\"><strong data-start=\"1819\" data-end=\"1844\">ochrana proti kr\u00e1de\u017ei<\/strong> pod\u013ea normy <strong data-start=\"1857\" data-end=\"1888\">UNI EN 14450:18 \u2013 \u00farove\u0148 S2<\/strong><\/li>\n<\/ul>\n<h3 data-start=\"1890\" data-end=\"1913\">\ud83d\udcd0 Dostupn\u00e9 rozmery<\/h3>\n<ul>\n<li data-start=\"1917\" data-end=\"2035\"><strong data-start=\"1917\" data-end=\"1926\">DPK\/4<\/strong>:<br data-start=\"1927\" data-end=\"1930\" \/>vonkaj\u0161ie rozmery 280 \u00d7 400 \u00d7 355 mm, vn\u00fatorn\u00e9 rozmery 170 \u00d7 305 \u00d7 245 mm, hmotnos\u0165 34 kg, objem 12,7 l<\/li>\n<li data-start=\"2039\" data-end=\"2159\"><strong data-start=\"2039\" data-end=\"2048\">DPK\/5<\/strong>:<br data-start=\"2049\" data-end=\"2052\" \/>vonkaj\u0161ie rozmery 350 \u00d7 490 \u00d7 430 mm, vn\u00fatorn\u00e9 rozmery 240 \u00d7 380 \u00d7 310 mm, hmotnos\u0165 51,5 kg, objem 29,8 l<\/li>\n<li data-start=\"2163\" data-end=\"2283\"><strong data-start=\"2163\" data-end=\"2172\">DPK\/7<\/strong>:<br data-start=\"2173\" data-end=\"2176\" \/>vonkaj\u0161ie rozmery 490 \u00d7 430 \u00d7 430 mm, vn\u00fatorn\u00e9 rozmery 380 \u00d7 330 \u00d7 310 mm, hmotnos\u0165 63,5 kg, objem 39,5 l<\/li>\n<\/ul>\n<h3 data-start=\"2285\" data-end=\"2322\">\u2705 Pre\u010do si vybra\u0165 TECHNOFIRE DPK?<\/h3>\n<ul>\n<li data-start=\"2325\" data-end=\"2355\">talianska v\u00fdroba <strong data-start=\"2342\" data-end=\"2355\">Technomax<\/strong><\/li>\n<li data-start=\"2358\" data-end=\"2401\">certifikovan\u00fd oh\u0148ovzdorn\u00fd trezor (30 min\u00fat)<\/li>\n<li data-start=\"2404\" data-end=\"2440\">vysok\u00e1 ochrana proti vl\u00e1maniu <strong data-start=\"2434\" data-end=\"2440\">S2<\/strong><\/li>\n<li data-start=\"2443\" data-end=\"2473\">\u0161pi\u010dkov\u00fd k\u013e\u00fa\u010dov\u00fd z\u00e1mok EN 1300<\/li>\n<li data-start=\"2476\" data-end=\"2513\">profesion\u00e1lne robotick\u00e9 spracovanie<\/li>\n<\/ul>\n","protected":false},"excerpt":{"rendered":"<p>TECHNOFIRE DPK \u2013 oh\u0148ovzdorn\u00fd trezor s vysokobezpe\u010dnostn\u00fdm k\u013e\u00fa\u010dov\u00fdm z\u00e1mkom (Technomax, Taliansko)<\/p>\n","protected":false},"featured_media":16629,"comment_status":"open","ping_status":"closed","template":"","meta":{"_monsterinsights_skip_tracking":false,"_monsterinsights_sitenote_active":false,"_monsterinsights_sitenote_note":"","_monsterinsights_sitenote_category":0},"product_brand":[785],"product_cat":[111,1653,1443,559],"product_tag":[1319],"class_list":{"0":"post-16624","1":"product","2":"type-product","3":"status-publish","4":"has-post-thumbnail","6":"product_brand-technomax","7":"product_cat-nabytkove-trezory","8":"product_cat-ohnovzdorne-trezory","9":"product_cat-trezory_lltrezor","10":"product_cat-ohnuvzodrne-trezory-na-dokumenty","11":"product_tag-technofire","12":"product_shipping_class-od-251-kg-do-40kg","13":"pa_bezpecnostna-trieda-en-15659-lfs-30p","14":"pa_bezpecnostna-trieda-bezpecnostnej-triedy-a-v-zmysle-normy-en-1300","15":"pa_bezpecnostna-trieda-s2-podla-normy-en-14-450","16":"pa_material-ocel","17":"pa_miesto-instalacie-volne-stojace","18":"ts_product_brand-technomax","20":"first","21":"onbackorder","22":"taxable","23":"shipping-taxable","24":"purchasable","25":"product-type-variable"},"aioseo_notices":[],"jetpack_sharing_enabled":true,"_links":{"self":[{"href":"https:\/\/www.lltrezor.sk\/shop\/wp-json\/wp\/v2\/product\/16624","targetHints":{"allow":["GET"]}}],"collection":[{"href":"https:\/\/www.lltrezor.sk\/shop\/wp-json\/wp\/v2\/product"}],"about":[{"href":"https:\/\/www.lltrezor.sk\/shop\/wp-json\/wp\/v2\/types\/product"}],"replies":[{"embeddable":true,"href":"https:\/\/www.lltrezor.sk\/shop\/wp-json\/wp\/v2\/comments?post=16624"}],"wp:featuredmedia":[{"embeddable":true,"href":"https:\/\/www.lltrezor.sk\/shop\/wp-json\/wp\/v2\/media\/16629"}],"wp:attachment":[{"href":"https:\/\/www.lltrezor.sk\/shop\/wp-json\/wp\/v2\/media?parent=16624"}],"wp:term":[{"taxonomy":"product_brand","embeddable":true,"href":"https:\/\/www.lltrezor.sk\/shop\/wp-json\/wp\/v2\/product_brand?post=16624"},{"taxonomy":"product_cat","embeddable":true,"href":"https:\/\/www.lltrezor.sk\/shop\/wp-json\/wp\/v2\/product_cat?post=16624"},{"taxonomy":"product_tag","embeddable":true,"href":"https:\/\/www.lltrezor.sk\/shop\/wp-json\/wp\/v2\/product_tag?post=16624"}],"curies":[{"name":"wp","href":"https:\/\/api.w.org\/{rel}","templated":true}]}}