{"id":16608,"date":"2025-12-27T09:47:01","date_gmt":"2025-12-27T08:47:01","guid":{"rendered":"https:\/\/www.lltrezor.sk\/shop\/?post_type=product&#038;p=16608"},"modified":"2026-02-19T16:04:55","modified_gmt":"2026-02-19T15:04:55","slug":"technofire-tde","status":"publish","type":"product","link":"https:\/\/www.lltrezor.sk\/shop\/product\/technofire-tde\/","title":{"rendered":"TECHNOFIRE TDE"},"content":{"rendered":"<p data-start=\"240\" data-end=\"597\"><strong data-start=\"240\" data-end=\"258\">TECHNOFIRE TDE<\/strong> je profesion\u00e1lny taliansky d\u00e1tov\u00fd trezor navrhnut\u00fd na <strong data-start=\"313\" data-end=\"382\">maxim\u00e1lnu ochranu d\u00e1t, disketov\u00fdch m\u00e9di\u00ed a elektronick\u00fdch nosi\u010dov<\/strong> po\u010das po\u017eiaru a extr\u00e9mnych podmienok. V\u010faka certifikovanej odolnosti, hermetick\u00e9mu tesneniu a pokro\u010dil\u00e9mu elektronick\u00e9mu z\u00e1mku poskytuje spo\u013eahliv\u00fa ochranu pre firmy, arch\u00edvy a in\u0161tit\u00facie spravuj\u00face citliv\u00e9 d\u00e1ta.<\/p>\n<h3 data-start=\"599\" data-end=\"633\">\ud83d\udd25 Oh\u0148ovzdornos\u0165 a ochrana d\u00e1t<\/h3>\n<ul>\n<li data-start=\"636\" data-end=\"705\"><strong data-start=\"636\" data-end=\"680\">120 min\u00fat odolnos\u0165 vo\u010di d\u00e1tam a disket\u00e1m<\/strong> pri teplote a\u017e 1010 \u00b0C<\/li>\n<li data-start=\"708\" data-end=\"814\">dodato\u010dn\u00fd vn\u00fatorn\u00fd pl\u00e1\u0161\u0165 z <strong data-start=\"735\" data-end=\"791\">melam\u00ednov\u00fdch panelov a \u0161peci\u00e1lnych ochrann\u00fdch prvkov<\/strong> ako tepeln\u00e1 izol\u00e1cia<\/li>\n<li data-start=\"817\" data-end=\"929\">vn\u00fatorn\u00e9 tesnenia a vonkaj\u0161ie dr\u00e1\u017eky dver\u00ed pre <strong data-start=\"864\" data-end=\"927\">hermetick\u00e9 utesnenie proti kvapalin\u00e1m, vzduchu, pare a dymu<\/strong><\/li>\n<li data-start=\"932\" data-end=\"994\">ochrana pred <strong data-start=\"945\" data-end=\"994\">magnetick\u00fdmi po\u013eami a elektrostatick\u00fdmi javmi<\/strong><\/li>\n<\/ul>\n<h3 data-start=\"996\" data-end=\"1034\">\ud83d\udd10 Elektronick\u00fd z\u00e1mok a bezpe\u010dnos\u0165<\/h3>\n<ul>\n<li data-start=\"1037\" data-end=\"1070\">z\u00e1mok s <strong data-start=\"1045\" data-end=\"1068\">mili\u00f3nmi kombin\u00e1ci\u00ed<\/strong><\/li>\n<li data-start=\"1073\" data-end=\"1131\">nap\u00e1jan\u00e9 <strong data-start=\"1082\" data-end=\"1103\">4 bat\u00e9riami 1,5 V<\/strong> (nie s\u00fa s\u00fa\u010das\u0165ou balenia)<\/li>\n<\/ul>\n<h3 data-start=\"1133\" data-end=\"1163\">\ud83d\uddc2\ufe0f Praktick\u00e9 usporiadanie<\/h3>\n<ul>\n<li data-start=\"1166\" data-end=\"1256\">v\u00fdsuvn\u00e9 z\u00e1suvky na <strong data-start=\"1185\" data-end=\"1216\">teleskopick\u00fdch ko\u013eajni\u010dk\u00e1ch<\/strong> s nastavite\u013en\u00fdmi vn\u00fatorn\u00fdmi prie\u010dkami<\/li>\n<li data-start=\"1259\" data-end=\"1289\">nastavite\u013en\u00e9 vn\u00fatorn\u00e9 police<\/li>\n<li data-start=\"1292\" data-end=\"1340\"><strong data-start=\"1292\" data-end=\"1311\">koles\u00e1 s krytmi<\/strong> pre jednoduch\u00fa manipul\u00e1ciu<\/li>\n<\/ul>\n<h3 data-start=\"1342\" data-end=\"1374\">\ud83d\udcd0 Dostupn\u00e9 modely a rozmery<\/h3>\n<div class=\"TyagGW_tableContainer\">\n<div class=\"group TyagGW_tableWrapper flex flex-col-reverse w-fit\" tabindex=\"-1\">\n<ul>\n<li data-start=\"198\" data-end=\"350\">Model <strong data-start=\"204\" data-end=\"215\">825 TDE<\/strong> m\u00e1 vonkaj\u0161ie rozmery <strong data-start=\"237\" data-end=\"259\">830 \u00d7 690 \u00d7 720 mm<\/strong> a vn\u00fatorn\u00e9 rozmery z\u00e1suvky <strong data-start=\"287\" data-end=\"309\">489 \u00d7 402 \u00d7 406 mm<\/strong>, celkov\u00fd objem 80 l a hmotnos\u0165 264 kg.<\/li>\n<li data-start=\"353\" data-end=\"507\">Model <strong data-start=\"359\" data-end=\"370\">120 TDE<\/strong> m\u00e1 vonkaj\u0161ie rozmery <strong data-start=\"392\" data-end=\"415\">1220 \u00d7 690 \u00d7 720 mm<\/strong> a vn\u00fatorn\u00e9 rozmery z\u00e1suvky <strong data-start=\"443\" data-end=\"465\">879 \u00d7 402 \u00d7 406 mm<\/strong>, celkov\u00fd objem 143 l a hmotnos\u0165 352 kg.<\/li>\n<li data-start=\"510\" data-end=\"665\">Model <strong data-start=\"516\" data-end=\"527\">130 TDE<\/strong> m\u00e1 vonkaj\u0161ie rozmery <strong data-start=\"549\" data-end=\"572\">1445 \u00d7 690 \u00d7 720 mm<\/strong> a vn\u00fatorn\u00e9 rozmery z\u00e1suvky <strong data-start=\"600\" data-end=\"623\">1104 \u00d7 402 \u00d7 406 mm<\/strong>, celkov\u00fd objem 180 l a hmotnos\u0165 479 kg.<\/li>\n<li data-start=\"668\" data-end=\"827\">Model <strong data-start=\"674\" data-end=\"685\">635 TDE<\/strong> m\u00e1 vonkaj\u0161ie rozmery <strong data-start=\"707\" data-end=\"731\">1745 \u00d7 1200 \u00d7 720 mm<\/strong> a vn\u00fatorn\u00e9 rozmery z\u00e1suviek <strong data-start=\"760\" data-end=\"785\">1404 \u00d7 402\u00d72 \u00d7 406 mm<\/strong>, celkov\u00fd objem 450 l a hmotnos\u0165 765 kg.<\/li>\n<\/ul>\n<\/div>\n<\/div>\n<h3 data-start=\"2020\" data-end=\"2068\">\ud83d\udee1\ufe0f Kapacita z\u00e1suviek (pri d\u00e1tov\u00fdch m\u00e9di\u00e1ch)<\/h3>\n<ul>\n<li data-start=\"2072\" data-end=\"2200\">825 TDBK: 4 mm DAT \u2013 232 ks, 8 mm ALT \u2013 114 ks, CD \u2013 188 ks, DLT \u2013 84 ks, LTO\/Ultrium \u2013 88 ks, LTO\/Ultrium bez puzdra \u2013 114 ks, 3590 Kazeta \u2013 96ks<\/li>\n<li data-start=\"2203\" data-end=\"2334\">120 TDBK: 4 mm DAT \u2013 464 ks, 8 mm ALT \u2013 228 ks, CD \u2013 376 ks, DLT \u2013 168 ks, LTO\/Ultrium \u2013 176 ks, LTO\/Ultrium bez puzdra \u2013 228 ks, 3590 Kazeta \u2013 192 ks<\/li>\n<li data-start=\"2337\" data-end=\"2468\">130 TDBK: 4 mm DAT \u2013 580 ks, 8 mm ALT \u2013 285 ks, CD \u2013 470 ks, DLT \u2013 225 ks, LTO\/Ultrium \u2013 225 ks, LTO\/Ultrium bez puzdra \u2013 285 ks, 3590 Kazeta \u2013 240 ks<\/li>\n<li data-start=\"2471\" data-end=\"2604\">635 TDBK: 4 mm DAT \u2013 1160 ks, 8 mm ALT \u2013 570 ks, CD \u2013 940 ks, DLT \u2013 420 ks, LTO\/Ultrium \u2013 420 ks, LTO\/Ultrium bez puzdra \u2013 570 ks, 3590 Kazeta \u2013 480 ks<\/li>\n<\/ul>\n<h3 data-start=\"2606\" data-end=\"2643\">\u2705 Pre\u010do si vybra\u0165 TECHNOFIRE TDE?<\/h3>\n<ul>\n<li data-start=\"2646\" data-end=\"2678\">talianska v\u00fdroba <strong data-start=\"2663\" data-end=\"2676\">Technomax<\/strong><\/li>\n<li data-start=\"2681\" data-end=\"2739\">certifikovan\u00e1 <strong data-start=\"2695\" data-end=\"2737\">120 min\u00fatov\u00e1 protipo\u017eiarna ochrana d\u00e1t<\/strong><\/li>\n<li data-start=\"2742\" data-end=\"2799\">hermetick\u00e9 utesnenie a ochrana pred magnetick\u00fdmi po\u013eami<\/li>\n<li data-start=\"2802\" data-end=\"2844\">elektronick\u00fd z\u00e1mok s mili\u00f3nmi kombin\u00e1ci\u00ed<\/li>\n<li data-start=\"2847\" data-end=\"2911\">flexibiln\u00e9 z\u00e1suvky a nastavite\u013en\u00e9 police pre v\u0161etky typy m\u00e9di\u00ed<\/li>\n<\/ul>\n","protected":false},"excerpt":{"rendered":"<p>TECHNOFIRE TDE \u2013 oh\u0148ovzdorn\u00fd d\u00e1tov\u00fd trezor (Technomax, Taliansko)<\/p>\n","protected":false},"featured_media":16613,"comment_status":"open","ping_status":"closed","template":"","meta":{"_monsterinsights_skip_tracking":false,"_monsterinsights_sitenote_active":false,"_monsterinsights_sitenote_note":"","_monsterinsights_sitenote_category":0},"product_brand":[785],"product_cat":[1653,1443,559],"product_tag":[1319],"class_list":{"0":"post-16608","1":"product","2":"type-product","3":"status-publish","4":"has-post-thumbnail","6":"product_brand-technomax","7":"product_cat-ohnovzdorne-trezory","8":"product_cat-trezory_lltrezor","9":"product_cat-ohnuvzodrne-trezory-na-dokumenty","10":"product_tag-technofire","11":"product_shipping_class-od-2001-kg-do-300kg","12":"pa_bezpecnostna-trieda-lfs-120p-norma-en-15659","13":"pa_bezpecnostna-trieda-bezpecnostnej-triedy-a-v-zmysle-normy-en-1300","14":"pa_material-ocel","15":"pa_miesto-instalacie-volne-stojace","16":"ts_product_brand-technomax","18":"first","19":"onbackorder","20":"taxable","21":"shipping-taxable","22":"purchasable","23":"product-type-variable"},"aioseo_notices":[],"jetpack_sharing_enabled":true,"_links":{"self":[{"href":"https:\/\/www.lltrezor.sk\/shop\/wp-json\/wp\/v2\/product\/16608","targetHints":{"allow":["GET"]}}],"collection":[{"href":"https:\/\/www.lltrezor.sk\/shop\/wp-json\/wp\/v2\/product"}],"about":[{"href":"https:\/\/www.lltrezor.sk\/shop\/wp-json\/wp\/v2\/types\/product"}],"replies":[{"embeddable":true,"href":"https:\/\/www.lltrezor.sk\/shop\/wp-json\/wp\/v2\/comments?post=16608"}],"wp:featuredmedia":[{"embeddable":true,"href":"https:\/\/www.lltrezor.sk\/shop\/wp-json\/wp\/v2\/media\/16613"}],"wp:attachment":[{"href":"https:\/\/www.lltrezor.sk\/shop\/wp-json\/wp\/v2\/media?parent=16608"}],"wp:term":[{"taxonomy":"product_brand","embeddable":true,"href":"https:\/\/www.lltrezor.sk\/shop\/wp-json\/wp\/v2\/product_brand?post=16608"},{"taxonomy":"product_cat","embeddable":true,"href":"https:\/\/www.lltrezor.sk\/shop\/wp-json\/wp\/v2\/product_cat?post=16608"},{"taxonomy":"product_tag","embeddable":true,"href":"https:\/\/www.lltrezor.sk\/shop\/wp-json\/wp\/v2\/product_tag?post=16608"}],"curies":[{"name":"wp","href":"https:\/\/api.w.org\/{rel}","templated":true}]}}