{"id":16602,"date":"2025-12-27T09:32:40","date_gmt":"2025-12-27T08:32:40","guid":{"rendered":"https:\/\/www.lltrezor.sk\/shop\/?post_type=product&#038;p=16602"},"modified":"2026-02-19T16:05:22","modified_gmt":"2026-02-19T15:05:22","slug":"technofire-tdbk","status":"publish","type":"product","link":"https:\/\/www.lltrezor.sk\/shop\/product\/technofire-tdbk\/","title":{"rendered":"TECHNOFIRE TDBK"},"content":{"rendered":"<p data-start=\"240\" data-end=\"577\"><strong data-start=\"240\" data-end=\"259\">TECHNOFIRE TDBK<\/strong> je profesion\u00e1lny taliansky d\u00e1tov\u00fd trezor navrhnut\u00fd na <strong data-start=\"314\" data-end=\"359\">maxim\u00e1lnu ochranu d\u00e1t a disketov\u00fdch m\u00e9di\u00ed<\/strong> po\u010das po\u017eiaru a extr\u00e9mnych podmienok. V\u010faka certifikovanej odolnosti, vysoko bezpe\u010dnostn\u00e9mu z\u00e1mku EN 1300 a hermetick\u00e9mu tesneniu poskytuje spo\u013eahliv\u00fa ochranu pre firmy, arch\u00edvy a in\u0161tit\u00facie spravuj\u00face citliv\u00e9 d\u00e1ta.<\/p>\n<h3 data-start=\"579\" data-end=\"613\">\ud83d\udd25 Oh\u0148ovzdornos\u0165 a ochrana d\u00e1t<\/h3>\n<ul>\n<li data-start=\"616\" data-end=\"685\"><strong data-start=\"616\" data-end=\"660\">120 min\u00fat odolnos\u0165 vo\u010di d\u00e1tam a disket\u00e1m<\/strong> pri teplote a\u017e 1010 \u00b0C<\/li>\n<li data-start=\"688\" data-end=\"794\">dodato\u010dn\u00fd vn\u00fatorn\u00fd pl\u00e1\u0161\u0165 z <strong data-start=\"715\" data-end=\"771\">melam\u00ednov\u00fdch panelov a \u0161peci\u00e1lnych ochrann\u00fdch prvkov<\/strong> pre tepeln\u00fa izol\u00e1ciu<\/li>\n<li data-start=\"797\" data-end=\"909\">vn\u00fatorn\u00e9 tesnenia a vonkaj\u0161ie dr\u00e1\u017eky dver\u00ed pre <strong data-start=\"844\" data-end=\"907\">hermetick\u00e9 utesnenie proti kvapalin\u00e1m, vzduchu, pare a dymu<\/strong><\/li>\n<li data-start=\"912\" data-end=\"974\">ochrana pred <strong data-start=\"925\" data-end=\"974\">magnetick\u00fdmi po\u013eami a elektrostatick\u00fdmi javmi<\/strong><\/li>\n<\/ul>\n<h3 data-start=\"976\" data-end=\"1001\">\ud83d\udd10 Bezpe\u010dnostn\u00fd z\u00e1mok<\/h3>\n<ul>\n<li data-start=\"1004\" data-end=\"1066\">vysoko bezpe\u010dnostn\u00fd z\u00e1mok <strong data-start=\"1030\" data-end=\"1041\">EN 1300<\/strong> s dvojdr\u00e1\u017ekov\u00fdm k\u013e\u00fa\u010dom<\/li>\n<\/ul>\n<h3 data-start=\"1068\" data-end=\"1098\">\ud83d\uddc2\ufe0f Praktick\u00e9 usporiadanie<\/h3>\n<ul>\n<li data-start=\"1101\" data-end=\"1191\">v\u00fdsuvn\u00e9 z\u00e1suvky na <strong data-start=\"1120\" data-end=\"1151\">teleskopick\u00fdch ko\u013eajni\u010dk\u00e1ch<\/strong> s nastavite\u013en\u00fdmi vn\u00fatorn\u00fdmi prie\u010dkami<\/li>\n<li data-start=\"1194\" data-end=\"1224\">nastavite\u013en\u00e9 vn\u00fatorn\u00e9 police<\/li>\n<li data-start=\"1227\" data-end=\"1296\">kartot\u00e9ky vybaven\u00e9 <strong data-start=\"1246\" data-end=\"1267\">kolesami s krytmi<\/strong> pre jednoduch\u00fa manipul\u00e1ciu<\/li>\n<\/ul>\n<h3 data-start=\"1298\" data-end=\"1330\">\ud83d\udcd0 Dostupn\u00e9 modely a rozmery<\/h3>\n<ul>\n<li data-start=\"1334\" data-end=\"1489\"><strong data-start=\"1334\" data-end=\"1346\">825 TDBK<\/strong>: vonkaj\u0161ie rozmery <strong data-start=\"1366\" data-end=\"1388\">830 \u00d7 690 \u00d7 720 mm<\/strong>, vn\u00fatorn\u00e9 rozmery z\u00e1suvky <strong data-start=\"1415\" data-end=\"1437\">489 \u00d7 402 \u00d7 406 mm<\/strong>, 1 polica, 2 z\u00e1suvky, objem 80 l, hmotnos\u0165 264 kg<\/li>\n<li data-start=\"1492\" data-end=\"1649\"><strong data-start=\"1492\" data-end=\"1504\">120 TDBK<\/strong>: vonkaj\u0161ie rozmery <strong data-start=\"1524\" data-end=\"1547\">1220 \u00d7 690 \u00d7 720 mm<\/strong>, vn\u00fatorn\u00e9 rozmery z\u00e1suvky <strong data-start=\"1574\" data-end=\"1596\">879 \u00d7 402 \u00d7 406 mm<\/strong>, 1 polica, 4 z\u00e1suvky, objem 143 l, hmotnos\u0165 352 kg<\/li>\n<li data-start=\"1652\" data-end=\"1811\"><strong data-start=\"1652\" data-end=\"1664\">130 TDBK<\/strong>: vonkaj\u0161ie rozmery <strong data-start=\"1684\" data-end=\"1707\">1445 \u00d7 690 \u00d7 720 mm<\/strong>, vn\u00fatorn\u00e9 rozmery z\u00e1suvky <strong data-start=\"1734\" data-end=\"1757\">1104 \u00d7 402 \u00d7 406 mm<\/strong>, 1 polica, 5 z\u00e1suviek, objem 180 l, hmotnos\u0165 479 kg<\/li>\n<li data-start=\"1814\" data-end=\"1979\"><strong data-start=\"1814\" data-end=\"1826\">635 TDBK<\/strong>*: vonkaj\u0161ie rozmery <strong data-start=\"1847\" data-end=\"1871\">1745 \u00d7 1200 \u00d7 720 mm<\/strong>, vn\u00fatorn\u00e9 rozmery z\u00e1suviek <strong data-start=\"1899\" data-end=\"1924\">1404 \u00d7 402\u00d72 \u00d7 406 mm<\/strong>, 4 police, 10 z\u00e1suviek, objem 450 l, hmotnos\u0165 765 kg<\/li>\n<\/ul>\n<h3 data-start=\"1981\" data-end=\"2023\">\ud83d\udee1\ufe0f Kapacita z\u00e1suviek pod\u013ea typu m\u00e9di\u00ed<\/h3>\n<ul>\n<li data-start=\"2027\" data-end=\"2159\"><strong data-start=\"2027\" data-end=\"2039\">825 TDBK<\/strong>: 4 mm DAT \u2013 232, 8 mm ALT \u2013 114, CD \u2013 188, DLT \u2013 84, LTO\/Ultrium \u2013 88, LTO\/Ultrium bez puzdra \u2013 114, 3590 Kazeta \u2013 96<\/li>\n<li data-start=\"2162\" data-end=\"2297\"><strong data-start=\"2162\" data-end=\"2174\">120 TDBK<\/strong>: 4 mm DAT \u2013 464, 8 mm ALT \u2013 228, CD \u2013 376, DLT \u2013 168, LTO\/Ultrium \u2013 176, LTO\/Ultrium bez puzdra \u2013 228, 3590 Kazeta \u2013 192<\/li>\n<li data-start=\"2300\" data-end=\"2435\"><strong data-start=\"2300\" data-end=\"2312\">130 TDBK<\/strong>: 4 mm DAT \u2013 580, 8 mm ALT \u2013 285, CD \u2013 470, DLT \u2013 225, LTO\/Ultrium \u2013 220, LTO\/Ultrium bez puzdra \u2013 285, 3590 Kazeta \u2013 240<\/li>\n<li data-start=\"2438\" data-end=\"2575\"><strong data-start=\"2438\" data-end=\"2450\">635 TDBK<\/strong>*: 4 mm DAT \u2013 1160, 8 mm ALT \u2013 570, CD \u2013 940, DLT \u2013 420, LTO\/Ultrium \u2013 440, LTO\/Ultrium bez puzdra \u2013 570, 3590 Kazeta \u2013 480<\/li>\n<\/ul>\n<h3 data-start=\"2577\" data-end=\"2615\">\u2705 Pre\u010do si vybra\u0165 TECHNOFIRE TDBK?<\/h3>\n<ul>\n<li data-start=\"2618\" data-end=\"2650\">talianska v\u00fdroba <strong data-start=\"2635\" data-end=\"2648\">Technomax<\/strong><\/li>\n<li data-start=\"2653\" data-end=\"2705\">certifikovan\u00e1 <strong data-start=\"2667\" data-end=\"2703\">120 min\u00fatov\u00e1 ochrana d\u00e1t a m\u00e9di\u00ed<\/strong><\/li>\n<li data-start=\"2708\" data-end=\"2743\">vysoko bezpe\u010dnostn\u00fd z\u00e1mok EN 1300<\/li>\n<li data-start=\"2746\" data-end=\"2801\">hermetick\u00e9 utesnenie proti kvapalin\u00e1m, vzduchu a pare<\/li>\n<li data-start=\"2804\" data-end=\"2868\">flexibiln\u00e9 z\u00e1suvky a nastavite\u013en\u00e9 police pre v\u0161etky typy m\u00e9di\u00ed<\/li>\n<\/ul>\n","protected":false},"excerpt":{"rendered":"<p>TECHNOFIRE TDBK \u2013 oh\u0148ovzdorn\u00fd d\u00e1tov\u00fd trezor (Technomax, Taliansko)<\/p>\n","protected":false},"featured_media":16605,"comment_status":"open","ping_status":"closed","template":"","meta":{"_monsterinsights_skip_tracking":false,"_monsterinsights_sitenote_active":false,"_monsterinsights_sitenote_note":"","_monsterinsights_sitenote_category":0},"product_brand":[785],"product_cat":[1653,1443,559],"product_tag":[1319],"class_list":{"0":"post-16602","1":"product","2":"type-product","3":"status-publish","4":"has-post-thumbnail","6":"product_brand-technomax","7":"product_cat-ohnovzdorne-trezory","8":"product_cat-trezory_lltrezor","9":"product_cat-ohnuvzodrne-trezory-na-dokumenty","10":"product_tag-technofire","11":"product_shipping_class-od-1001-kg-do-150kg","12":"pa_bezpecnostna-trieda-lfs-120p-norma-en-15659","13":"pa_bezpecnostna-trieda-bezpecnostnej-triedy-a-v-zmysle-normy-en-1300","14":"pa_material-ocel","15":"pa_miesto-instalacie-volne-stojace","16":"ts_product_brand-technomax","18":"first","19":"onbackorder","20":"taxable","21":"shipping-taxable","22":"purchasable","23":"product-type-variable"},"aioseo_notices":[],"jetpack_sharing_enabled":true,"_links":{"self":[{"href":"https:\/\/www.lltrezor.sk\/shop\/wp-json\/wp\/v2\/product\/16602","targetHints":{"allow":["GET"]}}],"collection":[{"href":"https:\/\/www.lltrezor.sk\/shop\/wp-json\/wp\/v2\/product"}],"about":[{"href":"https:\/\/www.lltrezor.sk\/shop\/wp-json\/wp\/v2\/types\/product"}],"replies":[{"embeddable":true,"href":"https:\/\/www.lltrezor.sk\/shop\/wp-json\/wp\/v2\/comments?post=16602"}],"wp:featuredmedia":[{"embeddable":true,"href":"https:\/\/www.lltrezor.sk\/shop\/wp-json\/wp\/v2\/media\/16605"}],"wp:attachment":[{"href":"https:\/\/www.lltrezor.sk\/shop\/wp-json\/wp\/v2\/media?parent=16602"}],"wp:term":[{"taxonomy":"product_brand","embeddable":true,"href":"https:\/\/www.lltrezor.sk\/shop\/wp-json\/wp\/v2\/product_brand?post=16602"},{"taxonomy":"product_cat","embeddable":true,"href":"https:\/\/www.lltrezor.sk\/shop\/wp-json\/wp\/v2\/product_cat?post=16602"},{"taxonomy":"product_tag","embeddable":true,"href":"https:\/\/www.lltrezor.sk\/shop\/wp-json\/wp\/v2\/product_tag?post=16602"}],"curies":[{"name":"wp","href":"https:\/\/api.w.org\/{rel}","templated":true}]}}