{"id":16594,"date":"2025-12-27T09:17:34","date_gmt":"2025-12-27T08:17:34","guid":{"rendered":"https:\/\/www.lltrezor.sk\/shop\/?post_type=product&#038;p=16594"},"modified":"2026-02-19T16:07:13","modified_gmt":"2026-02-19T15:07:13","slug":"technofire-sde","status":"publish","type":"product","link":"https:\/\/www.lltrezor.sk\/shop\/product\/technofire-sde\/","title":{"rendered":"TECHNOFIRE SDE"},"content":{"rendered":"<p data-start=\"217\" data-end=\"525\"><strong data-start=\"217\" data-end=\"241\">TECHNOFIRE Combi SDE<\/strong> je profesion\u00e1lna talianska skrinka ur\u010den\u00e1 na bezpe\u010dn\u00e9 ulo\u017eenie <strong data-start=\"305\" data-end=\"347\">d\u00f4le\u017eit\u00fdch dokumentov a d\u00e1tov\u00fdch m\u00e9di\u00ed<\/strong>, kombinuj\u00faca vysok\u00fa po\u017eiarno-odolnos\u0165 s elektronick\u00fdm z\u00e1mkom s mili\u00f3nmi kombin\u00e1ci\u00ed. Ide\u00e1lna pre kancel\u00e1rie, arch\u00edvy a firmy, ktor\u00e9 potrebuj\u00fa spo\u013eahliv\u00fa ochranu d\u00e1t a cennost\u00ed.<\/p>\n<h3 data-start=\"527\" data-end=\"550\">\ud83d\udd25 Po\u017eiarna ochrana<\/h3>\n<ul>\n<li data-start=\"553\" data-end=\"605\">odolnos\u0165 <strong data-start=\"562\" data-end=\"580\">60 a\u017e 90 min\u00fat<\/strong> v z\u00e1vislosti od modelu<\/li>\n<li data-start=\"608\" data-end=\"643\">testovan\u00e1 pri teplote <strong data-start=\"630\" data-end=\"641\">1010 \u00b0C<\/strong><\/li>\n<li data-start=\"646\" data-end=\"763\">dodato\u010dn\u00fd vn\u00fatorn\u00fd pl\u00e1\u0161\u0165 z <strong data-start=\"673\" data-end=\"729\">melam\u00ednov\u00fdch panelov a \u0161peci\u00e1lnych ochrann\u00fdch prvkov<\/strong> sl\u00fa\u017eiacich ako tepeln\u00e1 izol\u00e1cia<\/li>\n<li data-start=\"766\" data-end=\"886\">vn\u00fatorn\u00e9 tesnenia a vonkaj\u0161ie dr\u00e1\u017eky dver\u00ed zabezpe\u010duj\u00fa <strong data-start=\"821\" data-end=\"884\">hermetick\u00e9 utesnenie proti kvapalin\u00e1m, vzduchu, pare a dymu<\/strong><\/li>\n<li data-start=\"889\" data-end=\"953\">ochrana pred <strong data-start=\"902\" data-end=\"951\">magnetick\u00fdmi po\u013eami a elektrostatick\u00fdmi javmi<\/strong><\/li>\n<\/ul>\n<h3 data-start=\"955\" data-end=\"980\">\ud83d\udd10 Elektronick\u00fd z\u00e1mok<\/h3>\n<ul>\n<li data-start=\"983\" data-end=\"1037\">elektronick\u00fd z\u00e1mok s <strong data-start=\"1004\" data-end=\"1035\">mili\u00f3nmi mo\u017en\u00fdch kombin\u00e1ci\u00ed<\/strong><\/li>\n<\/ul>\n<h3 data-start=\"1039\" data-end=\"1069\">\ud83d\uddc2\ufe0f Praktick\u00e9 usporiadanie<\/h3>\n<ul>\n<li data-start=\"1072\" data-end=\"1104\">modely vybaven\u00e9 <strong data-start=\"1088\" data-end=\"1102\">1 z\u00e1suvkou<\/strong><\/li>\n<li data-start=\"1107\" data-end=\"1178\"><strong data-start=\"1107\" data-end=\"1125\">gumov\u00e9 no\u017ei\u010dky<\/strong> na z\u00e1kladni pre stabilitu a jednoduch\u00fa manipul\u00e1ciu<\/li>\n<\/ul>\n<h3 data-start=\"1180\" data-end=\"1205\">\ud83d\udcd0 Rozmery a kapacita<\/h3>\n<ul>\n<li data-start=\"1209\" data-end=\"1379\"><strong data-start=\"1209\" data-end=\"1220\">125 SDE<\/strong>: vonkaj\u0161ie rozmery <strong data-start=\"1240\" data-end=\"1262\">420 \u00d7 352 \u00d7 433 mm<\/strong>, vn\u00fatorn\u00e9 rozmery z\u00e1suvky <strong data-start=\"1289\" data-end=\"1311\">224 \u00d7 157 \u00d7 206 mm<\/strong>, 1 z\u00e1suvka, po\u017eiarna odolnos\u0165 60 min\u00fat, hmotnos\u0165 43 kg, objem 7 l<\/li>\n<li data-start=\"1382\" data-end=\"1554\"><strong data-start=\"1382\" data-end=\"1393\">070 SDE<\/strong>: vonkaj\u0161ie rozmery <strong data-start=\"1413\" data-end=\"1435\">695 \u00d7 500 \u00d7 500 mm<\/strong>, vn\u00fatorn\u00e9 rozmery z\u00e1suvky <strong data-start=\"1462\" data-end=\"1484\">419 \u00d7 277 \u00d7 231 mm<\/strong>, 1 z\u00e1suvka, po\u017eiarna odolnos\u0165 90 min\u00fat, hmotnos\u0165 117 kg, objem 27 l<\/li>\n<\/ul>\n<h3 data-start=\"1556\" data-end=\"1598\">\ud83d\udee1\ufe0f Kapacita z\u00e1suviek pod\u013ea typu m\u00e9di\u00ed<\/h3>\n<ul>\n<li data-start=\"1602\" data-end=\"1700\"><strong data-start=\"1602\" data-end=\"1613\">125 SDE<\/strong>: 4 mm DAT \u2013 74, 8 mm ALT \u2013 33, CD \u2013 30, DLT \u2013 16, LTO\/Ultrium \u2013 22, 3590 Kazeta \u2013 12<\/li>\n<li data-start=\"1703\" data-end=\"1804\"><strong data-start=\"1703\" data-end=\"1714\">070 SDE<\/strong>: 4 mm DAT \u2013 312, 8 mm ALT \u2013 168, CD \u2013 111, DLT \u2013 62, LTO\/Ultrium \u2013 96, 3590 Kazeta \u2013 64<\/li>\n<\/ul>\n<h3 data-start=\"1806\" data-end=\"1849\">\u2705 Pre\u010do si vybra\u0165 TECHNOFIRE Combi SDE?<\/h3>\n<ul>\n<li data-start=\"1852\" data-end=\"1884\">talianska v\u00fdroba <strong data-start=\"1869\" data-end=\"1882\">Technomax<\/strong><\/li>\n<li data-start=\"1887\" data-end=\"1932\">certifikovan\u00e1 po\u017eiarna odolnos\u0165 60\u201390 min\u00fat<\/li>\n<li data-start=\"1935\" data-end=\"1977\">elektronick\u00fd z\u00e1mok s mili\u00f3nmi kombin\u00e1ci\u00ed<\/li>\n<li data-start=\"1980\" data-end=\"2027\">hermetick\u00e9 utesnenie a ochrana d\u00e1tov\u00fdch m\u00e9di\u00ed<\/li>\n<li data-start=\"2030\" data-end=\"2075\">stabiln\u00e9 gumov\u00e9 no\u017ei\u010dky a praktick\u00e1 z\u00e1suvka<\/li>\n<\/ul>\n","protected":false},"excerpt":{"rendered":"<p>TECHNOFIRE Combi SDE \u2013 oh\u0148ovzdorn\u00e1 skrinka na d\u00e1tov\u00e9 m\u00e9di\u00e1 a dokumenty (Technomax, Taliansko)<\/p>\n","protected":false},"featured_media":16597,"comment_status":"open","ping_status":"closed","template":"","meta":{"_monsterinsights_skip_tracking":false,"_monsterinsights_sitenote_active":false,"_monsterinsights_sitenote_note":"","_monsterinsights_sitenote_category":0},"product_brand":[785],"product_cat":[1653,1443,559],"product_tag":[1319],"class_list":{"0":"post-16594","1":"product","2":"type-product","3":"status-publish","4":"has-post-thumbnail","6":"product_brand-technomax","7":"product_cat-ohnovzdorne-trezory","8":"product_cat-trezory_lltrezor","9":"product_cat-ohnuvzodrne-trezory-na-dokumenty","10":"product_tag-technofire","11":"product_shipping_class-od-401-kg-do-70kg","12":"pa_bezpecnostna-trieda-iso-9001","13":"pa_bezpecnostna-trieda-bezpecnostnej-triedy-a-v-zmysle-normy-en-1300","14":"pa_material-ocel","15":"pa_miesto-instalacie-volne-stojace","16":"ts_product_brand-technomax","18":"first","19":"onbackorder","20":"taxable","21":"shipping-taxable","22":"purchasable","23":"product-type-variable"},"aioseo_notices":[],"jetpack_sharing_enabled":true,"_links":{"self":[{"href":"https:\/\/www.lltrezor.sk\/shop\/wp-json\/wp\/v2\/product\/16594","targetHints":{"allow":["GET"]}}],"collection":[{"href":"https:\/\/www.lltrezor.sk\/shop\/wp-json\/wp\/v2\/product"}],"about":[{"href":"https:\/\/www.lltrezor.sk\/shop\/wp-json\/wp\/v2\/types\/product"}],"replies":[{"embeddable":true,"href":"https:\/\/www.lltrezor.sk\/shop\/wp-json\/wp\/v2\/comments?post=16594"}],"wp:featuredmedia":[{"embeddable":true,"href":"https:\/\/www.lltrezor.sk\/shop\/wp-json\/wp\/v2\/media\/16597"}],"wp:attachment":[{"href":"https:\/\/www.lltrezor.sk\/shop\/wp-json\/wp\/v2\/media?parent=16594"}],"wp:term":[{"taxonomy":"product_brand","embeddable":true,"href":"https:\/\/www.lltrezor.sk\/shop\/wp-json\/wp\/v2\/product_brand?post=16594"},{"taxonomy":"product_cat","embeddable":true,"href":"https:\/\/www.lltrezor.sk\/shop\/wp-json\/wp\/v2\/product_cat?post=16594"},{"taxonomy":"product_tag","embeddable":true,"href":"https:\/\/www.lltrezor.sk\/shop\/wp-json\/wp\/v2\/product_tag?post=16594"}],"curies":[{"name":"wp","href":"https:\/\/api.w.org\/{rel}","templated":true}]}}