{"id":16582,"date":"2025-12-26T10:19:11","date_gmt":"2025-12-26T09:19:11","guid":{"rendered":"https:\/\/www.lltrezor.sk\/shop\/?post_type=product&#038;p=16582"},"modified":"2026-02-19T16:07:38","modified_gmt":"2026-02-19T15:07:38","slug":"technofire-sdbk","status":"publish","type":"product","link":"https:\/\/www.lltrezor.sk\/shop\/product\/technofire-sdbk\/","title":{"rendered":"TECHNOFIRE SDBK"},"content":{"rendered":"<p data-start=\"207\" data-end=\"512\"><strong data-start=\"207\" data-end=\"226\">TECHNOFIRE SDBK<\/strong> je profesion\u00e1lna talianska skrinka navrhnut\u00e1 na bezpe\u010dn\u00e9 ulo\u017eenie <strong data-start=\"293\" data-end=\"335\">d\u00f4le\u017eit\u00fdch dokumentov a d\u00e1tov\u00fdch m\u00e9di\u00ed<\/strong>, ktor\u00e1 kombinuje <strong data-start=\"353\" data-end=\"417\">vysok\u00fa po\u017eiarno-odolnos\u0165 a vysoko bezpe\u010dnostn\u00fd z\u00e1mok EN 1300<\/strong>. Ide\u00e1lna pre kancel\u00e1rie, arch\u00edvy a firmy, ktor\u00e9 potrebuj\u00fa spo\u013eahliv\u00fa ochranu d\u00e1t a cennost\u00ed.<\/p>\n<h3 data-start=\"514\" data-end=\"537\">\ud83d\udd25 Po\u017eiarna ochrana<\/h3>\n<ul>\n<li data-start=\"540\" data-end=\"592\">odolnos\u0165 <strong data-start=\"549\" data-end=\"567\">60 a\u017e 90 min\u00fat<\/strong> v z\u00e1vislosti od modelu<\/li>\n<li data-start=\"595\" data-end=\"630\">testovan\u00e1 pri teplote <strong data-start=\"617\" data-end=\"628\">1010 \u00b0C<\/strong><\/li>\n<li data-start=\"633\" data-end=\"739\">dodato\u010dn\u00fd vn\u00fatorn\u00fd pl\u00e1\u0161\u0165 z <strong data-start=\"660\" data-end=\"716\">melam\u00ednov\u00fdch panelov a \u0161peci\u00e1lnych ochrann\u00fdch prvkov<\/strong> ako tepeln\u00e1 izol\u00e1cia<\/li>\n<li data-start=\"742\" data-end=\"862\">vn\u00fatorn\u00e9 tesnenia a vonkaj\u0161ie dr\u00e1\u017eky dver\u00ed zabezpe\u010duj\u00fa <strong data-start=\"797\" data-end=\"860\">hermetick\u00e9 utesnenie proti kvapalin\u00e1m, vzduchu, pare a dymu<\/strong><\/li>\n<li data-start=\"865\" data-end=\"929\">ochrana pred <strong data-start=\"878\" data-end=\"927\">magnetick\u00fdmi po\u013eami a elektrostatick\u00fdmi javmi<\/strong><\/li>\n<\/ul>\n<h3 data-start=\"931\" data-end=\"956\">\ud83d\udd10 Bezpe\u010dnostn\u00fd z\u00e1mok<\/h3>\n<ul>\n<li data-start=\"959\" data-end=\"1021\">vysoko bezpe\u010dnostn\u00fd z\u00e1mok <strong data-start=\"985\" data-end=\"996\">EN 1300<\/strong> s dvojdr\u00e1\u017ekov\u00fdm k\u013e\u00fa\u010dom<\/li>\n<\/ul>\n<h3 data-start=\"1023\" data-end=\"1053\">\ud83d\uddc2\ufe0f Praktick\u00e9 usporiadanie<\/h3>\n<ul>\n<li data-start=\"1056\" data-end=\"1098\">gumov\u00e9 no\u017ei\u010dky na z\u00e1kladni pre stabilitu<\/li>\n<li data-start=\"1101\" data-end=\"1157\">modely vybaven\u00e9 <strong data-start=\"1117\" data-end=\"1140\">1 alebo 2 z\u00e1suvkami<\/strong> pod\u013ea ve\u013ekosti<\/li>\n<\/ul>\n<h3 data-start=\"1159\" data-end=\"1184\">\ud83d\udcd0 Rozmery a kapacita<\/h3>\n<ul>\n<li data-start=\"1188\" data-end=\"1359\"><strong data-start=\"1188\" data-end=\"1200\">125 SDBK<\/strong>: vonkaj\u0161ie rozmery <strong data-start=\"1220\" data-end=\"1242\">420 \u00d7 352 \u00d7 433 mm<\/strong>, vn\u00fatorn\u00e9 rozmery z\u00e1suvky <strong data-start=\"1269\" data-end=\"1291\">224 \u00d7 157 \u00d7 206 mm<\/strong>, 1 z\u00e1suvka, po\u017eiarna odolnos\u0165 60 min\u00fat, hmotnos\u0165 43 kg, objem 7 l<\/li>\n<li data-start=\"1362\" data-end=\"1535\"><strong data-start=\"1362\" data-end=\"1374\">070 SDBK<\/strong>: vonkaj\u0161ie rozmery <strong data-start=\"1394\" data-end=\"1416\">695 \u00d7 500 \u00d7 500 mm<\/strong>, vn\u00fatorn\u00e9 rozmery z\u00e1suvky <strong data-start=\"1443\" data-end=\"1465\">419 \u00d7 277 \u00d7 231 mm<\/strong>, 2 z\u00e1suvky, po\u017eiarna odolnos\u0165 90 min\u00fat, hmotnos\u0165 117 kg, objem 27 l<\/li>\n<\/ul>\n<h3 data-start=\"1537\" data-end=\"1579\">\ud83d\udee1\ufe0f Kapacita z\u00e1suviek pod\u013ea typu m\u00e9di\u00ed<\/h3>\n<ul>\n<li data-start=\"1583\" data-end=\"1682\"><strong data-start=\"1583\" data-end=\"1595\">125 SDBK<\/strong>: 4 mm DAT \u2013 74, 8 mm ALT \u2013 33, CD \u2013 30, DLT \u2013 16, LTO\/Ultrium \u2013 22, 3590 Kazeta \u2013 12<\/li>\n<li data-start=\"1685\" data-end=\"1787\"><strong data-start=\"1685\" data-end=\"1697\">070 SDBK<\/strong>: 4 mm DAT \u2013 312, 8 mm ALT \u2013 168, CD \u2013 111, DLT \u2013 62, LTO\/Ultrium \u2013 96, 3590 Kazeta \u2013 64<\/li>\n<\/ul>\n<h3 data-start=\"1789\" data-end=\"1827\">\u2705 Pre\u010do si vybra\u0165 TECHNOFIRE SDBK?<\/h3>\n<ul>\n<li data-start=\"1830\" data-end=\"1862\">talianska v\u00fdroba <strong data-start=\"1847\" data-end=\"1860\">Technomax<\/strong><\/li>\n<li data-start=\"1865\" data-end=\"1914\">certifikovan\u00e1 <strong data-start=\"1879\" data-end=\"1912\">po\u017eiarna odolnos\u0165 60\u201390 min\u00fat<\/strong><\/li>\n<li data-start=\"1917\" data-end=\"1952\">vysoko bezpe\u010dnostn\u00fd z\u00e1mok EN 1300<\/li>\n<li data-start=\"1955\" data-end=\"2002\">hermetick\u00e9 utesnenie a ochrana d\u00e1tov\u00fdch m\u00e9di\u00ed<\/li>\n<li data-start=\"2005\" data-end=\"2050\">praktick\u00e9 z\u00e1suvky a stabiln\u00e9 gumov\u00e9 no\u017ei\u010dky<\/li>\n<\/ul>\n","protected":false},"excerpt":{"rendered":"<p>TECHNOFIRE SDBK \u2013 oh\u0148ovzdorn\u00e1 skrinka na d\u00e1tov\u00e9 m\u00e9di\u00e1 a dokumenty (Technomax, Taliansko)<\/p>\n","protected":false},"featured_media":16591,"comment_status":"open","ping_status":"closed","template":"","meta":{"_monsterinsights_skip_tracking":false,"_monsterinsights_sitenote_active":false,"_monsterinsights_sitenote_note":"","_monsterinsights_sitenote_category":0},"product_brand":[785],"product_cat":[1653,1443,559],"product_tag":[1319],"class_list":{"0":"post-16582","1":"product","2":"type-product","3":"status-publish","4":"has-post-thumbnail","6":"product_brand-technomax","7":"product_cat-ohnovzdorne-trezory","8":"product_cat-trezory_lltrezor","9":"product_cat-ohnuvzodrne-trezory-na-dokumenty","10":"product_tag-technofire","11":"product_shipping_class-od-401-kg-do-70kg","12":"pa_bezpecnostna-trieda-iso-9001","13":"pa_bezpecnostna-trieda-bezpecnostnej-triedy-a-v-zmysle-normy-en-1300","14":"pa_material-ocel","15":"pa_miesto-instalacie-volne-stojace","16":"ts_product_brand-technomax","18":"first","19":"onbackorder","20":"taxable","21":"shipping-taxable","22":"purchasable","23":"product-type-variable"},"aioseo_notices":[],"jetpack_sharing_enabled":true,"_links":{"self":[{"href":"https:\/\/www.lltrezor.sk\/shop\/wp-json\/wp\/v2\/product\/16582","targetHints":{"allow":["GET"]}}],"collection":[{"href":"https:\/\/www.lltrezor.sk\/shop\/wp-json\/wp\/v2\/product"}],"about":[{"href":"https:\/\/www.lltrezor.sk\/shop\/wp-json\/wp\/v2\/types\/product"}],"replies":[{"embeddable":true,"href":"https:\/\/www.lltrezor.sk\/shop\/wp-json\/wp\/v2\/comments?post=16582"}],"wp:featuredmedia":[{"embeddable":true,"href":"https:\/\/www.lltrezor.sk\/shop\/wp-json\/wp\/v2\/media\/16591"}],"wp:attachment":[{"href":"https:\/\/www.lltrezor.sk\/shop\/wp-json\/wp\/v2\/media?parent=16582"}],"wp:term":[{"taxonomy":"product_brand","embeddable":true,"href":"https:\/\/www.lltrezor.sk\/shop\/wp-json\/wp\/v2\/product_brand?post=16582"},{"taxonomy":"product_cat","embeddable":true,"href":"https:\/\/www.lltrezor.sk\/shop\/wp-json\/wp\/v2\/product_cat?post=16582"},{"taxonomy":"product_tag","embeddable":true,"href":"https:\/\/www.lltrezor.sk\/shop\/wp-json\/wp\/v2\/product_tag?post=16582"}],"curies":[{"name":"wp","href":"https:\/\/api.w.org\/{rel}","templated":true}]}}