{"id":16535,"date":"2025-12-25T19:06:17","date_gmt":"2025-12-25T18:06:17","guid":{"rendered":"https:\/\/www.lltrezor.sk\/shop\/?post_type=product&#038;p=16535"},"modified":"2026-02-19T16:20:58","modified_gmt":"2026-02-19T15:20:58","slug":"technosafe-tch-4","status":"publish","type":"product","link":"https:\/\/www.lltrezor.sk\/shop\/product\/technosafe-tch-4\/","title":{"rendered":"TECHNOSAFE TCH\/4"},"content":{"rendered":"<div class=\"product-sdesc\">\n<p data-start=\"194\" data-end=\"499\"><strong data-start=\"194\" data-end=\"214\">TECHNOSAFE TCH\/4<\/strong>\u00a0je kvalitn\u00e1 talianska skri\u0148a<strong data-start=\"237\" data-end=\"262\">\u00a0na dlh\u00e9 zbrane<\/strong>, ur\u010den\u00fd na bezpe\u010dn\u00e9 ulo\u017eenie <strong data-start=\"292\" data-end=\"326\">a\u017e 5 ks pu\u0161iek alebo brokovn\u00edc<\/strong>. V\u010faka robustnej oce\u013eovej kon\u0161trukcii, spo\u013eahliv\u00e9mu uzamykaniu a samostatne uzamykate\u013enej schr\u00e1nke na strelivo je ide\u00e1lny pre po\u013eovn\u00edkov, \u0161portov\u00fdch strelcov aj dom\u00e1cnosti.<\/p>\n<h3 data-start=\"501\" data-end=\"532\">\ud83d\udd12 Bezpe\u010dnos\u0165 a kon\u0161trukcia<\/h3>\n<ul>\n<li data-start=\"535\" data-end=\"579\">jednopl\u00e1\u0161\u0165ov\u00e1 kon\u0161trukcia z <strong data-start=\"563\" data-end=\"577\">2 mm ocele<\/strong><\/li>\n<li data-start=\"582\" data-end=\"619\">dvojpl\u00e1\u0161\u0165ov\u00e9 dvere z <strong data-start=\"603\" data-end=\"617\">3 mm ocele<\/strong><\/li>\n<li data-start=\"622\" data-end=\"654\">celkov\u00e1 hr\u00fabka dver\u00ed <strong data-start=\"643\" data-end=\"652\">45 mm<\/strong><\/li>\n<li data-start=\"657\" data-end=\"696\"><strong data-start=\"657\" data-end=\"694\">\u0161tvorbodov\u00e9 jednosmern\u00e9 zamykanie<\/strong><\/li>\n<li data-start=\"699\" data-end=\"746\">oce\u013eov\u00e9 uzamykacie \u010dapy s priemerom <strong data-start=\"735\" data-end=\"744\">20 mm<\/strong><\/li>\n<li data-start=\"749\" data-end=\"795\">z\u00e1mkov\u00fd mechanizmus chr\u00e1nen\u00fd <strong data-start=\"778\" data-end=\"795\">proti v\u0155taniu<\/strong><\/li>\n<\/ul>\n<h3 data-start=\"797\" data-end=\"814\">\ud83d\udd11 Uzamykanie<\/h3>\n<ul>\n<li data-start=\"817\" data-end=\"833\"><strong data-start=\"838\" data-end=\"868\">mechanick\u00fd trezorov\u00fd z\u00e1mok<\/strong><\/li>\n<\/ul>\n<h3 data-start=\"899\" data-end=\"925\">\ud83d\uddc4\ufe0f Vn\u00fatorn\u00e9 vybavenie<\/h3>\n<ul>\n<li data-start=\"928\" data-end=\"959\">kapacita: <strong data-start=\"938\" data-end=\"957\">5 dlh\u00fdch zbran\u00ed<\/strong><\/li>\n<li data-start=\"962\" data-end=\"1008\"><strong data-start=\"962\" data-end=\"987\">gumen\u00e9 opierky zbran\u00ed<\/strong> pre ochranu pa\u017eieb<\/li>\n<li data-start=\"1011\" data-end=\"1061\"><strong data-start=\"1011\" data-end=\"1059\">samostatne uzamykate\u013en\u00e1 schr\u00e1nka na strelivo<\/strong><\/li>\n<\/ul>\n<h3 data-start=\"1063\" data-end=\"1076\">\ud83c\udfa8 Dizajn<\/h3>\n<ul>\n<li data-start=\"1079\" data-end=\"1117\">modern\u00e1 a nen\u00e1padn\u00e1 povrchov\u00e1 \u00faprava<\/li>\n<li data-start=\"1120\" data-end=\"1139\">farba: <strong data-start=\"1127\" data-end=\"1139\">antracit<\/strong><\/li>\n<\/ul>\n<h3 data-start=\"1141\" data-end=\"1180\">\u2705 Pre\u010do si vybra\u0165 TECHNOSAFE TCH\/4?<\/h3>\n<ul>\n<li data-start=\"1183\" data-end=\"1215\">talianska v\u00fdroba <strong data-start=\"1200\" data-end=\"1213\">Technomax<\/strong><\/li>\n<li data-start=\"1218\" data-end=\"1268\">bezpe\u010dn\u00e9 ulo\u017eenie zbran\u00ed v s\u00falade s legislat\u00edvou<\/li>\n<li data-start=\"1271\" data-end=\"1301\">robustn\u00e1 oce\u013eov\u00e1 kon\u0161trukcia<\/li>\n<li data-start=\"1304\" data-end=\"1341\">oddelen\u00e9 ulo\u017eenie zbran\u00ed a streliva<\/li>\n<\/ul>\n<\/div>\n","protected":false},"excerpt":{"rendered":"<p>Skri\u0148a na 5 dlh\u00fdch zbran\u00ed so schr\u00e1nkou (Technomax, Taliansko)<\/p>\n","protected":false},"featured_media":16536,"comment_status":"open","ping_status":"closed","template":"","meta":{"_monsterinsights_skip_tracking":false,"_monsterinsights_sitenote_active":false,"_monsterinsights_sitenote_note":"","_monsterinsights_sitenote_category":0},"product_brand":[785],"product_cat":[82],"product_tag":[1255,790],"class_list":{"0":"post-16535","1":"product","2":"type-product","3":"status-publish","4":"has-post-thumbnail","6":"product_brand-technomax","7":"product_cat-skrine-na-dlhe-zbrane","8":"product_tag-tch","9":"product_tag-technosafe","10":"product_shipping_class-od-251-kg-do-40kg","11":"pa_bezpecnostna-trieda-1306","12":"pa_material-ocel","13":"pa_miesto-instalacie-volne-stojace","14":"pa_vnutorna-hlbka-1256","15":"pa_vnutorna-sirka-891","16":"pa_vnutorna-vyska-1257","17":"pa_vonkajsia-hlbka-1121","18":"pa_vonkajsia-sirka-1001","19":"pa_vonkajsia-vyska-1258","20":"ts_product_brand-technomax","22":"first","23":"onbackorder","24":"taxable","25":"shipping-taxable","26":"purchasable","27":"product-type-simple"},"aioseo_notices":[],"jetpack_sharing_enabled":true,"_links":{"self":[{"href":"https:\/\/www.lltrezor.sk\/shop\/wp-json\/wp\/v2\/product\/16535","targetHints":{"allow":["GET"]}}],"collection":[{"href":"https:\/\/www.lltrezor.sk\/shop\/wp-json\/wp\/v2\/product"}],"about":[{"href":"https:\/\/www.lltrezor.sk\/shop\/wp-json\/wp\/v2\/types\/product"}],"replies":[{"embeddable":true,"href":"https:\/\/www.lltrezor.sk\/shop\/wp-json\/wp\/v2\/comments?post=16535"}],"wp:featuredmedia":[{"embeddable":true,"href":"https:\/\/www.lltrezor.sk\/shop\/wp-json\/wp\/v2\/media\/16536"}],"wp:attachment":[{"href":"https:\/\/www.lltrezor.sk\/shop\/wp-json\/wp\/v2\/media?parent=16535"}],"wp:term":[{"taxonomy":"product_brand","embeddable":true,"href":"https:\/\/www.lltrezor.sk\/shop\/wp-json\/wp\/v2\/product_brand?post=16535"},{"taxonomy":"product_cat","embeddable":true,"href":"https:\/\/www.lltrezor.sk\/shop\/wp-json\/wp\/v2\/product_cat?post=16535"},{"taxonomy":"product_tag","embeddable":true,"href":"https:\/\/www.lltrezor.sk\/shop\/wp-json\/wp\/v2\/product_tag?post=16535"}],"curies":[{"name":"wp","href":"https:\/\/api.w.org\/{rel}","templated":true}]}}