{"id":16518,"date":"2025-12-25T09:12:37","date_gmt":"2025-12-25T08:12:37","guid":{"rendered":"https:\/\/www.lltrezor.sk\/shop\/?post_type=product&#038;p=16518"},"modified":"2026-02-19T16:22:47","modified_gmt":"2026-02-19T15:22:47","slug":"evolution-esc950","status":"publish","type":"product","link":"https:\/\/www.lltrezor.sk\/shop\/product\/evolution-esc950\/","title":{"rendered":"EVOLUTION ESC950"},"content":{"rendered":"<p data-start=\"179\" data-end=\"504\"><strong data-start=\"179\" data-end=\"196\">Evolution ESC<\/strong> sp\u00e1ja <strong data-start=\"203\" data-end=\"227\">maxim\u00e1lnu bezpe\u010dnos\u0165<\/strong> s <strong data-start=\"230\" data-end=\"259\">luxusnou eleganciou dreva<\/strong> a predstavuje ide\u00e1lny doplnok do anticky laden\u00fdch interi\u00e9rov, kancel\u00e1ri\u00ed alebo reprezentat\u00edvnych priestorov. Riadov\u00fd po\u0165ah \u201eEvolution\u201c s luxusnou povrchovou \u00fapravou zabezpe\u010duje harmonick\u00fd vzh\u013ead, ktor\u00fd lad\u00ed s ak\u00fdmko\u013evek zariaden\u00fdm priestorom.<\/p>\n<h3 data-start=\"506\" data-end=\"536\">\ud83d\udd12 Bezpe\u010dnostn\u00e9 vlastnosti<\/h3>\n<ul>\n<li data-start=\"539\" data-end=\"609\"><strong data-start=\"539\" data-end=\"567\">dvojpl\u00e1\u0161\u0165ov\u00e1 kon\u0161trukcia<\/strong> zo 4 mm ocele (u modelu ESC\/730 z 5 mm)<\/li>\n<li data-start=\"612\" data-end=\"676\"><strong data-start=\"612\" data-end=\"634\">dvojpl\u00e1\u0161\u0165ov\u00e9 dvere<\/strong> z 8 mm ocele (u modelu ESC\/790 z 10 mm)<\/li>\n<li data-start=\"679\" data-end=\"741\"><strong data-start=\"679\" data-end=\"715\">trojsmern\u00e9 sedembodov\u00e9 zamykanie<\/strong> s 25 mm oce\u013eov\u00fdmi \u010dapmi<\/li>\n<li data-start=\"744\" data-end=\"847\"><strong data-start=\"744\" data-end=\"773\">vysoko bezpe\u010dnostn\u00fd z\u00e1mok<\/strong> s 8 asymetrick\u00fdmi a nez\u00e1visl\u00fdmi p\u00e1kami, certifikovan\u00fd pod\u013ea UNI EN 1300<\/li>\n<li data-start=\"850\" data-end=\"936\">mang\u00e1nov\u00fd plech chr\u00e1niaci mechanizmus z\u00e1mku a horn\u00e9 horizont\u00e1lne a vertik\u00e1lne z\u00e1vory<\/li>\n<li data-start=\"939\" data-end=\"996\"><strong data-start=\"939\" data-end=\"994\">7 poniklovan\u00fdch oce\u013eov\u00fdch oto\u010dn\u00fdch skrutiek \u00d8 22 mm<\/strong><\/li>\n<li data-start=\"999\" data-end=\"1051\">kotviace otvory na <strong data-start=\"1018\" data-end=\"1049\">z\u00e1kladni a operadle (2 + 4)<\/strong><\/li>\n<li data-start=\"1054\" data-end=\"1138\">volite\u013en\u00e9 zamykanie: mechanick\u00fd trezorov\u00fd z\u00e1mok alebo elektronick\u00fd digit\u00e1lny z\u00e1mok<\/li>\n<\/ul>\n<h3 data-start=\"1140\" data-end=\"1166\">\ud83d\uddc4\ufe0f Vn\u00fatorn\u00e9 vybavenie<\/h3>\n<ul>\n<li data-start=\"1169\" data-end=\"1218\">2 <strong data-start=\"1171\" data-end=\"1198\">vn\u00fatorn\u00e9 dreven\u00e9 police<\/strong> z mas\u00edvneho dreva<\/li>\n<li data-start=\"1221\" data-end=\"1254\">elegantn\u00e1 podlo\u017eka na podstavci<\/li>\n<li data-start=\"1257\" data-end=\"1311\">vn\u00fatorn\u00e9 usporiadanie pre bezpe\u010dn\u00e9 ulo\u017eenie cennost\u00ed<\/li>\n<\/ul>\n<h3 data-start=\"1313\" data-end=\"1339\">\ud83d\udd11 Verzie a uzamykanie<\/h3>\n<p data-start=\"1340\" data-end=\"1372\"><strong data-start=\"1340\" data-end=\"1370\">ESC950 \u2013 mechanick\u00fd z\u00e1mok:<\/strong><\/p>\n<ul>\n<li data-start=\"1375\" data-end=\"1453\">dvojit\u00fd k\u013e\u00fa\u010d so \u0161peci\u00e1lnym profilom, mo\u017en\u00e9 duplikovanie iba s kartou majetku<\/li>\n<li data-start=\"1456\" data-end=\"1504\">k\u013e\u00fa\u010d nemo\u017eno vytiahnu\u0165 pri zasunut\u00fdch z\u00e1vor\u00e1ch<\/li>\n<\/ul>\n<p data-start=\"1506\" data-end=\"1542\"><strong data-start=\"1506\" data-end=\"1540\">ESC950\/E \u2013 elektronick\u00fd z\u00e1mok:<\/strong><\/p>\n<ul>\n<li data-start=\"1545\" data-end=\"1618\">digit\u00e1lny elektronick\u00fd kombina\u010dn\u00fd z\u00e1mok s <strong data-start=\"1587\" data-end=\"1616\">certifik\u00e1ciou UNI EN 1300<\/strong><\/li>\n<li data-start=\"1621\" data-end=\"1671\">zapusten\u00e1 digit\u00e1lna kl\u00e1vesnica a ovl\u00e1dac\u00ed gomb\u00edk<\/li>\n<li data-start=\"1674\" data-end=\"1719\">mo\u017enos\u0165 <strong data-start=\"1682\" data-end=\"1717\">viacer\u00fdch pou\u017e\u00edvate\u013esk\u00fdch k\u00f3dov<\/strong><\/li>\n<li data-start=\"1722\" data-end=\"1765\">programovate\u013en\u00e9 <strong data-start=\"1738\" data-end=\"1763\">oneskorenie otvorenia<\/strong><\/li>\n<\/ul>\n<h3 data-start=\"1767\" data-end=\"1792\">\ud83c\udfa8 Dizajn a elegancia<\/h3>\n<ul>\n<li data-start=\"1795\" data-end=\"1865\">vonkaj\u0161\u00ed obklad z <strong data-start=\"1813\" data-end=\"1833\">orechov\u00e9ho dreva<\/strong> s luxusnou povrchovou \u00fapravou<\/li>\n<li data-start=\"1868\" data-end=\"1964\">pevn\u00e1 a elegantn\u00e1 kon\u0161trukcia vhodn\u00e1 pre <strong data-start=\"1909\" data-end=\"1962\">luxusn\u00e9 interi\u00e9ry, kancel\u00e1rie alebo antick\u00e9 \u0161t\u00fdly<\/strong><\/li>\n<li data-start=\"1967\" data-end=\"2049\">praktick\u00e9 a estetick\u00e9 usporiadanie vn\u00fatorn\u00e9ho priestoru pre cennosti a dokumenty<\/li>\n<\/ul>\n","protected":false},"excerpt":{"rendered":"<p>Evolution ESC \u2013 elegantn\u00fd trezor v antickom \u0161t\u00fdle (Technomax, Taliansko)<\/p>\n","protected":false},"featured_media":16517,"comment_status":"open","ping_status":"closed","template":"","meta":{"_monsterinsights_skip_tracking":false,"_monsterinsights_sitenote_active":false,"_monsterinsights_sitenote_note":"","_monsterinsights_sitenote_category":0},"product_brand":[785],"product_cat":[304,305,1443,559],"product_tag":[813],"class_list":{"0":"post-16518","1":"product","2":"type-product","3":"status-publish","4":"has-post-thumbnail","6":"product_brand-technomax","7":"product_cat-exkluzivne-trezory-na-zbrane","8":"product_cat-luxusne-skrine-na-zbrane","9":"product_cat-trezory_lltrezor","10":"product_cat-ohnuvzodrne-trezory-na-dokumenty","11":"product_tag-evolution","12":"product_shipping_class-od-1501-kg-do-200kg","13":"pa_bezpecnostna-trieda-bezpecnostnej-triedy-a-v-zmysle-normy-en-1300","14":"pa_bezpecnostna-trieda-s1-podla-normy-en-14450","15":"pa_material-drevo","16":"pa_material-ocel","17":"pa_miesto-instalacie-volne-stojace","18":"pa_typ-zamku-elektronicky-zamok","19":"pa_typ-zamku-mechanicky-zamok","20":"pa_vnutorna-hlbka-815","21":"pa_vnutorna-sirka-816","22":"pa_vnutorna-vyska-817","23":"pa_vnutorny-objem-814","24":"pa_vonkajsia-hlbka-818","25":"pa_vonkajsia-sirka-819","26":"pa_vonkajsia-vyska-820","27":"ts_product_brand-technomax","29":"first","30":"onbackorder","31":"taxable","32":"shipping-taxable","33":"purchasable","34":"product-type-variable"},"aioseo_notices":[],"jetpack_sharing_enabled":true,"_links":{"self":[{"href":"https:\/\/www.lltrezor.sk\/shop\/wp-json\/wp\/v2\/product\/16518","targetHints":{"allow":["GET"]}}],"collection":[{"href":"https:\/\/www.lltrezor.sk\/shop\/wp-json\/wp\/v2\/product"}],"about":[{"href":"https:\/\/www.lltrezor.sk\/shop\/wp-json\/wp\/v2\/types\/product"}],"replies":[{"embeddable":true,"href":"https:\/\/www.lltrezor.sk\/shop\/wp-json\/wp\/v2\/comments?post=16518"}],"wp:featuredmedia":[{"embeddable":true,"href":"https:\/\/www.lltrezor.sk\/shop\/wp-json\/wp\/v2\/media\/16517"}],"wp:attachment":[{"href":"https:\/\/www.lltrezor.sk\/shop\/wp-json\/wp\/v2\/media?parent=16518"}],"wp:term":[{"taxonomy":"product_brand","embeddable":true,"href":"https:\/\/www.lltrezor.sk\/shop\/wp-json\/wp\/v2\/product_brand?post=16518"},{"taxonomy":"product_cat","embeddable":true,"href":"https:\/\/www.lltrezor.sk\/shop\/wp-json\/wp\/v2\/product_cat?post=16518"},{"taxonomy":"product_tag","embeddable":true,"href":"https:\/\/www.lltrezor.sk\/shop\/wp-json\/wp\/v2\/product_tag?post=16518"}],"curies":[{"name":"wp","href":"https:\/\/api.w.org\/{rel}","templated":true}]}}