{"id":16502,"date":"2025-12-24T22:53:15","date_gmt":"2025-12-24T21:53:15","guid":{"rendered":"https:\/\/www.lltrezor.sk\/shop\/?post_type=product&#038;p=16502"},"modified":"2026-02-19T16:24:38","modified_gmt":"2026-02-19T15:24:38","slug":"secret-ck-trezor-na-kluce","status":"publish","type":"product","link":"https:\/\/www.lltrezor.sk\/shop\/product\/secret-ck-trezor-na-kluce\/","title":{"rendered":"SECRET CK &#8211; trezor na kl\u00fa\u010de"},"content":{"rendered":"<p data-start=\"126\" data-end=\"427\">Model <strong data-start=\"132\" data-end=\"155\">Technomax SECRET CK<\/strong> je profesion\u00e1lny trezor na k\u013e\u00fa\u010de vyroben\u00fd v Taliansku, navrhnut\u00fd pre maxim\u00e1lnu ochranu a dlhodob\u00fa spo\u013eahlivos\u0165. V\u010faka vysoko bezpe\u010dnostn\u00e9mu mechanick\u00e9mu z\u00e1mku najnov\u0161ej gener\u00e1cie je ide\u00e1lny pre hotely, autoservisy, realitn\u00e9 kancel\u00e1rie, \u0161koly, firmy aj verejn\u00e9 in\u0161tit\u00facie.<\/p>\n<hr data-start=\"429\" data-end=\"432\" \/>\n<h2 data-start=\"434\" data-end=\"481\">\ud83d\udd10 Vysoko bezpe\u010dnostn\u00fd z\u00e1mok novej gener\u00e1cie<\/h2>\n<p data-start=\"483\" data-end=\"590\">Trezor je vybaven\u00fd <strong data-start=\"502\" data-end=\"542\">8 asymetrick\u00fdmi a nez\u00e1visl\u00fdmi p\u00e1kami<\/strong>, certifikovan\u00fdmi pod\u013ea normy <strong data-start=\"572\" data-end=\"587\">UNI EN 1300<\/strong>.<\/p>\n<p data-start=\"592\" data-end=\"606\">Z\u00e1mok vyu\u017e\u00edva:<\/p>\n<ul>\n<li data-start=\"609\" data-end=\"652\">nov\u00e9 oscila\u010dn\u00e9 p\u00e1ky odoln\u00e9 proti zlomeniu<\/li>\n<li data-start=\"655\" data-end=\"681\">\u0161peci\u00e1lnu profilov\u00fa sie\u0165<\/li>\n<li data-start=\"684\" data-end=\"774\">vysok\u00fa odolnos\u0165 proti modern\u00fdm manipula\u010dn\u00fdm technik\u00e1m a \u0161peci\u00e1lnym n\u00e1strojom na vl\u00e1manie<\/li>\n<\/ul>\n<p data-start=\"776\" data-end=\"935\">S\u00fa\u010das\u0165ou je <strong data-start=\"788\" data-end=\"827\">dvojit\u00fd k\u013e\u00fa\u010d so \u0161peci\u00e1lnym profilom<\/strong>, ktor\u00fd je mo\u017en\u00e9 duplikova\u0165 v\u00fdhradne pomocou karty vlastn\u00edka \u2013 \u010d\u00edm sa zabra\u0148uje neopr\u00e1vnen\u00e9mu kop\u00edrovaniu.<\/p>\n<p data-start=\"937\" data-end=\"1018\">\u2714 K\u013e\u00fa\u010d nie je mo\u017en\u00e9 vytiahnu\u0165 pri vysunut\u00fdch z\u00e1vor\u00e1ch (vy\u0161\u0161ia bezpe\u010dnos\u0165 obsluhy)<\/p>\n<hr data-start=\"1020\" data-end=\"1023\" \/>\n<h2 data-start=\"1025\" data-end=\"1063\">\u2699\ufe0f Kon\u0161trukcia a bezpe\u010dnostn\u00e9 prvky<\/h2>\n<ul>\n<li data-start=\"1067\" data-end=\"1110\">Poniklovan\u00e9 oce\u013eov\u00e9 oto\u010dn\u00e9 z\u00e1vory \u00d8 22 mm<\/li>\n<li data-start=\"1113\" data-end=\"1171\">Z\u00e1mkov\u00fd mechanizmus chr\u00e1nen\u00fd mang\u00e1nov\u00fdm oce\u013eov\u00fdm plechom<\/li>\n<li data-start=\"1174\" data-end=\"1245\">Monoblokov\u00e1 oce\u013eov\u00e1 kon\u0161trukcia zv\u00e1ran\u00e1 a br\u00fasen\u00e1 robotick\u00fdmi syst\u00e9mami<\/li>\n<li data-start=\"1248\" data-end=\"1286\">Kovov\u00e9 h\u00e1\u010diky s nalepen\u00fdm \u010d\u00edslovan\u00edm<\/li>\n<li data-start=\"1289\" data-end=\"1369\">4 kotviace otvory na zadnej strane (upev\u0148ovacie hmo\u017edinky s\u00fa s\u00fa\u010das\u0165ou balenia)<\/li>\n<li data-start=\"1372\" data-end=\"1422\">Termosetov\u00e9 pr\u00e1\u0161kov\u00e9 lakovanie so su\u0161en\u00edm v peci<\/li>\n<\/ul>\n<p data-start=\"1424\" data-end=\"1534\">Robustn\u00e1 kon\u0161trukcia zabezpe\u010duje vysok\u00fa odolnos\u0165 proti mechanick\u00e9mu po\u0161kodeniu aj pokusom o n\u00e1siln\u00e9 otvorenie.<\/p>\n<hr data-start=\"1536\" data-end=\"1539\" \/>\n<h2 data-start=\"1541\" data-end=\"1574\">\ud83d\udce6 Dostupn\u00e9 varianty a rozmery<\/h2>\n<h3 data-start=\"1576\" data-end=\"1608\">\ud83d\udd39 SECRET CK\/40 \u2013 40 h\u00e1\u010dikov<\/h3>\n<p data-start=\"1609\" data-end=\"1750\">Vonkaj\u0161ie rozmery: <strong data-start=\"1628\" data-end=\"1662\">470 \u00d7 360 \u00d7 140 mm (V \u00d7 \u0160 \u00d7 H)<\/strong><br data-start=\"1662\" data-end=\"1665\" \/>Vn\u00fatorn\u00e9 rozmery: <strong data-start=\"1683\" data-end=\"1705\">460 \u00d7 350 \u00d7 120 mm<\/strong><br data-start=\"1705\" data-end=\"1708\" \/>Hmotnos\u0165: <strong data-start=\"1718\" data-end=\"1727\">25 kg<\/strong><br data-start=\"1727\" data-end=\"1730\" \/>Objem: <strong data-start=\"1737\" data-end=\"1750\">20 litrov<\/strong><\/p>\n<h3 data-start=\"1752\" data-end=\"1808\">\ud83d\udd39 SECRET CK\/120 \u2013 120 h\u00e1\u010dikov s vn\u00fatornou z\u00e1stavkou<\/h3>\n<p data-start=\"1809\" data-end=\"1950\">Vonkaj\u0161ie rozmery: <strong data-start=\"1828\" data-end=\"1862\">470 \u00d7 360 \u00d7 140 mm (V \u00d7 \u0160 \u00d7 H)<\/strong><br data-start=\"1862\" data-end=\"1865\" \/>Vn\u00fatorn\u00e9 rozmery: <strong data-start=\"1883\" data-end=\"1905\">460 \u00d7 350 \u00d7 120 mm<\/strong><br data-start=\"1905\" data-end=\"1908\" \/>Hmotnos\u0165: <strong data-start=\"1918\" data-end=\"1927\">27 kg<\/strong><br data-start=\"1927\" data-end=\"1930\" \/>Objem: <strong data-start=\"1937\" data-end=\"1950\">20 litrov<\/strong><\/p>\n<hr data-start=\"1952\" data-end=\"1955\" \/>\n<h2 data-start=\"1957\" data-end=\"1983\">\ud83c\udfe2 Ide\u00e1lne rie\u0161enie pre<\/h2>\n<ul>\n<li data-start=\"1987\" data-end=\"2006\">hotely a penzi\u00f3ny<\/li>\n<li data-start=\"2009\" data-end=\"2035\">autoservisy a autosal\u00f3ny<\/li>\n<li data-start=\"2038\" data-end=\"2059\">realitn\u00e9 kancel\u00e1rie<\/li>\n<li data-start=\"2062\" data-end=\"2096\">v\u00fdrobn\u00e9 a administrat\u00edvne budovy<\/li>\n<li data-start=\"2099\" data-end=\"2127\">\u0161koly a verejn\u00e9 in\u0161tit\u00facie<\/li>\n<\/ul>\n<hr data-start=\"2129\" data-end=\"2132\" \/>\n<h3 data-start=\"2134\" data-end=\"2174\">Pre\u010do si vybra\u0165 Technomax SECRET CK?<\/h3>\n<p data-start=\"2176\" data-end=\"2401\">\u2714 Talianska v\u00fdroba a prec\u00edzne spracovanie<br data-start=\"2217\" data-end=\"2220\" \/>\u2714 Certifikovan\u00fd bezpe\u010dnostn\u00fd z\u00e1mok UNI EN 1300<br data-start=\"2266\" data-end=\"2269\" \/>\u2714 Ochrana proti neopr\u00e1vnen\u00e9mu kop\u00edrovaniu k\u013e\u00fa\u010dov<br data-start=\"2317\" data-end=\"2320\" \/>\u2714 Vysok\u00e1 mechanick\u00e1 odolnos\u0165<br data-start=\"2348\" data-end=\"2351\" \/>\u2714 Profesion\u00e1lne rie\u0161enie spr\u00e1vy a ochrany k\u013e\u00fa\u010dov<\/p>\n<p data-start=\"2403\" data-end=\"2560\" data-is-last-node=\"\" data-is-only-node=\"\">Ak h\u013ead\u00e1te <strong data-start=\"2414\" data-end=\"2472\">mechanick\u00fd trezor na k\u013e\u00fa\u010de s najvy\u0161\u0161ou \u00farov\u0148ou ochrany<\/strong>, model Technomax SECRET CK predstavuje spo\u013eahliv\u00fa a dlhodob\u00fa invest\u00edciu do bezpe\u010dnosti.<\/p>\n","protected":false},"excerpt":{"rendered":"<p>trezor na k\u013e\u00face<\/p>\n","protected":false},"featured_media":16503,"comment_status":"open","ping_status":"closed","template":"","meta":{"_monsterinsights_skip_tracking":false,"_monsterinsights_sitenote_active":false,"_monsterinsights_sitenote_note":"","_monsterinsights_sitenote_category":0},"product_brand":[785],"product_cat":[1518],"product_tag":[1311,1310],"class_list":{"0":"post-16502","1":"product","2":"type-product","3":"status-publish","4":"has-post-thumbnail","6":"product_brand-technomax","7":"product_cat-skrine-na-kluce","8":"product_tag-secret","9":"product_tag-trezor-na-kluce","10":"product_shipping_class-od-101-kg-do-25kg","11":"pa_bezpecnostna-trieda-bezpecnostnej-triedy-a-v-zmysle-normy-en-1300","12":"pa_material-ocel","13":"pa_miesto-instalacie-pripevnitelne-k-stene","14":"pa_vnutorna-hlbka-1629","15":"pa_vnutorna-sirka-1452","16":"pa_vnutorna-vyska-1630","17":"pa_vonkajsia-hlbka-1627","18":"pa_vonkajsia-sirka-1430","19":"pa_vonkajsia-vyska-1628","20":"ts_product_brand-technomax","22":"first","23":"onbackorder","24":"taxable","25":"shipping-taxable","26":"purchasable","27":"product-type-variable"},"aioseo_notices":[],"jetpack_sharing_enabled":true,"_links":{"self":[{"href":"https:\/\/www.lltrezor.sk\/shop\/wp-json\/wp\/v2\/product\/16502","targetHints":{"allow":["GET"]}}],"collection":[{"href":"https:\/\/www.lltrezor.sk\/shop\/wp-json\/wp\/v2\/product"}],"about":[{"href":"https:\/\/www.lltrezor.sk\/shop\/wp-json\/wp\/v2\/types\/product"}],"replies":[{"embeddable":true,"href":"https:\/\/www.lltrezor.sk\/shop\/wp-json\/wp\/v2\/comments?post=16502"}],"wp:featuredmedia":[{"embeddable":true,"href":"https:\/\/www.lltrezor.sk\/shop\/wp-json\/wp\/v2\/media\/16503"}],"wp:attachment":[{"href":"https:\/\/www.lltrezor.sk\/shop\/wp-json\/wp\/v2\/media?parent=16502"}],"wp:term":[{"taxonomy":"product_brand","embeddable":true,"href":"https:\/\/www.lltrezor.sk\/shop\/wp-json\/wp\/v2\/product_brand?post=16502"},{"taxonomy":"product_cat","embeddable":true,"href":"https:\/\/www.lltrezor.sk\/shop\/wp-json\/wp\/v2\/product_cat?post=16502"},{"taxonomy":"product_tag","embeddable":true,"href":"https:\/\/www.lltrezor.sk\/shop\/wp-json\/wp\/v2\/product_tag?post=16502"}],"curies":[{"name":"wp","href":"https:\/\/api.w.org\/{rel}","templated":true}]}}