{"id":16498,"date":"2025-12-24T22:46:27","date_gmt":"2025-12-24T21:46:27","guid":{"rendered":"https:\/\/www.lltrezor.sk\/shop\/?post_type=product&#038;p=16498"},"modified":"2026-02-19T16:25:16","modified_gmt":"2026-02-19T15:25:16","slug":"secret-fk-trezor-na-kluce","status":"publish","type":"product","link":"https:\/\/www.lltrezor.sk\/shop\/product\/secret-fk-trezor-na-kluce\/","title":{"rendered":"SECRET FK &#8211; trezor na kl\u00fa\u010de"},"content":{"rendered":"<p data-start=\"110\" data-end=\"431\">Model <strong data-start=\"116\" data-end=\"139\">Technomax SECRET FK<\/strong> je kvalitn\u00fd mechanick\u00fd trezor na k\u013e\u00fa\u010de vyroben\u00fd v Taliansku, ur\u010den\u00fd pre bezpe\u010dn\u00e9 ulo\u017eenie men\u0161ieho po\u010dtu k\u013e\u00fa\u010dov v kancel\u00e1ri\u00e1ch, firm\u00e1ch, hoteloch \u010di spr\u00e1vcovsk\u00fdch spolo\u010dnostiach. V\u010faka vysoko bezpe\u010dnostn\u00e9mu z\u00e1mku najnov\u0161ej gener\u00e1cie poskytuje spo\u013eahliv\u00fa ochranu proti neopr\u00e1vnen\u00e9mu pr\u00edstupu.<\/p>\n<hr data-start=\"433\" data-end=\"436\" \/>\n<h2 data-start=\"438\" data-end=\"480\">\ud83d\udd10 Vysoko bezpe\u010dnostn\u00fd mechanick\u00fd z\u00e1mok<\/h2>\n<p data-start=\"482\" data-end=\"595\">Trezor je vybaven\u00fd z\u00e1mkom s <strong data-start=\"510\" data-end=\"550\">8 asymetrick\u00fdmi a nez\u00e1visl\u00fdmi p\u00e1kami<\/strong>, certifikovan\u00fdm pod\u013ea normy <strong data-start=\"579\" data-end=\"594\">UNI EN 1300<\/strong>.<\/p>\n<p data-start=\"597\" data-end=\"625\">Bezpe\u010dnostn\u00fd syst\u00e9m vyu\u017e\u00edva:<\/p>\n<ul>\n<li data-start=\"628\" data-end=\"671\">nov\u00e9 oscila\u010dn\u00e9 p\u00e1ky odoln\u00e9 proti zlomeniu<\/li>\n<li data-start=\"674\" data-end=\"707\">\u0161peci\u00e1lne profilov\u00e9 podbradn\u00edky<\/li>\n<li data-start=\"710\" data-end=\"801\">vysok\u00fa odolnos\u0165 vo\u010di modern\u00fdm manipula\u010dn\u00fdm technik\u00e1m a \u0161peci\u00e1lnym n\u00e1strojom na odomykanie<\/li>\n<\/ul>\n<p data-start=\"803\" data-end=\"962\">S\u00fa\u010das\u0165ou balenia je <strong data-start=\"823\" data-end=\"862\">dvojit\u00fd k\u013e\u00fa\u010d so \u0161peci\u00e1lnym profilom<\/strong>, ktor\u00fd je mo\u017en\u00e9 duplikova\u0165 iba pomocou karty vlastn\u00edka, \u010d\u00edm sa zabra\u0148uje neopr\u00e1vnen\u00e9mu kop\u00edrovaniu.<\/p>\n<p data-start=\"964\" data-end=\"1060\">\u2714 K\u013e\u00fa\u010d nie je mo\u017en\u00e9 vytiahnu\u0165 pri zasunut\u00fdch z\u00e1vor\u00e1ch \u2013 vy\u0161\u0161ia \u00farove\u0148 bezpe\u010dnosti pri uzamknut\u00ed.<\/p>\n<hr data-start=\"1062\" data-end=\"1065\" \/>\n<h2 data-start=\"1067\" data-end=\"1107\">\u2699\ufe0f Kon\u0161trukcia a technick\u00e9 prevedenie<\/h2>\n<ul>\n<li data-start=\"1111\" data-end=\"1154\">Oto\u010dn\u00e9 poniklovan\u00e9 oce\u013eov\u00e9 z\u00e1vory \u00d8 22 mm<\/li>\n<li data-start=\"1157\" data-end=\"1215\">Z\u00e1mkov\u00fd mechanizmus chr\u00e1nen\u00fd mang\u00e1nov\u00fdm oce\u013eov\u00fdm plechom<\/li>\n<li data-start=\"1218\" data-end=\"1283\">Kon\u0161trukcia oh\u00fdban\u00e1 a zv\u00e1ran\u00e1 automatick\u00fdmi robotick\u00fdmi syst\u00e9mami<\/li>\n<li data-start=\"1286\" data-end=\"1347\">20 vn\u00fatorn\u00fdch kovov\u00fdch h\u00e1\u010dikov na preh\u013eadn\u00e9 ulo\u017eenie k\u013e\u00fa\u010dov<\/li>\n<li data-start=\"1350\" data-end=\"1430\">2 kotviace otvory na zadnej strane (upev\u0148ovacie hmo\u017edinky s\u00fa s\u00fa\u010das\u0165ou balenia)<\/li>\n<li data-start=\"1433\" data-end=\"1483\">Termosetov\u00e9 pr\u00e1\u0161kov\u00e9 lakovanie so su\u0161en\u00edm v peci<\/li>\n<\/ul>\n<p data-start=\"1485\" data-end=\"1603\">Robustn\u00e1 oce\u013eov\u00e1 kon\u0161trukcia zabezpe\u010duje vysok\u00fa odolnos\u0165 proti mechanick\u00e9mu po\u0161kodeniu aj pokusom o n\u00e1siln\u00e9 otvorenie.<\/p>\n<hr data-start=\"1605\" data-end=\"1608\" \/>\n<h2 data-start=\"1610\" data-end=\"1632\">\ud83c\udfe2 Ide\u00e1lne pou\u017eitie<\/h2>\n<ul>\n<li data-start=\"1636\" data-end=\"1676\">kancel\u00e1rie a administrat\u00edvne priestory<\/li>\n<li data-start=\"1679\" data-end=\"1698\">hotely a penzi\u00f3ny<\/li>\n<li data-start=\"1701\" data-end=\"1722\">realitn\u00e9 kancel\u00e1rie<\/li>\n<li data-start=\"1725\" data-end=\"1750\">spr\u00e1vcovsk\u00e9 spolo\u010dnosti<\/li>\n<li data-start=\"1753\" data-end=\"1779\">men\u0161ie prev\u00e1dzky a firmy<\/li>\n<\/ul>\n<hr data-start=\"1781\" data-end=\"1784\" \/>\n<h3 data-start=\"1786\" data-end=\"1826\">Pre\u010do si vybra\u0165 Technomax SECRET FK?<\/h3>\n<p data-start=\"1828\" data-end=\"2054\">\u2714 Talianska v\u00fdroba a prec\u00edzne spracovanie<br data-start=\"1869\" data-end=\"1872\" \/>\u2714 Certifikovan\u00fd mechanick\u00fd z\u00e1mok UNI EN 1300<br data-start=\"1916\" data-end=\"1919\" \/>\u2714 Ochrana proti neopr\u00e1vnen\u00e9mu kop\u00edrovaniu k\u013e\u00fa\u010dov<br data-start=\"1967\" data-end=\"1970\" \/>\u2714 Pevn\u00e1 oce\u013eov\u00e1 kon\u0161trukcia<br data-start=\"1997\" data-end=\"2000\" \/>\u2714 Praktick\u00e9 rie\u0161enie pre bezpe\u010dn\u00e9 ulo\u017eenie 20 k\u013e\u00fa\u010dov<\/p>\n<p data-start=\"2056\" data-end=\"2216\" data-is-last-node=\"\" data-is-only-node=\"\">Ak h\u013ead\u00e1te <strong data-start=\"2067\" data-end=\"2139\">spo\u013eahliv\u00fd mechanick\u00fd trezor na k\u013e\u00fa\u010de s vysokou \u00farov\u0148ou zabezpe\u010denia<\/strong>, model Technomax SECRET FK je profesion\u00e1lnou vo\u013ebou pre ka\u017edodenn\u00e9 pou\u017eitie.<\/p>\n","protected":false},"excerpt":{"rendered":"<p>Taliansky trezor na k\u013e\u00fa\u010de Technomax SECRET FK \u2013 mechanick\u00fd z\u00e1mok UNI EN 1300.<\/p>\n","protected":false},"featured_media":16499,"comment_status":"open","ping_status":"closed","template":"","meta":{"_monsterinsights_skip_tracking":false,"_monsterinsights_sitenote_active":false,"_monsterinsights_sitenote_note":"","_monsterinsights_sitenote_category":0},"product_brand":[785],"product_cat":[1518],"product_tag":[1311,1310],"class_list":{"0":"post-16498","1":"product","2":"type-product","3":"status-publish","4":"has-post-thumbnail","6":"product_brand-technomax","7":"product_cat-skrine-na-kluce","8":"product_tag-secret","9":"product_tag-trezor-na-kluce","10":"product_shipping_class-do-10kg","11":"pa_bezpecnostna-trieda-1306","12":"pa_material-ocel","13":"pa_miesto-instalacie-pripevnitelne-k-stene","14":"pa_vnutorna-hlbka-1631","15":"pa_vnutorna-vyska-1633","16":"pa_vnutorny-objem-850","17":"pa_vonkajsia-hlbka-805","18":"pa_vonkajsia-sirka-887","19":"pa_vonkajsia-vyska-867","20":"ts_product_brand-technomax","22":"first","23":"onbackorder","24":"taxable","25":"shipping-taxable","26":"purchasable","27":"product-type-simple"},"aioseo_notices":[],"jetpack_sharing_enabled":true,"_links":{"self":[{"href":"https:\/\/www.lltrezor.sk\/shop\/wp-json\/wp\/v2\/product\/16498","targetHints":{"allow":["GET"]}}],"collection":[{"href":"https:\/\/www.lltrezor.sk\/shop\/wp-json\/wp\/v2\/product"}],"about":[{"href":"https:\/\/www.lltrezor.sk\/shop\/wp-json\/wp\/v2\/types\/product"}],"replies":[{"embeddable":true,"href":"https:\/\/www.lltrezor.sk\/shop\/wp-json\/wp\/v2\/comments?post=16498"}],"wp:featuredmedia":[{"embeddable":true,"href":"https:\/\/www.lltrezor.sk\/shop\/wp-json\/wp\/v2\/media\/16499"}],"wp:attachment":[{"href":"https:\/\/www.lltrezor.sk\/shop\/wp-json\/wp\/v2\/media?parent=16498"}],"wp:term":[{"taxonomy":"product_brand","embeddable":true,"href":"https:\/\/www.lltrezor.sk\/shop\/wp-json\/wp\/v2\/product_brand?post=16498"},{"taxonomy":"product_cat","embeddable":true,"href":"https:\/\/www.lltrezor.sk\/shop\/wp-json\/wp\/v2\/product_cat?post=16498"},{"taxonomy":"product_tag","embeddable":true,"href":"https:\/\/www.lltrezor.sk\/shop\/wp-json\/wp\/v2\/product_tag?post=16498"}],"curies":[{"name":"wp","href":"https:\/\/api.w.org\/{rel}","templated":true}]}}