{"id":16489,"date":"2025-12-24T22:02:51","date_gmt":"2025-12-24T21:02:51","guid":{"rendered":"https:\/\/www.lltrezor.sk\/shop\/?post_type=product&#038;p=16489"},"modified":"2026-02-19T16:26:26","modified_gmt":"2026-02-19T15:26:26","slug":"sekur-large-key","status":"publish","type":"product","link":"https:\/\/www.lltrezor.sk\/shop\/product\/sekur-large-key\/","title":{"rendered":"SEKUR LARGE Key"},"content":{"rendered":"<p data-start=\"118\" data-end=\"410\">Model <strong data-start=\"124\" data-end=\"153\">Technomax SEKUR LARGE Key<\/strong> je robustn\u00fd trezor talianskej v\u00fdroby s vysoko bezpe\u010dnostn\u00fdm mechanick\u00fdm z\u00e1mkom. Je navrhnut\u00fd pre maxim\u00e1lnu ochranu cennost\u00ed, dokumentov a z\u00e1rove\u0148 je vhodn\u00fd aj na bezpe\u010dn\u00e9 uskladnenie streliva alebo kr\u00e1tkych zbran\u00ed v dom\u00e1cnostiach \u010di komer\u010dn\u00fdch priestoroch.<\/p>\n<hr data-start=\"412\" data-end=\"415\" \/>\n<h2 data-start=\"417\" data-end=\"464\">\ud83d\udd10 Vysoko bezpe\u010dnostn\u00fd z\u00e1mok novej gener\u00e1cie<\/h2>\n<p data-start=\"466\" data-end=\"591\">Trezor je vybaven\u00fd mechanick\u00fdm z\u00e1mkom s <strong data-start=\"506\" data-end=\"546\">8 asymetrick\u00fdmi a nez\u00e1visl\u00fdmi p\u00e1kami<\/strong>, certifikovan\u00fdm pod\u013ea normy <strong data-start=\"575\" data-end=\"590\">UNI EN 1300<\/strong>.<\/p>\n<p data-start=\"593\" data-end=\"628\">Bezpe\u010dnostn\u00fd syst\u00e9m je zalo\u017een\u00fd na:<\/p>\n<ul>\n<li data-start=\"631\" data-end=\"682\">nov\u00fdch oscila\u010dn\u00fdch p\u00e1kach odoln\u00fdch proti zlomeniu<\/li>\n<li data-start=\"685\" data-end=\"714\">\u0161peci\u00e1lnej profilovej sieti<\/li>\n<li data-start=\"717\" data-end=\"808\">vysokej odolnosti vo\u010di modern\u00fdm manipula\u010dn\u00fdm technik\u00e1m a \u0161peci\u00e1lnym n\u00e1strojom na vl\u00e1manie<\/li>\n<\/ul>\n<p data-start=\"810\" data-end=\"970\">S\u00fa\u010das\u0165ou balenia je <strong data-start=\"830\" data-end=\"869\">dvojit\u00fd k\u013e\u00fa\u010d so \u0161peci\u00e1lnym profilom<\/strong>, ktor\u00fd je mo\u017en\u00e9 duplikova\u0165 iba pomocou karty vlastn\u00edka \u2013 \u010d\u00edm sa zabra\u0148uje neopr\u00e1vnen\u00e9mu kop\u00edrovaniu.<\/p>\n<p data-start=\"972\" data-end=\"1060\">\u2714 K\u013e\u00fa\u010d nie je mo\u017en\u00e9 vytiahnu\u0165 pri zasunut\u00fdch z\u00e1vor\u00e1ch (zv\u00fd\u0161en\u00e1 bezpe\u010dnos\u0165 pri uzamknut\u00ed)<\/p>\n<hr data-start=\"1062\" data-end=\"1065\" \/>\n<h2 data-start=\"1067\" data-end=\"1102\">\ud83d\udee1\ufe0f Robustn\u00e1 oce\u013eov\u00e1 kon\u0161trukcia<\/h2>\n<ul>\n<li data-start=\"1106\" data-end=\"1150\">Poniklovan\u00e9 oto\u010dn\u00e9 oce\u013eov\u00e9 z\u00e1padky \u00d8 22 mm<\/li>\n<li data-start=\"1153\" data-end=\"1211\">Z\u00e1mkov\u00fd mechanizmus chr\u00e1nen\u00fd mang\u00e1nov\u00fdm oce\u013eov\u00fdm plechom<\/li>\n<li data-start=\"1214\" data-end=\"1291\">Monoblokov\u00e1 kon\u0161trukcia zv\u00e1ran\u00e1 a br\u00fasen\u00e1 automatick\u00fdmi robotick\u00fdmi syst\u00e9mami<\/li>\n<li data-start=\"1294\" data-end=\"1348\">Robustn\u00e9 vn\u00fatorn\u00e9 zvary vyroben\u00e9 robotick\u00fdm syst\u00e9mom<\/li>\n<li data-start=\"1351\" data-end=\"1404\">2 vn\u00fatorn\u00e9 police pre preh\u013eadn\u00e9 usporiadanie obsahu<\/li>\n<li data-start=\"1407\" data-end=\"1459\">Upev\u0148ovacie otvory na dne aj zadnej strane (4 + 4)<\/li>\n<li data-start=\"1462\" data-end=\"1505\">Upev\u0148ovacie hmo\u017edinky s\u00fa s\u00fa\u010das\u0165ou balenia<\/li>\n<li data-start=\"1508\" data-end=\"1558\">Termosetov\u00e9 pr\u00e1\u0161kov\u00e9 lakovanie so su\u0161en\u00edm v peci<\/li>\n<\/ul>\n<p data-start=\"1560\" data-end=\"1636\">Mas\u00edvna kon\u0161trukcia zabezpe\u010duje vysok\u00fa mechanick\u00fa odolnos\u0165 a dlh\u00fa \u017eivotnos\u0165.<\/p>\n<hr data-start=\"1638\" data-end=\"1641\" \/>\n<h2 data-start=\"1643\" data-end=\"1665\">\ud83c\udfe0 Ide\u00e1lne vyu\u017eitie<\/h2>\n<ul>\n<li data-start=\"1669\" data-end=\"1704\">bezpe\u010dn\u00e9 ulo\u017eenie kr\u00e1tkych zbran\u00ed<\/li>\n<li data-start=\"1707\" data-end=\"1729\">uskladnenie streliva<\/li>\n<li data-start=\"1732\" data-end=\"1773\">ochrana dokumentov, hotovosti a \u0161perkov<\/li>\n<li data-start=\"1776\" data-end=\"1797\">dom\u00e1cnosti aj firmy<\/li>\n<li data-start=\"1800\" data-end=\"1840\">kancel\u00e1rie a administrat\u00edvne priestory<\/li>\n<\/ul>\n<hr data-start=\"1842\" data-end=\"1845\" \/>\n<h3 data-start=\"1847\" data-end=\"1893\">Pre\u010do si vybra\u0165 Technomax SEKUR LARGE Key?<\/h3>\n<p data-start=\"1895\" data-end=\"2144\">\u2714 Talianska v\u00fdroba a prec\u00edzne spracovanie<br data-start=\"1936\" data-end=\"1939\" \/>\u2714 Certifikovan\u00fd mechanick\u00fd z\u00e1mok UNI EN 1300<br data-start=\"1983\" data-end=\"1986\" \/>\u2714 Ochrana proti neopr\u00e1vnen\u00e9mu kop\u00edrovaniu k\u013e\u00fa\u010dov<br data-start=\"2034\" data-end=\"2037\" \/>\u2714 Vhodn\u00fd aj pre ulo\u017eenie zbran\u00ed a streliva<br data-start=\"2079\" data-end=\"2082\" \/>\u2714 Robustn\u00e1 oce\u013eov\u00e1 kon\u0161trukcia s profesion\u00e1lnym zabezpe\u010den\u00edm<\/p>\n<p data-start=\"2146\" data-end=\"2332\" data-is-last-node=\"\" data-is-only-node=\"\">Ak h\u013ead\u00e1te <strong data-start=\"2157\" data-end=\"2236\">spo\u013eahliv\u00fd mechanick\u00fd trezor na zbrane a cennosti s vysokou \u00farov\u0148ou ochrany<\/strong>, model Technomax SEKUR LARGE Key je bezpe\u010dnou a dlhodobou invest\u00edciou do ochrany v\u00e1\u0161ho majetku.<\/p>\n","protected":false},"excerpt":{"rendered":"<p>Trezor na zbrane a cennosti <span class=\"hover:entity-accent entity-underline inline cursor-pointer align-baseline\"><span class=\"whitespace-normal\">Technomax<\/span><\/span> SEKUR LARGE Key \u2013 mechanick\u00fd z\u00e1mok UNI EN 1300<\/p>\n","protected":false},"featured_media":16490,"comment_status":"open","ping_status":"closed","template":"","meta":{"_monsterinsights_skip_tracking":false,"_monsterinsights_sitenote_active":false,"_monsterinsights_sitenote_note":"","_monsterinsights_sitenote_category":0},"product_brand":[785],"product_cat":[111,131,224],"product_tag":[944,1308],"class_list":{"0":"post-16489","1":"product","2":"type-product","3":"status-publish","4":"has-post-thumbnail","6":"product_brand-technomax","7":"product_cat-nabytkove-trezory","8":"product_cat-skrine-a-schranky-na-strelivo","9":"product_cat-skrine-na-kratke-zbrane","10":"product_tag-sekur","11":"product_tag-sekur-large","12":"product_shipping_class-od-401-kg-do-70kg","13":"pa_bezpecnostna-trieda-bezpecnostnej-triedy-a-v-zmysle-normy-en-1300","14":"pa_material-ocel","15":"pa_miesto-instalacie-volne-stojace","16":"pa_vnutorna-hlbka-536","17":"pa_vnutorna-sirka-810","18":"pa_vnutorna-vyska-811","19":"pa_vnutorny-objem-809","20":"pa_vonkajsia-hlbka-844","21":"pa_vonkajsia-sirka-965","22":"pa_vonkajsia-vyska-966","23":"ts_product_brand-technomax","25":"first","26":"instock","27":"featured","28":"taxable","29":"shipping-taxable","30":"purchasable","31":"product-type-simple"},"aioseo_notices":[],"jetpack_sharing_enabled":true,"_links":{"self":[{"href":"https:\/\/www.lltrezor.sk\/shop\/wp-json\/wp\/v2\/product\/16489","targetHints":{"allow":["GET"]}}],"collection":[{"href":"https:\/\/www.lltrezor.sk\/shop\/wp-json\/wp\/v2\/product"}],"about":[{"href":"https:\/\/www.lltrezor.sk\/shop\/wp-json\/wp\/v2\/types\/product"}],"replies":[{"embeddable":true,"href":"https:\/\/www.lltrezor.sk\/shop\/wp-json\/wp\/v2\/comments?post=16489"}],"wp:featuredmedia":[{"embeddable":true,"href":"https:\/\/www.lltrezor.sk\/shop\/wp-json\/wp\/v2\/media\/16490"}],"wp:attachment":[{"href":"https:\/\/www.lltrezor.sk\/shop\/wp-json\/wp\/v2\/media?parent=16489"}],"wp:term":[{"taxonomy":"product_brand","embeddable":true,"href":"https:\/\/www.lltrezor.sk\/shop\/wp-json\/wp\/v2\/product_brand?post=16489"},{"taxonomy":"product_cat","embeddable":true,"href":"https:\/\/www.lltrezor.sk\/shop\/wp-json\/wp\/v2\/product_cat?post=16489"},{"taxonomy":"product_tag","embeddable":true,"href":"https:\/\/www.lltrezor.sk\/shop\/wp-json\/wp\/v2\/product_tag?post=16489"}],"curies":[{"name":"wp","href":"https:\/\/api.w.org\/{rel}","templated":true}]}}