{"id":16484,"date":"2025-12-24T21:48:21","date_gmt":"2025-12-24T20:48:21","guid":{"rendered":"https:\/\/www.lltrezor.sk\/shop\/?post_type=product&#038;p=16484"},"modified":"2026-02-18T21:32:10","modified_gmt":"2026-02-18T20:32:10","slug":"moby-light-el","status":"publish","type":"product","link":"https:\/\/www.lltrezor.sk\/shop\/product\/moby-light-el\/","title":{"rendered":"MOBY LIGHT EL"},"content":{"rendered":"<p data-start=\"116\" data-end=\"386\">Model <strong data-start=\"122\" data-end=\"149\">Technomax MOBY LIGHT EL<\/strong> je kvalitn\u00fd taliansky elektronick\u00fd trezor vhodn\u00fd pre hotely, kancel\u00e1rie aj dom\u00e1cnosti. V\u010faka kompaktn\u00fdm rozmerom, modernej elektronike a elegantn\u00e9mu prevedeniu je ide\u00e1lny na bezpe\u010dn\u00e9 ulo\u017eenie dokumentov, hotovosti, \u0161perkov \u010di notebooku.<\/p>\n<hr data-start=\"388\" data-end=\"391\" \/>\n<h2 data-start=\"393\" data-end=\"428\">\ud83d\udd10 Spo\u013eahliv\u00fd elektronick\u00fd z\u00e1mok<\/h2>\n<ul>\n<li data-start=\"432\" data-end=\"492\">Z\u00e1mok ovl\u00e1dan\u00fd vysoko spo\u013eahliv\u00fdm elektronick\u00fdm zariaden\u00edm<\/li>\n<li data-start=\"495\" data-end=\"565\">Energeticky nez\u00e1visl\u00e1 pam\u00e4\u0165 (uchovanie nastaven\u00ed pri v\u00fdmene bat\u00e9rie)<\/li>\n<li data-start=\"568\" data-end=\"618\">Otv\u00e1ranie\/zatv\u00e1ranie pomocou ovl\u00e1dacieho gomb\u00edka<\/li>\n<li data-start=\"621\" data-end=\"650\">Elektromagnetick\u00e9 zamykanie<\/li>\n<li data-start=\"653\" data-end=\"706\">Membr\u00e1nov\u00e1 kl\u00e1vesnica so 4 samostatn\u00fdmi LED di\u00f3dami<\/li>\n<li data-start=\"709\" data-end=\"784\">Zvukov\u00e9 a vizu\u00e1lne upozornenia (potvrdenie zadania, chyba, slab\u00e1 bat\u00e9ria)<\/li>\n<\/ul>\n<h3 data-start=\"786\" data-end=\"799\">Nap\u00e1janie<\/h3>\n<ul>\n<li data-start=\"802\" data-end=\"853\">1\u00d7 9V alkalick\u00e1 bat\u00e9ria (nie je s\u00fa\u010das\u0165ou balenia)<\/li>\n<li data-start=\"856\" data-end=\"907\">Kontakty pre extern\u00fa bat\u00e9riu priamo na kl\u00e1vesnici<\/li>\n<\/ul>\n<p data-start=\"909\" data-end=\"1079\">Na po\u017eiadanie je mo\u017en\u00e9 v\u0161etky modely vybavi\u0165 <strong data-start=\"954\" data-end=\"988\">n\u00fadzov\u00fdm mechanick\u00fdm otvoren\u00edm<\/strong> s vysoko bezpe\u010dnostn\u00fdm dvojzub\u00fdm k\u013e\u00fa\u010dom (ozna\u010denie modelu s p\u00edsmenom \u201eP\u201c \u2013 napr. 728\/ELP).<\/p>\n<hr data-start=\"1081\" data-end=\"1084\" \/>\n<h2 data-start=\"1086\" data-end=\"1125\">\ud83d\udee1\ufe0f Kon\u0161trukcia a bezpe\u010dnostn\u00e9 prvky<\/h2>\n<ul>\n<li data-start=\"1129\" data-end=\"1177\">Poniklovan\u00e9 oce\u013eov\u00e9 uzamykacie skrutky \u00d8 18 mm<\/li>\n<li data-start=\"1180\" data-end=\"1230\">Vn\u00fatorn\u00e1 polica pre lep\u0161iu organiz\u00e1ciu priestoru<\/li>\n<li data-start=\"1233\" data-end=\"1284\">Upev\u0148ovacie otvory na dne a zadnej strane (2 + 2)<\/li>\n<li data-start=\"1287\" data-end=\"1330\">Upev\u0148ovacie hmo\u017edinky s\u00fa s\u00fa\u010das\u0165ou balenia<\/li>\n<li data-start=\"1333\" data-end=\"1366\">Elegantn\u00e1 podlo\u017eka na podstavci<\/li>\n<li data-start=\"1369\" data-end=\"1419\">Termosetov\u00e9 pr\u00e1\u0161kov\u00e9 lakovanie so su\u0161en\u00edm v peci<\/li>\n<\/ul>\n<hr data-start=\"1421\" data-end=\"1424\" \/>\n<h2 data-start=\"1426\" data-end=\"1460\">\ud83d\udcd0 Dostupn\u00e9 rozmery a parametre<\/h2>\n<h3 data-start=\"1462\" data-end=\"1475\">\ud83d\udd39 728\/EL<\/h3>\n<p data-start=\"1476\" data-end=\"1612\">Vonkaj\u0161ie rozmery: <strong data-start=\"1495\" data-end=\"1529\">200 \u00d7 310 \u00d7 280 mm (V \u00d7 \u0160 \u00d7 H)<\/strong><br data-start=\"1529\" data-end=\"1532\" \/>Vn\u00fatorn\u00e9 rozmery: <strong data-start=\"1550\" data-end=\"1572\">195 \u00d7 306 \u00d7 215 mm<\/strong><br data-start=\"1572\" data-end=\"1575\" \/>Hmotnos\u0165: <strong data-start=\"1585\" data-end=\"1594\">10 kg<\/strong><br data-start=\"1594\" data-end=\"1597\" \/>Objem: <strong data-start=\"1604\" data-end=\"1612\">13 l<\/strong><\/p>\n<h3 data-start=\"1614\" data-end=\"1627\">\ud83d\udd39 730\/EL<\/h3>\n<p data-start=\"1628\" data-end=\"1766\">Vonkaj\u0161ie rozmery: <strong data-start=\"1647\" data-end=\"1681\">220 \u00d7 350 \u00d7 300 mm (V \u00d7 \u0160 \u00d7 H)<\/strong><br data-start=\"1681\" data-end=\"1684\" \/>Vn\u00fatorn\u00e9 rozmery: <strong data-start=\"1702\" data-end=\"1724\">215 \u00d7 346 \u00d7 235 mm<\/strong><br data-start=\"1724\" data-end=\"1727\" \/>Hmotnos\u0165: <strong data-start=\"1737\" data-end=\"1748\">13,5 kg<\/strong><br data-start=\"1748\" data-end=\"1751\" \/>Objem: <strong data-start=\"1758\" data-end=\"1766\">19 l<\/strong><\/p>\n<h3 data-start=\"1768\" data-end=\"1781\">\ud83d\udd39 745\/EL<\/h3>\n<p data-start=\"1782\" data-end=\"1972\">Vonkaj\u0161ie rozmery: <strong data-start=\"1801\" data-end=\"1835\">200 \u00d7 400 \u00d7 450 mm (V \u00d7 \u0160 \u00d7 H)<\/strong><br data-start=\"1835\" data-end=\"1838\" \/>Vn\u00fatorn\u00e9 rozmery: <strong data-start=\"1856\" data-end=\"1878\">195 \u00d7 396 \u00d7 385 mm<\/strong><br data-start=\"1878\" data-end=\"1881\" \/>Hmotnos\u0165: <strong data-start=\"1891\" data-end=\"1900\">16 kg<\/strong><br data-start=\"1900\" data-end=\"1903\" \/>Objem: <strong data-start=\"1910\" data-end=\"1918\">30 l<\/strong><br data-start=\"1918\" data-end=\"1921\" \/>\u2714 Umo\u017e\u0148uje ulo\u017eenie notebooku do ve\u013ekosti <strong data-start=\"1963\" data-end=\"1972\">15,6&#8243;<\/strong><\/p>\n<hr data-start=\"1974\" data-end=\"1977\" \/>\n<h2 data-start=\"1979\" data-end=\"2001\">\ud83c\udfe8 Ide\u00e1lne vyu\u017eitie<\/h2>\n<ul>\n<li data-start=\"2005\" data-end=\"2020\">hotelov\u00e9 izby<\/li>\n<li data-start=\"2023\" data-end=\"2052\">kancel\u00e1rie a administrat\u00edva<\/li>\n<li data-start=\"2055\" data-end=\"2067\">dom\u00e1cnosti<\/li>\n<li data-start=\"2070\" data-end=\"2092\">pren\u00e1jmy a apartm\u00e1ny<\/li>\n<\/ul>\n<hr data-start=\"2094\" data-end=\"2097\" \/>\n<h3 data-start=\"2099\" data-end=\"2143\">Pre\u010do si vybra\u0165 Technomax MOBY LIGHT EL?<\/h3>\n<p data-start=\"2145\" data-end=\"2357\">\u2714 Talianska v\u00fdroba a kvalitn\u00e9 spracovanie<br data-start=\"2186\" data-end=\"2189\" \/>\u2714 Elektronick\u00fd z\u00e1mok s pam\u00e4\u0165ou<br data-start=\"2219\" data-end=\"2222\" \/>\u2714 Kompaktn\u00e9 rozmery vhodn\u00e9 do n\u00e1bytku<br data-start=\"2259\" data-end=\"2262\" \/>\u2714 Mo\u017enos\u0165 n\u00fadzov\u00e9ho mechanick\u00e9ho otvorenia<br data-start=\"2304\" data-end=\"2307\" \/>\u2714 Vhodn\u00fd aj na ulo\u017eenie notebooku (model 745\/EL)<\/p>\n<p data-start=\"2359\" data-end=\"2528\" data-is-last-node=\"\" data-is-only-node=\"\">Ak h\u013ead\u00e1te <strong data-start=\"2370\" data-end=\"2424\">spo\u013eahliv\u00fd elektronick\u00fd hotelov\u00fd trezor do n\u00e1bytku<\/strong>, model Technomax MOBY LIGHT EL pon\u00faka ide\u00e1lne spojenie bezpe\u010dnosti, praktickosti a elegantn\u00e9ho dizajnu.<\/p>\n","protected":false},"excerpt":{"rendered":"<p>Hotelov\u00fd a n\u00e1bytkov\u00fd trezor <span class=\"hover:entity-accent entity-underline inline cursor-pointer align-baseline\"><span class=\"whitespace-normal\">Technomax<\/span><\/span> MOBY LIGHT EL \u2013 elektronick\u00fd z\u00e1mok s pam\u00e4\u0165ou<\/p>\n","protected":false},"featured_media":16488,"comment_status":"open","ping_status":"closed","template":"","meta":{"_monsterinsights_skip_tracking":false,"_monsterinsights_sitenote_active":false,"_monsterinsights_sitenote_note":"","_monsterinsights_sitenote_category":0},"product_brand":[785],"product_cat":[111,557],"product_tag":[893],"class_list":{"0":"post-16484","1":"product","2":"type-product","3":"status-publish","4":"has-post-thumbnail","6":"product_brand-technomax","7":"product_cat-nabytkove-trezory","8":"product_cat-nabytkove-hotelove-a-office-sejfy","9":"product_tag-moby-light","10":"product_shipping_class-do-10kg","11":"pa_bezpecnostna-trieda-1306","12":"pa_material-ocel","13":"pa_miesto-instalacie-volne-stojace","14":"ts_product_brand-technomax","16":"first","17":"onbackorder","18":"taxable","19":"shipping-taxable","20":"purchasable","21":"product-type-variable"},"aioseo_notices":[],"jetpack_sharing_enabled":true,"_links":{"self":[{"href":"https:\/\/www.lltrezor.sk\/shop\/wp-json\/wp\/v2\/product\/16484","targetHints":{"allow":["GET"]}}],"collection":[{"href":"https:\/\/www.lltrezor.sk\/shop\/wp-json\/wp\/v2\/product"}],"about":[{"href":"https:\/\/www.lltrezor.sk\/shop\/wp-json\/wp\/v2\/types\/product"}],"replies":[{"embeddable":true,"href":"https:\/\/www.lltrezor.sk\/shop\/wp-json\/wp\/v2\/comments?post=16484"}],"wp:featuredmedia":[{"embeddable":true,"href":"https:\/\/www.lltrezor.sk\/shop\/wp-json\/wp\/v2\/media\/16488"}],"wp:attachment":[{"href":"https:\/\/www.lltrezor.sk\/shop\/wp-json\/wp\/v2\/media?parent=16484"}],"wp:term":[{"taxonomy":"product_brand","embeddable":true,"href":"https:\/\/www.lltrezor.sk\/shop\/wp-json\/wp\/v2\/product_brand?post=16484"},{"taxonomy":"product_cat","embeddable":true,"href":"https:\/\/www.lltrezor.sk\/shop\/wp-json\/wp\/v2\/product_cat?post=16484"},{"taxonomy":"product_tag","embeddable":true,"href":"https:\/\/www.lltrezor.sk\/shop\/wp-json\/wp\/v2\/product_tag?post=16484"}],"curies":[{"name":"wp","href":"https:\/\/api.w.org\/{rel}","templated":true}]}}