{"id":16466,"date":"2025-12-24T13:26:15","date_gmt":"2025-12-24T12:26:15","guid":{"rendered":"https:\/\/www.lltrezor.sk\/shop\/?post_type=product&#038;p=16466"},"modified":"2026-02-19T16:28:37","modified_gmt":"2026-02-19T15:28:37","slug":"mini-safe-home-tsb-4n","status":"publish","type":"product","link":"https:\/\/www.lltrezor.sk\/shop\/product\/mini-safe-home-tsb-4n\/","title":{"rendered":"MINI SAFE Home TSB\/4N"},"content":{"rendered":"<div class=\"flex flex-col text-sm pb-25\">\n<article class=\"text-token-text-primary w-full focus:outline-none [--shadow-height:45px] has-data-writing-block:pointer-events-none has-data-writing-block:-mt-(--shadow-height) has-data-writing-block:pt-(--shadow-height) [&amp;:has([data-writing-block])&gt;*]:pointer-events-auto scroll-mt-[calc(var(--header-height)+min(200px,max(70px,20svh)))]\" dir=\"auto\" tabindex=\"-1\" data-turn-id=\"request-WEB:3f05f962-74c9-4e4c-986c-ceb8f06f6788-13\" data-testid=\"conversation-turn-28\" data-scroll-anchor=\"true\" data-turn=\"assistant\">\n<div class=\"text-base my-auto mx-auto pb-10 [--thread-content-margin:--spacing(4)] @w-sm\/main:[--thread-content-margin:--spacing(6)] @w-lg\/main:[--thread-content-margin:--spacing(16)] px-(--thread-content-margin)\">\n<div class=\"[--thread-content-max-width:40rem] @w-lg\/main:[--thread-content-max-width:48rem] mx-auto max-w-(--thread-content-max-width) flex-1 group\/turn-messages focus-visible:outline-hidden relative flex w-full min-w-0 flex-col agent-turn\" tabindex=\"-1\">\n<div class=\"flex max-w-full flex-col grow\">\n<div class=\"min-h-8 text-message relative flex w-full flex-col items-end gap-2 text-start break-words whitespace-normal [.text-message+&amp;]:mt-1\" dir=\"auto\" data-message-author-role=\"assistant\" data-message-id=\"998250a4-bc6e-4923-8e95-61256e6bed43\" data-message-model-slug=\"gpt-5-mini\">\n<div class=\"flex w-full flex-col gap-1 empty:hidden first:pt-[1px]\">\n<div class=\"markdown prose dark:prose-invert w-full wrap-break-word dark markdown-new-styling\">\n<p data-start=\"157\" data-end=\"473\">Model <strong data-start=\"163\" data-end=\"198\">Technomax MINI SAFE Home TSB\/4N<\/strong> je taliansky motorizovan\u00fd trezor ur\u010den\u00fd na bezpe\u010dn\u00e9 ulo\u017eenie dokumentov, cennost\u00ed alebo notebooku do ve\u013ekosti <strong data-start=\"309\" data-end=\"316\">15&#8243;<\/strong>. V\u010faka digit\u00e1lnemu z\u00e1mku, LED displeju a vn\u00fatorn\u00e9mu osvetleniu poskytuje vysok\u00fa \u00farove\u0148 bezpe\u010dnosti a pohodlia pre dom\u00e1cnosti, kancel\u00e1rie \u010di hotelov\u00e9 izby.<\/p>\n<hr data-start=\"475\" data-end=\"478\" \/>\n<h2 data-start=\"480\" data-end=\"527\">\ud83d\udd10 Motorizovan\u00fd digit\u00e1lny elektronick\u00fd z\u00e1mok<\/h2>\n<ul>\n<li data-start=\"531\" data-end=\"600\">Ovl\u00e1danie vysoko spo\u013eahliv\u00fdm motorizovan\u00fdm elektronick\u00fdm zariaden\u00edm<\/li>\n<li data-start=\"603\" data-end=\"662\"><strong data-start=\"603\" data-end=\"634\">6-miestny modr\u00fd LED displej<\/strong> indikuj\u00faci v\u0161etky funkcie<\/li>\n<li data-start=\"665\" data-end=\"733\">Modr\u00e9 LED podsvietenie kl\u00e1vesnice pri stla\u010den\u00ed \u013eubovo\u013en\u00e9ho kl\u00e1vesu<\/li>\n<li data-start=\"736\" data-end=\"794\">Vn\u00fatorn\u00e9 osvetlenie pre jednoduch\u00fa manipul\u00e1ciu s obsahom<\/li>\n<li data-start=\"797\" data-end=\"868\">K\u013e\u00fa\u010dov\u00fd z\u00e1mok pre n\u00fadzov\u00e9 otvorenie (s\u00fa\u010das\u0165ou balenia s\u00fa <strong data-start=\"854\" data-end=\"865\">2 k\u013e\u00fa\u010de<\/strong>)<\/li>\n<li data-start=\"871\" data-end=\"934\">Bat\u00e9rie s\u00fa s\u00fa\u010das\u0165ou balenia \u2013 pripraven\u00e9 na okam\u017eit\u00e9 pou\u017eitie<\/li>\n<\/ul>\n<p data-start=\"936\" data-end=\"1041\">Motorizovan\u00fd syst\u00e9m zabezpe\u010duje presn\u00e9 a spo\u013eahliv\u00e9 zamykanie\/odomykanie bez manu\u00e1lneho zas\u00favania z\u00e1mkov.<\/p>\n<hr data-start=\"1043\" data-end=\"1046\" \/>\n<h2 data-start=\"1048\" data-end=\"1086\">\u2699\ufe0f Kon\u0161trukcia a bezpe\u010dnostn\u00e9 prvky<\/h2>\n<ul>\n<li data-start=\"1090\" data-end=\"1132\">Hr\u00fabka dver\u00ed: 5 mm, hr\u00fabka korpusu: 2 mm<\/li>\n<li data-start=\"1135\" data-end=\"1186\">Upev\u0148ovacie otvory na operadle a z\u00e1kladni (2 + 4)<\/li>\n<li data-start=\"1189\" data-end=\"1230\">Upev\u0148ovacie skrutky s\u00fa s\u00fa\u010das\u0165ou balenia<\/li>\n<li data-start=\"1233\" data-end=\"1281\">Podlo\u017eka na podstavci pre stabiln\u00e9 umiestnenie<\/li>\n<li data-start=\"1284\" data-end=\"1345\">Povrchov\u00e1 \u00faprava <strong data-start=\"1301\" data-end=\"1343\">\u010diernym termosetov\u00fdm pr\u00e1\u0161kov\u00fdm n\u00e1terom<\/strong><\/li>\n<\/ul>\n<hr data-start=\"1347\" data-end=\"1350\" \/>\n<h2 data-start=\"1352\" data-end=\"1376\">\ud83d\udcbb Praktick\u00e9 vyu\u017eitie<\/h2>\n<ul>\n<li data-start=\"1380\" data-end=\"1429\">Umo\u017e\u0148uje ulo\u017eenie <strong data-start=\"1398\" data-end=\"1427\">notebooku do ve\u013ekosti 15&#8243;<\/strong><\/li>\n<li data-start=\"1432\" data-end=\"1511\">Bezpe\u010dn\u00e9 ulo\u017eenie dokumentov, hotovosti, cennost\u00ed \u010di elektronick\u00fdch zariaden\u00ed<\/li>\n<li data-start=\"1514\" data-end=\"1570\">Ide\u00e1lny pre <strong data-start=\"1526\" data-end=\"1568\">dom\u00e1cnosti, kancel\u00e1rie a hotelov\u00e9 izby<\/strong><\/li>\n<\/ul>\n<hr data-start=\"1572\" data-end=\"1575\" \/>\n<h3 data-start=\"1577\" data-end=\"1629\">Pre\u010do si vybra\u0165 Technomax MINI SAFE Home TSB\/4N?<\/h3>\n<p data-start=\"1631\" data-end=\"1858\">\u2714 Talianska v\u00fdroba a prec\u00edzne spracovanie<br data-start=\"1672\" data-end=\"1675\" \/>\u2714 Motorizovan\u00fd digit\u00e1lny z\u00e1mok s LED displejom<br data-start=\"1721\" data-end=\"1724\" \/>\u2714 Vn\u00fatorn\u00e9 osvetlenie pre lep\u0161iu vidite\u013enos\u0165 obsahu<br data-start=\"1775\" data-end=\"1778\" \/>\u2714 K\u013e\u00fa\u010dov\u00fd n\u00fadzov\u00fd z\u00e1mok so 2 k\u013e\u00fa\u010dmi<br data-start=\"1813\" data-end=\"1816\" \/>\u2714 Stabiln\u00e1 kon\u0161trukcia vhodn\u00e1 do n\u00e1bytku<\/p>\n<p data-start=\"1860\" data-end=\"2065\" data-is-last-node=\"\" data-is-only-node=\"\">Ak h\u013ead\u00e1te <strong data-start=\"1871\" data-end=\"1951\">spo\u013eahliv\u00fd motorizovan\u00fd trezor s digit\u00e1lnym ovl\u00e1dan\u00edm a vn\u00fatorn\u00fdm osvetlen\u00edm<\/strong>, model Technomax MINI SAFE Home TSB\/4N pon\u00faka kombin\u00e1ciu bezpe\u010dnosti, pohodlia a elegantn\u00e9ho talianskeho dizajnu.<\/p>\n<\/div>\n<\/div>\n<\/div>\n<\/div>\n<\/div>\n<\/div>\n<\/article>\n<\/div>\n","protected":false},"excerpt":{"rendered":"<p>Elektronick\u00fd motorizovan\u00fd trezor <span class=\"hover:entity-accent entity-underline inline cursor-pointer align-baseline\"><span class=\"whitespace-normal\">Technomax<\/span><\/span> MINI SAFE Home TSB\/4N \u2013 digit\u00e1lny z\u00e1mok s LED displejom a vn\u00fatorn\u00fdm osvetlen\u00edm<\/p>\n","protected":false},"featured_media":16467,"comment_status":"open","ping_status":"closed","template":"","meta":{"_monsterinsights_skip_tracking":false,"_monsterinsights_sitenote_active":false,"_monsterinsights_sitenote_note":"","_monsterinsights_sitenote_category":0},"product_brand":[785],"product_cat":[111,557],"product_tag":[1307],"class_list":{"0":"post-16466","1":"product","2":"type-product","3":"status-publish","4":"has-post-thumbnail","6":"product_brand-technomax","7":"product_cat-nabytkove-trezory","8":"product_cat-nabytkove-hotelove-a-office-sejfy","9":"product_tag-mini-safe","10":"product_shipping_class-od-101-kg-do-25kg","11":"pa_bezpecnostna-trieda-1306","12":"pa_material-ocel","13":"pa_miesto-instalacie-volne-stojace","14":"pa_vonkajsia-hlbka-971","15":"pa_vonkajsia-sirka-963","16":"pa_vonkajsia-vyska-1412","17":"ts_product_brand-technomax","19":"first","20":"onbackorder","21":"taxable","22":"shipping-taxable","23":"purchasable","24":"product-type-simple"},"aioseo_notices":[],"jetpack_sharing_enabled":true,"_links":{"self":[{"href":"https:\/\/www.lltrezor.sk\/shop\/wp-json\/wp\/v2\/product\/16466","targetHints":{"allow":["GET"]}}],"collection":[{"href":"https:\/\/www.lltrezor.sk\/shop\/wp-json\/wp\/v2\/product"}],"about":[{"href":"https:\/\/www.lltrezor.sk\/shop\/wp-json\/wp\/v2\/types\/product"}],"replies":[{"embeddable":true,"href":"https:\/\/www.lltrezor.sk\/shop\/wp-json\/wp\/v2\/comments?post=16466"}],"wp:featuredmedia":[{"embeddable":true,"href":"https:\/\/www.lltrezor.sk\/shop\/wp-json\/wp\/v2\/media\/16467"}],"wp:attachment":[{"href":"https:\/\/www.lltrezor.sk\/shop\/wp-json\/wp\/v2\/media?parent=16466"}],"wp:term":[{"taxonomy":"product_brand","embeddable":true,"href":"https:\/\/www.lltrezor.sk\/shop\/wp-json\/wp\/v2\/product_brand?post=16466"},{"taxonomy":"product_cat","embeddable":true,"href":"https:\/\/www.lltrezor.sk\/shop\/wp-json\/wp\/v2\/product_cat?post=16466"},{"taxonomy":"product_tag","embeddable":true,"href":"https:\/\/www.lltrezor.sk\/shop\/wp-json\/wp\/v2\/product_tag?post=16466"}],"curies":[{"name":"wp","href":"https:\/\/api.w.org\/{rel}","templated":true}]}}