{"id":16439,"date":"2025-12-24T11:35:22","date_gmt":"2025-12-24T10:35:22","guid":{"rendered":"https:\/\/www.lltrezor.sk\/shop\/?post_type=product&#038;p=16439"},"modified":"2026-04-11T09:42:22","modified_gmt":"2026-04-11T07:42:22","slug":"technosafe-moby-digital","status":"publish","type":"product","link":"https:\/\/www.lltrezor.sk\/shop\/product\/technosafe-moby-digital\/","title":{"rendered":"TECHNOSAFE Moby Digital MTE"},"content":{"rendered":"<p data-start=\"131\" data-end=\"399\">Model <strong data-start=\"137\" data-end=\"165\">Technomax TECHNOSAFE MTE<\/strong> je taliansky motorizovan\u00fd trezor ur\u010den\u00fd na bezpe\u010dn\u00e9 ulo\u017eenie dokumentov, cennost\u00ed a elektroniky. Vysok\u00e1 bezpe\u010dnos\u0165 kombinovan\u00e1 s pohodln\u00fdm digit\u00e1lnym ovl\u00e1dan\u00edm rob\u00ed tento trezor ide\u00e1lnym pre dom\u00e1cnosti, kancel\u00e1rie \u010di hotelov\u00e9 izby.<\/p>\n<hr data-start=\"401\" data-end=\"404\" \/>\n<h3 data-start=\"406\" data-end=\"443\">\ud83d\udd10 Motorizovan\u00fd elektronick\u00fd z\u00e1mok<\/h3>\n<ul>\n<li data-start=\"447\" data-end=\"539\">Ovl\u00e1danie vysoko spo\u013eahliv\u00fdm elektronick\u00fdm zariaden\u00edm s <strong data-start=\"503\" data-end=\"537\">energeticky nez\u00e1vislou pam\u00e4\u0165ou<\/strong><\/li>\n<li data-start=\"542\" data-end=\"577\">Vysoko kontrastn\u00fd <strong data-start=\"560\" data-end=\"575\">LED displej<\/strong><\/li>\n<li data-start=\"580\" data-end=\"633\">Membr\u00e1nov\u00e1 kl\u00e1vesnica pre jednoduch\u00e9 zad\u00e1vanie k\u00f3du<\/li>\n<li data-start=\"636\" data-end=\"687\">Extern\u00fd n\u00fadzov\u00fd zdroj nap\u00e1jania pre slab\u00e9 bat\u00e9rie<\/li>\n<li data-start=\"690\" data-end=\"750\">K\u013e\u00fa\u010dov\u00fd z\u00e1mok pre n\u00fadzov\u00e9 otvorenie (dod\u00e1van\u00e9 <strong data-start=\"736\" data-end=\"747\">2 k\u013e\u00fa\u010de<\/strong>)<\/li>\n<\/ul>\n<p data-start=\"752\" data-end=\"855\">Motorizovan\u00fd syst\u00e9m zabezpe\u010duje presn\u00e9 a bezpe\u010dn\u00e9 zamykanie\/odomykanie bez manu\u00e1lneho zas\u00favania z\u00e1mkov.<\/p>\n<hr data-start=\"857\" data-end=\"860\" \/>\n<h3 data-start=\"862\" data-end=\"900\">\u2699\ufe0f Kon\u0161trukcia a bezpe\u010dnostn\u00e9 prvky<\/h3>\n<ul>\n<li data-start=\"904\" data-end=\"941\">Poniklovan\u00e9 oce\u013eov\u00e9 skrutky \u00d8 18 mm<\/li>\n<li data-start=\"944\" data-end=\"1031\">Obvodov\u00e9 zv\u00e1ranie prednej \u010dasti s karos\u00e9riou kontinu\u00e1lne vykonan\u00e9 robotick\u00fdm syst\u00e9mom<\/li>\n<li data-start=\"1034\" data-end=\"1083\">Vn\u00fatorn\u00e1 polica pre preh\u013eadn\u00e9 ulo\u017eenie cennost\u00ed<\/li>\n<li data-start=\"1086\" data-end=\"1180\">Upev\u0148ovacie otvory na z\u00e1kladni a operadle (2 + 2), upev\u0148ovacie hmo\u017edinky s\u00fa s\u00fa\u010das\u0165ou balenia<\/li>\n<li data-start=\"1183\" data-end=\"1228\">Povrchov\u00e1 \u00faprava <strong data-start=\"1200\" data-end=\"1226\">termosetov\u00fdmi pr\u00e1\u0161kami<\/strong><\/li>\n<li data-start=\"1231\" data-end=\"1281\">Balen\u00e9 v kart\u00f3novej krabici s farebn\u00fdmi vlo\u017ekami<\/li>\n<\/ul>\n<hr data-start=\"1283\" data-end=\"1286\" \/>\n<h3 data-start=\"1288\" data-end=\"1321\">\ud83d\udcd0 Dostupn\u00e9 rozmery a varianty<\/h3>\n<h3 data-start=\"1323\" data-end=\"1335\">\ud83d\udd39 MTE\/3<\/h3>\n<p data-start=\"1336\" data-end=\"1474\">Vonkaj\u0161ie rozmery: <strong data-start=\"1355\" data-end=\"1389\">210 \u00d7 340 \u00d7 300 mm (V \u00d7 \u0160 \u00d7 H)<\/strong><br data-start=\"1389\" data-end=\"1392\" \/>Vn\u00fatorn\u00e9 rozmery: <strong data-start=\"1410\" data-end=\"1432\">205 \u00d7 335 \u00d7 250 mm<\/strong><br data-start=\"1432\" data-end=\"1435\" \/>Hmotnos\u0165: <strong data-start=\"1445\" data-end=\"1456\">17,5 kg<\/strong><br data-start=\"1456\" data-end=\"1459\" \/>Objem: <strong data-start=\"1466\" data-end=\"1474\">17 l<\/strong><\/p>\n<h3 data-start=\"1476\" data-end=\"1488\">\ud83d\udd39 MTE\/4<\/h3>\n<p data-start=\"1489\" data-end=\"1625\">Vonkaj\u0161ie rozmery: <strong data-start=\"1508\" data-end=\"1542\">270 \u00d7 390 \u00d7 350 mm (V \u00d7 \u0160 \u00d7 H)<\/strong><br data-start=\"1542\" data-end=\"1545\" \/>Vn\u00fatorn\u00e9 rozmery: <strong data-start=\"1563\" data-end=\"1585\">265 \u00d7 385 \u00d7 300 mm<\/strong><br data-start=\"1585\" data-end=\"1588\" \/>Hmotnos\u0165: <strong data-start=\"1598\" data-end=\"1607\">25 kg<\/strong><br data-start=\"1607\" data-end=\"1610\" \/>Objem: <strong data-start=\"1617\" data-end=\"1625\">30 l<\/strong><\/p>\n<hr data-start=\"1627\" data-end=\"1630\" \/>\n<h3 data-start=\"1632\" data-end=\"1654\">\ud83c\udfe2 Ide\u00e1lne vyu\u017eitie<\/h3>\n<ul>\n<li data-start=\"1658\" data-end=\"1727\">Bezpe\u010dn\u00e9 ulo\u017eenie dokumentov, hotovosti, elektroniky alebo cennost\u00ed<\/li>\n<li data-start=\"1730\" data-end=\"1770\">Dom\u00e1cnosti, kancel\u00e1rie a hotelov\u00e9 izby<\/li>\n<li data-start=\"1773\" data-end=\"1818\">Spo\u013eahliv\u00e9 rie\u0161enie pre ka\u017edodenn\u00e9 pou\u017eitie<\/li>\n<\/ul>\n<hr data-start=\"1820\" data-end=\"1823\" \/>\n<h3 data-start=\"1825\" data-end=\"1870\">Pre\u010do si vybra\u0165 Technomax TECHNOSAFE MTE?<\/h3>\n<p data-start=\"1872\" data-end=\"2121\">\u2714 Talianska v\u00fdroba a prec\u00edzne spracovanie<br data-start=\"1913\" data-end=\"1916\" \/>\u2714 Motorizovan\u00fd elektronick\u00fd z\u00e1mok s LED displejom<br data-start=\"1965\" data-end=\"1968\" \/>\u2714 Extern\u00fd n\u00fadzov\u00fd zdroj nap\u00e1jania pre slab\u00e9 bat\u00e9rie<br data-start=\"2019\" data-end=\"2022\" \/>\u2714 Robustn\u00e1 oce\u013eov\u00e1 kon\u0161trukcia s vn\u00fatornou policou<br data-start=\"2072\" data-end=\"2075\" \/>\u2714 Jednoduch\u00e9 a bezpe\u010dn\u00e9 zamykanie\/odomykanie<\/p>\n<p data-start=\"2123\" data-end=\"2289\" data-is-last-node=\"\" data-is-only-node=\"\">Ak h\u013ead\u00e1te <strong data-start=\"2134\" data-end=\"2193\">spo\u013eahliv\u00fd motorizovan\u00fd trezor s modern\u00fdm LED displejom<\/strong>, model Technomax TECHNOSAFE MTE kombinuje bezpe\u010dnos\u0165, praktickos\u0165 a elegantn\u00fd taliansky dizajn.<\/p>\n","protected":false},"excerpt":{"rendered":"<p>Motorizovan\u00fd elektronick\u00fd trezor <span class=\"hover:entity-accent entity-underline inline cursor-pointer align-baseline\"><span class=\"whitespace-normal\">Technomax<\/span><\/span> TECHNOSAFE MTE \u2013 bezpe\u010dnostn\u00fd trezor s LED displejom<\/p>\n","protected":false},"featured_media":16443,"comment_status":"open","ping_status":"closed","template":"","meta":{"_monsterinsights_skip_tracking":false,"_monsterinsights_sitenote_active":false,"_monsterinsights_sitenote_note":"","_monsterinsights_sitenote_category":0},"product_brand":[785],"product_cat":[111,557],"product_tag":[790],"class_list":{"0":"post-16439","1":"product","2":"type-product","3":"status-publish","4":"has-post-thumbnail","6":"product_brand-technomax","7":"product_cat-nabytkove-trezory","8":"product_cat-nabytkove-hotelove-a-office-sejfy","9":"product_tag-technosafe","10":"product_shipping_class-od-401-kg-do-70kg","11":"pa_bezpecnostna-trieda-1306","12":"pa_material-ocel","13":"pa_miesto-instalacie-volne-stojace","15":"first","16":"instock","17":"featured","18":"taxable","19":"shipping-taxable","20":"purchasable","21":"product-type-variable"},"aioseo_notices":[],"jetpack_sharing_enabled":true,"_links":{"self":[{"href":"https:\/\/www.lltrezor.sk\/shop\/wp-json\/wp\/v2\/product\/16439","targetHints":{"allow":["GET"]}}],"collection":[{"href":"https:\/\/www.lltrezor.sk\/shop\/wp-json\/wp\/v2\/product"}],"about":[{"href":"https:\/\/www.lltrezor.sk\/shop\/wp-json\/wp\/v2\/types\/product"}],"replies":[{"embeddable":true,"href":"https:\/\/www.lltrezor.sk\/shop\/wp-json\/wp\/v2\/comments?post=16439"}],"wp:featuredmedia":[{"embeddable":true,"href":"https:\/\/www.lltrezor.sk\/shop\/wp-json\/wp\/v2\/media\/16443"}],"wp:attachment":[{"href":"https:\/\/www.lltrezor.sk\/shop\/wp-json\/wp\/v2\/media?parent=16439"}],"wp:term":[{"taxonomy":"product_brand","embeddable":true,"href":"https:\/\/www.lltrezor.sk\/shop\/wp-json\/wp\/v2\/product_brand?post=16439"},{"taxonomy":"product_cat","embeddable":true,"href":"https:\/\/www.lltrezor.sk\/shop\/wp-json\/wp\/v2\/product_cat?post=16439"},{"taxonomy":"product_tag","embeddable":true,"href":"https:\/\/www.lltrezor.sk\/shop\/wp-json\/wp\/v2\/product_tag?post=16439"}],"curies":[{"name":"wp","href":"https:\/\/api.w.org\/{rel}","templated":true}]}}