{"id":16399,"date":"2025-12-22T12:58:30","date_gmt":"2025-12-22T11:58:30","guid":{"rendered":"https:\/\/www.lltrezor.sk\/shop\/?post_type=product&#038;p=16399"},"modified":"2026-03-24T21:30:50","modified_gmt":"2026-03-24T20:30:50","slug":"sekur-moby-key","status":"publish","type":"product","link":"https:\/\/www.lltrezor.sk\/shop\/product\/sekur-moby-key\/","title":{"rendered":"SEKUR Moby Key"},"content":{"rendered":"<p data-start=\"134\" data-end=\"397\">Model <strong data-start=\"140\" data-end=\"168\">Technomax SEKUR Moby Key<\/strong> je taliansky stenov\u00fd trezor navrhnut\u00fd pre maxim\u00e1lnu bezpe\u010dnos\u0165. Disponuje <strong data-start=\"243\" data-end=\"283\">8 asymetrick\u00fdmi a nez\u00e1visl\u00fdmi p\u00e1kami<\/strong>, certifik\u00e1ciou pod\u013ea <strong data-start=\"305\" data-end=\"320\">UNI EN 1300<\/strong> a robustnou kon\u0161trukciou, ktor\u00e1 odol\u00e1va sofistikovan\u00fdm pokusom o vl\u00e1manie.<\/p>\n<hr data-start=\"399\" data-end=\"402\" \/>\n<h3 data-start=\"404\" data-end=\"446\">\ud83d\udd10 Vysoko bezpe\u010dnostn\u00fd mechanick\u00fd z\u00e1mok<\/h3>\n<ul>\n<li data-start=\"450\" data-end=\"503\">8 asymetrick\u00fdch a nez\u00e1visl\u00fdch p\u00e1k s dvojit\u00fdm k\u013e\u00fa\u010dom<\/li>\n<li data-start=\"506\" data-end=\"554\">K\u013e\u00fa\u010d nemo\u017eno vytiahnu\u0165 pri zasunut\u00fdch z\u00e1vor\u00e1ch<\/li>\n<li data-start=\"557\" data-end=\"634\">Dvojit\u00fd k\u013e\u00fa\u010d so \u0161peci\u00e1lnym profilom, duplik\u00e1cia mo\u017en\u00e1 len cez kartu majetku<\/li>\n<li data-start=\"637\" data-end=\"699\">Z\u00e1mkov\u00fd mechanizmus chr\u00e1nen\u00fd <strong data-start=\"666\" data-end=\"697\">mang\u00e1nov\u00fdm oce\u013eov\u00fdm plechom<\/strong><\/li>\n<li data-start=\"702\" data-end=\"748\">Poniklovan\u00e9 oce\u013eov\u00e9 z\u00e1padky, oto\u010dn\u00e9, \u00d8 22 mm<\/li>\n<\/ul>\n<p data-start=\"750\" data-end=\"833\">Mechanick\u00fd syst\u00e9m zabezpe\u010duje <strong data-start=\"780\" data-end=\"832\">v\u00fdnimo\u010dn\u00fa odolnos\u0165 proti manipul\u00e1ci\u00e1m a vl\u00e1maniu<\/strong>.<\/p>\n<hr data-start=\"835\" data-end=\"838\" \/>\n<h3 data-start=\"840\" data-end=\"868\">\u2699\ufe0f Kon\u0161trukcia a odolnos\u0165<\/h3>\n<ul>\n<li data-start=\"872\" data-end=\"903\">Obzvl\u00e1\u0161\u0165 odoln\u00e9 zar\u00e1\u017eky dver\u00ed<\/li>\n<li data-start=\"906\" data-end=\"960\">Robustn\u00e9 vn\u00fatorn\u00e9 zvary vyroben\u00e9 robotick\u00fdm syst\u00e9mom<\/li>\n<li data-start=\"963\" data-end=\"1041\">Obvodov\u00e9 zv\u00e1ranie prednej \u010dasti s karos\u00e9riou kontinu\u00e1lne robotick\u00fdm syst\u00e9mom<\/li>\n<li data-start=\"1044\" data-end=\"1129\">Vn\u00fatorn\u00e1 polica pre preh\u013eadn\u00e9 ulo\u017eenie cennost\u00ed (okrem modelov <strong data-start=\"1107\" data-end=\"1126\">SMKO\/1 \u2013 SMKO\/2<\/strong>)<\/li>\n<li data-start=\"1132\" data-end=\"1203\">Upev\u0148ovacie otvory na z\u00e1kladni a operadle (2+2) s dodan\u00fdmi hmo\u017edinami<\/li>\n<li data-start=\"1206\" data-end=\"1269\">Povrchov\u00e1 \u00faprava <strong data-start=\"1223\" data-end=\"1267\">termosetov\u00fdmi pr\u00e1\u0161kami so su\u0161en\u00edm v peci<\/strong><\/li>\n<\/ul>\n<hr data-start=\"1271\" data-end=\"1274\" \/>\n<h3 data-start=\"1276\" data-end=\"1309\">\ud83d\udcd0 Dostupn\u00e9 rozmery a varianty<\/h3>\n<ul data-start=\"1311\" data-end=\"1797\">\n<li data-start=\"1311\" data-end=\"1430\">\n<p data-start=\"1313\" data-end=\"1430\"><strong data-start=\"1313\" data-end=\"1324\">SMKO\/1:<\/strong> v\u00fd\u0161ka 220 mm, \u0161\u00edrka 280 mm, h\u013abka 150 mm; vn\u00fatorn\u00e9 rozmery 210 \u00d7 270 \u00d7 90 mm; hmotnos\u0165 10 kg; objem 6 l<\/p>\n<\/li>\n<li data-start=\"1431\" data-end=\"1551\">\n<p data-start=\"1433\" data-end=\"1551\"><strong data-start=\"1433\" data-end=\"1444\">SMKO\/2:<\/strong> v\u00fd\u0161ka 220 mm, \u0161\u00edrka 280 mm, h\u013abka 200 mm; vn\u00fatorn\u00e9 rozmery 210 \u00d7 270 \u00d7 140 mm; hmotnos\u0165 11 kg; objem 9 l<\/p>\n<\/li>\n<li data-start=\"1552\" data-end=\"1673\">\n<p data-start=\"1554\" data-end=\"1673\"><strong data-start=\"1554\" data-end=\"1565\">SMKO\/3:<\/strong> v\u00fd\u0161ka 220 mm, \u0161\u00edrka 350 mm, h\u013abka 300 mm; vn\u00fatorn\u00e9 rozmery 210 \u00d7 340 \u00d7 240 mm; hmotnos\u0165 17 kg; objem 19 l<\/p>\n<\/li>\n<li data-start=\"1674\" data-end=\"1797\">\n<p data-start=\"1676\" data-end=\"1797\"><strong data-start=\"1676\" data-end=\"1687\">SMKO\/4:<\/strong> v\u00fd\u0161ka 280 mm, \u0161\u00edrka 400 mm, h\u013abka 350 mm; vn\u00fatorn\u00e9 rozmery 270 \u00d7 390 \u00d7 290 mm; hmotnos\u0165 24,5 kg; objem 31 l<\/p>\n<\/li>\n<\/ul>\n<hr data-start=\"1799\" data-end=\"1802\" \/>\n<h3 data-start=\"1804\" data-end=\"1826\">\ud83c\udfe0 Ide\u00e1lne vyu\u017eitie<\/h3>\n<ul>\n<li data-start=\"1830\" data-end=\"1901\">Bezpe\u010dn\u00e9 ulo\u017eenie cennost\u00ed, dokumentov, \u0161perkov alebo kr\u00e1tkych zbran\u00ed<\/li>\n<li data-start=\"1904\" data-end=\"1936\">Dom\u00e1cnosti, kancel\u00e1rie, hotely<\/li>\n<li data-start=\"1939\" data-end=\"2003\">Diskr\u00e9tne rie\u0161enie s vysokou odolnos\u0165ou proti vl\u00e1maniu<\/li>\n<\/ul>\n<hr data-start=\"2005\" data-end=\"2008\" \/>\n<h3 data-start=\"2010\" data-end=\"2055\">Pre\u010do si vybra\u0165 Technomax SEKUR Moby Key?<\/h3>\n<p data-start=\"2057\" data-end=\"2300\">\u2714 Talianska v\u00fdroba a prec\u00edzne spracovanie<br data-start=\"2098\" data-end=\"2101\" \/>\u2714 8-p\u00e1kov\u00fd mechanick\u00fd z\u00e1mok s dvojit\u00fdm k\u013e\u00fa\u010dom<br data-start=\"2146\" data-end=\"2149\" \/>\u2714 Vysok\u00e1 odolnos\u0165 proti sofistikovan\u00fdm pokusom o vl\u00e1manie<br data-start=\"2206\" data-end=\"2209\" \/>\u2714 Praktick\u00e1 vn\u00fatorn\u00e1 polica a robustn\u00e1 karos\u00e9ria<br data-start=\"2257\" data-end=\"2260\" \/>\u2714 Elegantn\u00fd a diskr\u00e9tny dizajn<\/p>\n<p data-start=\"2302\" data-end=\"2445\" data-is-last-node=\"\" data-is-only-node=\"\"><strong data-start=\"2302\" data-end=\"2330\">Technomax SEKUR Moby Key<\/strong> poskytuje kombin\u00e1ciu vysokej mechanickej bezpe\u010dnosti a praktick\u00e9ho rie\u0161enia pre ochranu va\u0161ich cennost\u00ed.<\/p>\n","protected":false},"excerpt":{"rendered":"<p>N\u00e1bytkov\u00fd trezor <span class=\"hover:entity-accent entity-underline inline cursor-pointer align-baseline\"><span class=\"whitespace-normal\">Technomax<\/span><\/span> SEKUR Moby Key \u2013 vysoko bezpe\u010dnostn\u00fd mechanick\u00fd trezor s 8-p\u00e1kov\u00fdm z\u00e1mkom<\/p>\n","protected":false},"featured_media":16404,"comment_status":"open","ping_status":"closed","template":"","meta":{"_monsterinsights_skip_tracking":false,"_monsterinsights_sitenote_active":false,"_monsterinsights_sitenote_note":"","_monsterinsights_sitenote_category":0},"product_brand":[785],"product_cat":[111,557],"product_tag":[944],"class_list":{"0":"post-16399","1":"product","2":"type-product","3":"status-publish","4":"has-post-thumbnail","6":"product_brand-technomax","7":"product_cat-nabytkove-trezory","8":"product_cat-nabytkove-hotelove-a-office-sejfy","9":"product_tag-sekur","10":"product_shipping_class-do-10kg","11":"pa_bezpecnostna-trieda-bezpecnostnej-triedy-a-v-zmysle-normy-en-1300","12":"pa_material-ocel","13":"pa_miesto-instalacie-volne-stojace","14":"ts_product_brand-technomax","16":"first","17":"onbackorder","18":"taxable","19":"shipping-taxable","20":"purchasable","21":"product-type-variable"},"aioseo_notices":[],"jetpack_sharing_enabled":true,"_links":{"self":[{"href":"https:\/\/www.lltrezor.sk\/shop\/wp-json\/wp\/v2\/product\/16399","targetHints":{"allow":["GET"]}}],"collection":[{"href":"https:\/\/www.lltrezor.sk\/shop\/wp-json\/wp\/v2\/product"}],"about":[{"href":"https:\/\/www.lltrezor.sk\/shop\/wp-json\/wp\/v2\/types\/product"}],"replies":[{"embeddable":true,"href":"https:\/\/www.lltrezor.sk\/shop\/wp-json\/wp\/v2\/comments?post=16399"}],"wp:featuredmedia":[{"embeddable":true,"href":"https:\/\/www.lltrezor.sk\/shop\/wp-json\/wp\/v2\/media\/16404"}],"wp:attachment":[{"href":"https:\/\/www.lltrezor.sk\/shop\/wp-json\/wp\/v2\/media?parent=16399"}],"wp:term":[{"taxonomy":"product_brand","embeddable":true,"href":"https:\/\/www.lltrezor.sk\/shop\/wp-json\/wp\/v2\/product_brand?post=16399"},{"taxonomy":"product_cat","embeddable":true,"href":"https:\/\/www.lltrezor.sk\/shop\/wp-json\/wp\/v2\/product_cat?post=16399"},{"taxonomy":"product_tag","embeddable":true,"href":"https:\/\/www.lltrezor.sk\/shop\/wp-json\/wp\/v2\/product_tag?post=16399"}],"curies":[{"name":"wp","href":"https:\/\/api.w.org\/{rel}","templated":true}]}}