{"id":16376,"date":"2025-12-22T12:04:48","date_gmt":"2025-12-22T11:04:48","guid":{"rendered":"https:\/\/www.lltrezor.sk\/shop\/?post_type=product&#038;p=16376"},"modified":"2026-02-19T16:33:37","modified_gmt":"2026-02-19T15:33:37","slug":"sekur-key","status":"publish","type":"product","link":"https:\/\/www.lltrezor.sk\/shop\/product\/sekur-key\/","title":{"rendered":"SEKUR Key"},"content":{"rendered":"<p data-start=\"107\" data-end=\"439\">Model <strong data-start=\"113\" data-end=\"136\">Technomax SEKUR Key<\/strong> je taliansky stenov\u00fd trezor s <strong data-start=\"167\" data-end=\"198\">vysoko bezpe\u010dnostn\u00fdm z\u00e1mkom<\/strong> najnov\u0161ej gener\u00e1cie. Z\u00e1mok m\u00e1 <strong data-start=\"229\" data-end=\"266\">8 asymetrick\u00fdch a nez\u00e1visl\u00fdch p\u00e1k<\/strong>, certifik\u00e1ciu pod\u013ea <strong data-start=\"287\" data-end=\"302\">UNI EN 1300<\/strong> a \u0161peci\u00e1lne oscila\u010dn\u00e9 p\u00e1ky proti zlomenin\u00e1m, ktor\u00e9 poskytuj\u00fa mimoriadnu odolnos\u0165 proti sofistikovan\u00fdm \u00fatokom a manipula\u010dn\u00fdm n\u00e1strojom.<\/p>\n<hr data-start=\"441\" data-end=\"444\" \/>\n<h3 data-start=\"446\" data-end=\"470\">\ud83d\udd10 Bezpe\u010dnostn\u00fd z\u00e1mok<\/h3>\n<ul>\n<li data-start=\"474\" data-end=\"561\">Dvojit\u00fd k\u013e\u00fa\u010d so \u0161peci\u00e1lnym profilom, ktor\u00fd mo\u017eno duplikova\u0165 iba pomocou karty majetku<\/li>\n<li data-start=\"564\" data-end=\"620\">Vytiahnutie k\u013e\u00fa\u010da nie je mo\u017en\u00e9 pri zasunut\u00fdch z\u00e1vor\u00e1ch<\/li>\n<li data-start=\"623\" data-end=\"669\">Poniklovan\u00e9 oce\u013eov\u00e9 z\u00e1padky, oto\u010dn\u00e9, \u00d8 22 mm<\/li>\n<li data-start=\"672\" data-end=\"730\">Z\u00e1mkov\u00fd mechanizmus chr\u00e1nen\u00fd mang\u00e1nov\u00fdm oce\u013eov\u00fdm plechom<\/li>\n<li data-start=\"733\" data-end=\"793\">\u0160peci\u00e1lne zar\u00e1\u017eky dver\u00ed pre vy\u0161\u0161iu odolnos\u0165 proti vl\u00e1maniu<\/li>\n<\/ul>\n<hr data-start=\"795\" data-end=\"798\" \/>\n<h3 data-start=\"800\" data-end=\"828\">\u2699\ufe0f Kon\u0161trukcia a odolnos\u0165<\/h3>\n<ul>\n<li data-start=\"832\" data-end=\"886\">Robustn\u00e9 vn\u00fatorn\u00e9 zvary vyroben\u00e9 robotick\u00fdm syst\u00e9mom<\/li>\n<li data-start=\"889\" data-end=\"967\">Obvodov\u00e9 zv\u00e1ranie prednej \u010dasti s karos\u00e9riou kontinu\u00e1lne robotick\u00fdm syst\u00e9mom<\/li>\n<li data-start=\"970\" data-end=\"1039\">Vn\u00fatorn\u00e1 polica pre praktick\u00e9 ulo\u017eenie cennost\u00ed (okrem modelu SO\/1)<\/li>\n<li data-start=\"1042\" data-end=\"1106\">Kotviace plutvy na 4 stran\u00e1ch dna s funkciou proti roztrhnutiu<\/li>\n<li data-start=\"1109\" data-end=\"1159\">Termosetov\u00e9 pr\u00e1\u0161kov\u00e9 lakovanie so su\u0161en\u00edm v peci<\/li>\n<\/ul>\n<hr data-start=\"1161\" data-end=\"1164\" \/>\n<h3 data-start=\"1166\" data-end=\"1188\">\ud83d\udcd0 Dostupn\u00e9 rozmery<\/h3>\n<ul>\n<li data-start=\"1192\" data-end=\"1307\"><strong data-start=\"1192\" data-end=\"1201\">SO\/1:<\/strong> v\u00fd\u0161ka 210 mm, \u0161\u00edrka 270 mm, h\u013abka 150 mm; vn\u00fatorn\u00e9 rozmery 185 \u00d7 245 \u00d7 100 mm; hmotnos\u0165 5 kg; objem 0 l<\/li>\n<li data-start=\"1310\" data-end=\"1425\"><strong data-start=\"1310\" data-end=\"1319\">SO\/2:<\/strong> v\u00fd\u0161ka 210 mm, \u0161\u00edrka 270 mm, h\u013abka 200 mm; vn\u00fatorn\u00e9 rozmery 185 \u00d7 245 \u00d7 150 mm; hmotnos\u0165 7 kg; objem 0 l<\/li>\n<li data-start=\"1428\" data-end=\"1546\"><strong data-start=\"1428\" data-end=\"1438\">SO\/3B:<\/strong> v\u00fd\u0161ka 210 mm, \u0161\u00edrka 340 mm, h\u013abka 150 mm; vn\u00fatorn\u00e9 rozmery 185 \u00d7 315 \u00d7 100 mm; hmotnos\u0165 6,5 kg; objem 0 l<\/li>\n<li data-start=\"1549\" data-end=\"1664\"><strong data-start=\"1549\" data-end=\"1558\">SO\/3:<\/strong> v\u00fd\u0161ka 210 mm, \u0161\u00edrka 340 mm, h\u013abka 200 mm; vn\u00fatorn\u00e9 rozmery 185 \u00d7 315 \u00d7 150 mm; hmotnos\u0165 9 kg; objem 0 l<\/li>\n<li data-start=\"1667\" data-end=\"1783\"><strong data-start=\"1667\" data-end=\"1676\">SO\/4:<\/strong> v\u00fd\u0161ka 270 mm, \u0161\u00edrka 390 mm, h\u013abka 200 mm; vn\u00fatorn\u00e9 rozmery 245 \u00d7 365 \u00d7 150 mm; hmotnos\u0165 14 kg; objem 1 l<\/li>\n<\/ul>\n<hr data-start=\"1785\" data-end=\"1788\" \/>\n<h3 data-start=\"1790\" data-end=\"1812\">\ud83c\udfe0 Ide\u00e1lne vyu\u017eitie<\/h3>\n<ul>\n<li data-start=\"1816\" data-end=\"1874\">Bezpe\u010dn\u00e9 ulo\u017eenie cennost\u00ed, dokumentov alebo elektroniky<\/li>\n<li data-start=\"1877\" data-end=\"1942\">Diskr\u00e9tne stenov\u00e9 rie\u0161enie pre dom\u00e1cnosti, kancel\u00e1rie \u010di hotely<\/li>\n<li data-start=\"1945\" data-end=\"2016\">Optim\u00e1lne pre ochranu majetku pred sofistikovan\u00fdmi pokusmi o vl\u00e1manie<\/li>\n<\/ul>\n<hr data-start=\"2018\" data-end=\"2021\" \/>\n<h3 data-start=\"2023\" data-end=\"2039\">K\u00f3d produktu<\/h3>\n<p data-start=\"2041\" data-end=\"2172\">Na po\u017eiadanie je mo\u017en\u00e9 v\u0161etky modely vybavi\u0165 <strong data-start=\"2086\" data-end=\"2129\">z\u00e1mkom pre n\u00fadzov\u00e9 mechanick\u00e9 otvorenie<\/strong> s vysoko bezpe\u010dnostn\u00fdm dvojzub\u00fdm k\u013e\u00fa\u010dom.<\/p>\n","protected":false},"excerpt":{"rendered":"<p>Stenov\u00fd trezor <span class=\"hover:entity-accent entity-underline inline cursor-pointer align-baseline\"><span class=\"whitespace-normal\">Technomax<\/span><\/span> SEKUR Key \u2013 vysoko bezpe\u010dnostn\u00fd stenov\u00fd trezor<\/p>\n","protected":false},"featured_media":16379,"comment_status":"open","ping_status":"closed","template":"","meta":{"_monsterinsights_skip_tracking":false,"_monsterinsights_sitenote_active":false,"_monsterinsights_sitenote_note":"","_monsterinsights_sitenote_category":0},"product_brand":[785],"product_cat":[119,558],"product_tag":[944],"class_list":{"0":"post-16376","1":"product","2":"type-product","3":"status-publish","4":"has-post-thumbnail","6":"product_brand-technomax","7":"product_cat-nastenne-trezory","8":"product_cat-stenove-sejfy","9":"product_tag-sekur","10":"product_shipping_class-od-101-kg-do-25kg","11":"pa_bezpecnostna-trieda-1306","12":"pa_material-ocel","13":"pa_miesto-instalacie-kotvenie-do-steny","14":"ts_product_brand-technomax","16":"first","17":"onbackorder","18":"taxable","19":"shipping-taxable","20":"purchasable","21":"product-type-variable"},"aioseo_notices":[],"jetpack_sharing_enabled":true,"_links":{"self":[{"href":"https:\/\/www.lltrezor.sk\/shop\/wp-json\/wp\/v2\/product\/16376","targetHints":{"allow":["GET"]}}],"collection":[{"href":"https:\/\/www.lltrezor.sk\/shop\/wp-json\/wp\/v2\/product"}],"about":[{"href":"https:\/\/www.lltrezor.sk\/shop\/wp-json\/wp\/v2\/types\/product"}],"replies":[{"embeddable":true,"href":"https:\/\/www.lltrezor.sk\/shop\/wp-json\/wp\/v2\/comments?post=16376"}],"wp:featuredmedia":[{"embeddable":true,"href":"https:\/\/www.lltrezor.sk\/shop\/wp-json\/wp\/v2\/media\/16379"}],"wp:attachment":[{"href":"https:\/\/www.lltrezor.sk\/shop\/wp-json\/wp\/v2\/media?parent=16376"}],"wp:term":[{"taxonomy":"product_brand","embeddable":true,"href":"https:\/\/www.lltrezor.sk\/shop\/wp-json\/wp\/v2\/product_brand?post=16376"},{"taxonomy":"product_cat","embeddable":true,"href":"https:\/\/www.lltrezor.sk\/shop\/wp-json\/wp\/v2\/product_cat?post=16376"},{"taxonomy":"product_tag","embeddable":true,"href":"https:\/\/www.lltrezor.sk\/shop\/wp-json\/wp\/v2\/product_tag?post=16376"}],"curies":[{"name":"wp","href":"https:\/\/api.w.org\/{rel}","templated":true}]}}