{"id":16365,"date":"2025-12-21T22:11:00","date_gmt":"2025-12-21T21:11:00","guid":{"rendered":"https:\/\/www.lltrezor.sk\/shop\/?post_type=product&#038;p=16365"},"modified":"2026-02-19T16:35:11","modified_gmt":"2026-02-19T15:35:11","slug":"technofloor-key","status":"publish","type":"product","link":"https:\/\/www.lltrezor.sk\/shop\/product\/technofloor-key\/","title":{"rendered":"TECHNOFLOOR Key"},"content":{"rendered":"<p data-start=\"117\" data-end=\"377\">Model <strong data-start=\"123\" data-end=\"152\">Technomax TECHNOFLOOR Key<\/strong> je taliansky podlahov\u00fd trezor ur\u010den\u00fd na bezpe\u010dn\u00e9 ulo\u017eenie cennost\u00ed, dokumentov alebo elektroniky pod \u00farov\u0148ou podlahy. Trezor sa otv\u00e1ra zhora a jeho dizajn umo\u017e\u0148uje diskr\u00e9tne a bezpe\u010dn\u00e9 umiestnenie takmer pod ka\u017ed\u00fa podlahu.<\/p>\n<hr data-start=\"379\" data-end=\"382\" \/>\n<h3 data-start=\"384\" data-end=\"408\">\ud83d\udd10 Bezpe\u010dnostn\u00fd z\u00e1mok<\/h3>\n<ul>\n<li data-start=\"412\" data-end=\"498\">Vysoko bezpe\u010dnostn\u00fd z\u00e1mok najnov\u0161ej gener\u00e1cie s 8 asymetrick\u00fdmi a nez\u00e1visl\u00fdmi p\u00e1kami<\/li>\n<li data-start=\"501\" data-end=\"537\">Certifik\u00e1cia pod\u013ea <strong data-start=\"520\" data-end=\"535\">UNI EN 1300<\/strong><\/li>\n<li data-start=\"540\" data-end=\"627\">Dvojit\u00fd k\u013e\u00fa\u010d so \u0161peci\u00e1lnym profilom, ktor\u00fd mo\u017eno duplikova\u0165 iba pomocou karty majetku<\/li>\n<li data-start=\"630\" data-end=\"686\">Vytiahnutie k\u013e\u00fa\u010da nie je mo\u017en\u00e9 pri zasunut\u00fdch z\u00e1vor\u00e1ch<\/li>\n<li data-start=\"689\" data-end=\"735\">Poniklovan\u00e9 oce\u013eov\u00e9 z\u00e1padky, oto\u010dn\u00e9, \u00d8 22 mm<\/li>\n<li data-start=\"738\" data-end=\"796\">Z\u00e1mkov\u00fd mechanizmus chr\u00e1nen\u00fd mang\u00e1nov\u00fdm oce\u013eov\u00fdm plechom<\/li>\n<li data-start=\"799\" data-end=\"862\">\u0160peci\u00e1lne zar\u00e1\u017eky dver\u00ed odoln\u00e9 proti vl\u00e1maniu pomocou kladiva<\/li>\n<\/ul>\n<hr data-start=\"864\" data-end=\"867\" \/>\n<h3 data-start=\"869\" data-end=\"897\">\u2699\ufe0f Kon\u0161trukcia a odolnos\u0165<\/h3>\n<ul>\n<li data-start=\"901\" data-end=\"955\">Plynov\u00fd piest pre \u013eahk\u00e9 otv\u00e1ranie a zatv\u00e1ranie dver\u00ed<\/li>\n<li data-start=\"958\" data-end=\"1047\">Vonkaj\u0161ia ochrana na otv\u00e1racej strane pre vyrovnanie trezora na akomko\u013evek type podlahy<\/li>\n<li data-start=\"1050\" data-end=\"1087\">Nastavite\u013en\u00e1 h\u013abka od 210 do 320 mm<\/li>\n<li data-start=\"1090\" data-end=\"1144\">Robustn\u00e9 vn\u00fatorn\u00e9 zvary vyroben\u00e9 robotick\u00fdm syst\u00e9mom<\/li>\n<li data-start=\"1147\" data-end=\"1211\">Kotviace plutvy na 4 stran\u00e1ch dna s funkciou proti roztrhnutiu<\/li>\n<li data-start=\"1214\" data-end=\"1264\">Termosetov\u00e9 pr\u00e1\u0161kov\u00e9 lakovanie so su\u0161en\u00edm v peci<\/li>\n<\/ul>\n<hr data-start=\"1266\" data-end=\"1269\" \/>\n<h3 data-start=\"1271\" data-end=\"1293\">\ud83d\udcd0 Ide\u00e1lne vyu\u017eitie<\/h3>\n<ul>\n<li data-start=\"1297\" data-end=\"1375\">Diskr\u00e9tne a bezpe\u010dn\u00e9 ulo\u017eenie cennost\u00ed, pe\u0148az\u00ed, dokumentov alebo elektroniky<\/li>\n<li data-start=\"1378\" data-end=\"1459\">Podlahov\u00e1 in\u0161tal\u00e1cia vhodn\u00e1 pre dom\u00e1cnosti, kancel\u00e1rie alebo komer\u010dn\u00e9 priestory<\/li>\n<li data-start=\"1462\" data-end=\"1543\">Vysok\u00e1 odolnos\u0165 proti vl\u00e1maniu aj pri pokusoch s kladivom alebo in\u00fdmi n\u00e1strojmi<\/li>\n<\/ul>\n","protected":false},"excerpt":{"rendered":"<p>Podlahov\u00fd trezor <span class=\"hover:entity-accent entity-underline inline cursor-pointer align-baseline\"><span class=\"whitespace-normal\">Technomax<\/span><\/span> TECHNOFLOOR Key \u2013 vysoko bezpe\u010dnostn\u00fd podlahov\u00fd trezor<\/p>\n","protected":false},"featured_media":16370,"comment_status":"open","ping_status":"closed","template":"","meta":{"_monsterinsights_skip_tracking":false,"_monsterinsights_sitenote_active":false,"_monsterinsights_sitenote_note":"","_monsterinsights_sitenote_category":0},"product_brand":[785],"product_cat":[306],"product_tag":[1305],"class_list":{"0":"post-16365","1":"product","2":"type-product","3":"status-publish","4":"has-post-thumbnail","6":"product_brand-technomax","7":"product_cat-podlahove-trezory","8":"product_tag-technofloor","9":"product_shipping_class-od-251-kg-do-40kg","10":"pa_bezpecnostna-trieda-bezpecnostnej-triedy-a-v-zmysle-normy-en-1300","11":"pa_material-ocel","12":"pa_vnutorna-hlbka-115-225","13":"pa_vnutorna-sirka-593","14":"pa_vnutorna-vyska-1652","15":"pa_vnutorny-objem-1134","16":"pa_vonkajsia-hlbka-210-320","17":"pa_vonkajsia-sirka-1649","18":"pa_vonkajsia-vyska-1650","19":"ts_product_brand-technomax","21":"first","22":"onbackorder","23":"taxable","24":"shipping-taxable","25":"purchasable","26":"product-type-simple"},"aioseo_notices":[],"jetpack_sharing_enabled":true,"_links":{"self":[{"href":"https:\/\/www.lltrezor.sk\/shop\/wp-json\/wp\/v2\/product\/16365","targetHints":{"allow":["GET"]}}],"collection":[{"href":"https:\/\/www.lltrezor.sk\/shop\/wp-json\/wp\/v2\/product"}],"about":[{"href":"https:\/\/www.lltrezor.sk\/shop\/wp-json\/wp\/v2\/types\/product"}],"replies":[{"embeddable":true,"href":"https:\/\/www.lltrezor.sk\/shop\/wp-json\/wp\/v2\/comments?post=16365"}],"wp:featuredmedia":[{"embeddable":true,"href":"https:\/\/www.lltrezor.sk\/shop\/wp-json\/wp\/v2\/media\/16370"}],"wp:attachment":[{"href":"https:\/\/www.lltrezor.sk\/shop\/wp-json\/wp\/v2\/media?parent=16365"}],"wp:term":[{"taxonomy":"product_brand","embeddable":true,"href":"https:\/\/www.lltrezor.sk\/shop\/wp-json\/wp\/v2\/product_brand?post=16365"},{"taxonomy":"product_cat","embeddable":true,"href":"https:\/\/www.lltrezor.sk\/shop\/wp-json\/wp\/v2\/product_cat?post=16365"},{"taxonomy":"product_tag","embeddable":true,"href":"https:\/\/www.lltrezor.sk\/shop\/wp-json\/wp\/v2\/product_tag?post=16365"}],"curies":[{"name":"wp","href":"https:\/\/api.w.org\/{rel}","templated":true}]}}