{"id":16289,"date":"2025-12-21T18:38:04","date_gmt":"2025-12-21T17:38:04","guid":{"rendered":"https:\/\/www.lltrezor.sk\/shop\/?post_type=product&#038;p=16289"},"modified":"2026-02-19T16:40:04","modified_gmt":"2026-02-19T15:40:04","slug":"master-key-km","status":"publish","type":"product","link":"https:\/\/www.lltrezor.sk\/shop\/product\/master-key-km\/","title":{"rendered":"MASTER Key &#8211; KM"},"content":{"rendered":"<p data-start=\"249\" data-end=\"565\">Model <strong data-start=\"255\" data-end=\"274\">MASTER Key \u2013 KM<\/strong> od renomovan\u00e9ho talianskeho v\u00fdrobcu <strong data-start=\"311\" data-end=\"352\"><span class=\"hover:entity-accent entity-underline inline cursor-pointer align-baseline\"><span class=\"whitespace-normal\">Technomax<\/span><\/span><\/strong> je <strong data-start=\"356\" data-end=\"396\">stenov\u00fd trezor ur\u010den\u00fd na zamurovanie<\/strong>, vybaven\u00fd <strong data-start=\"407\" data-end=\"463\">mechanick\u00fdm bezpe\u010dnostn\u00fdm z\u00e1mkom najnov\u0161ej gener\u00e1cie<\/strong>. Mas\u00edvna kon\u0161trukcia a pokro\u010dil\u00e1 ochrana z\u00e1mku poskytuj\u00fa vysok\u00fa \u00farove\u0148 zabezpe\u010denia proti vl\u00e1maniu.<\/p>\n<h3 data-start=\"567\" data-end=\"592\">\ud83d\udd11 Bezpe\u010dnostn\u00fd z\u00e1mok<\/h3>\n<ul>\n<li data-start=\"595\" data-end=\"709\">Vysoko bezpe\u010dnostn\u00fd mechanick\u00fd z\u00e1mok s <strong data-start=\"634\" data-end=\"674\">8 asymetrick\u00fdmi a nez\u00e1visl\u00fdmi p\u00e1kami<\/strong>, certifikovan\u00fd pod\u013ea UNI EN 1300<\/li>\n<li data-start=\"712\" data-end=\"823\">Pou\u017eitie <strong data-start=\"721\" data-end=\"767\">oscila\u010dn\u00fdch p\u00e1k a profilov\u00fdch podbradn\u00edkov<\/strong> pre vysok\u00fa odolnos\u0165 proti sofistikovan\u00fdm manipul\u00e1ci\u00e1m<\/li>\n<li data-start=\"826\" data-end=\"888\"><strong data-start=\"826\" data-end=\"852\">Dvojit\u00fd \u0161peci\u00e1lny k\u013e\u00fa\u010d<\/strong>, duplik\u00e1cia len cez kartu majetku<\/li>\n<li data-start=\"891\" data-end=\"951\"><strong data-start=\"891\" data-end=\"925\">Vytiahnutie k\u013e\u00fa\u010da nie je mo\u017en\u00e9<\/strong> pri zasunut\u00fdch z\u00e1vor\u00e1ch<\/li>\n<\/ul>\n<h3 data-start=\"953\" data-end=\"994\">\ud83d\udee1\ufe0f Kon\u0161trukcia a mechanick\u00e1 odolnos\u0165<\/h3>\n<ul>\n<li data-start=\"997\" data-end=\"1082\">Dvere s <strong data-start=\"1005\" data-end=\"1031\">celkovou hr\u00fabkou 10 mm<\/strong>, vyroben\u00e9 z 3 laserom rezan\u00fdch oce\u013eov\u00fdch plechov<\/li>\n<li data-start=\"1085\" data-end=\"1171\">Stredn\u00fd plech zo <strong data-start=\"1102\" data-end=\"1133\">\u0161peci\u00e1lnej mang\u00e1novej ocele<\/strong> pre vysok\u00fa odolnos\u0165 proti odv\u0155taniu<\/li>\n<li data-start=\"1174\" data-end=\"1214\"><strong data-start=\"1174\" data-end=\"1212\">Poniklovan\u00e9 oto\u010dn\u00e9 skrutky \u00d8 22 mm<\/strong><\/li>\n<li data-start=\"1217\" data-end=\"1279\">Z\u00e1mkov\u00fd mechanizmus chr\u00e1nen\u00fd <strong data-start=\"1246\" data-end=\"1277\">mang\u00e1nov\u00fdm oce\u013eov\u00fdm plechom<\/strong><\/li>\n<li data-start=\"1282\" data-end=\"1343\">\u0160peci\u00e1lne <strong data-start=\"1292\" data-end=\"1309\">zar\u00e1\u017eky dver\u00ed<\/strong> proti p\u00e1\u010deniu a \u00faderom kladivom<\/li>\n<li data-start=\"1346\" data-end=\"1427\">Robustn\u00e9 vn\u00fatorn\u00e9 zvary a <strong data-start=\"1372\" data-end=\"1405\">kontinu\u00e1lne obvodov\u00e9 zv\u00e1ranie<\/strong> robotick\u00fdm syst\u00e9mom<\/li>\n<li data-start=\"1430\" data-end=\"1499\">Povrchov\u00e1 \u00faprava: <strong data-start=\"1448\" data-end=\"1482\">termosetov\u00e9 pr\u00e1\u0161kov\u00e9 lakovanie<\/strong>, su\u0161en\u00e9 v peci<\/li>\n<\/ul>\n<h3 data-start=\"1501\" data-end=\"1523\">\u2699\ufe0f V\u00fdbava a mont\u00e1\u017e<\/h3>\n<ul>\n<li data-start=\"1526\" data-end=\"1575\">Praktick\u00e1 <strong data-start=\"1536\" data-end=\"1555\">vn\u00fatorn\u00e1 polica<\/strong> (okrem mod. KM\/1)<\/li>\n<li data-start=\"1578\" data-end=\"1646\"><strong data-start=\"1578\" data-end=\"1615\">Kotviace plutvy na 4 stran\u00e1ch dna<\/strong> s funkciou proti roztrhnutiu<\/li>\n<li data-start=\"1649\" data-end=\"1692\">Ur\u010den\u00e9 na <strong data-start=\"1659\" data-end=\"1690\">trval\u00e9 zamurovanie do steny<\/strong><\/li>\n<\/ul>\n<h3 data-start=\"1694\" data-end=\"1728\">\ud83d\udcd0 Dostupn\u00e9 rozmery a varianty<\/h3>\n<p data-start=\"1730\" data-end=\"2609\"><strong data-start=\"1730\" data-end=\"1738\">KM\/1<\/strong> \u2013 210 \u00d7 270 \u00d7 150 mm | Vn\u00fatorn\u00e9: 185 \u00d7 245 \u00d7 100 mm | 9,5 kg | 5 l<br data-start=\"1805\" data-end=\"1808\" \/><strong data-start=\"1808\" data-end=\"1816\">KM\/2<\/strong> \u2013 210 \u00d7 270 \u00d7 200 mm | Vn\u00fatorn\u00e9: 185 \u00d7 245 \u00d7 150 mm | 10,5 kg | 7 l<br data-start=\"1884\" data-end=\"1887\" \/><strong data-start=\"1887\" data-end=\"1895\">KM\/3<\/strong> \u2013 210 \u00d7 340 \u00d7 200 mm | Vn\u00fatorn\u00e9: 185 \u00d7 315 \u00d7 150 mm | 13,0 kg | 9 l<br data-start=\"1963\" data-end=\"1966\" \/><strong data-start=\"1966\" data-end=\"1974\">KM\/4<\/strong> \u2013 270 \u00d7 390 \u00d7 200 mm | Vn\u00fatorn\u00e9: 245 \u00d7 365 \u00d7 150 mm | 18,0 kg | 14 l<br data-start=\"2043\" data-end=\"2046\" \/><strong data-start=\"2046\" data-end=\"2055\">KM\/4L<\/strong> \u2013 270 \u00d7 390 \u00d7 240 mm | Vn\u00fatorn\u00e9: 245 \u00d7 365 \u00d7 190 mm | 19,0 kg | 18 l<br data-start=\"2124\" data-end=\"2127\" \/><strong data-start=\"2127\" data-end=\"2135\">KM\/5<\/strong> \u2013 340 \u00d7 460 \u00d7 200 mm | Vn\u00fatorn\u00e9: 315 \u00d7 435 \u00d7 150 mm | 25,0 kg | 21 l<br data-start=\"2204\" data-end=\"2207\" \/><strong data-start=\"2207\" data-end=\"2216\">KM\/5L<\/strong> \u2013 340 \u00d7 460 \u00d7 240 mm | Vn\u00fatorn\u00e9: 315 \u00d7 435 \u00d7 190 mm | 26,0 kg | 27 l<br data-start=\"2285\" data-end=\"2288\" \/><strong data-start=\"2288\" data-end=\"2296\">KM\/6<\/strong> \u2013 420 \u00d7 480 \u00d7 230 mm | Vn\u00fatorn\u00e9: 395 \u00d7 455 \u00d7 180 mm | 33,5 kg | 33 l<br data-start=\"2365\" data-end=\"2368\" \/><strong data-start=\"2368\" data-end=\"2377\">KM\/6L<\/strong> \u2013 420 \u00d7 480 \u00d7 280 mm | Vn\u00fatorn\u00e9: 395 \u00d7 455 \u00d7 230 mm | 34,5 kg | 43 l<br data-start=\"2446\" data-end=\"2449\" \/><strong data-start=\"2449\" data-end=\"2457\">KM\/7<\/strong> \u2013 480 \u00d7 420 \u00d7 280 mm | Vn\u00fatorn\u00e9: 455 \u00d7 395 \u00d7 230 mm | 34,5 kg | 43 l<br data-start=\"2526\" data-end=\"2529\" data-is-only-node=\"\" \/><strong data-start=\"2529\" data-end=\"2538\">KM\/7L<\/strong> \u2013 480 \u00d7 420 \u00d7 360 mm | Vn\u00fatorn\u00e9: 455 \u00d7 395 \u00d7 310 mm | 37,0 kg | 57 l<\/p>\n<h3 data-start=\"2611\" data-end=\"2634\">\ud83c\udfe0 Ide\u00e1lne vyu\u017eitie<\/h3>\n<ul>\n<li data-start=\"2637\" data-end=\"2656\">Dom\u00e1cnosti a byty<\/li>\n<li data-start=\"2659\" data-end=\"2691\">Kancel\u00e1rie a firemn\u00e9 priestory<\/li>\n<li data-start=\"2694\" data-end=\"2745\">Diskr\u00e9tna a bezpe\u010dn\u00e1 in\u0161tal\u00e1cia stenov\u00e9ho trezoru<\/li>\n<li data-start=\"2748\" data-end=\"2792\">Ukladanie cennost\u00ed, dokumentov a hotovosti<\/li>\n<\/ul>\n<h3 data-start=\"2794\" data-end=\"2840\">Pre\u010do si vybra\u0165 Technomax MASTER Key \u2013 KM?<\/h3>\n<p data-start=\"2841\" data-end=\"3083\">\u2714 Mas\u00edvna kon\u0161trukcia s mang\u00e1novou ochranou<br data-start=\"2884\" data-end=\"2887\" \/>\u2714 Certifikovan\u00fd mechanick\u00fd z\u00e1mok UNI EN 1300<br data-start=\"2931\" data-end=\"2934\" \/>\u2714 Robustn\u00e9 zvary a odolnos\u0165 proti sofistikovan\u00fdm \u00fatokom<br data-start=\"2989\" data-end=\"2992\" \/>\u2714 Profesion\u00e1lna talianska v\u00fdroba<br data-start=\"3024\" data-end=\"3027\" \/>\u2714 Mo\u017enos\u0165 zamurovania a dlhodob\u00e9ho bezpe\u010dn\u00e9ho ulo\u017eenia<\/p>\n","protected":false},"excerpt":{"rendered":"<p>Vysoko bezpe\u010dn\u00fd mechanick\u00fd trezor s certifikovan\u00fdm z\u00e1mkom<\/p>\n","protected":false},"featured_media":16303,"comment_status":"open","ping_status":"closed","template":"","meta":{"_monsterinsights_skip_tracking":false,"_monsterinsights_sitenote_active":false,"_monsterinsights_sitenote_note":"","_monsterinsights_sitenote_category":0},"product_brand":[785],"product_cat":[119,558],"product_tag":[1299],"class_list":{"0":"post-16289","1":"product","2":"type-product","3":"status-publish","4":"has-post-thumbnail","6":"product_brand-technomax","7":"product_cat-nastenne-trezory","8":"product_cat-stenove-sejfy","9":"product_tag-master","10":"product_shipping_class-od-101-kg-do-25kg","11":"pa_bezpecnostna-trieda-bezpecnostnej-triedy-a-v-zmysle-normy-en-1300","12":"pa_bezpecnostna-trieda-s1-podla-normy-en-14450","13":"pa_material-ocel","14":"pa_miesto-instalacie-kotvenie-do-steny","15":"ts_product_brand-technomax","17":"first","18":"onbackorder","19":"taxable","20":"shipping-taxable","21":"purchasable","22":"product-type-variable"},"aioseo_notices":[],"jetpack_sharing_enabled":true,"_links":{"self":[{"href":"https:\/\/www.lltrezor.sk\/shop\/wp-json\/wp\/v2\/product\/16289","targetHints":{"allow":["GET"]}}],"collection":[{"href":"https:\/\/www.lltrezor.sk\/shop\/wp-json\/wp\/v2\/product"}],"about":[{"href":"https:\/\/www.lltrezor.sk\/shop\/wp-json\/wp\/v2\/types\/product"}],"replies":[{"embeddable":true,"href":"https:\/\/www.lltrezor.sk\/shop\/wp-json\/wp\/v2\/comments?post=16289"}],"wp:featuredmedia":[{"embeddable":true,"href":"https:\/\/www.lltrezor.sk\/shop\/wp-json\/wp\/v2\/media\/16303"}],"wp:attachment":[{"href":"https:\/\/www.lltrezor.sk\/shop\/wp-json\/wp\/v2\/media?parent=16289"}],"wp:term":[{"taxonomy":"product_brand","embeddable":true,"href":"https:\/\/www.lltrezor.sk\/shop\/wp-json\/wp\/v2\/product_brand?post=16289"},{"taxonomy":"product_cat","embeddable":true,"href":"https:\/\/www.lltrezor.sk\/shop\/wp-json\/wp\/v2\/product_cat?post=16289"},{"taxonomy":"product_tag","embeddable":true,"href":"https:\/\/www.lltrezor.sk\/shop\/wp-json\/wp\/v2\/product_tag?post=16289"}],"curies":[{"name":"wp","href":"https:\/\/api.w.org\/{rel}","templated":true}]}}