{"id":16181,"date":"2025-12-21T14:58:50","date_gmt":"2025-12-21T13:58:50","guid":{"rendered":"https:\/\/www.lltrezor.sk\/shop\/?post_type=product&#038;p=16181"},"modified":"2026-02-19T16:43:55","modified_gmt":"2026-02-19T15:43:55","slug":"seria-technofort-dd","status":"publish","type":"product","link":"https:\/\/www.lltrezor.sk\/shop\/product\/seria-technofort-dd\/","title":{"rendered":"Technofort Diplo &#8211; DD"},"content":{"rendered":"<p data-start=\"475\" data-end=\"691\">Stenov\u00fd trezor v bezpe\u010dnostnej triede S2 EN 14450 s dvojpl\u00e1\u0161\u0165ov\u00fdmi dverami, odoln\u00fdm z\u00e1mkom certifikovan\u00fdm UNI EN 1300 a mo\u017enos\u0165ou prek\u00f3dovania v\u0161etk\u00fdch mechanick\u00fdch a oto\u010dn\u00fdch syst\u00e9mov.<\/p>\n<hr data-start=\"693\" data-end=\"696\" \/>\n<h3 data-start=\"698\" data-end=\"725\">\ud83d\udd11 Z\u00e1mok a zabezpe\u010denie<\/h3>\n<ul>\n<li data-start=\"728\" data-end=\"848\">Vysoko bezpe\u010dnostn\u00fd z\u00e1mok najnov\u0161ej gener\u00e1cie s 8 asymetrick\u00fdmi a nez\u00e1visl\u00fdmi p\u00e1kami, certifikovan\u00fd pod\u013ea UNI EN 1300.<\/li>\n<li data-start=\"851\" data-end=\"967\">Kombin\u00e1cia mechanick\u00e9ho z\u00e1mku a trojkombina\u010dn\u00e9ho oto\u010dn\u00e9ho z\u00e1mku, v\u0161etky oto\u010dn\u00e9 mechanizmy mo\u017en\u00e9 zvl\u00e1\u0161\u0165 prek\u00f3dova\u0165.<\/li>\n<li data-start=\"970\" data-end=\"1086\"><strong data-start=\"970\" data-end=\"999\">Trezorov\u00fd mot\u00fdlikov\u00fd k\u013e\u00fa\u010d<\/strong> s jedine\u010dn\u00fdm profilom, duplik\u00e1t mo\u017eno vyhotovi\u0165 len na z\u00e1klade identifika\u010dnej karty.<\/li>\n<li data-start=\"1089\" data-end=\"1150\">Kombinovan\u00fd blok s 3 ru\u010dn\u00fdmi kolesami, ka\u017ed\u00e9 s 20 polohami.<\/li>\n<li data-start=\"1153\" data-end=\"1210\">Vytiahnutie k\u013e\u00fa\u010da nie je mo\u017en\u00e9 pri zasunut\u00fdch z\u00e1vor\u00e1ch.<\/li>\n<li data-start=\"1213\" data-end=\"1283\">Poniklovan\u00e9 oce\u013eov\u00e9 \u010dapy, \u00d8 22 mm, zabezpe\u010duj\u00fa spo\u013eahliv\u00e9 zamykanie.<\/li>\n<li data-start=\"1286\" data-end=\"1361\">Z\u00e1mkov\u00fd mechanizmus chr\u00e1nen\u00fd mang\u00e1nov\u00fdm oce\u013eov\u00fdm plechom proti odv\u0155taniu.<\/li>\n<li data-start=\"1364\" data-end=\"1457\">\u0160peci\u00e1lne zar\u00e1\u017eky dver\u00ed poskytuj\u00fa vysok\u00fa odolnos\u0165 proti pokusom o vl\u00e1manie pomocou kladiva.<\/li>\n<\/ul>\n<hr data-start=\"1459\" data-end=\"1462\" \/>\n<h3 data-start=\"1464\" data-end=\"1494\">\ud83c\udfd7\ufe0f Kon\u0161trukcia a odolnos\u0165<\/h3>\n<ul>\n<li data-start=\"1497\" data-end=\"1552\">Robustn\u00e9 vn\u00fatorn\u00e9 zvary vyroben\u00e9 robotick\u00fdm syst\u00e9mom.<\/li>\n<li data-start=\"1555\" data-end=\"1636\">Obvodov\u00e9 zv\u00e1ranie prednej \u010dasti s kon\u0161trukciou kontinu\u00e1lne robotick\u00fdm syst\u00e9mom.<\/li>\n<li data-start=\"1639\" data-end=\"1743\">Dvojpl\u00e1\u0161\u0165ov\u00e9 dvere a jednopl\u00e1\u0161\u0165ov\u00e1 kon\u0161trukcia z oce\u013eov\u00e9ho plechu zaru\u010duj\u00fa vysok\u00fa mechanick\u00fa odolnos\u0165.<\/li>\n<li data-start=\"1746\" data-end=\"1797\">Termosetov\u00e9 pr\u00e1\u0161kov\u00e9 lakovanie so su\u0161en\u00edm v peci.<\/li>\n<\/ul>\n<hr data-start=\"1799\" data-end=\"1802\" \/>\n<h3 data-start=\"1804\" data-end=\"1839\">\ud83d\uddc4\ufe0f Vn\u00fatorn\u00e9 vybavenie<\/h3>\n<ul data-start=\"1840\" data-end=\"2025\">\n<li data-start=\"1840\" data-end=\"1881\">\n<p data-start=\"1842\" data-end=\"1881\">Vn\u00fatorn\u00e1 polica (okrem modelu DD\/3B).<\/p>\n<\/li>\n<\/ul>\n<hr data-start=\"2027\" data-end=\"2030\" \/>\n<h3 data-start=\"2032\" data-end=\"2055\">\ud83d\udca1 Ide\u00e1lne vyu\u017eitie<\/h3>\n<ul>\n<li data-start=\"2058\" data-end=\"2148\">Bezpe\u010dn\u00e9 ulo\u017eenie hotovosti, \u0161perkov, cenn\u00fdch dokumentov, pasov alebo digit\u00e1lnych m\u00e9di\u00ed.<\/li>\n<li data-start=\"2151\" data-end=\"2245\">Vhodn\u00fd do kancel\u00e1ri\u00ed, b\u00e1nk, obchodov aj dom\u00e1cnost\u00ed, kde je vy\u017eadovan\u00e1 vysok\u00e1 \u00farove\u0148 ochrany.<\/li>\n<li data-start=\"2248\" data-end=\"2381\">Odpor\u00fa\u010dan\u00fd pre t\u00fdch, ktor\u00ed h\u013eadaj\u00fa kombin\u00e1ciu mechanickej a elektronickej kontroly pr\u00edstupu s maxim\u00e1lnou odolnos\u0165ou proti vl\u00e1maniu.<\/li>\n<\/ul>\n<hr data-start=\"2383\" data-end=\"2386\" \/>\n<h3 data-start=\"2388\" data-end=\"2422\">\u2705 Pre\u010do si vybra\u0165 tento trezor<\/h3>\n<ul>\n<li data-start=\"2425\" data-end=\"2490\">Certifik\u00e1cia <strong data-start=\"2438\" data-end=\"2459\">S2 pod\u013ea EN 14450<\/strong> \u2013 vysok\u00e1 \u00farove\u0148 bezpe\u010dnosti.<\/li>\n<li data-start=\"2493\" data-end=\"2580\">Pokro\u010dil\u00fd mechanicko-oto\u010dn\u00fd z\u00e1mok a trezorov\u00fd mot\u00fdlikov\u00fd k\u013e\u00fa\u010d s kontrolou duplik\u00e1cie.<\/li>\n<li data-start=\"2583\" data-end=\"2706\">Dvojpl\u00e1\u0161\u0165ov\u00e9 dvere, robustn\u00e1 kon\u0161trukcia a \u0161peci\u00e1lne zar\u00e1\u017eky dver\u00ed poskytuj\u00fa v\u00fdnimo\u010dn\u00fa ochranu proti n\u00e1siln\u00e9mu otvoreniu.<\/li>\n<li data-start=\"2709\" data-end=\"2794\">Flexibiln\u00e9 mo\u017enosti in\u0161tal\u00e1cie a vn\u00fatorn\u00e1 polica pre praktick\u00e9 usporiadanie obsahu.<\/li>\n<\/ul>\n<hr data-start=\"2796\" data-end=\"2799\" \/>\n<h3 data-start=\"2801\" data-end=\"2834\">\ud83d\udccf Varianty a rozmery trezora<\/h3>\n<p data-start=\"2836\" data-end=\"3658\"><strong data-start=\"2836\" data-end=\"2845\">DD\/3B<\/strong> \u2013 210 \u00d7 340 \u00d7 150 mm (vn\u00fatorn\u00e9 185 \u00d7 315 \u00d7 100 mm), 12,5 kg, objem 6,5 l<br data-start=\"2918\" data-end=\"2921\" \/><strong data-start=\"2921\" data-end=\"2929\">DD\/3<\/strong> \u2013 210 \u00d7 340 \u00d7 200 mm (vn\u00fatorn\u00e9 185 \u00d7 315 \u00d7 150 mm), 13 kg, objem 9 l<br data-start=\"2998\" data-end=\"3001\" \/><strong data-start=\"3001\" data-end=\"3009\">DD\/4<\/strong> \u2013 270 \u00d7 390 \u00d7 200 mm (vn\u00fatorn\u00e9 245 \u00d7 365 \u00d7 150 mm), 18 kg, objem 14 l<br data-start=\"3079\" data-end=\"3082\" \/><strong data-start=\"3082\" data-end=\"3091\">DD\/4L<\/strong> \u2013 270 \u00d7 390 \u00d7 240 mm (vn\u00fatorn\u00e9 245 \u00d7 365 \u00d7 190 mm), 19 kg, objem 18 l<br data-start=\"3161\" data-end=\"3164\" \/><strong data-start=\"3164\" data-end=\"3172\">DD\/5<\/strong> \u2013 340 \u00d7 460 \u00d7 200 mm (vn\u00fatorn\u00e9 315 \u00d7 435 \u00d7 150 mm), 25 kg, objem 21 l<br data-start=\"3242\" data-end=\"3245\" \/><strong data-start=\"3245\" data-end=\"3254\">DD\/5L<\/strong> \u2013 340 \u00d7 460 \u00d7 240 mm (vn\u00fatorn\u00e9 315 \u00d7 435 \u00d7 190 mm), 26 kg, objem 27 l<br data-start=\"3324\" data-end=\"3327\" \/><strong data-start=\"3327\" data-end=\"3335\">DD\/6<\/strong> \u2013 420 \u00d7 480 \u00d7 230 mm (vn\u00fatorn\u00e9 395 \u00d7 455 \u00d7 180 mm), 33,5 kg, objem 33 l<br data-start=\"3407\" data-end=\"3410\" \/><strong data-start=\"3410\" data-end=\"3419\">DD\/6L<\/strong> \u2013 420 \u00d7 480 \u00d7 280 mm (vn\u00fatorn\u00e9 395 \u00d7 455 \u00d7 230 mm), 34,5 kg, objem 43 l<br data-start=\"3491\" data-end=\"3494\" \/><strong data-start=\"3494\" data-end=\"3502\">DD\/7<\/strong> \u2013 480 \u00d7 420 \u00d7 280 mm (vn\u00fatorn\u00e9 455 \u00d7 395 \u00d7 230 mm), 34,5 kg, objem 43 l<br data-start=\"3574\" data-end=\"3577\" \/><strong data-start=\"3577\" data-end=\"3586\">DD\/7L<\/strong> \u2013 480 \u00d7 420 \u00d7 360 mm (vn\u00fatorn\u00e9 455 \u00d7 395 \u00d7 310 mm), 37 kg, objem 57 l<\/p>\n<hr data-start=\"3660\" data-end=\"3663\" \/>\n<h3 data-start=\"3665\" data-end=\"3692\">\ud83d\udd27 Doplnkov\u00e9 inform\u00e1cie<\/h3>\n<ul>\n<li data-start=\"3695\" data-end=\"3835\">Na po\u017eiadanie je mo\u017en\u00e9 v\u0161etky modely vybavi\u0165 z\u00e1mkom pre n\u00fadzov\u00e9 mechanick\u00e9 otvorenie s vysoko bezpe\u010dnostn\u00fdm dvojzub\u00fdm k\u013e\u00fa\u010dom <strong data-start=\"3820\" data-end=\"3832\">EVO-LOCK<\/strong>.<\/li>\n<li data-start=\"3838\" data-end=\"3913\">K\u00f3d produktu pre s\u00e9riu: pridajte p\u00edsmeno \u201eP\u201c na koniec \u0161tandardn\u00e9ho k\u00f3du.<\/li>\n<li data-start=\"3918\" data-end=\"3960\">Pr\u00edklad: DD\/3 \u2192 DD\/3P, DD\/4 \u2192 DD\/4P at\u010f.<\/li>\n<\/ul>\n","protected":false},"excerpt":{"rendered":"<p>Vysoko bezpe\u010dnostn\u00fd stenov\u00fd trezor s kombinovan\u00fdm mechanicko-oto\u010dn\u00fdm z\u00e1mkom, ide\u00e1lny pre ochranu dokumentov, cennost\u00ed a hotovosti<\/p>\n","protected":false},"featured_media":16195,"comment_status":"open","ping_status":"closed","template":"","meta":{"_monsterinsights_skip_tracking":false,"_monsterinsights_sitenote_active":false,"_monsterinsights_sitenote_note":"","_monsterinsights_sitenote_category":0},"product_brand":[785],"product_cat":[119,558],"product_tag":[954],"class_list":{"0":"post-16181","1":"product","2":"type-product","3":"status-publish","4":"has-post-thumbnail","6":"product_brand-technomax","7":"product_cat-nastenne-trezory","8":"product_cat-stenove-sejfy","9":"product_tag-technofort","10":"product_shipping_class-od-101-kg-do-25kg","11":"pa_bezpecnostna-trieda-bezpecnostnej-triedy-a-v-zmysle-normy-en-1300","12":"pa_bezpecnostna-trieda-s2-podla-normy-en-14-450","13":"pa_material-ocel","14":"pa_miesto-instalacie-kotvenie-do-steny","15":"ts_product_brand-technomax","17":"first","18":"onbackorder","19":"taxable","20":"shipping-taxable","21":"purchasable","22":"product-type-variable"},"aioseo_notices":[],"jetpack_sharing_enabled":true,"_links":{"self":[{"href":"https:\/\/www.lltrezor.sk\/shop\/wp-json\/wp\/v2\/product\/16181","targetHints":{"allow":["GET"]}}],"collection":[{"href":"https:\/\/www.lltrezor.sk\/shop\/wp-json\/wp\/v2\/product"}],"about":[{"href":"https:\/\/www.lltrezor.sk\/shop\/wp-json\/wp\/v2\/types\/product"}],"replies":[{"embeddable":true,"href":"https:\/\/www.lltrezor.sk\/shop\/wp-json\/wp\/v2\/comments?post=16181"}],"wp:featuredmedia":[{"embeddable":true,"href":"https:\/\/www.lltrezor.sk\/shop\/wp-json\/wp\/v2\/media\/16195"}],"wp:attachment":[{"href":"https:\/\/www.lltrezor.sk\/shop\/wp-json\/wp\/v2\/media?parent=16181"}],"wp:term":[{"taxonomy":"product_brand","embeddable":true,"href":"https:\/\/www.lltrezor.sk\/shop\/wp-json\/wp\/v2\/product_brand?post=16181"},{"taxonomy":"product_cat","embeddable":true,"href":"https:\/\/www.lltrezor.sk\/shop\/wp-json\/wp\/v2\/product_cat?post=16181"},{"taxonomy":"product_tag","embeddable":true,"href":"https:\/\/www.lltrezor.sk\/shop\/wp-json\/wp\/v2\/product_tag?post=16181"}],"curies":[{"name":"wp","href":"https:\/\/api.w.org\/{rel}","templated":true}]}}