{"id":16145,"date":"2025-12-15T20:47:30","date_gmt":"2025-12-15T19:47:30","guid":{"rendered":"https:\/\/www.lltrezor.sk\/shop\/?post_type=product&#038;p=16145"},"modified":"2026-02-19T16:44:52","modified_gmt":"2026-02-19T15:44:52","slug":"seria-gold-gmt-s2","status":"publish","type":"product","link":"https:\/\/www.lltrezor.sk\/shop\/product\/seria-gold-gmt-s2\/","title":{"rendered":"GOLD Moby Trony S2  &#8211; GMT"},"content":{"rendered":"<p data-start=\"334\" data-end=\"561\">N\u00e1bytkov\u00fd trezor s motorizovan\u00fdm a vysoko spo\u013eahliv\u00fdm elektronick\u00fdm z\u00e1mkom, s bezpe\u010dnostnou triedou S2 EN 14450, robustnou oce\u013eovou kon\u0161trukciou a vn\u00fatornou policou pre bezpe\u010dn\u00e9 ulo\u017eenie cennost\u00ed.<\/p>\n<hr data-start=\"563\" data-end=\"566\" \/>\n<h3 data-start=\"568\" data-end=\"595\">\ud83d\udd11 Z\u00e1mok a zabezpe\u010denie<\/h3>\n<ul>\n<li data-start=\"598\" data-end=\"678\">Elektronick\u00fd z\u00e1mok certifikovan\u00fd UNI EN 1300 s energeticky nez\u00e1vislou pam\u00e4\u0165ou.<\/li>\n<li data-start=\"681\" data-end=\"761\">Otv\u00e1ranie a zatv\u00e1ranie pomocou ovl\u00e1dacieho gomb\u00edka, zamykanie elektromagnetom.<\/li>\n<li data-start=\"764\" data-end=\"872\">Vn\u00fatorn\u00fd zdroj bat\u00e9ri\u00ed 1,5 V (nie s\u00fa s\u00fa\u010das\u0165ou balenia), kontakty pre extern\u00fa bat\u00e9riu priamo na kl\u00e1vesnici.<\/li>\n<li data-start=\"875\" data-end=\"929\">Membr\u00e1nov\u00e1 kl\u00e1vesnica so 4 samostatn\u00fdmi LED di\u00f3dami.<\/li>\n<li data-start=\"932\" data-end=\"1015\">Zvukov\u00e9 a vizu\u00e1lne upozornenie na potvrdenie k\u00f3du, chyby a n\u00edzke nap\u00e4tie bat\u00e9ri\u00ed.<\/li>\n<li data-start=\"1018\" data-end=\"1086\">Poniklovan\u00e9 oce\u013eov\u00e9 \u010dapy, \u00d8 22 mm, trojsmern\u00e9 p\u00e4\u0165bodov\u00e9 zamykanie.<\/li>\n<li data-start=\"1089\" data-end=\"1218\">Z\u00e1mkov\u00fd mechanizmus chr\u00e1nen\u00fd mang\u00e1nov\u00fdm oce\u013eov\u00fdm plechom, elektromagnet chr\u00e1nen\u00fd \u0161peci\u00e1lnymi doskami odoln\u00fdmi proti prerezaniu.<\/li>\n<li data-start=\"1221\" data-end=\"1334\">Horn\u00e9 horizont\u00e1lne a vertik\u00e1lne \u010dapy chr\u00e1nen\u00e9 3 mm hrubou mang\u00e1novou plat\u0148ou umiestnenou \u0161ikmo proti odv\u0155taniu.<\/li>\n<li data-start=\"1337\" data-end=\"1404\">\u0160peci\u00e1lne zar\u00e1\u017eky dver\u00ed odoln\u00e9 proti pokusom o vl\u00e1manie kladivom.<\/li>\n<\/ul>\n<hr data-start=\"1406\" data-end=\"1409\" \/>\n<h3 data-start=\"1411\" data-end=\"1441\">\ud83c\udfd7\ufe0f Kon\u0161trukcia a odolnos\u0165<\/h3>\n<ul>\n<li data-start=\"1444\" data-end=\"1511\">Jednopl\u00e1\u0161\u0165ov\u00e1 kon\u0161trukcia z oce\u013eov\u00e9ho plechu, dvojpl\u00e1\u0161\u0165ov\u00e9 dvere.<\/li>\n<li data-start=\"1514\" data-end=\"1580\">Monoblokov\u00e1 kon\u0161trukcia zv\u00e1ran\u00e1 a br\u00fasen\u00e1 robotick\u00fdmi syst\u00e9mami.<\/li>\n<li data-start=\"1583\" data-end=\"1638\">Robustn\u00e9 vn\u00fatorn\u00e9 zvary vyroben\u00e9 robotick\u00fdm syst\u00e9mom.<\/li>\n<li data-start=\"1641\" data-end=\"1692\">Termosetov\u00e9 pr\u00e1\u0161kov\u00e9 lakovanie so su\u0161en\u00edm v peci.<\/li>\n<\/ul>\n<hr data-start=\"1694\" data-end=\"1697\" \/>\n<h3 data-start=\"1699\" data-end=\"1734\">\ud83d\udca1 Vn\u00fatorn\u00e9 vybavenie a funkcie<\/h3>\n<ul>\n<li data-start=\"1737\" data-end=\"1808\">Vn\u00fatorn\u00e1 polica pre praktick\u00e9 usporiadanie dokumentov alebo cennost\u00ed.<\/li>\n<li data-start=\"1811\" data-end=\"1903\">Kotviace otvory na spodnej \u010dasti a na zadnej strane, upev\u0148ovac\u00ed materi\u00e1l s\u00fa\u010das\u0165ou balenia.<\/li>\n<\/ul>\n<hr data-start=\"1905\" data-end=\"1908\" \/>\n<h3 data-start=\"1910\" data-end=\"1934\">\ud83d\uddc4\ufe0f Ide\u00e1lne vyu\u017eitie<\/h3>\n<ul>\n<li data-start=\"1937\" data-end=\"2012\">Bezpe\u010dn\u00e9 ulo\u017eenie hotovosti, dokumentov, \u0161perkov alebo digit\u00e1lnych m\u00e9di\u00ed.<\/li>\n<li data-start=\"2015\" data-end=\"2080\">Vhodn\u00fd pre dom\u00e1cnosti, kancel\u00e1rie, recepcie alebo mal\u00e9 podniky.<\/li>\n<li data-start=\"2083\" data-end=\"2179\">Elektronick\u00fd motorizovan\u00fd z\u00e1mok s LED indik\u00e1ciou zabezpe\u010duje pohodln\u00e9 a spo\u013eahliv\u00e9 pou\u017e\u00edvanie.<\/li>\n<\/ul>\n<hr data-start=\"2181\" data-end=\"2184\" \/>\n<h3 data-start=\"2186\" data-end=\"2220\">\u2705 Pre\u010do si vybra\u0165 tento trezor<\/h3>\n<ul>\n<li data-start=\"2223\" data-end=\"2291\">Certifik\u00e1cia <strong data-start=\"2236\" data-end=\"2251\">S2 EN 14450<\/strong> garantuje vysok\u00fa mechanick\u00fa odolnos\u0165.<\/li>\n<li data-start=\"2294\" data-end=\"2367\">Elektronick\u00fd z\u00e1mok s LED indik\u00e1ciou a vizu\u00e1lnym a zvukov\u00fdm upozornen\u00edm.<\/li>\n<li data-start=\"2370\" data-end=\"2444\">Robustn\u00e1 oce\u013eov\u00e1 kon\u0161trukcia a dvojpl\u00e1\u0161\u0165ov\u00e9 dvere odoln\u00e9 vo\u010di odv\u0155taniu.<\/li>\n<li data-start=\"2447\" data-end=\"2513\">Vn\u00fatorn\u00e1 polica a flexibiln\u00e9 kotvenie pre maxim\u00e1lnu praktickos\u0165.<\/li>\n<\/ul>\n<hr data-start=\"2515\" data-end=\"2518\" \/>\n<h3 data-start=\"2520\" data-end=\"2569\">\ud83d\udccf Varianty a rozmery (v\u00fd\u0161ka \u00d7 \u0161\u00edrka \u00d7 h\u013abka)<\/h3>\n<ul>\n<li data-start=\"2573\" data-end=\"2677\"><strong data-start=\"2573\" data-end=\"2585\">GMT\/4-S2<\/strong> \u2013 vonkaj\u0161ie: 280 \u00d7 400 \u00d7 350 mm, vn\u00fatorn\u00e9: 260 \u00d7 390 \u00d7 295 mm, v\u00e1ha: 35,5 kg, objem: 31 l<\/li>\n<li data-start=\"2680\" data-end=\"2784\"><strong data-start=\"2680\" data-end=\"2692\">GMT\/5-S2<\/strong> \u2013 vonkaj\u0161ie: 350 \u00d7 470 \u00d7 350 mm, vn\u00fatorn\u00e9: 330 \u00d7 460 \u00d7 295 mm, v\u00e1ha: 47,5 kg, objem: 47 l<\/li>\n<li data-start=\"2787\" data-end=\"2889\"><strong data-start=\"2787\" data-end=\"2799\">GMT\/6-S2<\/strong> \u2013 vonkaj\u0161ie: 430 \u00d7 490 \u00d7 350 mm, vn\u00fatorn\u00e9: 410 \u00d7 480 \u00d7 295 mm, v\u00e1ha: 56 kg, objem: 60 l<\/li>\n<li data-start=\"2892\" data-end=\"2994\"><strong data-start=\"2892\" data-end=\"2904\">GMT\/7-S2<\/strong> \u2013 vonkaj\u0161ie: 490 \u00d7 430 \u00d7 400 mm, vn\u00fatorn\u00e9: 470 \u00d7 420 \u00d7 345 mm, v\u00e1ha: 61 kg, objem: 70 l<\/li>\n<\/ul>\n","protected":false},"excerpt":{"rendered":"<p>Modern\u00fd elektronick\u00fd n\u00e1bytkov\u00fd trezor S2 s vysokou bezpe\u010dnos\u0165ou, ide\u00e1lny pre dom\u00e1cnosti, kancel\u00e1rie a podniky<\/p>\n","protected":false},"featured_media":16151,"comment_status":"open","ping_status":"closed","template":"","meta":{"_monsterinsights_skip_tracking":false,"_monsterinsights_sitenote_active":false,"_monsterinsights_sitenote_note":"","_monsterinsights_sitenote_category":0},"product_brand":[785],"product_cat":[111,557],"product_tag":[1295],"class_list":{"0":"post-16145","1":"product","2":"type-product","3":"status-publish","4":"has-post-thumbnail","6":"product_brand-technomax","7":"product_cat-nabytkove-trezory","8":"product_cat-nabytkove-hotelove-a-office-sejfy","9":"product_tag-gold","10":"product_shipping_class-od-101-kg-do-25kg","11":"pa_bezpecnostna-trieda-bezpecnostnej-triedy-a-v-zmysle-normy-en-1300","12":"pa_bezpecnostna-trieda-s2-podla-normy-en-14-450","13":"pa_material-ocel","14":"pa_miesto-instalacie-volne-stojace","15":"ts_product_brand-technomax","17":"first","18":"onbackorder","19":"taxable","20":"shipping-taxable","21":"purchasable","22":"product-type-variable"},"aioseo_notices":[],"jetpack_sharing_enabled":true,"_links":{"self":[{"href":"https:\/\/www.lltrezor.sk\/shop\/wp-json\/wp\/v2\/product\/16145","targetHints":{"allow":["GET"]}}],"collection":[{"href":"https:\/\/www.lltrezor.sk\/shop\/wp-json\/wp\/v2\/product"}],"about":[{"href":"https:\/\/www.lltrezor.sk\/shop\/wp-json\/wp\/v2\/types\/product"}],"replies":[{"embeddable":true,"href":"https:\/\/www.lltrezor.sk\/shop\/wp-json\/wp\/v2\/comments?post=16145"}],"wp:featuredmedia":[{"embeddable":true,"href":"https:\/\/www.lltrezor.sk\/shop\/wp-json\/wp\/v2\/media\/16151"}],"wp:attachment":[{"href":"https:\/\/www.lltrezor.sk\/shop\/wp-json\/wp\/v2\/media?parent=16145"}],"wp:term":[{"taxonomy":"product_brand","embeddable":true,"href":"https:\/\/www.lltrezor.sk\/shop\/wp-json\/wp\/v2\/product_brand?post=16145"},{"taxonomy":"product_cat","embeddable":true,"href":"https:\/\/www.lltrezor.sk\/shop\/wp-json\/wp\/v2\/product_cat?post=16145"},{"taxonomy":"product_tag","embeddable":true,"href":"https:\/\/www.lltrezor.sk\/shop\/wp-json\/wp\/v2\/product_tag?post=16145"}],"curies":[{"name":"wp","href":"https:\/\/api.w.org\/{rel}","templated":true}]}}