{"id":16062,"date":"2025-12-15T14:53:28","date_gmt":"2025-12-15T13:53:28","guid":{"rendered":"https:\/\/www.lltrezor.sk\/shop\/?post_type=product&#038;p=16062"},"modified":"2026-02-19T16:47:04","modified_gmt":"2026-02-19T15:47:04","slug":"seria-gold-gt-s1","status":"publish","type":"product","link":"https:\/\/www.lltrezor.sk\/shop\/product\/seria-gold-gt-s1\/","title":{"rendered":"GOLD Trony S1 &#8211; GT"},"content":{"rendered":"<p data-start=\"452\" data-end=\"642\">Odoln\u00fd stenov\u00fd trezor s elektronick\u00fdm z\u00e1mkom, energeticky nez\u00e1vislou pam\u00e4\u0165ou a robustnou karos\u00e9riou, ktor\u00fd sa d\u00e1 zamurova\u0165 pre maxim\u00e1lnu ochranu v\u00e1\u0161ho majetku.<\/p>\n<hr data-start=\"644\" data-end=\"647\" \/>\n<h3 data-start=\"649\" data-end=\"676\">\ud83d\udd11 Z\u00e1mok a zabezpe\u010denie<\/h3>\n<ul>\n<li data-start=\"679\" data-end=\"772\">Elektronick\u00fd z\u00e1mok s certifik\u00e1ciou <strong data-start=\"714\" data-end=\"729\">UNI EN 1300<\/strong>, ovl\u00e1dan\u00fd vysoko spo\u013eahliv\u00fdm zariaden\u00edm.<\/li>\n<li data-start=\"775\" data-end=\"855\">Otv\u00e1ranie a zatv\u00e1ranie pomocou ovl\u00e1dacieho gomb\u00edka, zamykanie elektromagnetom.<\/li>\n<li data-start=\"858\" data-end=\"935\">Vn\u00fatorn\u00fd zdroj nap\u00e1jania s alkalick\u00fdmi bat\u00e9riami (nie s\u00fa s\u00fa\u010das\u0165ou balenia).<\/li>\n<li data-start=\"938\" data-end=\"1044\">Membr\u00e1nov\u00e1 kl\u00e1vesnica so 4 samostatn\u00fdmi LED di\u00f3dami a kontakty pre extern\u00fa bat\u00e9riu priamo na kl\u00e1vesnici.<\/li>\n<li data-start=\"1047\" data-end=\"1133\">Zvukov\u00e9 a vizu\u00e1lne upozornenia na potvrdenie p\u00edsania, chyby a slab\u00e9 intern\u00e9 bat\u00e9rie.<\/li>\n<li data-start=\"1136\" data-end=\"1227\">Poniklovan\u00e1 oce\u013e, oto\u010dn\u00e9 z\u00e1vory \u00d8 22 mm (modely GT\/1, GT\/2, GT\/3B, GT\/3 \u2013 \u00d8 18 mm pevn\u00e9).<\/li>\n<li data-start=\"1230\" data-end=\"1289\">Z\u00e1mkov\u00fd mechanizmus chr\u00e1nen\u00fd mang\u00e1nov\u00fdm oce\u013eov\u00fdm plechom.<\/li>\n<li data-start=\"1292\" data-end=\"1363\">\u0160peci\u00e1lne zar\u00e1\u017eky dver\u00ed pre zv\u00fd\u0161en\u00fa odolnos\u0165 proti vl\u00e1maniu<\/li>\n<\/ul>\n<hr data-start=\"1365\" data-end=\"1368\" \/>\n<h3 data-start=\"1370\" data-end=\"1400\">\ud83c\udfd7\ufe0f Kon\u0161trukcia a odolnos\u0165<\/h3>\n<ul>\n<li data-start=\"1403\" data-end=\"1458\">Robustn\u00e9 vn\u00fatorn\u00e9 zvary vyroben\u00e9 robotick\u00fdm syst\u00e9mom.<\/li>\n<li data-start=\"1461\" data-end=\"1540\">Obvodov\u00e9 zv\u00e1ranie prednej \u010dasti s karos\u00e9riou kontinu\u00e1lne robotick\u00fdm syst\u00e9mom.<\/li>\n<li data-start=\"1543\" data-end=\"1608\">Kotviace plutvy na 4 stran\u00e1ch dna s funkciou proti roztrhnutiu.<\/li>\n<li data-start=\"1611\" data-end=\"1662\">Termosetov\u00e9 pr\u00e1\u0161kov\u00e9 lakovanie so su\u0161en\u00edm v peci.<\/li>\n<\/ul>\n<hr data-start=\"1664\" data-end=\"1667\" \/>\n<h3 data-start=\"1669\" data-end=\"1694\">\ud83d\udca1 Vn\u00fatorn\u00e9 vybavenie<\/h3>\n<ul>\n<li data-start=\"1697\" data-end=\"1735\">Vn\u00fatorn\u00e1 polica (okrem modelu GT\/1).<\/li>\n<li data-start=\"1738\" data-end=\"1802\">Mo\u017enos\u0165 zamurovania pre vy\u0161\u0161iu bezpe\u010dnos\u0165 a stabilitu trezoru.<\/li>\n<\/ul>\n<hr data-start=\"1804\" data-end=\"1807\" \/>\n<h3 data-start=\"1809\" data-end=\"1833\">\ud83d\uddc4\ufe0f Ide\u00e1lne vyu\u017eitie<\/h3>\n<ul>\n<li data-start=\"1836\" data-end=\"1971\">Ide\u00e1lny pre dom\u00e1cnosti, kancel\u00e1rie, hotely \u010di komer\u010dn\u00e9 priestory, kde je potrebn\u00e9 bezpe\u010dne ulo\u017ei\u0165 hotovos\u0165, dokumenty alebo cennosti.<\/li>\n<li data-start=\"1974\" data-end=\"2056\">Elektronick\u00fd z\u00e1mok a pevn\u00e1 kon\u0161trukcia poskytuj\u00fa vysok\u00fa odolnos\u0165 proti vl\u00e1maniu.<\/li>\n<li data-start=\"2059\" data-end=\"2143\">Vhodn\u00fd pre zamurovanie do stien, ktor\u00e9 maximalizuje bezpe\u010dnos\u0165 a odolnos\u0165 trezoru.<\/li>\n<\/ul>\n<hr data-start=\"2145\" data-end=\"2148\" \/>\n<h3 data-start=\"2150\" data-end=\"2184\">\u2705 Pre\u010do si vybra\u0165 tento trezor<\/h3>\n<ul>\n<li data-start=\"2187\" data-end=\"2251\">Certifik\u00e1cia <strong data-start=\"2200\" data-end=\"2215\">S1 EN 14450<\/strong> garantuje odolnos\u0165 vo\u010di vl\u00e1maniu.<\/li>\n<li data-start=\"2254\" data-end=\"2350\">Elektronick\u00fd z\u00e1mok s LED indik\u00e1ciou a energeticky nez\u00e1vislou pam\u00e4\u0165ou pre spo\u013eahliv\u00e9 ovl\u00e1danie.<\/li>\n<li data-start=\"2353\" data-end=\"2457\">Robustn\u00e1 karos\u00e9ria, mang\u00e1nov\u00e9 platne a zar\u00e1\u017eky chr\u00e1nia proti odv\u0155taniu, p\u00e1\u010deniu a n\u00e1siln\u00e9mu otvoreniu.<\/li>\n<li data-start=\"2460\" data-end=\"2539\">Kotviace plutvy a mo\u017enos\u0165 zamurovania zvy\u0161uj\u00fa bezpe\u010dnos\u0165 a stabilitu trezoru.<\/li>\n<\/ul>\n<hr data-start=\"2541\" data-end=\"2544\" \/>\n<h3 data-start=\"2546\" data-end=\"2597\">\ud83d\udccf Varianty a rozmery (v\u00fd\u0161ka \u00d7 \u0161\u00edrka \u00d7 h\u013abka)<\/h3>\n<ul>\n<li data-start=\"2601\" data-end=\"2701\"><strong data-start=\"2601\" data-end=\"2609\">GT\/1<\/strong> \u2013 vonkaj\u0161ie: 210 \u00d7 270 \u00d7 150 mm, vn\u00fatorn\u00e9: 185 \u00d7 245 \u00d7 100 mm, v\u00e1ha: 9,5 kg, objem: 4,5 l<\/li>\n<li data-start=\"2704\" data-end=\"2803\"><strong data-start=\"2704\" data-end=\"2712\">GT\/2<\/strong> \u2013 vonkaj\u0161ie: 210 \u00d7 270 \u00d7 200 mm, vn\u00fatorn\u00e9: 185 \u00d7 245 \u00d7 150 mm, v\u00e1ha: 10,5 kg, objem: 7 l<\/li>\n<li data-start=\"2806\" data-end=\"2908\"><strong data-start=\"2806\" data-end=\"2815\">GT\/3B<\/strong> \u2013 vonkaj\u0161ie: 210 \u00d7 340 \u00d7 150 mm, vn\u00fatorn\u00e9: 185 \u00d7 315 \u00d7 100 mm, v\u00e1ha: 12,5 kg, objem: 6,5 l<\/li>\n<li data-start=\"2911\" data-end=\"3008\"><strong data-start=\"2911\" data-end=\"2919\">GT\/3<\/strong> \u2013 vonkaj\u0161ie: 210 \u00d7 340 \u00d7 200 mm, vn\u00fatorn\u00e9: 185 \u00d7 315 \u00d7 150 mm, v\u00e1ha: 13 kg, objem: 9 l<\/li>\n<li data-start=\"3011\" data-end=\"3109\"><strong data-start=\"3011\" data-end=\"3019\">GT\/4<\/strong> \u2013 vonkaj\u0161ie: 270 \u00d7 390 \u00d7 200 mm, vn\u00fatorn\u00e9: 245 \u00d7 365 \u00d7 150 mm, v\u00e1ha: 18 kg, objem: 14 l<\/li>\n<li data-start=\"3112\" data-end=\"3211\"><strong data-start=\"3112\" data-end=\"3121\">GT\/4L<\/strong> \u2013 vonkaj\u0161ie: 270 \u00d7 390 \u00d7 240 mm, vn\u00fatorn\u00e9: 245 \u00d7 365 \u00d7 190 mm, v\u00e1ha: 19 kg, objem: 18 l<\/li>\n<li data-start=\"3214\" data-end=\"3312\"><strong data-start=\"3214\" data-end=\"3222\">GT\/5<\/strong> \u2013 vonkaj\u0161ie: 340 \u00d7 460 \u00d7 200 mm, vn\u00fatorn\u00e9: 315 \u00d7 435 \u00d7 150 mm, v\u00e1ha: 25 kg, objem: 21 l<\/li>\n<li data-start=\"3315\" data-end=\"3414\"><strong data-start=\"3315\" data-end=\"3324\">GT\/5L<\/strong> \u2013 vonkaj\u0161ie: 340 \u00d7 460 \u00d7 240 mm, vn\u00fatorn\u00e9: 315 \u00d7 435 \u00d7 190 mm, v\u00e1ha: 26 kg, objem: 27 l<\/li>\n<li data-start=\"3417\" data-end=\"3516\"><strong data-start=\"3417\" data-end=\"3426\">GT\/5V<\/strong> \u2013 vonkaj\u0161ie: 420 \u00d7 340 \u00d7 200 mm, vn\u00fatorn\u00e9: 395 \u00d7 315 \u00d7 150 mm, v\u00e1ha: 21 kg, objem: 19 l<\/li>\n<li data-start=\"3519\" data-end=\"3619\"><strong data-start=\"3519\" data-end=\"3527\">GT\/6<\/strong> \u2013 vonkaj\u0161ie: 420 \u00d7 480 \u00d7 230 mm, vn\u00fatorn\u00e9: 395 \u00d7 455 \u00d7 180 mm, v\u00e1ha: 33,5 kg, objem: 33 l<\/li>\n<li data-start=\"3622\" data-end=\"3723\"><strong data-start=\"3622\" data-end=\"3631\">GT\/6L<\/strong> \u2013 vonkaj\u0161ie: 420 \u00d7 480 \u00d7 280 mm, vn\u00fatorn\u00e9: 395 \u00d7 455 \u00d7 230 mm, v\u00e1ha: 34,5 kg, objem: 43 l<\/li>\n<li data-start=\"3726\" data-end=\"3826\"><strong data-start=\"3726\" data-end=\"3734\">GT\/7<\/strong> \u2013 vonkaj\u0161ie: 480 \u00d7 420 \u00d7 280 mm, vn\u00fatorn\u00e9: 455 \u00d7 395 \u00d7 230 mm, v\u00e1ha: 34,5 kg, objem: 43 l<\/li>\n<li data-start=\"3829\" data-end=\"3928\"><strong data-start=\"3829\" data-end=\"3838\">GT\/7L<\/strong> \u2013 vonkaj\u0161ie: 480 \u00d7 420 \u00d7 360 mm, vn\u00fatorn\u00e9: 455 \u00d7 395 \u00d7 310 mm, v\u00e1ha: 37 kg, objem: 57 l<\/li>\n<\/ul>\n<hr data-start=\"3930\" data-end=\"3933\" \/>\n<h3 data-start=\"3935\" data-end=\"3960\">\ud83d\udddd\ufe0f N\u00fadzov\u00e9 otvorenie<\/h3>\n<ul>\n<li data-start=\"3963\" data-end=\"4122\">Na po\u017eiadanie je mo\u017en\u00e9 vybavi\u0165 v\u0161etky modely z\u00e1mkom pre mechanick\u00e9 n\u00fadzov\u00e9 otvorenie s vysoko bezpe\u010dnostn\u00fdm dvojhrann\u00fdm k\u013e\u00fa\u010dom <strong data-start=\"4090\" data-end=\"4102\">EVO-LOCK<\/strong> (modely 4\u20135\u20136\u20137).<\/li>\n<li data-start=\"4125\" data-end=\"4226\">Modely GT\/1P, GT\/2P, GT\/3BP, GT\/3P s n\u00fadzov\u00fdm k\u013e\u00fa\u010dom <strong data-start=\"4178\" data-end=\"4223\">nie s\u00fa certifikovan\u00e9 pod\u013ea normy EN 14450<\/strong>.<\/li>\n<li data-start=\"4229\" data-end=\"4303\">K\u00f3d produktu: pridajte p\u00edsmeno \u201eP\u201c na koniec \u0161tandardn\u00e9ho k\u00f3du produktu.<\/li>\n<li data-start=\"4308\" data-end=\"4368\">Pr\u00edklad: GT\/3 \u2192 GT\/3P s n\u00fadzov\u00fdm k\u013e\u00fa\u010dom, GT\/4 \u2192 GT\/4P at\u010f.<\/li>\n<\/ul>\n","protected":false},"excerpt":{"rendered":"<p>Stenov\u00fd trezor na zamurovanie v bezpe\u010dnostnej triede S1 s elektronick\u00fdm z\u00e1mkom a robustnou kon\u0161trukciou, ide\u00e1lny na bezpe\u010dn\u00e9 ulo\u017eenie hotovosti, dokumentov a cennost\u00ed<\/p>\n","protected":false},"featured_media":16077,"comment_status":"open","ping_status":"closed","template":"","meta":{"_monsterinsights_skip_tracking":false,"_monsterinsights_sitenote_active":false,"_monsterinsights_sitenote_note":"","_monsterinsights_sitenote_category":0},"product_brand":[785],"product_cat":[119,558],"product_tag":[1295],"class_list":{"0":"post-16062","1":"product","2":"type-product","3":"status-publish","4":"has-post-thumbnail","6":"product_brand-technomax","7":"product_cat-nastenne-trezory","8":"product_cat-stenove-sejfy","9":"product_tag-gold","10":"product_shipping_class-od-101-kg-do-25kg","11":"pa_bezpecnostna-trieda-bezpecnostnej-triedy-a-v-zmysle-normy-en-1300","12":"pa_bezpecnostna-trieda-s1-podla-normy-en-14450","13":"pa_material-ocel","14":"pa_miesto-instalacie-kotvenie-do-steny","15":"ts_product_brand-technomax","17":"first","18":"onbackorder","19":"taxable","20":"shipping-taxable","21":"purchasable","22":"product-type-variable"},"aioseo_notices":[],"jetpack_sharing_enabled":true,"_links":{"self":[{"href":"https:\/\/www.lltrezor.sk\/shop\/wp-json\/wp\/v2\/product\/16062","targetHints":{"allow":["GET"]}}],"collection":[{"href":"https:\/\/www.lltrezor.sk\/shop\/wp-json\/wp\/v2\/product"}],"about":[{"href":"https:\/\/www.lltrezor.sk\/shop\/wp-json\/wp\/v2\/types\/product"}],"replies":[{"embeddable":true,"href":"https:\/\/www.lltrezor.sk\/shop\/wp-json\/wp\/v2\/comments?post=16062"}],"wp:featuredmedia":[{"embeddable":true,"href":"https:\/\/www.lltrezor.sk\/shop\/wp-json\/wp\/v2\/media\/16077"}],"wp:attachment":[{"href":"https:\/\/www.lltrezor.sk\/shop\/wp-json\/wp\/v2\/media?parent=16062"}],"wp:term":[{"taxonomy":"product_brand","embeddable":true,"href":"https:\/\/www.lltrezor.sk\/shop\/wp-json\/wp\/v2\/product_brand?post=16062"},{"taxonomy":"product_cat","embeddable":true,"href":"https:\/\/www.lltrezor.sk\/shop\/wp-json\/wp\/v2\/product_cat?post=16062"},{"taxonomy":"product_tag","embeddable":true,"href":"https:\/\/www.lltrezor.sk\/shop\/wp-json\/wp\/v2\/product_tag?post=16062"}],"curies":[{"name":"wp","href":"https:\/\/api.w.org\/{rel}","templated":true}]}}