{"id":15994,"date":"2025-12-15T12:46:20","date_gmt":"2025-12-15T11:46:20","guid":{"rendered":"https:\/\/www.lltrezor.sk\/shop\/?post_type=product&#038;p=15994"},"modified":"2026-02-19T16:48:20","modified_gmt":"2026-02-19T15:48:20","slug":"seria-gold-gk","status":"publish","type":"product","link":"https:\/\/www.lltrezor.sk\/shop\/product\/seria-gold-gk\/","title":{"rendered":"GOLD Key &#8211; GK"},"content":{"rendered":"<p data-start=\"368\" data-end=\"550\">Vysoko bezpe\u010dn\u00fd stenov\u00fd trezor s kombinovan\u00fdm mechanicko-oto\u010dn\u00fdm z\u00e1mkom, duplik\u00e1ciou k\u013e\u00fa\u010da identifika\u010dnou kartou a robustnou monoblokovou kon\u0161trukciou.<\/p>\n<hr data-start=\"552\" data-end=\"555\" \/>\n<h3 data-start=\"557\" data-end=\"584\">\ud83d\udd11 Z\u00e1mok a zabezpe\u010denie<\/h3>\n<ul>\n<li data-start=\"587\" data-end=\"678\"><strong data-start=\"587\" data-end=\"621\">Trojsmern\u00e9 p\u00e4\u0165bodov\u00e9 zamykanie<\/strong> zaru\u010duje maxim\u00e1lnu odolnos\u0165 proti n\u00e1siln\u00e9mu otvoreniu.<\/li>\n<li data-start=\"681\" data-end=\"809\">Vysoko bezpe\u010dnostn\u00fd z\u00e1mok najnov\u0161ej gener\u00e1cie s <strong data-start=\"729\" data-end=\"769\">8 asymetrick\u00fdmi a nez\u00e1visl\u00fdmi p\u00e1kami<\/strong>, certifikovan\u00fd pod\u013ea <strong data-start=\"791\" data-end=\"806\">UNI EN 1300<\/strong>.<\/li>\n<li data-start=\"812\" data-end=\"935\">Pou\u017eitie oscila\u010dn\u00fdch p\u00e1k a profilov\u00fdch podbradn\u00edkov poskytuje v\u00fdnimo\u010dn\u00fa odolnos\u0165 vo\u010di sofistikovan\u00fdm manipula\u010dn\u00fdm \u00fatokom.<\/li>\n<li data-start=\"938\" data-end=\"1077\"><strong data-start=\"938\" data-end=\"954\">Dvojit\u00fd k\u013e\u00fa\u010d<\/strong> so \u0161peci\u00e1lnym profilom, ktor\u00fd je mo\u017en\u00e9 duplikova\u0165 <strong data-start=\"1005\" data-end=\"1030\">identifika\u010dnou kartou<\/strong>, zabra\u0148uje neopr\u00e1vnen\u00e9mu kop\u00edrovaniu k\u013e\u00fa\u010dov.<\/li>\n<li data-start=\"1080\" data-end=\"1137\">Vytiahnutie k\u013e\u00fa\u010da nie je mo\u017en\u00e9 pri zasunut\u00fdch z\u00e1vor\u00e1ch.<\/li>\n<li data-start=\"1140\" data-end=\"1184\">Poniklovan\u00e1 oce\u013e, <strong data-start=\"1158\" data-end=\"1181\">oto\u010dn\u00e9 \u010dapy \u00d8 22 mm<\/strong>.<\/li>\n<li data-start=\"1187\" data-end=\"1246\">Z\u00e1mkov\u00fd mechanizmus chr\u00e1nen\u00fd mang\u00e1nov\u00fdm oce\u013eov\u00fdm plechom.<\/li>\n<li data-start=\"1249\" data-end=\"1332\">\u0160peci\u00e1lne zar\u00e1\u017eky dver\u00ed pre v\u00fdnimo\u010dn\u00fa odolnos\u0165 proti pokusom o vl\u00e1manie<\/li>\n<\/ul>\n<hr data-start=\"1334\" data-end=\"1337\" \/>\n<h3 data-start=\"1339\" data-end=\"1369\">\ud83c\udfd7\ufe0f Kon\u0161trukcia a odolnos\u0165<\/h3>\n<ul>\n<li data-start=\"1372\" data-end=\"1427\">Robustn\u00e9 vn\u00fatorn\u00e9 zvary vyroben\u00e9 robotick\u00fdm syst\u00e9mom.<\/li>\n<li data-start=\"1430\" data-end=\"1515\">Obvodov\u00e9 zv\u00e1ranie prednej \u010dasti s <strong data-start=\"1464\" data-end=\"1480\">kon\u0161trukciou<\/strong> kontinu\u00e1lne robotick\u00fdm syst\u00e9mom.<\/li>\n<li data-start=\"1518\" data-end=\"1583\">Kotviace plutvy na 4 stran\u00e1ch dna s funkciou proti roztrhnutiu.<\/li>\n<li data-start=\"1586\" data-end=\"1663\">Monoblokov\u00e1 <strong data-start=\"1598\" data-end=\"1613\">kon\u0161trukcia<\/strong> zabezpe\u010duje vysok\u00fa pevnos\u0165 a stabilitu trezoru.<\/li>\n<li data-start=\"1666\" data-end=\"1717\">Termosetov\u00e9 pr\u00e1\u0161kov\u00e9 lakovanie so su\u0161en\u00edm v peci.<\/li>\n<\/ul>\n<hr data-start=\"1719\" data-end=\"1722\" \/>\n<h3 data-start=\"1724\" data-end=\"1749\">\ud83d\udca1 Vn\u00fatorn\u00e9 vybavenie<\/h3>\n<ul data-start=\"1750\" data-end=\"1833\">\n<li data-start=\"1750\" data-end=\"1833\">\n<p data-start=\"1752\" data-end=\"1833\">Vn\u00fatorn\u00e1 polica pre preh\u013eadn\u00e9 ulo\u017eenie dokumentov a cennost\u00ed (okrem mod. GK\/1).<\/p>\n<\/li>\n<\/ul>\n<hr data-start=\"1835\" data-end=\"1838\" \/>\n<h3 data-start=\"1840\" data-end=\"1864\">\ud83d\uddc4\ufe0f Ide\u00e1lne vyu\u017eitie<\/h3>\n<ul>\n<li data-start=\"1867\" data-end=\"1936\">Pre dom\u00e1cnosti, kancel\u00e1rie, banky, hotely alebo komer\u010dn\u00e9 priestory.<\/li>\n<li data-start=\"1939\" data-end=\"2007\">Bezpe\u010dn\u00e9 ulo\u017eenie hotovosti, dokumentov, \u0161perkov a in\u00fdch cennost\u00ed.<\/li>\n<li data-start=\"2010\" data-end=\"2108\">Vysok\u00e1 odolnos\u0165 proti vl\u00e1maniu v\u010faka trojsmern\u00e9mu p\u00e4\u0165bodov\u00e9mu zamykaniu a robustnej kon\u0161trukcii.<\/li>\n<\/ul>\n<hr data-start=\"2110\" data-end=\"2113\" \/>\n<h3 data-start=\"2115\" data-end=\"2149\">\u2705 Pre\u010do si vybra\u0165 tento trezor<\/h3>\n<ul>\n<li data-start=\"2152\" data-end=\"2224\">Certifik\u00e1cia <strong data-start=\"2165\" data-end=\"2180\">S2 EN 14450<\/strong> garantuje vysok\u00fa odolnos\u0165 proti vl\u00e1maniu.<\/li>\n<li data-start=\"2227\" data-end=\"2325\">Duplik\u00e1cia k\u013e\u00fa\u010da <strong data-start=\"2244\" data-end=\"2269\">identifika\u010dnou kartou<\/strong> zvy\u0161uje bezpe\u010dnos\u0165 a br\u00e1ni neopr\u00e1vnen\u00e9mu kop\u00edrovaniu.<\/li>\n<li data-start=\"2328\" data-end=\"2466\">Trojsmern\u00e9 p\u00e4\u0165bodov\u00e9 zamykanie, robustn\u00e1 kon\u0161trukcia a mang\u00e1nov\u00e9 ochrann\u00e9 platne chr\u00e1nia proti p\u00e1\u010deniu, odv\u0155taniu a n\u00e1siln\u00e9mu otvoreniu.<\/li>\n<li data-start=\"2469\" data-end=\"2534\">Kotviace plutvy umo\u017e\u0148uj\u00fa bezpe\u010dn\u00e9 zamurovanie trezoru do steny.<\/li>\n<\/ul>\n<hr data-start=\"2536\" data-end=\"2539\" \/>\n<h3 data-start=\"2541\" data-end=\"2592\">\ud83d\udccf Varianty a rozmery (v\u00fd\u0161ka \u00d7 \u0161\u00edrka \u00d7 h\u013abka)<\/h3>\n<ul>\n<li data-start=\"2596\" data-end=\"2694\"><strong data-start=\"2596\" data-end=\"2604\">GK\/1<\/strong> \u2013 vonkaj\u0161ie: 210 \u00d7 270 \u00d7 150 mm, vn\u00fatorn\u00e9: 185 \u00d7 245 \u00d7 100 mm, v\u00e1ha: 9,5 kg, objem: 5 l<\/li>\n<li data-start=\"2697\" data-end=\"2796\"><strong data-start=\"2697\" data-end=\"2705\">GK\/2<\/strong> \u2013 vonkaj\u0161ie: 210 \u00d7 270 \u00d7 200 mm, vn\u00fatorn\u00e9: 185 \u00d7 245 \u00d7 150 mm, v\u00e1ha: 10,5 kg, objem: 7 l<\/li>\n<li data-start=\"2799\" data-end=\"2901\"><strong data-start=\"2799\" data-end=\"2808\">GK\/3B<\/strong> \u2013 vonkaj\u0161ie: 210 \u00d7 340 \u00d7 150 mm, vn\u00fatorn\u00e9: 185 \u00d7 315 \u00d7 100 mm, v\u00e1ha: 12,5 kg, objem: 6,5 l<\/li>\n<li data-start=\"2904\" data-end=\"3001\"><strong data-start=\"2904\" data-end=\"2912\">GK\/3<\/strong> \u2013 vonkaj\u0161ie: 210 \u00d7 340 \u00d7 200 mm, vn\u00fatorn\u00e9: 185 \u00d7 315 \u00d7 150 mm, v\u00e1ha: 13 kg, objem: 9 l<\/li>\n<li data-start=\"3004\" data-end=\"3102\"><strong data-start=\"3004\" data-end=\"3012\">GK\/4<\/strong> \u2013 vonkaj\u0161ie: 270 \u00d7 390 \u00d7 200 mm, vn\u00fatorn\u00e9: 245 \u00d7 365 \u00d7 150 mm, v\u00e1ha: 18 kg, objem: 14 l<\/li>\n<li data-start=\"3105\" data-end=\"3204\"><strong data-start=\"3105\" data-end=\"3114\">GK\/4L<\/strong> \u2013 vonkaj\u0161ie: 270 \u00d7 390 \u00d7 240 mm, vn\u00fatorn\u00e9: 245 \u00d7 365 \u00d7 190 mm, v\u00e1ha: 19 kg, objem: 18 l<\/li>\n<li data-start=\"3207\" data-end=\"3305\"><strong data-start=\"3207\" data-end=\"3215\">GK\/5<\/strong> \u2013 vonkaj\u0161ie: 340 \u00d7 460 \u00d7 200 mm, vn\u00fatorn\u00e9: 315 \u00d7 435 \u00d7 150 mm, v\u00e1ha: 25 kg, objem: 21 l<\/li>\n<li data-start=\"3308\" data-end=\"3407\"><strong data-start=\"3308\" data-end=\"3317\">GK\/5L<\/strong> \u2013 vonkaj\u0161ie: 340 \u00d7 460 \u00d7 240 mm, vn\u00fatorn\u00e9: 315 \u00d7 435 \u00d7 190 mm, v\u00e1ha: 26 kg, objem: 27 l<\/li>\n<li data-start=\"3410\" data-end=\"3509\"><strong data-start=\"3410\" data-end=\"3419\">GK\/5V<\/strong> \u2013 vonkaj\u0161ie: 420 \u00d7 340 \u00d7 200 mm, vn\u00fatorn\u00e9: 395 \u00d7 315 \u00d7 150 mm, v\u00e1ha: 21 kg, objem: 19 l<\/li>\n<li data-start=\"3512\" data-end=\"3612\"><strong data-start=\"3512\" data-end=\"3520\">GK\/6<\/strong> \u2013 vonkaj\u0161ie: 420 \u00d7 480 \u00d7 230 mm, vn\u00fatorn\u00e9: 395 \u00d7 455 \u00d7 180 mm, v\u00e1ha: 33,5 kg, objem: 33 l<\/li>\n<li data-start=\"3615\" data-end=\"3716\"><strong data-start=\"3615\" data-end=\"3624\">GK\/6L<\/strong> \u2013 vonkaj\u0161ie: 420 \u00d7 480 \u00d7 280 mm, vn\u00fatorn\u00e9: 395 \u00d7 455 \u00d7 230 mm, v\u00e1ha: 34,5 kg, objem: 43 l<\/li>\n<li data-start=\"3719\" data-end=\"3819\"><strong data-start=\"3719\" data-end=\"3727\">GK\/7<\/strong> \u2013 vonkaj\u0161ie: 480 \u00d7 420 \u00d7 280 mm, vn\u00fatorn\u00e9: 455 \u00d7 395 \u00d7 230 mm, v\u00e1ha: 34,5 kg, objem: 43 l<\/li>\n<li data-start=\"3822\" data-end=\"3921\"><strong data-start=\"3822\" data-end=\"3831\">GK\/7L<\/strong> \u2013 vonkaj\u0161ie: 480 \u00d7 420 \u00d7 360 mm, vn\u00fatorn\u00e9: 455 \u00d7 395 \u00d7 310 mm, v\u00e1ha: 37 kg, objem: 57 l<\/li>\n<\/ul>\n","protected":false},"excerpt":{"rendered":"<p>Stenov\u00fd trezor s trojsmern\u00fdm p\u00e4\u0165bodov\u00fdm zamykan\u00edm a vysoko bezpe\u010dnostn\u00fdm z\u00e1mkom, certifikovan\u00fd v bezpe\u010dnostnej triede S2, ide\u00e1lny na bezpe\u010dn\u00e9 ulo\u017eenie dokumentov, hotovosti a cennost\u00ed<\/p>\n","protected":false},"featured_media":16006,"comment_status":"open","ping_status":"closed","template":"","meta":{"_monsterinsights_skip_tracking":false,"_monsterinsights_sitenote_active":false,"_monsterinsights_sitenote_note":"","_monsterinsights_sitenote_category":0},"product_brand":[785],"product_cat":[119,558],"product_tag":[1295],"class_list":{"0":"post-15994","1":"product","2":"type-product","3":"status-publish","4":"has-post-thumbnail","6":"product_brand-technomax","7":"product_cat-nastenne-trezory","8":"product_cat-stenove-sejfy","9":"product_tag-gold","10":"product_shipping_class-od-101-kg-do-25kg","11":"pa_bezpecnostna-trieda-bezpecnostnej-triedy-a-v-zmysle-normy-en-1300","12":"pa_bezpecnostna-trieda-s2-podla-normy-en-14-450","13":"pa_material-ocel","14":"pa_miesto-instalacie-kotvenie-do-steny","15":"ts_product_brand-technomax","17":"first","18":"onbackorder","19":"taxable","20":"shipping-taxable","21":"purchasable","22":"product-type-variable"},"aioseo_notices":[],"jetpack_sharing_enabled":true,"_links":{"self":[{"href":"https:\/\/www.lltrezor.sk\/shop\/wp-json\/wp\/v2\/product\/15994","targetHints":{"allow":["GET"]}}],"collection":[{"href":"https:\/\/www.lltrezor.sk\/shop\/wp-json\/wp\/v2\/product"}],"about":[{"href":"https:\/\/www.lltrezor.sk\/shop\/wp-json\/wp\/v2\/types\/product"}],"replies":[{"embeddable":true,"href":"https:\/\/www.lltrezor.sk\/shop\/wp-json\/wp\/v2\/comments?post=15994"}],"wp:featuredmedia":[{"embeddable":true,"href":"https:\/\/www.lltrezor.sk\/shop\/wp-json\/wp\/v2\/media\/16006"}],"wp:attachment":[{"href":"https:\/\/www.lltrezor.sk\/shop\/wp-json\/wp\/v2\/media?parent=15994"}],"wp:term":[{"taxonomy":"product_brand","embeddable":true,"href":"https:\/\/www.lltrezor.sk\/shop\/wp-json\/wp\/v2\/product_brand?post=15994"},{"taxonomy":"product_cat","embeddable":true,"href":"https:\/\/www.lltrezor.sk\/shop\/wp-json\/wp\/v2\/product_cat?post=15994"},{"taxonomy":"product_tag","embeddable":true,"href":"https:\/\/www.lltrezor.sk\/shop\/wp-json\/wp\/v2\/product_tag?post=15994"}],"curies":[{"name":"wp","href":"https:\/\/api.w.org\/{rel}","templated":true}]}}