{"id":15932,"date":"2025-12-15T10:17:38","date_gmt":"2025-12-15T09:17:38","guid":{"rendered":"https:\/\/www.lltrezor.sk\/shop\/?post_type=product&#038;p=15932"},"modified":"2026-02-19T16:49:40","modified_gmt":"2026-02-19T15:49:40","slug":"seria-unica-trony","status":"publish","type":"product","link":"https:\/\/www.lltrezor.sk\/shop\/product\/seria-unica-trony\/","title":{"rendered":"UNICA &#8211; TRONY"},"content":{"rendered":"<p data-start=\"405\" data-end=\"583\">Vysoko bezpe\u010dn\u00fd stenov\u00fd trezor s oce\u013eovou kon\u0161trukciou, monoblokov\u00fdmi dverami hr\u00fabky 30 mm a \u0161peci\u00e1lnym bet\u00f3nov\u00fdm panelom odoln\u00fdm proti prerezaniu.<\/p>\n<hr data-start=\"585\" data-end=\"588\" \/>\n<h3 data-start=\"590\" data-end=\"617\">\ud83d\udd12 Z\u00e1mok a zabezpe\u010denie<\/h3>\n<ul>\n<li data-start=\"620\" data-end=\"754\"><strong data-start=\"620\" data-end=\"642\">Motorizovan\u00fd z\u00e1mok<\/strong> s certifik\u00e1ciou <strong data-start=\"659\" data-end=\"674\">UNI EN 1300<\/strong>, ovl\u00e1dan\u00fd vysoko spo\u013eahliv\u00fdm elektronick\u00fdm zariaden\u00edm s permanentnou pam\u00e4\u0165ou.<\/li>\n<li data-start=\"757\" data-end=\"825\">Otv\u00e1ranie a zatv\u00e1ranie pomocou gomb\u00edka, zamykanie elektromagnetom.<\/li>\n<li data-start=\"828\" data-end=\"899\"><strong data-start=\"828\" data-end=\"866\">Dvojobvodov\u00e1 membr\u00e1nov\u00e1 kl\u00e1vesnica<\/strong> so 4 samostatn\u00fdmi LED di\u00f3dami.<\/li>\n<li data-start=\"902\" data-end=\"974\">Kontakty pre pripojenie extern\u00e9ho zdroja bat\u00e9rie priamo na kl\u00e1vesnici.<\/li>\n<li data-start=\"977\" data-end=\"1036\">Z\u00e1mkov\u00fd mechanizmus chr\u00e1nen\u00fd mang\u00e1nov\u00fdm oce\u013eov\u00fdm plechom.<\/li>\n<li data-start=\"1039\" data-end=\"1112\">Poniklovan\u00e1 oce\u013e, <strong data-start=\"1057\" data-end=\"1081\">rota\u010dn\u00e9 \u010dapy \u00d8 22 mm<\/strong> s ochranou proti prerezaniu.<\/li>\n<li data-start=\"1115\" data-end=\"1172\">\u0160peci\u00e1lne zar\u00e1\u017eky dver\u00ed odoln\u00e9 proti vl\u00e1maniu kladivom.<\/li>\n<li data-start=\"1175\" data-end=\"1306\"><strong data-start=\"1175\" data-end=\"1206\">Bezpe\u010dnostn\u00fd z\u00e1mok EVO-LOCK<\/strong> s dvojzub\u00fdm k\u013e\u00fa\u010dom pre n\u00fadzov\u00e9 otvorenie, duplik\u00e1cia k\u013e\u00fa\u010da len s identifika\u010dnou kartou vlastn\u00edka.<\/li>\n<\/ul>\n<hr data-start=\"1308\" data-end=\"1311\" \/>\n<h3 data-start=\"1313\" data-end=\"1343\">\ud83c\udfd7\ufe0f Kon\u0161trukcia a odolnos\u0165<\/h3>\n<ul>\n<li data-start=\"1346\" data-end=\"1413\">Predn\u00e1 \u010das\u0165 a dvere v jednom bloku z 10 mm laserom rezanej ocele.<\/li>\n<li data-start=\"1416\" data-end=\"1446\">Celkov\u00e1 hr\u00fabka dver\u00ed: 30 mm.<\/li>\n<li data-start=\"1449\" data-end=\"1475\">Kon\u0161trukcia: 10 mm oce\u013e.<\/li>\n<li data-start=\"1478\" data-end=\"1597\"><strong data-start=\"1478\" data-end=\"1496\">Ochrann\u00fd panel<\/strong> v dver\u00e1ch obsahuj\u00faci vysokoodoln\u00fd bet\u00f3nov\u00fd konglomer\u00e1t a \u0161peci\u00e1lne vlo\u017eky odoln\u00e9 proti prerezaniu.<\/li>\n<li data-start=\"1600\" data-end=\"1655\">Robustn\u00e9 vn\u00fatorn\u00e9 zvary vyroben\u00e9 robotick\u00fdm syst\u00e9mom.<\/li>\n<li data-start=\"1658\" data-end=\"1728\">Monoblokov\u00e1 <strong data-start=\"1670\" data-end=\"1685\">kon\u0161trukcia<\/strong> zv\u00e1ran\u00e1 a br\u00fasen\u00e1 robotick\u00fdmi syst\u00e9mami.<\/li>\n<li data-start=\"1731\" data-end=\"1792\">Kotviace plutvy na 4 stran\u00e1ch dna, odoln\u00e9 proti vytrhnutiu.<\/li>\n<li data-start=\"1795\" data-end=\"1846\">Termosetov\u00e9 pr\u00e1\u0161kov\u00e9 lakovanie so su\u0161en\u00edm v peci.<\/li>\n<\/ul>\n<hr data-start=\"1848\" data-end=\"1851\" \/>\n<h3 data-start=\"1853\" data-end=\"1879\">\ud83d\uddc4\ufe0f Vn\u00fatorn\u00e9 vybavenie<\/h3>\n<ul data-start=\"1880\" data-end=\"1970\">\n<li data-start=\"1880\" data-end=\"1970\">\n<p data-start=\"1882\" data-end=\"1970\">Vn\u00fatorn\u00e1 polica pre preh\u013eadn\u00e9 ulo\u017eenie dokumentov, \u0161perkov alebo elektronick\u00fdch m\u00e9di\u00ed.<\/p>\n<\/li>\n<\/ul>\n<hr data-start=\"1972\" data-end=\"1975\" \/>\n<h3 data-start=\"1977\" data-end=\"2000\">\ud83d\udca1 Ide\u00e1lne vyu\u017eitie<\/h3>\n<ul>\n<li data-start=\"2003\" data-end=\"2098\">Pre dom\u00e1cnosti, banky, kancel\u00e1rie a komer\u010dn\u00e9 priestory vy\u017eaduj\u00face najvy\u0161\u0161iu ochranu cennost\u00ed.<\/li>\n<li data-start=\"2101\" data-end=\"2178\">Optim\u00e1lne na ulo\u017eenie hotovosti, dokumentov, zml\u00fav alebo drah\u00fdch predmetov.<\/li>\n<li data-start=\"2181\" data-end=\"2254\">Maxim\u00e1lna odolnos\u0165 vo\u010di rezaniu, p\u00e1\u010deniu a pokusom o n\u00e1siln\u00e9 otvorenie.<\/li>\n<\/ul>\n<hr data-start=\"2256\" data-end=\"2259\" \/>\n<h3 data-start=\"2261\" data-end=\"2295\">\u2705 Pre\u010do si vybra\u0165 tento trezor<\/h3>\n<ul>\n<li data-start=\"2298\" data-end=\"2366\">Certifik\u00e1cia <strong data-start=\"2311\" data-end=\"2334\">EN 1143-1, trieda 0<\/strong> zaru\u010duje \u0161pi\u010dkov\u00fa bezpe\u010dnos\u0165.<\/li>\n<li data-start=\"2369\" data-end=\"2467\">Predn\u00e9 dvere a kon\u0161trukcia s bet\u00f3nov\u00fdm panelom a \u0161peci\u00e1lnymi vlo\u017ekami odoln\u00fdmi proti prerezaniu.<\/li>\n<li data-start=\"2470\" data-end=\"2558\">Motorizovan\u00fd z\u00e1mok s elektronick\u00fdm ovl\u00e1dan\u00edm a mo\u017enos\u0165ou n\u00fadzov\u00e9ho otvorenia EVO-LOCK.<\/li>\n<li data-start=\"2561\" data-end=\"2650\">Ide\u00e1lny pre situ\u00e1cie, kde je vy\u017eadovan\u00e1 kombin\u00e1cia mechanickej a elektronickej ochrany.<\/li>\n<\/ul>\n<hr data-start=\"2652\" data-end=\"2655\" \/>\n<h3 data-start=\"2657\" data-end=\"2708\">\ud83d\udccf Varianty a rozmery (v\u00fd\u0161ka \u00d7 \u0161\u00edrka \u00d7 h\u013abka)<\/h3>\n<ul>\n<li data-start=\"2712\" data-end=\"2813\"><strong data-start=\"2712\" data-end=\"2721\">UT\/4P<\/strong> \u2013 vonkaj\u0161ie: 270 \u00d7 390 \u00d7 200 mm, vn\u00fatorn\u00e9: 245 \u00d7 365 \u00d7 120 mm, v\u00e1ha: 21,5 kg, objem: 11 l<\/li>\n<li data-start=\"2816\" data-end=\"2920\"><strong data-start=\"2816\" data-end=\"2826\">UT\/4LP<\/strong> \u2013 vonkaj\u0161ie: 270 \u00d7 390 \u00d7 240 mm, vn\u00fatorn\u00e9: 245 \u00d7 365 \u00d7 160 mm, v\u00e1ha: 22,5 kg, objem: 14,5 l<\/li>\n<li data-start=\"2923\" data-end=\"3026\"><strong data-start=\"2923\" data-end=\"2932\">UT\/5P<\/strong> \u2013 vonkaj\u0161ie: 340 \u00d7 460 \u00d7 200 mm, vn\u00fatorn\u00e9: 315 \u00d7 435 \u00d7 120 mm, v\u00e1ha: 29,5 kg, objem: 16,5 l<\/li>\n<li data-start=\"3029\" data-end=\"3131\"><strong data-start=\"3029\" data-end=\"3039\">UT\/5LP<\/strong> \u2013 vonkaj\u0161ie: 340 \u00d7 460 \u00d7 240 mm, vn\u00fatorn\u00e9: 315 \u00d7 435 \u00d7 160 mm, v\u00e1ha: 30,5 kg, objem: 22 l<\/li>\n<li data-start=\"3134\" data-end=\"3235\"><strong data-start=\"3134\" data-end=\"3143\">UT\/7P<\/strong> \u2013 vonkaj\u0161ie: 480 \u00d7 420 \u00d7 280 mm, vn\u00fatorn\u00e9: 455 \u00d7 395 \u00d7 200 mm, v\u00e1ha: 41,5 kg, objem: 36 l<\/li>\n<li data-start=\"3238\" data-end=\"3338\"><strong data-start=\"3238\" data-end=\"3248\">UT\/7LP<\/strong> \u2013 vonkaj\u0161ie: 480 \u00d7 420 \u00d7 360 mm, vn\u00fatorn\u00e9: 455 \u00d7 395 \u00d7 280 mm, v\u00e1ha: 44 kg, objem: 50 l<\/li>\n<\/ul>\n","protected":false},"excerpt":{"rendered":"<p>Stenov\u00fd trezor s prednou \u010das\u0165ou a dverami z laserom rezanej ocele, bezpe\u010dnostn\u00e1 trieda 0 pod\u013ea EN 1143-1, ide\u00e1lny na maxim\u00e1lne zabezpe\u010denie hotovosti, dokumentov a cennost\u00ed<\/p>\n","protected":false},"featured_media":15939,"comment_status":"open","ping_status":"closed","template":"","meta":{"_monsterinsights_skip_tracking":false,"_monsterinsights_sitenote_active":false,"_monsterinsights_sitenote_note":"","_monsterinsights_sitenote_category":0},"product_brand":[785],"product_cat":[119,558],"product_tag":[1294],"class_list":{"0":"post-15932","1":"product","2":"type-product","3":"status-publish","4":"has-post-thumbnail","6":"product_brand-technomax","7":"product_cat-nastenne-trezory","8":"product_cat-stenove-sejfy","9":"product_tag-unica","10":"product_shipping_class-od-101-kg-do-25kg","11":"pa_bezpecnostna-trieda-bezpecnostnej-triedy-a-v-zmysle-normy-en-1300","12":"pa_bezpecnostna-trieda-norma-en1143-1-v-bezpecnostnej-triede-i","13":"pa_material-ocel","14":"pa_miesto-instalacie-kotvenie-do-steny","15":"ts_product_brand-technomax","17":"first","18":"onbackorder","19":"taxable","20":"shipping-taxable","21":"purchasable","22":"product-type-variable"},"aioseo_notices":[],"jetpack_sharing_enabled":true,"_links":{"self":[{"href":"https:\/\/www.lltrezor.sk\/shop\/wp-json\/wp\/v2\/product\/15932","targetHints":{"allow":["GET"]}}],"collection":[{"href":"https:\/\/www.lltrezor.sk\/shop\/wp-json\/wp\/v2\/product"}],"about":[{"href":"https:\/\/www.lltrezor.sk\/shop\/wp-json\/wp\/v2\/types\/product"}],"replies":[{"embeddable":true,"href":"https:\/\/www.lltrezor.sk\/shop\/wp-json\/wp\/v2\/comments?post=15932"}],"wp:featuredmedia":[{"embeddable":true,"href":"https:\/\/www.lltrezor.sk\/shop\/wp-json\/wp\/v2\/media\/15939"}],"wp:attachment":[{"href":"https:\/\/www.lltrezor.sk\/shop\/wp-json\/wp\/v2\/media?parent=15932"}],"wp:term":[{"taxonomy":"product_brand","embeddable":true,"href":"https:\/\/www.lltrezor.sk\/shop\/wp-json\/wp\/v2\/product_brand?post=15932"},{"taxonomy":"product_cat","embeddable":true,"href":"https:\/\/www.lltrezor.sk\/shop\/wp-json\/wp\/v2\/product_cat?post=15932"},{"taxonomy":"product_tag","embeddable":true,"href":"https:\/\/www.lltrezor.sk\/shop\/wp-json\/wp\/v2\/product_tag?post=15932"}],"curies":[{"name":"wp","href":"https:\/\/api.w.org\/{rel}","templated":true}]}}