{"id":15915,"date":"2025-12-15T09:53:43","date_gmt":"2025-12-15T08:53:43","guid":{"rendered":"https:\/\/www.lltrezor.sk\/shop\/?post_type=product&#038;p=15915"},"modified":"2026-02-19T16:53:01","modified_gmt":"2026-02-19T15:53:01","slug":"seria-unica-key","status":"publish","type":"product","link":"https:\/\/www.lltrezor.sk\/shop\/product\/seria-unica-key\/","title":{"rendered":"UNICA &#8211; KEY"},"content":{"rendered":"<p data-start=\"391\" data-end=\"554\">Vysoko bezpe\u010dn\u00fd stenov\u00fd trezor s oce\u013eovou kon\u0161trukciou, hr\u00fabkou dver\u00ed 30 mm a \u0161peci\u00e1lnym bet\u00f3nov\u00fdm panelom odoln\u00fdm proti prerezaniu.<\/p>\n<hr data-start=\"556\" data-end=\"559\" \/>\n<h3 data-start=\"561\" data-end=\"594\">\ud83d\udd12 Z\u00e1mok a bezpe\u010dnostn\u00e9 prvky<\/h3>\n<ul>\n<li data-start=\"597\" data-end=\"725\"><strong data-start=\"597\" data-end=\"626\">Vysoko bezpe\u010dnostn\u00fd z\u00e1mok<\/strong> najnov\u0161ej gener\u00e1cie s 8 asymetrick\u00fdmi a nez\u00e1visl\u00fdmi p\u00e1kami, certifikovan\u00fd pod\u013ea <strong data-start=\"707\" data-end=\"722\">UNI EN 1300<\/strong>.<\/li>\n<li><strong data-start=\"900\" data-end=\"916\">Dvojit\u00fd k\u013e\u00fa\u010d<\/strong> so \u0161peci\u00e1lnym profilom, duplik\u00e1cia mo\u017en\u00e1 len s identifika\u010dnou kartou vlastn\u00edka.<\/li>\n<li data-start=\"1001\" data-end=\"1055\">Nemo\u017enos\u0165 vytiahnutia k\u013e\u00fa\u010da pri zasunut\u00fdch z\u00e1vor\u00e1ch.<\/li>\n<li data-start=\"1058\" data-end=\"1117\">Z\u00e1mkov\u00fd mechanizmus chr\u00e1nen\u00fd mang\u00e1nov\u00fdm oce\u013eov\u00fdm plechom.<\/li>\n<li data-start=\"1120\" data-end=\"1193\"><strong data-start=\"1120\" data-end=\"1162\">Poniklovan\u00e1 oce\u013e, rota\u010dn\u00e9 \u010dapy \u00d8 22 mm<\/strong> s ochranou proti prerezaniu.<\/li>\n<li data-start=\"1196\" data-end=\"1251\">Robustn\u00fd oce\u013eov\u00fd p\u00e1nt umo\u017e\u0148uje \u00fapln\u00e9 otvorenie dver\u00ed.<\/li>\n<li data-start=\"1254\" data-end=\"1324\">\u0160peci\u00e1lne zar\u00e1\u017eky dver\u00ed pre vysok\u00fa odolnos\u0165 proti vl\u00e1maniu<\/li>\n<\/ul>\n<hr data-start=\"1326\" data-end=\"1329\" \/>\n<h3 data-start=\"1331\" data-end=\"1361\">\ud83c\udfd7\ufe0f Kon\u0161trukcia a odolnos\u0165<\/h3>\n<ul>\n<li data-start=\"1364\" data-end=\"1431\">Predn\u00e1 \u010das\u0165 a dvere v jednom bloku z 10 mm laserom rezanej ocele.<\/li>\n<li data-start=\"1434\" data-end=\"1464\">Celkov\u00e1 hr\u00fabka dver\u00ed: 30 mm.<\/li>\n<li data-start=\"1467\" data-end=\"1493\">Kon\u0161trukcia: 10 mm oce\u013e.<\/li>\n<li data-start=\"1496\" data-end=\"1599\">Ochrann\u00fd panel obsahuje vysokoodoln\u00fd bet\u00f3nov\u00fd konglomer\u00e1t a \u0161peci\u00e1lne vlo\u017eky odoln\u00e9 proti prerezaniu.<\/li>\n<li data-start=\"1602\" data-end=\"1657\">Robustn\u00e9 vn\u00fatorn\u00e9 zvary vyroben\u00e9 robotick\u00fdm syst\u00e9mom.<\/li>\n<li>Kotviace plutvy na 4 stran\u00e1ch dna odoln\u00e9 proti vytrhnutiu.<\/li>\n<li data-start=\"1807\" data-end=\"1858\">Termosetov\u00e9 pr\u00e1\u0161kov\u00e9 lakovanie so su\u0161en\u00edm v peci.<\/li>\n<\/ul>\n<hr data-start=\"1860\" data-end=\"1863\" \/>\n<h3 data-start=\"1865\" data-end=\"1891\">\ud83d\uddc4\ufe0f Vn\u00fatorn\u00e9 vybavenie<\/h3>\n<ul data-start=\"1892\" data-end=\"1990\">\n<li data-start=\"1892\" data-end=\"1990\">\n<p data-start=\"1894\" data-end=\"1990\">Vn\u00fatorn\u00e1 polica umo\u017e\u0148uje organizovan\u00e9 ulo\u017eenie dokumentov, \u0161perkov alebo elektronick\u00fdch m\u00e9di\u00ed.<\/p>\n<\/li>\n<\/ul>\n<hr data-start=\"1992\" data-end=\"1995\" \/>\n<h3 data-start=\"1997\" data-end=\"2048\">\ud83d\udca1 Varianty a rozmery (v\u00fd\u0161ka \u00d7 \u0161\u00edrka \u00d7 h\u013abka)<\/h3>\n<ul>\n<li data-start=\"2052\" data-end=\"2152\"><strong data-start=\"2052\" data-end=\"2060\">UK\/4<\/strong> \u2013 vonkaj\u0161ie: 270 \u00d7 390 \u00d7 200 mm, vn\u00fatorn\u00e9: 245 \u00d7 365 \u00d7 120 mm, v\u00e1ha: 21,5 kg, objem: 11 l<\/li>\n<li data-start=\"2155\" data-end=\"2258\"><strong data-start=\"2155\" data-end=\"2164\">UK\/4L<\/strong> \u2013 vonkaj\u0161ie: 270 \u00d7 390 \u00d7 240 mm, vn\u00fatorn\u00e9: 245 \u00d7 365 \u00d7 160 mm, v\u00e1ha: 22,5 kg, objem: 14,5 l<\/li>\n<li data-start=\"2261\" data-end=\"2363\"><strong data-start=\"2261\" data-end=\"2269\">UK\/5<\/strong> \u2013 vonkaj\u0161ie: 340 \u00d7 460 \u00d7 200 mm, vn\u00fatorn\u00e9: 315 \u00d7 435 \u00d7 120 mm, v\u00e1ha: 29,5 kg, objem: 16,5 l<\/li>\n<li data-start=\"2366\" data-end=\"2467\"><strong data-start=\"2366\" data-end=\"2375\">UK\/5L<\/strong> \u2013 vonkaj\u0161ie: 340 \u00d7 460 \u00d7 240 mm, vn\u00fatorn\u00e9: 315 \u00d7 435 \u00d7 160 mm, v\u00e1ha: 30,5 kg, objem: 22 l<\/li>\n<li data-start=\"2470\" data-end=\"2570\"><strong data-start=\"2470\" data-end=\"2478\">UK\/7<\/strong> \u2013 vonkaj\u0161ie: 480 \u00d7 420 \u00d7 280 mm, vn\u00fatorn\u00e9: 455 \u00d7 395 \u00d7 200 mm, v\u00e1ha: 41,5 kg, objem: 36 l<\/li>\n<li data-start=\"2573\" data-end=\"2672\"><strong data-start=\"2573\" data-end=\"2582\">UK\/7L<\/strong> \u2013 vonkaj\u0161ie: 480 \u00d7 420 \u00d7 360 mm, vn\u00fatorn\u00e9: 455 \u00d7 395 \u00d7 280 mm, v\u00e1ha: 44 kg, objem: 50 l<\/li>\n<\/ul>\n","protected":false},"excerpt":{"rendered":"<p>Stenov\u00fd trezor s prednou \u010das\u0165ou a dverami z jedn\u00e9ho bloku laserom rezanej ocele, trieda 0 pod\u013ea EN 1143-1, ide\u00e1lny na maxim\u00e1lne zabezpe\u010denie hotovosti, dokumentov a cennost\u00ed<\/p>\n","protected":false},"featured_media":15922,"comment_status":"open","ping_status":"closed","template":"","meta":{"_monsterinsights_skip_tracking":false,"_monsterinsights_sitenote_active":false,"_monsterinsights_sitenote_note":"","_monsterinsights_sitenote_category":0},"product_brand":[785],"product_cat":[119,558],"product_tag":[1294],"class_list":{"0":"post-15915","1":"product","2":"type-product","3":"status-publish","4":"has-post-thumbnail","6":"product_brand-technomax","7":"product_cat-nastenne-trezory","8":"product_cat-stenove-sejfy","9":"product_tag-unica","10":"pa_bezpecnostna-trieda-0-podla-en-1143-1-a12009","11":"pa_bezpecnostna-trieda-bezpecnostnej-triedy-a-v-zmysle-normy-en-1300","12":"pa_material-ocel","13":"pa_miesto-instalacie-kotvenie-do-steny","14":"ts_product_brand-technomax","16":"first","17":"onbackorder","18":"taxable","19":"shipping-taxable","20":"purchasable","21":"product-type-variable"},"aioseo_notices":[],"jetpack_sharing_enabled":true,"_links":{"self":[{"href":"https:\/\/www.lltrezor.sk\/shop\/wp-json\/wp\/v2\/product\/15915","targetHints":{"allow":["GET"]}}],"collection":[{"href":"https:\/\/www.lltrezor.sk\/shop\/wp-json\/wp\/v2\/product"}],"about":[{"href":"https:\/\/www.lltrezor.sk\/shop\/wp-json\/wp\/v2\/types\/product"}],"replies":[{"embeddable":true,"href":"https:\/\/www.lltrezor.sk\/shop\/wp-json\/wp\/v2\/comments?post=15915"}],"wp:featuredmedia":[{"embeddable":true,"href":"https:\/\/www.lltrezor.sk\/shop\/wp-json\/wp\/v2\/media\/15922"}],"wp:attachment":[{"href":"https:\/\/www.lltrezor.sk\/shop\/wp-json\/wp\/v2\/media?parent=15915"}],"wp:term":[{"taxonomy":"product_brand","embeddable":true,"href":"https:\/\/www.lltrezor.sk\/shop\/wp-json\/wp\/v2\/product_brand?post=15915"},{"taxonomy":"product_cat","embeddable":true,"href":"https:\/\/www.lltrezor.sk\/shop\/wp-json\/wp\/v2\/product_cat?post=15915"},{"taxonomy":"product_tag","embeddable":true,"href":"https:\/\/www.lltrezor.sk\/shop\/wp-json\/wp\/v2\/product_tag?post=15915"}],"curies":[{"name":"wp","href":"https:\/\/api.w.org\/{rel}","templated":true}]}}