{"id":15553,"date":"2025-10-19T13:43:50","date_gmt":"2025-10-19T11:43:50","guid":{"rendered":"https:\/\/www.lltrezor.sk\/shop\/?post_type=product&#038;p=15553"},"modified":"2026-03-20T20:16:03","modified_gmt":"2026-03-20T19:16:03","slug":"minimal-design","status":"publish","type":"product","link":"https:\/\/www.lltrezor.sk\/shop\/product\/minimal-design\/","title":{"rendered":"Minimal Design"},"content":{"rendered":"<div class=\"product-sdesc\">\n<p data-start=\"319\" data-end=\"547\">Vysokokvalitn\u00e1 po\u0161tov\u00e1 schr\u00e1nka odoln\u00e1 vo\u010di poveternostn\u00fdm podmienkam, s mo\u017enos\u0165ou individu\u00e1lneho grav\u00edrovania alebo laserov\u00e9ho vyrez\u00e1vania, \u0161tandardne s mot\u00edvom ob\u00e1lky na nerezovej prednej strane.<\/p>\n<hr data-start=\"549\" data-end=\"552\" \/>\n<h3 data-start=\"554\" data-end=\"584\">\ud83c\udfd7\ufe0f Materi\u00e1l a kon\u0161trukcia<\/h3>\n<ul>\n<li data-start=\"587\" data-end=\"675\">Vyroben\u00e1 z <strong data-start=\"598\" data-end=\"620\">pozinkovanej ocele<\/strong> odolnej vo\u010di nepriazniv\u00fdm poveternostn\u00fdm podmienkam.<\/li>\n<li data-start=\"678\" data-end=\"730\">Elegantn\u00fd dizajn vhodn\u00fd do exteri\u00e9ru aj interi\u00e9ru.<\/li>\n<li data-start=\"733\" data-end=\"800\"><strong data-start=\"733\" data-end=\"768\">Predn\u00e1 aj zadn\u00e1 strana chr\u00e1nen\u00e1<\/strong>, vhodn\u00e1 pre po\u0161tu form\u00e1tu A4.<\/li>\n<li data-start=\"803\" data-end=\"862\"><strong data-start=\"803\" data-end=\"829\">Nerezov\u00e1 predn\u00e1 strana<\/strong> so \u0161tandardn\u00fdm mot\u00edvom ob\u00e1lky.<\/li>\n<li data-start=\"865\" data-end=\"1019\">Mo\u017enos\u0165 <strong data-start=\"873\" data-end=\"918\">grav\u00edrovania alebo laserov\u00e9ho vyrez\u00e1vania<\/strong> \u2013 ka\u017ed\u00fd riadok +12 \u20ac (v pozn\u00e1mke k objedn\u00e1vke uve\u010fte text, priprav\u00edme individu\u00e1lnu cenov\u00fa ponuku).<\/li>\n<\/ul>\n<hr data-start=\"1021\" data-end=\"1024\" \/>\n<h3 data-start=\"1026\" data-end=\"1051\">\ud83d\udd12 Z\u00e1mok a bezpe\u010dnos\u0165<\/h3>\n<ul>\n<li data-start=\"1054\" data-end=\"1102\"><strong data-start=\"1054\" data-end=\"1075\">Cylindrick\u00fd z\u00e1mok<\/strong> dod\u00e1van\u00fd s dvoma k\u013e\u00fa\u010dmi.<\/li>\n<li data-start=\"1105\" data-end=\"1160\">Mo\u017enos\u0165 doobjedna\u0165 \u010fal\u0161ie k\u013e\u00fa\u010de pod\u013ea \u010d\u00edsla produktu.<\/li>\n<\/ul>\n<hr data-start=\"1162\" data-end=\"1165\" \/>\n<h3 data-start=\"1167\" data-end=\"1189\">\ud83d\udee0\ufe0f Mont\u00e1\u017e a farby<\/h3>\n<ul>\n<li data-start=\"1192\" data-end=\"1252\">Zadn\u00e1 strana schr\u00e1nky s pripraven\u00fdmi otvormi na upevnenie.<\/li>\n<li data-start=\"1255\" data-end=\"1299\">Materi\u00e1l na upevnenie je s\u00fa\u010das\u0165ou balenia.<\/li>\n<li data-start=\"1302\" data-end=\"1314\"><strong data-start=\"1302\" data-end=\"1312\">Farby:<\/strong><\/li>\n<li data-start=\"1319\" data-end=\"1349\">RAL 9005 \u2013 \u010dierna (\u0161tandard)<\/li>\n<li data-start=\"1354\" data-end=\"1398\">RAL 7016 \u2013 matn\u00e1 antracitov\u00e1 (pr\u00edplatkov\u00e1)<\/li>\n<\/ul>\n<hr data-start=\"1400\" data-end=\"1403\" \/>\n<h3 data-start=\"1405\" data-end=\"1419\">\ud83d\udcd0 Rozmery<\/h3>\n<ul data-start=\"1420\" data-end=\"1469\">\n<li data-start=\"1420\" data-end=\"1469\">\n<p data-start=\"1422\" data-end=\"1469\">V\u00fd\u0161ka \u00d7 \u0161\u00edrka \u00d7 h\u013abka: <strong data-start=\"1445\" data-end=\"1467\">339 \u00d7 266 \u00d7 100 mm<\/strong><\/p>\n<\/li>\n<\/ul>\n<hr data-start=\"1471\" data-end=\"1474\" \/>\n<h3 data-start=\"1476\" data-end=\"1492\">\ud83c\udded\ud83c\uddfa V\u00fdrobca<\/h3>\n<ul>\n<li style=\"list-style-type: none;\">\n<ul data-start=\"1493\" data-end=\"1529\">\n<li data-start=\"1493\" data-end=\"1529\">\n<p data-start=\"1495\" data-end=\"1529\"><strong data-start=\"1495\" data-end=\"1527\">Trezor Liktor Zrt., Ma\u010farsko<\/strong><\/p>\n<\/li>\n<\/ul>\n<\/li>\n<\/ul>\n<\/div>\n","protected":false},"excerpt":{"rendered":"<p>Odoln\u00e1 po\u0161tov\u00e1 schr\u00e1nka z pozinkovanej ocele s elegantn\u00fdm dizajnom, vhodn\u00e1 na po\u0161tu form\u00e1tu A4, s cylindrick\u00fdm z\u00e1mkom a dvoma k\u013e\u00fa\u010dmi<\/p>\n","protected":false},"featured_media":15568,"comment_status":"open","ping_status":"closed","template":"","meta":{"_monsterinsights_skip_tracking":false,"_monsterinsights_sitenote_active":false,"_monsterinsights_sitenote_note":"","_monsterinsights_sitenote_category":0},"product_brand":[318],"product_cat":[309],"product_tag":[1687],"class_list":{"0":"post-15553","1":"product","2":"type-product","3":"status-publish","4":"has-post-thumbnail","6":"product_brand-trezor-liktor","7":"product_cat-postove-schranky","8":"product_tag-designove","9":"product_shipping_class-do-10kg","10":"pa_farba-matna-cierna","11":"pa_material-ocel","12":"pa_vonkajsia-hlbka-1286","13":"pa_vonkajsia-sirka-985","14":"pa_vonkajsia-vyska-1287","15":"ts_product_brand-trezor-liktor","17":"first","18":"instock","19":"featured","20":"taxable","21":"shipping-taxable","22":"purchasable","23":"product-type-variable"},"aioseo_notices":[],"jetpack_sharing_enabled":true,"_links":{"self":[{"href":"https:\/\/www.lltrezor.sk\/shop\/wp-json\/wp\/v2\/product\/15553","targetHints":{"allow":["GET"]}}],"collection":[{"href":"https:\/\/www.lltrezor.sk\/shop\/wp-json\/wp\/v2\/product"}],"about":[{"href":"https:\/\/www.lltrezor.sk\/shop\/wp-json\/wp\/v2\/types\/product"}],"replies":[{"embeddable":true,"href":"https:\/\/www.lltrezor.sk\/shop\/wp-json\/wp\/v2\/comments?post=15553"}],"wp:featuredmedia":[{"embeddable":true,"href":"https:\/\/www.lltrezor.sk\/shop\/wp-json\/wp\/v2\/media\/15568"}],"wp:attachment":[{"href":"https:\/\/www.lltrezor.sk\/shop\/wp-json\/wp\/v2\/media?parent=15553"}],"wp:term":[{"taxonomy":"product_brand","embeddable":true,"href":"https:\/\/www.lltrezor.sk\/shop\/wp-json\/wp\/v2\/product_brand?post=15553"},{"taxonomy":"product_cat","embeddable":true,"href":"https:\/\/www.lltrezor.sk\/shop\/wp-json\/wp\/v2\/product_cat?post=15553"},{"taxonomy":"product_tag","embeddable":true,"href":"https:\/\/www.lltrezor.sk\/shop\/wp-json\/wp\/v2\/product_tag?post=15553"}],"curies":[{"name":"wp","href":"https:\/\/api.w.org\/{rel}","templated":true}]}}