{"id":15520,"date":"2025-10-19T13:23:40","date_gmt":"2025-10-19T11:23:40","guid":{"rendered":"https:\/\/www.lltrezor.sk\/shop\/?post_type=product&#038;p=15520"},"modified":"2026-03-21T08:24:06","modified_gmt":"2026-03-21T07:24:06","slug":"four-lines-orech","status":"publish","type":"product","link":"https:\/\/www.lltrezor.sk\/shop\/product\/four-lines-orech\/","title":{"rendered":"Four Lines Orech"},"content":{"rendered":"<div class=\"product-sdesc\">\n<p data-start=\"340\" data-end=\"600\">Exteri\u00e9rov\u00e1 po\u0161tov\u00e1 schr\u00e1nka odoln\u00e1 proti poveternostn\u00fdm vplyvom s predn\u00fdmi \u0161tyrmi obd\u013a\u017enikov\u00fdmi kovov\u00fdmi ozdobami v imit\u00e1cii orechov\u00e9ho dreva, cylindrick\u00fdm z\u00e1mkom s dvoma k\u013e\u00fa\u010dmi a praktick\u00fdmi mont\u00e1\u017enymi otvormi na zadnej strane.<\/p>\n<hr data-start=\"602\" data-end=\"605\" \/>\n<h3 data-start=\"607\" data-end=\"637\">\ud83c\udfd7\ufe0f Materi\u00e1l a kon\u0161trukcia<\/h3>\n<ul>\n<li data-start=\"640\" data-end=\"729\">Vyroben\u00e1 z <strong data-start=\"651\" data-end=\"673\">pozinkovanej ocele<\/strong>, odolnej vo\u010di nepriazniv\u00fdm poveternostn\u00fdm podmienkam.<\/li>\n<li data-start=\"732\" data-end=\"785\"><strong data-start=\"732\" data-end=\"752\">Elegantn\u00fd dizajn<\/strong>, vhodn\u00fd pre modern\u00e9 exteri\u00e9ry.<\/li>\n<li data-start=\"788\" data-end=\"855\">Obsahuje <strong data-start=\"797\" data-end=\"831\">predn\u00fd aj zadn\u00fd chr\u00e1nen\u00fd otvor<\/strong> pre po\u0161tu form\u00e1tu A4.<\/li>\n<li data-start=\"858\" data-end=\"948\">Predn\u00e1 strana so <strong data-start=\"875\" data-end=\"917\">\u0161tyrmi obd\u013a\u017enikov\u00fdmi kovov\u00fdmi ozdobami<\/strong> v imit\u00e1cii orechov\u00e9ho dreva.<\/li>\n<li data-start=\"951\" data-end=\"1030\">Zadn\u00e1 strana s pripraven\u00fdmi otvormi na upevnenie (materi\u00e1l s\u00fa\u010das\u0165ou balenia).<\/li>\n<\/ul>\n<hr data-start=\"1032\" data-end=\"1035\" \/>\n<h3 data-start=\"1037\" data-end=\"1062\">\ud83d\udd12 Z\u00e1mok a bezpe\u010dnos\u0165<\/h3>\n<ul>\n<li data-start=\"1065\" data-end=\"1104\"><strong data-start=\"1065\" data-end=\"1086\">Cylindrick\u00fd z\u00e1mok<\/strong> s dvoma k\u013e\u00fa\u010dmi.<\/li>\n<li data-start=\"1107\" data-end=\"1162\">Mo\u017enos\u0165 doobjedna\u0165 \u010fal\u0161ie k\u013e\u00fa\u010de pod\u013ea \u010d\u00edsla produktu.<\/li>\n<\/ul>\n<hr data-start=\"1164\" data-end=\"1167\" \/>\n<h3 data-start=\"1169\" data-end=\"1192\">\ud83c\udfa8 Farby a varianty<\/h3>\n<ul>\n<li data-start=\"1195\" data-end=\"1226\"><strong data-start=\"1195\" data-end=\"1224\">RAL 7016 \u2013 matn\u00fd antracit<\/strong><\/li>\n<li data-start=\"1229\" data-end=\"1240\"><strong data-start=\"1229\" data-end=\"1238\">Hned\u00e1<\/strong><\/li>\n<\/ul>\n<hr data-start=\"1242\" data-end=\"1245\" \/>\n<h3 data-start=\"1247\" data-end=\"1261\">\ud83d\udcd0 Rozmery<\/h3>\n<ul>\n<li style=\"list-style-type: none;\">\n<ul data-start=\"1262\" data-end=\"1311\">\n<li data-start=\"1262\" data-end=\"1311\">\n<p data-start=\"1264\" data-end=\"1311\">V\u00fd\u0161ka \u00d7 \u0161\u00edrka \u00d7 h\u013abka: <strong data-start=\"1287\" data-end=\"1309\">339 \u00d7 266 \u00d7 100 mm<\/strong><\/p>\n<\/li>\n<\/ul>\n<\/li>\n<\/ul>\n<\/div>\n","protected":false},"excerpt":{"rendered":"<p>Odoln\u00e1 po\u0161tov\u00e1 schr\u00e1nka z pozinkovanej ocele vhodn\u00e1 pre po\u0161tu form\u00e1tu A4, s cylindrick\u00fdm z\u00e1mkom a elegantn\u00fdmi kovov\u00fdmi ozdobami v dekore orecha<\/p>\n","protected":false},"featured_media":15522,"comment_status":"open","ping_status":"closed","template":"","meta":{"_monsterinsights_skip_tracking":false,"_monsterinsights_sitenote_active":false,"_monsterinsights_sitenote_note":"","_monsterinsights_sitenote_category":0},"product_brand":[318],"product_cat":[309],"product_tag":[1686],"class_list":{"0":"post-15520","1":"product","2":"type-product","3":"status-publish","4":"has-post-thumbnail","6":"product_brand-trezor-liktor","7":"product_cat-postove-schranky","8":"product_tag-dreveny-dekor","9":"product_shipping_class-do-10kg","10":"pa_farba-antracit","11":"pa_farba-hneda","12":"pa_material-ocel","13":"pa_vonkajsia-hlbka-805","14":"pa_vonkajsia-sirka-1281","15":"pa_vonkajsia-vyska-1282","16":"ts_product_brand-trezor-liktor","18":"first","19":"instock","20":"featured","21":"taxable","22":"shipping-taxable","23":"purchasable","24":"product-type-variable"},"aioseo_notices":[],"jetpack_sharing_enabled":true,"_links":{"self":[{"href":"https:\/\/www.lltrezor.sk\/shop\/wp-json\/wp\/v2\/product\/15520","targetHints":{"allow":["GET"]}}],"collection":[{"href":"https:\/\/www.lltrezor.sk\/shop\/wp-json\/wp\/v2\/product"}],"about":[{"href":"https:\/\/www.lltrezor.sk\/shop\/wp-json\/wp\/v2\/types\/product"}],"replies":[{"embeddable":true,"href":"https:\/\/www.lltrezor.sk\/shop\/wp-json\/wp\/v2\/comments?post=15520"}],"wp:featuredmedia":[{"embeddable":true,"href":"https:\/\/www.lltrezor.sk\/shop\/wp-json\/wp\/v2\/media\/15522"}],"wp:attachment":[{"href":"https:\/\/www.lltrezor.sk\/shop\/wp-json\/wp\/v2\/media?parent=15520"}],"wp:term":[{"taxonomy":"product_brand","embeddable":true,"href":"https:\/\/www.lltrezor.sk\/shop\/wp-json\/wp\/v2\/product_brand?post=15520"},{"taxonomy":"product_cat","embeddable":true,"href":"https:\/\/www.lltrezor.sk\/shop\/wp-json\/wp\/v2\/product_cat?post=15520"},{"taxonomy":"product_tag","embeddable":true,"href":"https:\/\/www.lltrezor.sk\/shop\/wp-json\/wp\/v2\/product_tag?post=15520"}],"curies":[{"name":"wp","href":"https:\/\/api.w.org\/{rel}","templated":true}]}}