{"id":15518,"date":"2025-10-19T13:22:08","date_gmt":"2025-10-19T11:22:08","guid":{"rendered":"https:\/\/www.lltrezor.sk\/shop\/?post_type=product&#038;p=15518"},"modified":"2026-03-20T20:16:33","modified_gmt":"2026-03-20T19:16:33","slug":"four-lines-4","status":"publish","type":"product","link":"https:\/\/www.lltrezor.sk\/shop\/product\/four-lines-4\/","title":{"rendered":"Four Lines 4"},"content":{"rendered":"<div class=\"product-sdesc\">\n<p data-start=\"301\" data-end=\"493\">Exteri\u00e9rov\u00e1 po\u0161tov\u00e1 schr\u00e1nka odoln\u00e1 proti poveternostn\u00fdm vplyvom s predn\u00fdm a zadn\u00fdm chr\u00e1nen\u00fdm otvorom, cylindrick\u00fdm z\u00e1mkom s dvoma k\u013e\u00fa\u010dmi a jednoduchou mont\u00e1\u017eou.<\/p>\n<hr data-start=\"495\" data-end=\"498\" \/>\n<h3 data-start=\"500\" data-end=\"530\">\ud83c\udfd7\ufe0f Materi\u00e1l a kon\u0161trukcia<\/h3>\n<ul>\n<li data-start=\"533\" data-end=\"605\">Vyroben\u00e1 z <strong data-start=\"544\" data-end=\"566\">pozinkovanej ocele<\/strong>, odolnej vo\u010di nepriazniv\u00e9mu po\u010dasiu.<\/li>\n<li data-start=\"608\" data-end=\"672\"><strong data-start=\"608\" data-end=\"628\">Elegantn\u00fd dizajn<\/strong> vhodn\u00fd pre modern\u00e9 aj klasick\u00e9 exteri\u00e9ry.<\/li>\n<li data-start=\"675\" data-end=\"742\">Obsahuje <strong data-start=\"684\" data-end=\"718\">predn\u00fd aj zadn\u00fd chr\u00e1nen\u00fd otvor<\/strong> pre po\u0161tu form\u00e1tu A4.<\/li>\n<li data-start=\"745\" data-end=\"829\">Zadn\u00e1 strana so <strong data-start=\"761\" data-end=\"798\">pripraven\u00fdmi otvormi na upevnenie<\/strong> (materi\u00e1l s\u00fa\u010das\u0165ou balenia).<\/li>\n<\/ul>\n<hr data-start=\"831\" data-end=\"834\" \/>\n<h3 data-start=\"836\" data-end=\"861\">\ud83d\udd12 Z\u00e1mok a bezpe\u010dnos\u0165<\/h3>\n<ul>\n<li data-start=\"864\" data-end=\"903\"><strong data-start=\"864\" data-end=\"885\">Cylindrick\u00fd z\u00e1mok<\/strong> s dvoma k\u013e\u00fa\u010dmi.<\/li>\n<li data-start=\"906\" data-end=\"961\">Mo\u017enos\u0165 doobjedna\u0165 \u010fal\u0161ie k\u013e\u00fa\u010de pod\u013ea \u010d\u00edsla produktu.<\/li>\n<\/ul>\n<hr data-start=\"963\" data-end=\"966\" \/>\n<h3 data-start=\"968\" data-end=\"980\">\ud83c\udfa8 Farba<\/h3>\n<ul data-start=\"981\" data-end=\"994\">\n<li data-start=\"981\" data-end=\"994\">\n<p data-start=\"983\" data-end=\"994\"><strong data-start=\"983\" data-end=\"992\">Hned\u00e1<\/strong><\/p>\n<\/li>\n<\/ul>\n<hr data-start=\"996\" data-end=\"999\" \/>\n<h3 data-start=\"1001\" data-end=\"1015\">\ud83d\udcd0 Rozmery<\/h3>\n<ul>\n<li style=\"list-style-type: none;\">\n<ul data-start=\"1016\" data-end=\"1065\">\n<li data-start=\"1016\" data-end=\"1065\">\n<p data-start=\"1018\" data-end=\"1065\">V\u00fd\u0161ka \u00d7 \u0161\u00edrka \u00d7 h\u013abka: <strong data-start=\"1041\" data-end=\"1063\">339 \u00d7 266 \u00d7 100 mm<\/strong><\/p>\n<\/li>\n<\/ul>\n<\/li>\n<\/ul>\n<\/div>\n","protected":false},"excerpt":{"rendered":"<p>Odoln\u00e1 po\u0161tov\u00e1 schr\u00e1nka z pozinkovanej ocele vhodn\u00e1 pre po\u0161tu form\u00e1tu A4, s cylindrick\u00fdm z\u00e1mkom a elegantn\u00fdm hned\u00fdm preveden\u00edm<\/p>\n","protected":false},"featured_media":15519,"comment_status":"open","ping_status":"closed","template":"","meta":{"_monsterinsights_skip_tracking":false,"_monsterinsights_sitenote_active":false,"_monsterinsights_sitenote_note":"","_monsterinsights_sitenote_category":0},"product_brand":[318],"product_cat":[309],"product_tag":[1687],"class_list":{"0":"post-15518","1":"product","2":"type-product","3":"status-publish","4":"has-post-thumbnail","6":"product_brand-trezor-liktor","7":"product_cat-postove-schranky","8":"product_tag-designove","9":"product_shipping_class-do-10kg","10":"pa_material-ocel","11":"pa_vonkajsia-hlbka-805","12":"pa_vonkajsia-sirka-1281","13":"pa_vonkajsia-vyska-1282","14":"ts_product_brand-trezor-liktor","16":"first","17":"instock","18":"featured","19":"taxable","20":"shipping-taxable","21":"purchasable","22":"product-type-simple"},"aioseo_notices":[],"jetpack_sharing_enabled":true,"_links":{"self":[{"href":"https:\/\/www.lltrezor.sk\/shop\/wp-json\/wp\/v2\/product\/15518","targetHints":{"allow":["GET"]}}],"collection":[{"href":"https:\/\/www.lltrezor.sk\/shop\/wp-json\/wp\/v2\/product"}],"about":[{"href":"https:\/\/www.lltrezor.sk\/shop\/wp-json\/wp\/v2\/types\/product"}],"replies":[{"embeddable":true,"href":"https:\/\/www.lltrezor.sk\/shop\/wp-json\/wp\/v2\/comments?post=15518"}],"wp:featuredmedia":[{"embeddable":true,"href":"https:\/\/www.lltrezor.sk\/shop\/wp-json\/wp\/v2\/media\/15519"}],"wp:attachment":[{"href":"https:\/\/www.lltrezor.sk\/shop\/wp-json\/wp\/v2\/media?parent=15518"}],"wp:term":[{"taxonomy":"product_brand","embeddable":true,"href":"https:\/\/www.lltrezor.sk\/shop\/wp-json\/wp\/v2\/product_brand?post=15518"},{"taxonomy":"product_cat","embeddable":true,"href":"https:\/\/www.lltrezor.sk\/shop\/wp-json\/wp\/v2\/product_cat?post=15518"},{"taxonomy":"product_tag","embeddable":true,"href":"https:\/\/www.lltrezor.sk\/shop\/wp-json\/wp\/v2\/product_tag?post=15518"}],"curies":[{"name":"wp","href":"https:\/\/api.w.org\/{rel}","templated":true}]}}