{"id":15512,"date":"2025-10-19T13:19:29","date_gmt":"2025-10-19T11:19:29","guid":{"rendered":"https:\/\/www.lltrezor.sk\/shop\/?post_type=product&#038;p=15512"},"modified":"2026-03-20T20:16:33","modified_gmt":"2026-03-20T19:16:33","slug":"four-lines-3","status":"publish","type":"product","link":"https:\/\/www.lltrezor.sk\/shop\/product\/four-lines-3\/","title":{"rendered":"Four Lines 3"},"content":{"rendered":"<p data-start=\"326\" data-end=\"481\">Exteri\u00e9rov\u00e1 po\u0161tov\u00e1 schr\u00e1nka odoln\u00e1 vo\u010di poveternostn\u00fdm vplyvom, s cylindrick\u00fdm z\u00e1mkom, dvoma k\u013e\u00fa\u010dmi a jednoduchou mont\u00e1\u017eou.<\/p>\n<hr data-start=\"483\" data-end=\"486\" \/>\n<h3 data-start=\"488\" data-end=\"518\">\ud83c\udfd7\ufe0f Materi\u00e1l a kon\u0161trukcia<\/h3>\n<ul>\n<li data-start=\"521\" data-end=\"594\">Vyroben\u00e1 z <strong data-start=\"532\" data-end=\"554\">pozinkovanej ocele<\/strong>, odolnej proti nepriazniv\u00e9mu po\u010dasiu.<\/li>\n<li data-start=\"597\" data-end=\"661\"><strong data-start=\"597\" data-end=\"617\">Elegantn\u00fd dizajn<\/strong> vhodn\u00fd pre modern\u00e9 aj klasick\u00e9 exteri\u00e9ry.<\/li>\n<li data-start=\"664\" data-end=\"738\">Obsahuje <strong data-start=\"673\" data-end=\"707\">predn\u00fd aj zadn\u00fd chr\u00e1nen\u00fd otvor<\/strong> vhodn\u00fd pre po\u0161tu form\u00e1tu A4.<\/li>\n<li data-start=\"741\" data-end=\"841\">Zadn\u00e1 strana so <strong data-start=\"757\" data-end=\"794\">pripraven\u00fdmi otvormi na upevnenie<\/strong> (materi\u00e1l na upevnenie je s\u00fa\u010das\u0165ou balenia).<\/li>\n<\/ul>\n<hr data-start=\"843\" data-end=\"846\" \/>\n<h3 data-start=\"848\" data-end=\"873\">\ud83d\udd12 Z\u00e1mok a bezpe\u010dnos\u0165<\/h3>\n<ul>\n<li data-start=\"876\" data-end=\"915\"><strong data-start=\"876\" data-end=\"897\">Cylindrick\u00fd z\u00e1mok<\/strong> s dvoma k\u013e\u00fa\u010dmi.<\/li>\n<li data-start=\"918\" data-end=\"973\">Mo\u017enos\u0165 doobjedna\u0165 \u010fal\u0161ie k\u013e\u00fa\u010de pod\u013ea \u010d\u00edsla produktu.<\/li>\n<\/ul>\n<hr data-start=\"975\" data-end=\"978\" \/>\n<h3 data-start=\"980\" data-end=\"1004\">\ud83c\udfa8 Farba a dekor\u00e1cia<\/h3>\n<ul>\n<li data-start=\"1007\" data-end=\"1018\"><strong data-start=\"1007\" data-end=\"1016\">Hned\u00e1<\/strong><\/li>\n<li data-start=\"1021\" data-end=\"1061\"><strong data-start=\"1021\" data-end=\"1059\">Predn\u00e1 obd\u013a\u017enikov\u00e1 nerezov\u00e1 ozdoba<\/strong><\/li>\n<\/ul>\n<hr data-start=\"1063\" data-end=\"1066\" \/>\n<h3 data-start=\"1068\" data-end=\"1082\">\ud83d\udcd0 Rozmery<\/h3>\n<ul data-start=\"1083\" data-end=\"1132\">\n<li data-start=\"1083\" data-end=\"1132\">\n<p data-start=\"1085\" data-end=\"1132\">V\u00fd\u0161ka \u00d7 \u0161\u00edrka \u00d7 h\u013abka: <strong data-start=\"1108\" data-end=\"1130\">339 \u00d7 266 \u00d7 100 mm<\/strong><\/p>\n<\/li>\n<\/ul>\n","protected":false},"excerpt":{"rendered":"<p>Odoln\u00e1 po\u0161tov\u00e1 schr\u00e1nka z pozinkovanej ocele s elegantnou hnedou povrchovou \u00fapravou a prednou obd\u013a\u017enikovou nerezovou ozdobou, vhodn\u00e1 pre po\u0161tu form\u00e1tu A4<\/p>\n","protected":false},"featured_media":15516,"comment_status":"open","ping_status":"closed","template":"","meta":{"_monsterinsights_skip_tracking":false,"_monsterinsights_sitenote_active":false,"_monsterinsights_sitenote_note":"","_monsterinsights_sitenote_category":0},"product_brand":[318],"product_cat":[309],"product_tag":[1687],"class_list":{"0":"post-15512","1":"product","2":"type-product","3":"status-publish","4":"has-post-thumbnail","6":"product_brand-trezor-liktor","7":"product_cat-postove-schranky","8":"product_tag-designove","9":"product_shipping_class-do-10kg","10":"pa_material-ocel","11":"pa_vonkajsia-hlbka-805","12":"pa_vonkajsia-sirka-1281","13":"pa_vonkajsia-vyska-1282","14":"ts_product_brand-trezor-liktor","16":"first","17":"instock","18":"featured","19":"taxable","20":"shipping-taxable","21":"purchasable","22":"product-type-simple"},"aioseo_notices":[],"jetpack_sharing_enabled":true,"_links":{"self":[{"href":"https:\/\/www.lltrezor.sk\/shop\/wp-json\/wp\/v2\/product\/15512","targetHints":{"allow":["GET"]}}],"collection":[{"href":"https:\/\/www.lltrezor.sk\/shop\/wp-json\/wp\/v2\/product"}],"about":[{"href":"https:\/\/www.lltrezor.sk\/shop\/wp-json\/wp\/v2\/types\/product"}],"replies":[{"embeddable":true,"href":"https:\/\/www.lltrezor.sk\/shop\/wp-json\/wp\/v2\/comments?post=15512"}],"wp:featuredmedia":[{"embeddable":true,"href":"https:\/\/www.lltrezor.sk\/shop\/wp-json\/wp\/v2\/media\/15516"}],"wp:attachment":[{"href":"https:\/\/www.lltrezor.sk\/shop\/wp-json\/wp\/v2\/media?parent=15512"}],"wp:term":[{"taxonomy":"product_brand","embeddable":true,"href":"https:\/\/www.lltrezor.sk\/shop\/wp-json\/wp\/v2\/product_brand?post=15512"},{"taxonomy":"product_cat","embeddable":true,"href":"https:\/\/www.lltrezor.sk\/shop\/wp-json\/wp\/v2\/product_cat?post=15512"},{"taxonomy":"product_tag","embeddable":true,"href":"https:\/\/www.lltrezor.sk\/shop\/wp-json\/wp\/v2\/product_tag?post=15512"}],"curies":[{"name":"wp","href":"https:\/\/api.w.org\/{rel}","templated":true}]}}